{"id":2143,"date":"2023-01-04T13:24:31","date_gmt":"2023-01-04T12:24:31","guid":{"rendered":"https:\/\/semmelweis.hu\/baratikor\/?page_id=2143"},"modified":"2023-10-12T10:23:14","modified_gmt":"2023-10-12T08:23:14","slug":"nagylucskay-sandor","status":"publish","type":"page","link":"https:\/\/semmelweis.hu\/baratikor\/galeria\/teljes-nevlista\/nagylucskay-sandor\/","title":{"rendered":"Nagylucskay S\u00e1ndor"},"content":{"rendered":"<p style=\"text-align: justify\"><strong><a href=\"https:\/\/semmelweis.hu\/baratikor\/files\/2023\/06\/Nagylucskay-Sandor.jpg\"><img loading=\"lazy\" decoding=\"async\" class=\"alignleft wp-image-4312 size-medium\" src=\"https:\/\/semmelweis.hu\/baratikor\/files\/2023\/06\/Nagylucskay-Sandor-260x400.jpg\" alt=\"\" width=\"260\" height=\"400\" srcset=\"https:\/\/semmelweis.hu\/baratikor\/files\/2023\/06\/Nagylucskay-Sandor-260x400.jpg 260w, https:\/\/semmelweis.hu\/baratikor\/files\/2023\/06\/Nagylucskay-Sandor.jpg 651w\" sizes=\"auto, (max-width: 260px) 100vw, 260px\" \/><\/a>Nagylucskay (Volosin) S\u00e1ndor (<\/strong><strong>Debrecen, 1932. m\u00e1rcius 14.<\/strong><strong> \u2013 Budapest, 2002. janu\u00e1r 30.)<\/strong><\/p>\n<p style=\"text-align: justify\"><strong>Tansz\u00e9k: <\/strong>K\u00f6zeg\u00e9szs\u00e9gtani \u00e9s J\u00e1rv\u00e1nytani Int\u00e9zet 1993-1994 (mb.), 1994-1997.<\/p>\n<p style=\"text-align: justify\"><strong>Viselt egyetemi m\u00e9lt\u00f3s\u00e1g: <\/strong>Gy\u00f3gyszer\u00e9sztudom\u00e1nyi Kar d\u00e9k\u00e1nhelyettese 1987-1993.<\/p>\n<p style=\"text-align: justify\">\u00c9desapja katonatiszt volt, p\u00e1ly\u00e1ja v\u00e9g\u00e9n ezredesi rendfokozatban. Elemi iskol\u00e1it sz\u00fcl\u0151v\u00e1ros\u00e1ban, Miskolcon \u00e9s Budapesten v\u00e9gezte, \u00e9retts\u00e9git az \u00c1llami II. R\u00e1k\u00f3czi Ferenc \u00c1ltal\u00e1nos Gimn\u00e1ziumban tett, jeles eredm\u00e9nnyel. Egy s\u00falyos tbc-fert\u0151z\u00e9s miatt az utols\u00f3 \u00e9vet mag\u00e1ntanul\u00f3k\u00e9nt v\u00e9gezte el, \u00e9s egyetemi tanulm\u00e1nyait is csak 1952-ben tudta elkezdeni az akkor m\u00e9g egykar\u00fa BOTE gy\u00f3gyszer\u00e9szi szak\u00e1n. Egyetemi \u00e9vei alatt a Marxizmus-leninizmus Tansz\u00e9ken is v\u00e1llalt feladatokat (szemin\u00e1rium-vezet\u0151, stb.). Mindv\u00e9gig jeles eredm\u00e9ny\u0171 tanulm\u00e1nyait 1956 j\u00fanius\u00e1ban fejezte be, gyakorlat\u00e1t Karcagon v\u00e9gezte. Gy\u00f3gyszer\u00e9szi oklevelet 1957. febru\u00e1r 15-\u00e9n kapott. 1957. janu\u00e1r 1-t\u0151l a BOTE K\u00f6zeg\u00e9szs\u00e9gtani \u00e9s J\u00e1rv\u00e1nytani Int\u00e9zet\u00e9nek gyakornoka, 1959. janu\u00e1r 1-t\u0151l tan\u00e1rseg\u00e9dje volt. 1961. febru\u00e1r 18-\u00e1n gy\u00f3gyszer\u00e9sz-doktor\u00e1tust szerzett summa cum laude eredm\u00e9nnyel. 1970. janu\u00e1r 1-t\u0151l egyetemi adjunktus, 1978. j\u00falius 1-t\u0151l egyetemi docens. 1973. december 12-\u00e9n szakgy\u00f3gyszer\u00e9szi k\u00e9pes\u00edt\u00e9st szerzett k\u00f6zeg\u00e9szs\u00e9g\u00fcgyi \u00e9s mikrobiol\u00f3giai laborat\u00f3riumi vizsg\u00e1latok t\u00e9mak\u00f6rben. 1974-ben elv\u00e9gzett egy Helsinkiben tartott, 2 h\u00f3napos WHO k\u00f6zeg\u00e9szs\u00e9g\u00fcgyi \u00e9s j\u00e1rv\u00e1ny\u00fcgyi tanfolyamot. 1977. m\u00e1rcius 21-\u00e9n az orvostudom\u00e1nyok kandid\u00e1tusa lett. 1994. m\u00e1rcius 30-\u00e1n habilit\u00e1lt doktori c\u00edmet kapott. 1993. j\u00falius 1-j\u00e9n megb\u00edzt\u00e1k a tansz\u00e9k vezet\u00e9s\u00e9vel, majd 1994. j\u00falius 1-j\u00e9n igazgat\u00f3i kinevez\u00e9st kapott, amit 1997. j\u00fanius 30-ig t\u00f6lt\u00f6tt be. K\u00f6zben, 1994. szeptember 1-j\u00e9n egyetemi tan\u00e1ri beoszt\u00e1sba ker\u00fclt. 1995-1999 k\u00f6z\u00f6tt az int\u00e9zet\u00e9nek is otthont ad\u00f3 \u00e9p\u00fclet, a Nagyv\u00e1rad t\u00e9ri Elm\u00e9leti T\u00f6mb Igazgat\u00f3 Tan\u00e1cs\u00e1nak eln\u00f6ki tiszt\u00e9t t\u00f6lt\u00f6tte be, miut\u00e1n megalakul\u00e1s\u00e1t\u00f3l, 1978-t\u00f3l fogva a tan\u00e1cs titk\u00e1ra volt.<\/p>\n<p style=\"text-align: justify\">Tudom\u00e1nyos munk\u00e1ja a gyakorlati j\u00e1rv\u00e1ny\u00fcgyi \u00e9s diagnosztikai tev\u00e9kenys\u00e9ghez kapcsol\u00f3dott. Hepatitis v\u00edrus kutat\u00e1sai k\u00e9pezt\u00e9k kandid\u00e1tusi dolgozat\u00e1nak t\u00e9m\u00e1j\u00e1t. Magyarorsz\u00e1gon els\u0151k\u00e9nt alkalmazta a hepatitis BS-antig\u00e9n vizsg\u00e1lat\u00e1t komplementk\u00f6t\u00e9si pr\u00f3b\u00e1val. Ugyancsak els\u0151k\u00e9nt v\u00e9gzett antig\u00e9n-subtipiz\u00e1l\u00e1st. Le\u00edrta a fert\u0151z\u00e9s parenteralis \u00e9s nem-parenteralis terjed\u00e9si \u00fatj\u00e1nak ar\u00e1ny\u00e1t, a kontaktok el\u0151fordul\u00e1si ar\u00e1ny\u00e1t, \u00e9s a kontaktus m\u00f3dj\u00e1t, az anictericus megbeteged\u00e9sek \u00e9s az inapparens fert\u0151z\u00e9sek jelent\u0151s\u00e9g\u00e9t a j\u00e1rv\u00e1nyfolyamatok fenntart\u00e1s\u00e1ban. Meg\u00e1llap\u00edtotta, hogy a manifest \u00e9s a latens esetek l\u00e1ncolata bizonyos k\u00f6r\u00fclm\u00e9nyek k\u00f6z\u00f6tt egyetlen j\u00e1rv\u00e1nyfolyamat. Kimutatta, hogy a latens fert\u0151z\u00e9sek sz\u00e1ma Magyarorsz\u00e1gon is n\u00f6vekszik.<\/p>\n<p style=\"text-align: justify\">1948 \u00f3ta vett r\u00e9szt a munk\u00e1smozgalomban. El\u0151sz\u00f6r a MADISZ, a Di\u00e1ksz\u00f6vets\u00e9g \u00e9s a SZIT tagja volt, az 1950. j\u00faniusi p\u00e1rtegyes\u00fcl\u00e9s ut\u00e1n DISZ-tagk\u00e9nt tev\u00e9kenykedett tov\u00e1bb, az egyetemen a kari DISZ VB szervez\u0151 titk\u00e1rak\u00e9nt. Negyed\u00e9vesen (1956) lett az MDP tagjel\u00f6ltje, de a forradalom els\u00f6p\u00f6rte a p\u00e1rtot. 1958 janu\u00e1rj\u00e1t\u00f3l 1968-ig volt KISZ-tag, 1958 m\u00e1rcius\u00e1t\u00f3l MSZMP tagjel\u00f6lt, 1959-t\u0151l tag. A p\u00e1rtban int\u00e9zeti p\u00e1rtmegb\u00edzott \u00e9s P\u00e1rtcsoport agit\u00e1ci\u00f3s-propaganda felel\u0151s feladatokat l\u00e1tott el. 1957-t\u0151l volt tagja az Orvos-Eg\u00e9szs\u00e9g\u00fcgyi Dolgoz\u00f3k Szakszervezet\u00e9nek, 1962-t\u0151l a Magyar V\u00f6r\u00f6skeresztnek. Szakmai t\u00e1rsas\u00e1gi tags\u00e1gai: Magyar Higi\u00e9nikusok T\u00e1rsas\u00e1ga, Magyar Gy\u00f3gyszer\u00e9sztudom\u00e1nyi T\u00e1rsas\u00e1g, Magyar Mikrobiol\u00f3giai T\u00e1rsas\u00e1g, Magyar Onkol\u00f3gusok T\u00e1rsas\u00e1ga.<\/p>\n<p style=\"text-align: justify\">Az al\u00e1bbi elismer\u00e9sekben r\u00e9szes\u00fclt: Eg\u00e9szs\u00e9g\u00fcgyi Miniszter dics\u00e9rete (1977), Honv\u00e9delmi \u00c9rdem\u00e9rem (1979), Magyar Fels\u0151oktat\u00e1s\u00e9rt Eml\u00e9kplakett (1993).<\/p>\n<p style=\"text-align: justify\"><strong>F\u0151bb munk\u00e1i:<\/strong> A v\u00edrus hepatitis j\u00e1rv\u00e1nyfolyamatok dinamik\u00e1ja. Kandid\u00e1tusi disszert\u00e1ci\u00f3. MTA, TMB. Bp., 1975.; Eg\u00e9szs\u00e9g\u00fcgyi \u00fcgyvitel. K\u00f6zeg\u00e9szs\u00e9gtan (V\u00e1rnai L\u00e1szl\u00f3n\u00e9val). Bp., 1983.; Fizika, k\u00e9mia, sz\u00e1mtan. Magyar nyelvi \u00e9s irodalmi ismeretek (V\u00e1rnai L\u00e1szl\u00f3n\u00e9val). Bp., 1983.; Csecsem\u0151- \u00e9s gyermekgondoz\u00f3n\u0151i tananyag (V\u00e1rnai L\u00e1szl\u00f3n\u00e9val). Bp., 1983.; K\u00f6zeg\u00e9szs\u00e9gtan, j\u00e1rv\u00e1nytan: gyakorlati jegyzet orvos-, fogorvos- \u00e9s gy\u00f3gyszer\u00e9szhallgat\u00f3k sz\u00e1m\u00e1ra (szerk.). Bp., 1995.<\/p>\n<p style=\"text-align: justify\"><strong>Nyughelye:<\/strong> Urna a csal\u00e1d \u0151rizet\u00e9ben.<\/p>\n<p><a href=\"https:\/\/semmelweis.hu\/baratikor\/files\/2023\/06\/Nagylucskay-Sandor-1981.-49.a-IV-1..jpg\"><img loading=\"lazy\" decoding=\"async\" class=\"alignleft wp-image-4314 size-medium\" src=\"https:\/\/semmelweis.hu\/baratikor\/files\/2023\/06\/Nagylucskay-Sandor-1981.-49.a-IV-1.-309x400.jpg\" alt=\"\" width=\"309\" height=\"400\" srcset=\"https:\/\/semmelweis.hu\/baratikor\/files\/2023\/06\/Nagylucskay-Sandor-1981.-49.a-IV-1.-309x400.jpg 309w, https:\/\/semmelweis.hu\/baratikor\/files\/2023\/06\/Nagylucskay-Sandor-1981.-49.a-IV-1.-768x995.jpg 768w, https:\/\/semmelweis.hu\/baratikor\/files\/2023\/06\/Nagylucskay-Sandor-1981.-49.a-IV-1.-753x975.jpg 753w, https:\/\/semmelweis.hu\/baratikor\/files\/2023\/06\/Nagylucskay-Sandor-1981.-49.a-IV-1..jpg 772w\" sizes=\"auto, (max-width: 309px) 100vw, 309px\" \/><\/a> <a href=\"https:\/\/semmelweis.hu\/baratikor\/files\/2023\/06\/Nagylucskay-Sandor-1976.-49.a-IV-1._jav_2.jpg\"><img loading=\"lazy\" decoding=\"async\" class=\"alignleft wp-image-4313 size-medium\" src=\"https:\/\/semmelweis.hu\/baratikor\/files\/2023\/06\/Nagylucskay-Sandor-1976.-49.a-IV-1._jav_2-310x400.jpg\" alt=\"\" width=\"310\" height=\"400\" srcset=\"https:\/\/semmelweis.hu\/baratikor\/files\/2023\/06\/Nagylucskay-Sandor-1976.-49.a-IV-1._jav_2-310x400.jpg 310w, https:\/\/semmelweis.hu\/baratikor\/files\/2023\/06\/Nagylucskay-Sandor-1976.-49.a-IV-1._jav_2-768x990.jpg 768w, https:\/\/semmelweis.hu\/baratikor\/files\/2023\/06\/Nagylucskay-Sandor-1976.-49.a-IV-1._jav_2-753x970.jpg 753w, https:\/\/semmelweis.hu\/baratikor\/files\/2023\/06\/Nagylucskay-Sandor-1976.-49.a-IV-1._jav_2.jpg 776w\" sizes=\"auto, (max-width: 310px) 100vw, 310px\" \/><\/a><\/p>\n","protected":false},"excerpt":{"rendered":"<p><a href=\"https:\/\/semmelweis.hu\/baratikor\/files\/2023\/06\/Nagylucskay-Sandor.jpg\"><\/a> Nagylucskay (Volosin) S\u00e1ndor (Debrecen, 1932. m\u00e1rcius 14. \u2013 Budapest, 2002. janu\u00e1r 30.) Tansz\u00e9k: K\u00f6zeg\u00e9szs\u00e9gtani \u00e9s J\u00e1rv\u00e1nytani Int\u00e9zet 1993-1994 (mb.), 1994-1997. Viselt egyetemi m\u00e9lt\u00f3s\u00e1g: Gy\u00f3gyszer\u00e9sztudom\u00e1nyi Kar d\u00e9k\u00e1nhelyettese 1987-1993. \u00c9desapja katonatiszt volt, p\u00e1ly\u00e1ja v\u00e9g\u00e9n ezredesi rendfokozatban. Elemi iskol\u00e1it sz\u00fcl\u0151v\u00e1ros\u00e1ban, Miskolcon \u00e9s Budapesten v\u00e9gezte, \u00e9retts\u00e9git az \u00c1llami II. R\u00e1k\u00f3czi Ferenc \u00c1ltal\u00e1nos Gimn\u00e1ziumban tett, jeles eredm\u00e9nnyel. Egy s\u00falyos tbc-fert\u0151z\u00e9s &hellip;<\/p>\n","protected":false},"author":282,"featured_media":5417,"parent":347,"menu_order":0,"comment_status":"closed","ping_status":"closed","template":"template-fullwidth.php","meta":{"_acf_changed":false,"footnotes":""},"categories":[77,14],"tags":[],"class_list":["post-2143","page","type-page","status-publish","has-post-thumbnail","hentry","category-kegyeleti-adattar","category-teljes-nevlista"],"acf":[],"_links":{"self":[{"href":"https:\/\/semmelweis.hu\/baratikor\/wp-json\/wp\/v2\/pages\/2143","targetHints":{"allow":["GET"]}}],"collection":[{"href":"https:\/\/semmelweis.hu\/baratikor\/wp-json\/wp\/v2\/pages"}],"about":[{"href":"https:\/\/semmelweis.hu\/baratikor\/wp-json\/wp\/v2\/types\/page"}],"author":[{"embeddable":true,"href":"https:\/\/semmelweis.hu\/baratikor\/wp-json\/wp\/v2\/users\/282"}],"replies":[{"embeddable":true,"href":"https:\/\/semmelweis.hu\/baratikor\/wp-json\/wp\/v2\/comments?post=2143"}],"version-history":[{"count":4,"href":"https:\/\/semmelweis.hu\/baratikor\/wp-json\/wp\/v2\/pages\/2143\/revisions"}],"predecessor-version":[{"id":4855,"href":"https:\/\/semmelweis.hu\/baratikor\/wp-json\/wp\/v2\/pages\/2143\/revisions\/4855"}],"up":[{"embeddable":true,"href":"https:\/\/semmelweis.hu\/baratikor\/wp-json\/wp\/v2\/pages\/347"}],"wp:featuredmedia":[{"embeddable":true,"href":"https:\/\/semmelweis.hu\/baratikor\/wp-json\/wp\/v2\/media\/5417"}],"wp:attachment":[{"href":"https:\/\/semmelweis.hu\/baratikor\/wp-json\/wp\/v2\/media?parent=2143"}],"wp:term":[{"taxonomy":"category","embeddable":true,"href":"https:\/\/semmelweis.hu\/baratikor\/wp-json\/wp\/v2\/categories?post=2143"},{"taxonomy":"post_tag","embeddable":true,"href":"https:\/\/semmelweis.hu\/baratikor\/wp-json\/wp\/v2\/tags?post=2143"}],"curies":[{"name":"wp","href":"https:\/\/api.w.org\/{rel}","templated":true}]}}