{"id":2118,"date":"2023-01-04T11:42:38","date_gmt":"2023-01-04T10:42:38","guid":{"rendered":"https:\/\/semmelweis.hu\/baratikor\/?page_id=2118"},"modified":"2023-10-12T11:55:15","modified_gmt":"2023-10-12T09:55:15","slug":"pfisterer-andras","status":"publish","type":"page","link":"https:\/\/semmelweis.hu\/baratikor\/galeria\/teljes-nevlista\/pfisterer-andras\/","title":{"rendered":"Pfisterer Andr\u00e1s"},"content":{"rendered":"<p style=\"text-align: justify\"><a href=\"https:\/\/semmelweis.hu\/baratikor\/galeria\/teljes-nevlista\/pfisterer-andas\/106_11\/\" rel=\"attachment wp-att-2119\"><img loading=\"lazy\" decoding=\"async\" class=\"alignleft size-full wp-image-2119\" src=\"https:\/\/semmelweis.hu\/baratikor\/files\/2023\/01\/106_11.jpg\" alt=\"\" width=\"295\" height=\"370\" \/><\/a><strong>(Buda, 1759. november 22. &#8211; Buda, 1825. augusztus 13.)<\/strong><\/p>\n<p style=\"text-align: justify\"><strong>Tansz\u00e9k: <\/strong>az \u00fagynevezett k\u00fcls\u0151 orvosi kar tagja volt, az oktat\u00e1sban nem vett r\u00e9szt.<\/p>\n<p style=\"text-align: justify\"><strong>Viselt egyetemi m\u00e9lt\u00f3s\u00e1g: <\/strong>kari igazgat\u00f3 1806\/07-1823\/24.<\/p>\n<p style=\"text-align: justify\">Orvosi tanulm\u00e1nyait az akkor Bud\u00e1n sz\u00e9kel\u0151 egyetem orvoskar\u00e1n szerezte 1784. augusztus 23-\u00e1n. V\u00e9gz\u00e9se ut\u00e1n a budai Gell\u00e9rthegy-oldali v\u00e1rosr\u00e9sz tiszti f\u0151orvosa lett. 1791-ben p\u00e1ly\u00e1zott a belgy\u00f3gy\u00e1szat (praxis clinica) tansz\u00e9k\u00e9nek vezet\u00e9s\u00e9re, de az uralkod\u00f3, I. Ferenc d\u00f6nt\u00e9se szerint nem \u0151 kapta a megb\u00edz\u00e1st. 1802-ben kinevezt\u00e9k a helytart\u00f3tan\u00e1cs tanulm\u00e1nyi bizotts\u00e1g\u00e1nak \u00fcln\u00f6ki tiszt\u00e9be. 1806 \u0151sz\u00e9n, Schraud hal\u00e1la ut\u00e1n hat h\u00f3nappal \u0151t nevezt\u00e9k ki orsz\u00e1gos f\u0151orvoss\u00e1, egyben kari igazgat\u00f3v\u00e1. Hivatali idej\u00e9re estek a nap\u00f3leoni h\u00e1bor\u00fak j\u00e1rv\u00e1nyokt\u00f3l hemzseg\u0151 \u00e9vei. A pestisj\u00e1rv\u00e1nyok idej\u00e9n v\u00e9gzett szolg\u00e1latai\u00e9rt megkapta a Lip\u00f3t-rend kiskeresztj\u00e9t. Ugyanezen okb\u00f3l v\u00e1lasztotta a szentp\u00e9terv\u00e1ri Orvos T\u00e1rsas\u00e1g tiszteletbeli tagj\u00e1v\u00e1. Hivatali teend\u0151inek, \u00edgy a budai \u00e9s pesti katonai k\u00f3rh\u00e1zak, vagy az orvoskar ellen\u0151rz\u00e9s\u00e9nek lelkiismeretesen eleget tett, m\u00e9g a tan\u00e1ri karral val\u00f3 id\u0151nk\u00e9nti konfliktusok \u00e1r\u00e1n is. Elfoglalts\u00e1gai mellett mag\u00e1npraxist nem tudott folytatni. Nagy csal\u00e1dot, hat gyermeket nevelt, lesz\u00e1rmazottai k\u00f6z\u00f6tt olyan kiv\u00e1l\u00f3s\u00e1gok vannak, mint Szentkuthy Mikl\u00f3s \u00edr\u00f3.<\/p>\n<p style=\"text-align: justify\"><strong>F\u0151 munk\u00e1ja:<\/strong> Dissertatio inauguralis medica de mammaorum inflammatione. Buda, 1784.<\/p>\n<p style=\"text-align: justify\">Forr\u00e1s: Sz\u00e1ll\u00e1si \u00c1rp\u00e1d: Az orsz\u00e1gos f\u0151orvosi hivatal \u00e9s Pfisterer Andr\u00e1s protomedikus. In: Orvosi Hetilap. 2322-2323.<\/p>\n<p style=\"text-align: justify\"><strong>Nyughelye:<\/strong> nincs adat.<\/p>\n","protected":false},"excerpt":{"rendered":"<p><a href=\"https:\/\/semmelweis.hu\/baratikor\/galeria\/teljes-nevlista\/pfisterer-andas\/106_11\/\" rel=\"attachment wp-att-2119\"><\/a> (Buda, 1759. november 22. &#8211; Buda, 1825. augusztus 13.) Tansz\u00e9k: az \u00fagynevezett k\u00fcls\u0151 orvosi kar tagja volt, az oktat\u00e1sban nem vett r\u00e9szt. Viselt egyetemi m\u00e9lt\u00f3s\u00e1g: kari igazgat\u00f3 1806\/07-1823\/24. Orvosi tanulm\u00e1nyait az akkor Bud\u00e1n sz\u00e9kel\u0151 egyetem orvoskar\u00e1n szerezte 1784. augusztus 23-\u00e1n. V\u00e9gz\u00e9se ut\u00e1n a budai Gell\u00e9rthegy-oldali v\u00e1rosr\u00e9sz tiszti f\u0151orvosa lett. 1791-ben p\u00e1ly\u00e1zott a belgy\u00f3gy\u00e1szat (praxis clinica) &hellip;<\/p>\n","protected":false},"author":282,"featured_media":5428,"parent":347,"menu_order":0,"comment_status":"closed","ping_status":"closed","template":"template-fullwidth.php","meta":{"_acf_changed":false,"footnotes":""},"categories":[14],"tags":[],"class_list":["post-2118","page","type-page","status-publish","has-post-thumbnail","hentry","category-teljes-nevlista"],"acf":[],"_links":{"self":[{"href":"https:\/\/semmelweis.hu\/baratikor\/wp-json\/wp\/v2\/pages\/2118","targetHints":{"allow":["GET"]}}],"collection":[{"href":"https:\/\/semmelweis.hu\/baratikor\/wp-json\/wp\/v2\/pages"}],"about":[{"href":"https:\/\/semmelweis.hu\/baratikor\/wp-json\/wp\/v2\/types\/page"}],"author":[{"embeddable":true,"href":"https:\/\/semmelweis.hu\/baratikor\/wp-json\/wp\/v2\/users\/282"}],"replies":[{"embeddable":true,"href":"https:\/\/semmelweis.hu\/baratikor\/wp-json\/wp\/v2\/comments?post=2118"}],"version-history":[{"count":5,"href":"https:\/\/semmelweis.hu\/baratikor\/wp-json\/wp\/v2\/pages\/2118\/revisions"}],"predecessor-version":[{"id":2171,"href":"https:\/\/semmelweis.hu\/baratikor\/wp-json\/wp\/v2\/pages\/2118\/revisions\/2171"}],"up":[{"embeddable":true,"href":"https:\/\/semmelweis.hu\/baratikor\/wp-json\/wp\/v2\/pages\/347"}],"wp:featuredmedia":[{"embeddable":true,"href":"https:\/\/semmelweis.hu\/baratikor\/wp-json\/wp\/v2\/media\/5428"}],"wp:attachment":[{"href":"https:\/\/semmelweis.hu\/baratikor\/wp-json\/wp\/v2\/media?parent=2118"}],"wp:term":[{"taxonomy":"category","embeddable":true,"href":"https:\/\/semmelweis.hu\/baratikor\/wp-json\/wp\/v2\/categories?post=2118"},{"taxonomy":"post_tag","embeddable":true,"href":"https:\/\/semmelweis.hu\/baratikor\/wp-json\/wp\/v2\/tags?post=2118"}],"curies":[{"name":"wp","href":"https:\/\/api.w.org\/{rel}","templated":true}]}}