{"id":2106,"date":"2023-01-04T11:35:26","date_gmt":"2023-01-04T10:35:26","guid":{"rendered":"https:\/\/semmelweis.hu\/baratikor\/?page_id=2106"},"modified":"2023-10-12T10:20:54","modified_gmt":"2023-10-12T08:20:54","slug":"nagy-denes","status":"publish","type":"page","link":"https:\/\/semmelweis.hu\/baratikor\/galeria\/teljes-nevlista\/nagy-denes\/","title":{"rendered":"Nagy D\u00e9nes"},"content":{"rendered":"<p style=\"text-align: justify\"><strong><a href=\"https:\/\/semmelweis.hu\/baratikor\/galeria\/teljes-nevlista\/nagy-denes\/nagy-denes-49-a-iv-1\/\" rel=\"attachment wp-att-2107\"><img loading=\"lazy\" decoding=\"async\" class=\"alignleft size-medium wp-image-2107\" src=\"https:\/\/semmelweis.hu\/baratikor\/files\/2023\/01\/Nagy-Denes-49.a-IV-1.-288x400.jpg\" alt=\"\" width=\"288\" height=\"400\" srcset=\"https:\/\/semmelweis.hu\/baratikor\/files\/2023\/01\/Nagy-Denes-49.a-IV-1.-288x400.jpg 288w, https:\/\/semmelweis.hu\/baratikor\/files\/2023\/01\/Nagy-Denes-49.a-IV-1..jpg 719w\" sizes=\"auto, (max-width: 288px) 100vw, 288px\" \/><\/a>Nagy D\u00e9nes Rik\u00e1rd Lor\u00e1nt (Budapest<\/strong><strong>, 1920. febru\u00e1r 3.<\/strong><strong> \u2013 Rheinfelden, N\u00e9metorsz\u00e1g, ?)<\/strong><\/p>\n<p style=\"text-align: justify\"><strong>Tansz\u00e9k: <\/strong>K\u00eds\u00e9rletes \u00e9s Seb\u00e9szeti M\u0171t\u00e9ttani Int\u00e9zet 1953-1964.<\/p>\n<p style=\"text-align: justify\"><strong>Viselt egyetemi m\u00e9lt\u00f3s\u00e1g:<\/strong> \u00c1OK d\u00e9k\u00e1nhelyettes 1958\/59. II. f\u00e9l\u00e9v.<\/p>\n<p style=\"text-align: justify\">K\u00f6z\u00e9piskol\u00e1it az \u00e1llami M\u00e1ty\u00e1s Kir\u00e1ly Gimn\u00e1ziumban v\u00e9gezte. 1938-ban iratkozott be a budapesti orvoskarra, ahol m\u00e1r hallgat\u00f3 kor\u00e1ban alkalmazt\u00e1k. Az 1940\/41. tan\u00e9vben d\u00edjtalan gyakornok, 1941\/42-ben d\u00edjas demonstr\u00e1tor, 1942\/43-ban seg\u00e9lyd\u00edjas gyakornok, 1943\/44-ben d\u00edjas gyakornok volt. 1944. j\u00fanius 17-\u00e9n szerzett orvosdoktori diplom\u00e1t summa cum laude min\u0151s\u00edt\u00e9ssel. Ugyanebben az \u00e9vben tan\u00e1rseg\u00e9dd\u00e9 l\u00e9ptett\u00e9k el\u0151. 1944-1947 k\u00f6z\u00f6tt m\u0171t\u0151n\u00f6vend\u00e9k volt (I. sz. Seb\u00e9szeti Klinika, Post\u00e1s Alap\u00edtv\u00e1ny K\u00f3rh\u00e1za, R\u00f3kus K\u00f3rh\u00e1z III. Seb\u00e9szeti Oszt\u00e1ly), majd 1948 \u00e9s 1951 decembere k\u00f6z\u00f6tt az Anat\u00f3miai Int\u00e9zet adjunktusak\u00e9nt m\u0171k\u00f6d\u00f6tt. 1947-ben seb\u00e9sz szakorvosi vizsg\u00e1t tett.<\/p>\n<p style=\"text-align: justify\">1951-1953 k\u00f6z\u00f6tt a Debreceni Orvostudom\u00e1nyi Egyetemen docensi besorol\u00e1sban a Seb\u00e9szeti Anat\u00f3miai \u00e9s M\u0171t\u00e9ttani Int\u00e9zet vezet\u0151je lett, melyet maga szervezett meg. 1953. december 1-j\u00e9n nevezt\u00e9k ki a BOTE frissen alakult K\u00eds\u00e9rletes \u00e9s Seb\u00e9szeti M\u0171t\u00e9ttani Int\u00e9zet\u00e9nek vezet\u0151j\u00e9v\u00e9. 1956. febru\u00e1r 1-j\u00e9n l\u00e9ptett\u00e9k el\u0151 egyetemi tan\u00e1rr\u00e1. 1956. okt\u00f3ber 22. \u00e9s december 7. k\u00f6z\u00f6tt hivatalos kik\u00fcldet\u00e9sben Bulg\u00e1ri\u00e1ban tart\u00f3zkodott. 1957. szeptember 1-j\u00e9t\u0151l az \u00c1OK d\u00e9k\u00e1nhelyettese volt. 1964-ben k\u00fclf\u00f6ldre t\u00e1vozott, ahonnan nem t\u00e9rt haza. 1966. szeptember 16-\u00e1n az el\u0151z\u0151 \u00e9v j\u00fanius 15-i hat\u00e1llyal az eg\u00e9szs\u00e9g\u00fcgyi miniszter munkaviszony\u00e1t megsz\u00fcntette. Az 1990-es \u00e9vekben Budapesten \u00e9lt.<\/p>\n<p style=\"text-align: justify\">R\u00e9szt vett a Pathol\u00f3gus szakcsoport vezet\u0151s\u00e9ge \u00e9s a K\u00eds\u00e9rletes orvostudom\u00e1ny c. szaklap szerkeszt\u0151bizotts\u00e1gi munk\u00e1j\u00e1ban. 1957-ben ell\u00e1tta az OSC tan\u00e1reln\u00f6ki tiszt\u00e9t is.<\/p>\n<p style=\"text-align: justify\">A R\u00f6ntgen anat\u00f3mia c. k\u00f6nyv\u00e9\u00e9rt 1952-ben a Kossuth-d\u00edj ez\u00fcst fokozat\u00e1val t\u00fcntett\u00e9k ki.<\/p>\n<p style=\"text-align: justify\"><strong>F\u0151bb munk\u00e1i:<\/strong> R\u00f6ntgenanat\u00f3mia. Tank\u00f6nyvkiad\u00f3, Bp., 1951.; Akad\u00e9miai, Bp. 1959.; R\u00f6ntgenanatomie. Akad\u00e9miai, Bp., 1965.; Radiological anatomy (collab. I. Kal\u00e1szy). Pergamon, Oxford. 1965.<\/p>\n<p style=\"text-align: justify\"><strong>Nyughelye:<\/strong> nem ismert.<\/p>\n","protected":false},"excerpt":{"rendered":"<p><a href=\"https:\/\/semmelweis.hu\/baratikor\/galeria\/teljes-nevlista\/nagy-denes\/nagy-denes-49-a-iv-1\/\" rel=\"attachment wp-att-2107\"><\/a> Nagy D\u00e9nes Rik\u00e1rd Lor\u00e1nt (Budapest, 1920. febru\u00e1r 3. \u2013 Rheinfelden, N\u00e9metorsz\u00e1g, ?) Tansz\u00e9k: K\u00eds\u00e9rletes \u00e9s Seb\u00e9szeti M\u0171t\u00e9ttani Int\u00e9zet 1953-1964. Viselt egyetemi m\u00e9lt\u00f3s\u00e1g: \u00c1OK d\u00e9k\u00e1nhelyettes 1958\/59. II. f\u00e9l\u00e9v. K\u00f6z\u00e9piskol\u00e1it az \u00e1llami M\u00e1ty\u00e1s Kir\u00e1ly Gimn\u00e1ziumban v\u00e9gezte. 1938-ban iratkozott be a budapesti orvoskarra, ahol m\u00e1r hallgat\u00f3 kor\u00e1ban alkalmazt\u00e1k. Az 1940\/41. tan\u00e9vben d\u00edjtalan gyakornok, 1941\/42-ben d\u00edjas demonstr\u00e1tor, 1942\/43-ban seg\u00e9lyd\u00edjas &hellip;<\/p>\n","protected":false},"author":282,"featured_media":5415,"parent":347,"menu_order":0,"comment_status":"closed","ping_status":"closed","template":"template-fullwidth.php","meta":{"_acf_changed":false,"footnotes":""},"categories":[77,14],"tags":[],"class_list":["post-2106","page","type-page","status-publish","has-post-thumbnail","hentry","category-kegyeleti-adattar","category-teljes-nevlista"],"acf":[],"_links":{"self":[{"href":"https:\/\/semmelweis.hu\/baratikor\/wp-json\/wp\/v2\/pages\/2106","targetHints":{"allow":["GET"]}}],"collection":[{"href":"https:\/\/semmelweis.hu\/baratikor\/wp-json\/wp\/v2\/pages"}],"about":[{"href":"https:\/\/semmelweis.hu\/baratikor\/wp-json\/wp\/v2\/types\/page"}],"author":[{"embeddable":true,"href":"https:\/\/semmelweis.hu\/baratikor\/wp-json\/wp\/v2\/users\/282"}],"replies":[{"embeddable":true,"href":"https:\/\/semmelweis.hu\/baratikor\/wp-json\/wp\/v2\/comments?post=2106"}],"version-history":[{"count":2,"href":"https:\/\/semmelweis.hu\/baratikor\/wp-json\/wp\/v2\/pages\/2106\/revisions"}],"predecessor-version":[{"id":2109,"href":"https:\/\/semmelweis.hu\/baratikor\/wp-json\/wp\/v2\/pages\/2106\/revisions\/2109"}],"up":[{"embeddable":true,"href":"https:\/\/semmelweis.hu\/baratikor\/wp-json\/wp\/v2\/pages\/347"}],"wp:featuredmedia":[{"embeddable":true,"href":"https:\/\/semmelweis.hu\/baratikor\/wp-json\/wp\/v2\/media\/5415"}],"wp:attachment":[{"href":"https:\/\/semmelweis.hu\/baratikor\/wp-json\/wp\/v2\/media?parent=2106"}],"wp:term":[{"taxonomy":"category","embeddable":true,"href":"https:\/\/semmelweis.hu\/baratikor\/wp-json\/wp\/v2\/categories?post=2106"},{"taxonomy":"post_tag","embeddable":true,"href":"https:\/\/semmelweis.hu\/baratikor\/wp-json\/wp\/v2\/tags?post=2106"}],"curies":[{"name":"wp","href":"https:\/\/api.w.org\/{rel}","templated":true}]}}