{"id":2089,"date":"2023-01-04T11:25:33","date_gmt":"2023-01-04T10:25:33","guid":{"rendered":"https:\/\/semmelweis.hu\/baratikor\/?page_id=2089"},"modified":"2023-10-12T10:19:12","modified_gmt":"2023-10-12T08:19:12","slug":"minder-gyula","status":"publish","type":"page","link":"https:\/\/semmelweis.hu\/baratikor\/galeria\/teljes-nevlista\/minder-gyula\/","title":{"rendered":"Minder Gyula"},"content":{"rendered":"<p style=\"text-align: justify\"><strong> <a href=\"https:\/\/semmelweis.hu\/baratikor\/galeria\/teljes-nevlista\/minder-gyula\/148_11\/\" rel=\"attachment wp-att-2092\"><img loading=\"lazy\" decoding=\"async\" class=\"alignleft size-full wp-image-2092\" src=\"https:\/\/semmelweis.hu\/baratikor\/files\/2023\/01\/148_11.jpg\" alt=\"\" width=\"295\" height=\"370\" \/><\/a>(Budapest<\/strong><strong>, 1895. janu\u00e1r 17.<\/strong><strong> \u2013 Z\u00fcrich?, 1982.)<\/strong><\/p>\n<p style=\"text-align: justify\"><strong>Tansz\u00e9k: <\/strong>Urol\u00f3giai Klinika 1942-1945.<\/p>\n<p style=\"text-align: justify\">K\u00f6z\u00e9piskolai tanulm\u00e1nyait a III. ker\u00fcleti \u00c1llami F\u0151gimn\u00e1ziumban v\u00e9gezte. Orvosdoktori oklevelet Budapesten szerzett 1920. \u00e1prilis 10-\u00e9n. Tanulm\u00e1nyait megszak\u00edtva, orvostanhallgat\u00f3k\u00e9nt teljes\u00edtett katonai szolg\u00e1latot 1914. j\u00falius 31. \u00e9s 1918 decembere k\u00f6z\u00f6tt. Szolg\u00e1lata v\u00e9g\u00e9n eg\u00e9szs\u00e9g\u00fcgyi hadnagyi rendfokozatban szerelt le. 1920. m\u00e1rcius 26-t\u00f3l kezdve m\u0171k\u00f6d\u00f6tt az Urol\u00f3giai Klinik\u00e1n. 1927-ben megh\u00edv\u00e1st kapott a z\u00fcrichi seb\u00e9szeti klinik\u00e1ra, ahol d\u00edjas urol\u00f3giai tan\u00e1rseg\u00e9dk\u00e9nt m\u0171k\u00f6d\u00f6tt 1927. okt\u00f3ber 15. \u00e9s 1929. j\u00falius 1. k\u00f6z\u00f6tt, \u00f6n\u00e1ll\u00f3an vezetve a klinika urol\u00f3giai oszt\u00e1ly\u00e1t. Ut\u00e1na egy f\u00e9l\u00e9vet t\u00f6lt\u00f6tt a genfi n\u0151gy\u00f3gy\u00e1szati \u00e9s a p\u00e1rizsi urol\u00f3giai klinik\u00e1kon. Ezen id\u0151 alatt a budapesti orvoskari tan\u00e1rtest\u00fclet szabads\u00e1got enged\u00e9lyezett sz\u00e1m\u00e1ra.<\/p>\n<p style=\"text-align: justify\">1931-ben mag\u00e1ntan\u00e1ri k\u00e9pes\u00edt\u00e9st szerzett \u201eAz urol\u00f3gia, k\u00fcl\u00f6n\u00f6s tekintettel a gonorrhe\u00e1ra\u201d t\u00e1rgyk\u00f6rben.<\/p>\n<p style=\"text-align: justify\">1936-1942 k\u00f6z\u00f6tt vezette a Szent J\u00e1nos K\u00f3rh\u00e1z urol\u00f3giai oszt\u00e1ly\u00e1t. Illy\u00e9s G\u00e9za nyug\u00e1llom\u00e1nyba vonul\u00e1sa ut\u00e1n a kar aj\u00e1nl\u00e1s\u00e1ra 1942. okt\u00f3ber 1-j\u00e9n Minder Gyula vette \u00e1t az egyetem Urol\u00f3giai Klinik\u00e1ja vezet\u00e9s\u00e9t. 1944 v\u00e9g\u00e9n szabads\u00e1got k\u00e9rt \u00e9s kapott a kart\u00f3l, majd a k\u00f6zeled\u0151 V\u00f6r\u00f6s Hadsereg el\u0151l, sv\u00e1jci sz\u00e1rmaz\u00e1s\u00fa feles\u00e9g\u00e9t \u00e9s csal\u00e1dj\u00e1t el\u0151re k\u00fcldve, november 8-\u00e1n Z\u00fcrichbe utazott. A h\u00e1bor\u00fa ut\u00e1n igazol\u00f3 bizotts\u00e1gi elj\u00e1r\u00e1ssal, t\u00e1voll\u00e9t\u00e9ben \u00e1ll\u00e1sveszt\u00e9sre \u00edt\u00e9lt\u00e9k, 1945 szeptember\u00e9ben a miniszter \u00f6t tan\u00e1rt\u00e1rs\u00e1val egy\u00fctt az \u0151 illetm\u00e9nyei foly\u00f3s\u00edt\u00e1s\u00e1t is besz\u00fcntette. Z\u00fcrichb\u0151l m\u00e1r nem t\u00e9rt haza, feltehet\u0151en ott hunyt el 1982 folyam\u00e1n, k\u00f6zelebbr\u0151l nem ismert id\u0151pontban.<\/p>\n<p style=\"text-align: justify\">\u201eMinder Gyula ig\u00e9nyes \u00e9s j\u00f3l k\u00e9pzett urol\u00f3gus volt. A fels\u0151 h\u00fagyutak dinamik\u00e1j\u00e1val \u00e9s a fels\u0151 \u00fcregrendszer pielonkinetik\u00e1j\u00e1val foglalkozott. \u0150 vetette fel a terhess\u00e9gi pielonephritis \u00e9s az atonia kapcsolat\u00e1t. Nagysz\u00e1m\u00fa transuretralis prostataresecti\u00f3t v\u00e9gzett, sok publik\u00e1ci\u00f3ja jelent meg k\u00fcl\u00f6nb\u00f6z\u0151 nyelveken. A hormon- \u00e9s kemoter\u00e1pia is \u00e9rdekl\u0151d\u00e9si k\u00f6r\u00e9be tartozott.\u201d<a href=\"#_ftn1\" name=\"_ftnref1\"><sup>[1]<\/sup><\/a><\/p>\n<p style=\"text-align: justify\">A Magyar Urol\u00f3gia felel\u0151s szerkeszt\u0151je volt, melyet 1938-ban \u0151 ind\u00edtott el.<\/p>\n<p style=\"text-align: justify\"><strong>F\u0151bb munk\u00e1i: <\/strong>Seltener Fall eines doppelten Ureters. In: Zeitschrift f\u00fcr Urologie, 1925.; Intrav\u00e9n\u00e1s glucose injectiok gonorrhe\u00e1s folyamatok eset\u00e9n. Habilitatios dolgozat. In: Orvosi Hetilap, 1927:14.; \u00dcber die cystische Erweiterung des vesicalen Harnleiterendes. In: Schweizerische Medizinische Wochenschrift, 1929. Jg. 59., Nr.35.; A hydronephrosisr\u00f3l klinikai \u00e9s k\u00eds\u00e9rleti tapasztalatok alapj\u00e1n. In: Orvosi Hetilap, 1931:6.<\/p>\n<p style=\"text-align: justify\"><strong>Nyughelye: <\/strong>nem ismert.<\/p>\n<p style=\"text-align: justify\"><a href=\"#_ftnref1\" name=\"_ftn1\"><sup>[1]<\/sup><\/a> Romics Imre: 95 \u00e9ves a Semmelweis Egyetem Urol\u00f3giai Klinik\u00e1ja. In. Orvosi Hetilap, Horus. 2015. 40. sz\u00e1m, p.1630.<\/p>\n<p><strong><a href=\"https:\/\/semmelweis.hu\/baratikor\/galeria\/teljes-nevlista\/minder-gyula\/minder3kep\/\" rel=\"attachment wp-att-2090\"><img loading=\"lazy\" decoding=\"async\" class=\"alignleft size-medium wp-image-2090\" src=\"https:\/\/semmelweis.hu\/baratikor\/files\/2023\/01\/Minder3kep-400x265.jpg\" alt=\"\" width=\"400\" height=\"265\" srcset=\"https:\/\/semmelweis.hu\/baratikor\/files\/2023\/01\/Minder3kep-400x265.jpg 400w, https:\/\/semmelweis.hu\/baratikor\/files\/2023\/01\/Minder3kep-768x508.jpg 768w, https:\/\/semmelweis.hu\/baratikor\/files\/2023\/01\/Minder3kep-753x498.jpg 753w, https:\/\/semmelweis.hu\/baratikor\/files\/2023\/01\/Minder3kep-203x135.jpg 203w, https:\/\/semmelweis.hu\/baratikor\/files\/2023\/01\/Minder3kep.jpg 1000w\" sizes=\"auto, (max-width: 400px) 100vw, 400px\" \/><\/a><\/strong><strong><a href=\"https:\/\/semmelweis.hu\/baratikor\/galeria\/teljes-nevlista\/minder-gyula\/minder3kep1\/\" rel=\"attachment wp-att-2091\"><img loading=\"lazy\" decoding=\"async\" class=\"alignleft size-medium wp-image-2091\" src=\"https:\/\/semmelweis.hu\/baratikor\/files\/2023\/01\/Minder3kep1-400x278.jpg\" alt=\"\" width=\"400\" height=\"278\" srcset=\"https:\/\/semmelweis.hu\/baratikor\/files\/2023\/01\/Minder3kep1-400x278.jpg 400w, https:\/\/semmelweis.hu\/baratikor\/files\/2023\/01\/Minder3kep1-768x534.jpg 768w, https:\/\/semmelweis.hu\/baratikor\/files\/2023\/01\/Minder3kep1-753x523.jpg 753w, https:\/\/semmelweis.hu\/baratikor\/files\/2023\/01\/Minder3kep1.jpg 1000w\" sizes=\"auto, (max-width: 400px) 100vw, 400px\" \/><\/a><\/strong><\/p>\n","protected":false},"excerpt":{"rendered":"<p><a href=\"https:\/\/semmelweis.hu\/baratikor\/galeria\/teljes-nevlista\/minder-gyula\/148_11\/\" rel=\"attachment wp-att-2092\"><\/a> (Budapest, 1895. janu\u00e1r 17. \u2013 Z\u00fcrich?, 1982.) Tansz\u00e9k: Urol\u00f3giai Klinika 1942-1945. K\u00f6z\u00e9piskolai tanulm\u00e1nyait a III. ker\u00fcleti \u00c1llami F\u0151gimn\u00e1ziumban v\u00e9gezte. Orvosdoktori oklevelet Budapesten szerzett 1920. \u00e1prilis 10-\u00e9n. Tanulm\u00e1nyait megszak\u00edtva, orvostanhallgat\u00f3k\u00e9nt teljes\u00edtett katonai szolg\u00e1latot 1914. j\u00falius 31. \u00e9s 1918 decembere k\u00f6z\u00f6tt. Szolg\u00e1lata v\u00e9g\u00e9n eg\u00e9szs\u00e9g\u00fcgyi hadnagyi rendfokozatban szerelt le. 1920. m\u00e1rcius 26-t\u00f3l kezdve m\u0171k\u00f6d\u00f6tt az Urol\u00f3giai Klinik\u00e1n. 1927-ben &hellip;<\/p>\n","protected":false},"author":282,"featured_media":5414,"parent":347,"menu_order":0,"comment_status":"closed","ping_status":"closed","template":"template-fullwidth.php","meta":{"_acf_changed":false,"footnotes":""},"categories":[77,14],"tags":[],"class_list":["post-2089","page","type-page","status-publish","has-post-thumbnail","hentry","category-kegyeleti-adattar","category-teljes-nevlista"],"acf":[],"_links":{"self":[{"href":"https:\/\/semmelweis.hu\/baratikor\/wp-json\/wp\/v2\/pages\/2089","targetHints":{"allow":["GET"]}}],"collection":[{"href":"https:\/\/semmelweis.hu\/baratikor\/wp-json\/wp\/v2\/pages"}],"about":[{"href":"https:\/\/semmelweis.hu\/baratikor\/wp-json\/wp\/v2\/types\/page"}],"author":[{"embeddable":true,"href":"https:\/\/semmelweis.hu\/baratikor\/wp-json\/wp\/v2\/users\/282"}],"replies":[{"embeddable":true,"href":"https:\/\/semmelweis.hu\/baratikor\/wp-json\/wp\/v2\/comments?post=2089"}],"version-history":[{"count":2,"href":"https:\/\/semmelweis.hu\/baratikor\/wp-json\/wp\/v2\/pages\/2089\/revisions"}],"predecessor-version":[{"id":2094,"href":"https:\/\/semmelweis.hu\/baratikor\/wp-json\/wp\/v2\/pages\/2089\/revisions\/2094"}],"up":[{"embeddable":true,"href":"https:\/\/semmelweis.hu\/baratikor\/wp-json\/wp\/v2\/pages\/347"}],"wp:featuredmedia":[{"embeddable":true,"href":"https:\/\/semmelweis.hu\/baratikor\/wp-json\/wp\/v2\/media\/5414"}],"wp:attachment":[{"href":"https:\/\/semmelweis.hu\/baratikor\/wp-json\/wp\/v2\/media?parent=2089"}],"wp:term":[{"taxonomy":"category","embeddable":true,"href":"https:\/\/semmelweis.hu\/baratikor\/wp-json\/wp\/v2\/categories?post=2089"},{"taxonomy":"post_tag","embeddable":true,"href":"https:\/\/semmelweis.hu\/baratikor\/wp-json\/wp\/v2\/tags?post=2089"}],"curies":[{"name":"wp","href":"https:\/\/api.w.org\/{rel}","templated":true}]}}