{"id":2084,"date":"2023-01-04T11:22:51","date_gmt":"2023-01-04T10:22:51","guid":{"rendered":"https:\/\/semmelweis.hu\/baratikor\/?page_id=2084"},"modified":"2023-01-04T11:22:53","modified_gmt":"2023-01-04T10:22:53","slug":"mathe-denes","status":"publish","type":"page","link":"https:\/\/semmelweis.hu\/baratikor\/galeria\/teljes-nevlista\/mathe-denes\/","title":{"rendered":"M\u00e1th\u00e9 D\u00e9nes"},"content":{"rendered":"<p style=\"text-align: justify\"><strong><a href=\"https:\/\/semmelweis.hu\/baratikor\/galeria\/teljes-nevlista\/mathe-denes\/089_11\/\" rel=\"attachment wp-att-2086\"><img loading=\"lazy\" decoding=\"async\" class=\"alignleft size-full wp-image-2086\" src=\"https:\/\/semmelweis.hu\/baratikor\/files\/2023\/01\/089_11.jpg\" alt=\"\" width=\"295\" height=\"370\" \/><\/a>M\u00e1th\u00e9 D\u00e9nes, bikafalvi ifj. (Kolozsv\u00e1r<\/strong><strong>, 1877. november 16.<\/strong><strong> \u2013 Budapest, 1943. november 14.)<\/strong><\/p>\n<p style=\"text-align: justify\"><strong>Tansz\u00e9k: <\/strong>Stomatol\u00f3giai Klinika 1937-1938 (mb.), 1938-1943.<\/p>\n<p style=\"text-align: justify\">R\u00e9gi erd\u00e9lyi orvoscsal\u00e1db\u00f3l sz\u00e1rmazik, felmen\u0151i k\u00f6z\u00f6tt t\u00f6bb orvost \u00e9s fogorvost is tal\u00e1lni. \u00c9desapja, id. bikafalvi M\u00e1th\u00e9 D\u00e9nes Budapesten szerzett orvosdoktori \u00e9s fog\u00e1szmesteri oklevelet. D\u00e9nes fia a kolozsv\u00e1ri Reform\u00e1tus F\u0151gimn\u00e1ziumban \u00e9retts\u00e9gizett 1896-ban, majd ugyanott, a Ferenc J\u00f3zsef Tudom\u00e1nyegyetem Orvostudom\u00e1nyi Kar\u00e1ra iratkozott, ahol 1903-ban szerzett orvosdoktori oklevelet. M\u00e1r medikusk\u00e9nt, 1901-t\u0151l r\u00e9szt vett a Gy\u00f3gyszertani Int\u00e9zet munk\u00e1j\u00e1ban, el\u0151bb gyakornoki, majd tan\u00e1rseg\u00e9di beoszt\u00e1sban 1904. szeptember 30-ig. Ekkor a f\u0151v\u00e1rosba j\u00f6tt, ahol 1904. okt\u00f3ber 1-t\u0151l a T\u00f6rv\u00e9nysz\u00e9ki Orvostani Int\u00e9zetben kapott gyakornoki \u00e1ll\u00e1st. 1908. \u00e1prilis 31-ig m\u0171k\u00f6d\u00f6tt az int\u00e9zetben, k\u00e9s\u0151bb m\u00e1r tan\u00e1rseg\u00e9dk\u00e9nt, mik\u00f6zben rend\u0151rs\u00e9gi boncol\u00f3 orvos helyettesi feladatokat is ell\u00e1tott. Int\u00e9zeti munk\u00e1ja mellett 1906-1907 k\u00f6z\u00f6tt az Apponyi-poliklinika fog\u00e1szati oszt\u00e1ly\u00e1n gyakornokoskodott Rothman \u00c1rmin keze alatt. 1908. m\u00e1jus 1-j\u00e9n igazolt \u00e1t az \u00c1rk\u00f6vy J\u00f3zsef vezette Stomatol\u00f3giai Klinik\u00e1ra gyakornoki beoszt\u00e1sban.<\/p>\n<p style=\"text-align: justify\">A h\u00e1bor\u00fa alatt 1915. m\u00e1jus 1-t\u0151l, mint n\u00e9pfelkel\u0151 polg\u00e1ri orvos a M\u00e1ria Val\u00e9ria barakk k\u00f3rh\u00e1z seb\u00e9szeti oszt\u00e1ly\u00e1n teljes\u00edtett szolg\u00e1latot. 1915. okt\u00f3ber 1-t\u0151l 1916. febru\u00e1r v\u00e9g\u00e9ig a kassai 20. sz. hely\u0151rs\u00e9gi k\u00f3rh\u00e1z fog\u00e1szati \u00e9s \u00e1llcsonts\u00e9r\u00fcl\u00e9seket ell\u00e1t\u00f3 oszt\u00e1ly\u00e1n szolg\u00e1lt tartal\u00e9kos honv\u00e9d f\u0151orvosk\u00e9nt. 1916. m\u00e1rcius 1-t\u0151l a Csob\u00e1nc utcai honv\u00e9d hadik\u00f3rh\u00e1z fog\u00e1szati \u00e1llcsonts\u00e9r\u00fcltek oszt\u00e1ly\u00e1n szolg\u00e1lt 1918. december 7-i leszerel\u00e9s\u00e9ig. Utols\u00f3 rendfokozata honv\u00e9d orvos f\u0151hadnagy volt. R\u00e9szt vett a budapesti hadeg\u00e9szs\u00e9g\u00fcgyi ki\u00e1ll\u00edt\u00e1son, amikor a V\u00f6r\u00f6skereszt hadi\u00e9k\u00edtm\u00e9nyes II. oszt\u00e1ly\u00fa kit\u00fcntet\u00e9s\u00e9t nyerte el.<\/p>\n<p style=\"text-align: justify\">A klinik\u00e1ra visszat\u00e9rve tan\u00e1rseg\u00e9dk\u00e9nt szolg\u00e1lt 1922. okt\u00f3ber 20-ig. 1922. okt\u00f3ber 10-\u00e9n mag\u00e1ntan\u00e1ri k\u00e9pes\u00edt\u00e9st szerzett az \u201eOdontotechnika\u201d t\u00e1rgyk\u00f6r\u00e9ben. Az 1933\/34. tan\u00e9vben mag\u00e1ntan\u00e1ri k\u00e9pvisel\u0151 is volt a tan\u00e1rtest\u00fcletben. 1922. okt\u00f3ber 21-\u00e9n vette \u00e1t a technikai oszt\u00e1ly vezet\u00e9s\u00e9t a klinik\u00e1n, illetve a n\u00e9pj\u00f3l\u00e9ti miniszter megb\u00edz\u00e1sa alapj\u00e1n hadirokkantak protetikai ell\u00e1t\u00e1s\u00e1t v\u00e9gezte. 1934 okt\u00f3ber\u00e9ben elnyerte a kart\u00f3l a c\u00edmzetes nyilv\u00e1nos rendk\u00edv\u00fcli tan\u00e1r c\u00edmet. Szab\u00f3 J\u00f3zsef 1937. m\u00e1jus 17-i hal\u00e1la ut\u00e1n m\u00e1jus 31-\u00e9n helyettesk\u00e9nt \u0151 vette \u00e1t a Stomatol\u00f3giai Klinika vezet\u00e9s\u00e9t. Korm\u00e1nyz\u00f3i kinevez\u00e9se 1938. j\u00falius 28-\u00e1n t\u00f6rt\u00e9nt. Szakm\u00e1j\u00e1n bel\u00fcl els\u0151sorban fogp\u00f3tl\u00e1stannal foglalkozott. Klinik\u00e1j\u00e1n modern gy\u00f6k\u00e9rkezel\u00e9si elj\u00e1r\u00e1sokat vezetett be, ekkor kezdtek foglalkozni a fogeredet\u0171 g\u00f3cfert\u0151z\u00e9ses esetek kivizsg\u00e1l\u00e1s\u00e1val \u00e9s kezel\u00e9s\u00e9vel. Dolgozatai jelentek meg a magyar mellett n\u00e9met, olasz, angol, cseh \u00e9s holland nyelven az odontotechnika, a hadi \u00e1llcsontseb\u00e9szet, a protetika \u00e9s az orthodontia k\u00f6r\u00e9b\u0151l. T\u00f6bb, \u00e1ltal\u00e1nosan elismert fog\u00e1szati eszk\u00f6zt szerkesztett. A sv\u00e9d Billing-p\u00e1lyad\u00edj els\u0151 magyarorsz\u00e1gi nyertese volt \u201eAz artikul\u00e1ci\u00f3s probl\u00e9ma \u00e9s a Gysi-f\u00e9le artikul\u00e1torok\u201d c\u00edm\u0171 munk\u00e1j\u00e1val. Hasonl\u00f3an sikeresnek bizonyult \u201eA teljes prothezis k\u00e9sz\u00edt\u00e9se\u201d c. tank\u00f6nyv, amit olaszul is kiadtak.<\/p>\n<p style=\"text-align: justify\">A Magyar Fogorvosok Orsz\u00e1gos Egyes\u00fclet\u00e9nek tagja, illetve az egyes\u00fclet szaktudom\u00e1nyi bizotts\u00e1g\u00e1nak eln\u00f6ke volt. A Magyar Orvosok Nemzeti Egyes\u00fclet\u00e9nek, a Kir\u00e1lyi Orvosegyes\u00fcletnek tagja, a bolognai Federazione Stomatologica Italiana \u00e9s az International Association for Dental Research (Chicago) levelez\u0151 tagja volt. Klinikai tev\u00e9kenys\u00e9ge mellett r\u00e9szt vett az Orsz\u00e1gos Szakorvosk\u00e9pes\u00edt\u0151 Vizsgabizotts\u00e1g (1937-1939), valamint az Eg\u00e9szs\u00e9g\u00fcgyi \u00e9s Igazs\u00e1g\u00fcgyi Tan\u00e1cs munk\u00e1j\u00e1ban. A j\u00f3zsefv\u00e1rosi reform\u00e1tus gy\u00fclekezetben \u00e9veken \u00e1t presbiteri tiszts\u00e9get is bet\u00f6lt\u00f6tt.<\/p>\n<p style=\"text-align: justify\"><strong>F\u0151bb munk\u00e1i:<\/strong> A gy\u00f6kcs\u00facs-resecti\u00f3kr\u00f3l csapos fogak \u00e9s egy\u00e9b fogm\u0171vek alkalmaz\u00e1sa mellett. In: Stomatol\u00f3giai K\u00f6zl\u00f6ny. Bp., 1913.; Az artikul\u00e1ci\u00f3s probl\u00e9ma \u00e9s a Gysi-f\u00e9le artikul\u00e1torok (Winkler Gyul\u00e1val). In: Fogorvosi Szemle, 1922.; New Tube Soldering Pliers for Orthodontic Work. In: Dental Magazin. 1924.; A teljes prot\u00e9zis k\u00e9sz\u00edt\u00e9se (Bonyh\u00e1rd B\u00e9l\u00e1val). Bp., 1931., olaszul 1938-ban.<\/p>\n<p style=\"text-align: justify\"><strong>Nyughelye:<\/strong> Fiumei \u00fati temet\u0151 35\/0\/19\/15.<\/p>\n<p style=\"text-align: justify\">(Felhaszn\u00e1lt irodalom \u2013 P\u00e9ter Mih\u00e1ly: Neves sz\u00e9kelyf\u00f6ldi orvosok \u00e9lete \u00e9s tev\u00e9kenys\u00e9ge. In: Kaleidoscope elektronikus foly\u00f3irat. <a href=\"http:\/\/www.kaleidoscopehistory.hu\/index.php?subpage=cikk&amp;cikkid=151\">http:\/\/www.kaleidoscopehistory.hu\/index.php?subpage=cikk&amp;cikkid=151<\/a>. Utols\u00f3 l\u00e1togat\u00e1s: 2020. nov. 23.)<\/p>\n<p><strong><a href=\"https:\/\/semmelweis.hu\/baratikor\/galeria\/teljes-nevlista\/mathe-denes\/mathe-denes\/\" rel=\"attachment wp-att-2085\"><img loading=\"lazy\" decoding=\"async\" class=\"alignleft size-medium wp-image-2085\" src=\"https:\/\/semmelweis.hu\/baratikor\/files\/2023\/01\/Mathe-Denes-267x400.jpg\" alt=\"\" width=\"267\" height=\"400\" srcset=\"https:\/\/semmelweis.hu\/baratikor\/files\/2023\/01\/Mathe-Denes-267x400.jpg 267w, https:\/\/semmelweis.hu\/baratikor\/files\/2023\/01\/Mathe-Denes.jpg 667w\" sizes=\"auto, (max-width: 267px) 100vw, 267px\" \/><\/a><\/strong><\/p>\n","protected":false},"excerpt":{"rendered":"<p><a href=\"https:\/\/semmelweis.hu\/baratikor\/galeria\/teljes-nevlista\/mathe-denes\/089_11\/\" rel=\"attachment wp-att-2086\"><\/a> M\u00e1th\u00e9 D\u00e9nes, bikafalvi ifj. (Kolozsv\u00e1r, 1877. november 16. \u2013 Budapest, 1943. november 14.) Tansz\u00e9k: Stomatol\u00f3giai Klinika 1937-1938 (mb.), 1938-1943. R\u00e9gi erd\u00e9lyi orvoscsal\u00e1db\u00f3l sz\u00e1rmazik, felmen\u0151i k\u00f6z\u00f6tt t\u00f6bb orvost \u00e9s fogorvost is tal\u00e1lni. \u00c9desapja, id. bikafalvi M\u00e1th\u00e9 D\u00e9nes Budapesten szerzett orvosdoktori \u00e9s fog\u00e1szmesteri oklevelet. D\u00e9nes fia a kolozsv\u00e1ri Reform\u00e1tus F\u0151gimn\u00e1ziumban \u00e9retts\u00e9gizett 1896-ban, majd ugyanott, a Ferenc J\u00f3zsef &hellip;<\/p>\n","protected":false},"author":282,"featured_media":2086,"parent":347,"menu_order":0,"comment_status":"closed","ping_status":"closed","template":"template-fullwidth.php","meta":{"_acf_changed":false,"footnotes":""},"categories":[14],"tags":[],"class_list":["post-2084","page","type-page","status-publish","has-post-thumbnail","hentry","category-teljes-nevlista"],"acf":[],"_links":{"self":[{"href":"https:\/\/semmelweis.hu\/baratikor\/wp-json\/wp\/v2\/pages\/2084","targetHints":{"allow":["GET"]}}],"collection":[{"href":"https:\/\/semmelweis.hu\/baratikor\/wp-json\/wp\/v2\/pages"}],"about":[{"href":"https:\/\/semmelweis.hu\/baratikor\/wp-json\/wp\/v2\/types\/page"}],"author":[{"embeddable":true,"href":"https:\/\/semmelweis.hu\/baratikor\/wp-json\/wp\/v2\/users\/282"}],"replies":[{"embeddable":true,"href":"https:\/\/semmelweis.hu\/baratikor\/wp-json\/wp\/v2\/comments?post=2084"}],"version-history":[{"count":2,"href":"https:\/\/semmelweis.hu\/baratikor\/wp-json\/wp\/v2\/pages\/2084\/revisions"}],"predecessor-version":[{"id":2088,"href":"https:\/\/semmelweis.hu\/baratikor\/wp-json\/wp\/v2\/pages\/2084\/revisions\/2088"}],"up":[{"embeddable":true,"href":"https:\/\/semmelweis.hu\/baratikor\/wp-json\/wp\/v2\/pages\/347"}],"wp:featuredmedia":[{"embeddable":true,"href":"https:\/\/semmelweis.hu\/baratikor\/wp-json\/wp\/v2\/media\/2086"}],"wp:attachment":[{"href":"https:\/\/semmelweis.hu\/baratikor\/wp-json\/wp\/v2\/media?parent=2084"}],"wp:term":[{"taxonomy":"category","embeddable":true,"href":"https:\/\/semmelweis.hu\/baratikor\/wp-json\/wp\/v2\/categories?post=2084"},{"taxonomy":"post_tag","embeddable":true,"href":"https:\/\/semmelweis.hu\/baratikor\/wp-json\/wp\/v2\/tags?post=2084"}],"curies":[{"name":"wp","href":"https:\/\/api.w.org\/{rel}","templated":true}]}}