{"id":2078,"date":"2023-01-04T11:20:14","date_gmt":"2023-01-04T10:20:14","guid":{"rendered":"https:\/\/semmelweis.hu\/baratikor\/?page_id=2078"},"modified":"2023-10-12T10:17:48","modified_gmt":"2023-10-12T08:17:48","slug":"miltenyi-miklos","status":"publish","type":"page","link":"https:\/\/semmelweis.hu\/baratikor\/galeria\/teljes-nevlista\/miltenyi-miklos\/","title":{"rendered":"Milt\u00e9nyi Mikl\u00f3s"},"content":{"rendered":"<p style=\"text-align: justify\"><strong>Milt\u00e9nyi Mikl\u00f3s K\u00e1roly J\u00f3zsef <a href=\"https:\/\/semmelweis.hu\/baratikor\/galeria\/teljes-nevlista\/miltenyi-miklos\/miltenyi-miklos\/\" rel=\"attachment wp-att-2081\"><img loading=\"lazy\" decoding=\"async\" class=\"alignleft size-medium wp-image-2081\" src=\"https:\/\/semmelweis.hu\/baratikor\/files\/2023\/01\/Miltenyi-Miklos-319x400.jpg\" alt=\"\" width=\"319\" height=\"400\" srcset=\"https:\/\/semmelweis.hu\/baratikor\/files\/2023\/01\/Miltenyi-Miklos-319x400.jpg 319w, https:\/\/semmelweis.hu\/baratikor\/files\/2023\/01\/Miltenyi-Miklos-768x962.jpg 768w, https:\/\/semmelweis.hu\/baratikor\/files\/2023\/01\/Miltenyi-Miklos-753x944.jpg 753w, https:\/\/semmelweis.hu\/baratikor\/files\/2023\/01\/Miltenyi-Miklos.jpg 798w\" sizes=\"auto, (max-width: 319px) 100vw, 319px\" \/><\/a> (<\/strong><strong>Budapest, 1927. j\u00falius 24.<\/strong><strong> \u2013 Budapest, 2014. j\u00falius 21.)<\/strong><\/p>\n<p style=\"text-align: justify\"><strong>Tansz\u00e9k: <\/strong>I. sz. Gyermekgy\u00f3gy\u00e1szati Klinika 1981-1993.<\/p>\n<p style=\"text-align: justify\">\u00c9desapja banktisztvisel\u0151, majd c\u00e9gvezet\u0151 volt a Pesti Hazai Els\u0151 Takar\u00e9kp\u00e9nzt\u00e1rn\u00e1l, Budapest ostroma idej\u00e9n \u00e9let\u00e9t vesztette. K\u00f6z\u00e9pfok\u00fa tanulm\u00e1nyait a Ciszterci Rend budapesti Szent Imre Gimn\u00e1zium\u00e1ban v\u00e9gezte. \u00c9retts\u00e9git 1942. j\u00fanius 13-\u00e1n tett, majd beiratkozott az itteni Orvostudom\u00e1nyi Karra. Tagja volt annak a t\u00f6bb \u00e9vfolyamos di\u00e1kcsoportnak, melyet 1944-ben, katonai beh\u00edv\u00f3val Halleba telep\u00edtett\u00e9k ki. Csak 1945. szeptemberben tudott hazajutni. 1946. m\u00e1rcius 1-t\u0151l az \u00c9lettani Int\u00e9zetben d\u00edjas demonstr\u00e1tor lett. 1948. december 18-\u00e1n vette \u00e1t orvosi oklevel\u00e9t summa cum laude min\u0151s\u00edt\u00e9ssel. V\u00e9gz\u00e9se ut\u00e1n is az \u00c9lettani Int\u00e9zetben dolgozott tov\u00e1bb gyakornoki beoszt\u00e1sban. 1951. szeptember 1-t\u0151l tan\u00e1rseg\u00e9dk\u00e9nt ker\u00fclt \u00e1t a II. sz. Gyermekgy\u00f3gy\u00e1szati Klinik\u00e1ra, laborat\u00f3riumvezet\u0151 beoszt\u00e1sba. 1952 december\u00e9ben laborat\u00f3riumi, 1960-ban gyermekgy\u00f3gy\u00e1szati szakvizsg\u00e1t tett. 1951-ben \u00e9s 1954-ben katonai szolg\u00e1latot teljes\u00edtett, orvoshadnagyi rendfokozattal szerelt le. A kandid\u00e1tusi fokozathoz sz\u00fcks\u00e9ges vizsg\u00e1kat 1959-ben letette, de \u00e9rtekez\u00e9s\u00e9t az MTA h\u00e1rom alkalommal is (1960, 1961, 1963) visszautas\u00edtotta. 1963-ban Humboldt-\u00f6szt\u00f6nd\u00edjjal 8 h\u00f3napot t\u00f6lthetett a T\u00fcbingeni Egyetem Gyermekklinik\u00e1j\u00e1n. 1965-ben 3 h\u00f3napon \u00e1t v\u00e9gigl\u00e1togatta Z\u00fcrich, Bonn \u00e9s Hamburg gyermekklinik\u00e1inak laborat\u00f3riumait is. 1966-t\u00f3l a klinika laborat\u00f3riuma mellett gyermekoszt\u00e1lyt is vezetett. 1967. augusztus 1-j\u00e9n adjunktusi kinevez\u00e9st kapott. 1971-ben nyerte el a kandid\u00e1tusi fokozatot. 1975-ben nevezt\u00e9k ki egyetemi docensnek. 1981. j\u00falius 1-j\u00e9n lett tansz\u00e9kvezet\u0151 egyetemi tan\u00e1r az I. sz. Gyermekgy\u00f3gy\u00e1szati Klinik\u00e1n. 1993-ban vonult nyug\u00e1llom\u00e1nyba.<\/p>\n<p style=\"text-align: justify\">Tudom\u00e1nyos \u00e9rdekl\u0151d\u00e9si ter\u00fclete els\u0151sorban a gyermekgy\u00f3gy\u00e1szat klinikai-k\u00e9miai vonatkoz\u00e1sai voltak, ezen bel\u00fcl is a v\u00edzh\u00e1ztart\u00e1s \u00e9s a vesem\u0171k\u00f6d\u00e9s, a gyermeknephrol\u00f3gia k\u00e9rd\u00e9sei. M\u00e1r a Mansfeld G\u00e9za vezette \u00c9lettani Int\u00e9zetben is els\u0151sorban a vesem\u0171k\u00f6d\u00e9ssel foglalkozott. 1968-ban a klinik\u00e1n nephrol\u00f3giai munkacsoportot alak\u00edtott. Munk\u00e1juk siker\u00e9t jelzi, hogy 1976-ban az Eg\u00e9szs\u00e9g\u00fcgyi Miniszt\u00e9rium a klinika h\u00e1rom profilja k\u00f6z\u00fcl egyikk\u00e9nt a gyermeknephrol\u00f3gi\u00e1t jel\u00f6lte meg. Miniszt\u00e9riumi enged\u00e9llyel 1970 \u00f3ta v\u00e9gezte t\u00f6bb budapesti nyugati k\u00f6vets\u00e9g (angol, nyugat-n\u00e9met, osztr\u00e1k, kanadai, amerikai) gyermek-beteg ell\u00e1t\u00e1s\u00e1t. Igazgat\u00e1sa idej\u00e9n val\u00f3sult meg a klinik\u00e1n a gyermekm\u0171vese \u00e1llom\u00e1s, az \u00e1ltal\u00e1nos seb\u00e9szet pedig urol\u00f3giai profillal b\u0151v\u00fclt. A diabetes \u00e9s allergol\u00f3giai profil mellett nephrol\u00f3giai \u00e9s neurol\u00f3giai oszt\u00e1ly l\u00e9tes\u00fclt. Kapcsolatot \u00e9p\u00edtett ki a Moszkvai Gyermeknephrol\u00f3giai Int\u00e9zettel, a Grazi Egyetem Gyermekklinik\u00e1j\u00e1val \u00e9s nyugat-n\u00e9met klinik\u00e1kkal.<\/p>\n<p style=\"text-align: justify\">Az Orvos-Eg\u00e9szs\u00e9g\u00fcgyi Dolgoz\u00f3k Szakszervezet\u00e9nek megalakul\u00e1sa \u00f3ta tagja volt, de politikai p\u00e1rthoz soha nem csatlakozott. 1966 \u00f3ta volt tagja a szakszervezet Laborat\u00f3riumi Szakcsoportj\u00e1nak, illetve a jogut\u00f3dk\u00e9nt m\u0171k\u00f6d\u0151 Magyar Klinikai Laborat\u00f3riumi Diagnosztikai T\u00e1rsas\u00e1gnak, melyben 1965-ben f\u0151titk\u00e1rr\u00e1, 1979-ben 4 \u00e9vre eln\u00f6kk\u00e9 v\u00e1lasztott\u00e1k. 1972-ben a Sv\u00e1jci, 1974-ben a Csehszlov\u00e1k, 1979-ben a Szovjetuni\u00f3 Laborat\u00f3riumi T\u00e1rsas\u00e1g\u00e1nak tiszteletbeli tagj\u00e1v\u00e1 v\u00e1lasztott\u00e1k. A Gyermekgy\u00f3gy\u00e1szati T\u00e1rsas\u00e1gnak eln\u00f6ks\u00e9gi, a Nephrol\u00f3giai T\u00e1rsas\u00e1gnak vezet\u0151s\u00e9gi tagja volt. A Deutsche Gesellschaft f\u00fcr Laboratoriums\u00e4rzte is tagjai k\u00f6z\u00f6tt tudhatta.<\/p>\n<p style=\"text-align: justify\"><strong>F\u0151bb munk\u00e1i:<\/strong> Pathol\u00f3giailag jelent\u0151s v\u00e9r\u00e1lland\u00f3k vizsg\u00e1lata rheum\u00e1s l\u00e1z akut szakasz\u00e1ban \u00e9s a folyamat lezajl\u00e1sa ut\u00e1n. Kandid\u00e1tusi \u00e9rtekez\u00e9s. MTA TMB. Bp., 1971.; Gyermekkori proteinuri\u00e1k. Doktori \u00e9rtekez\u00e9s. MTA TMB. Bp., 1987.; Gyermeknefrol\u00f3gia (Beregi Edittel \u00e9s G\u00f6rg\u00e9nyi \u00c1kossal).; Gyermekgy\u00f3gy\u00e1szati el\u0151ad\u00e1sok (t\u00f6bbekkel). Bp., 1991.<\/p>\n<p style=\"text-align: justify\"><strong>Nyughelye:<\/strong> Budapest, Farkasr\u00e9ti temet\u0151 26-1\/XI\/1\/25-26.<\/p>\n<p><strong><a href=\"https:\/\/semmelweis.hu\/baratikor\/galeria\/teljes-nevlista\/miltenyi-miklos\/img_20200418_135723\/\" rel=\"attachment wp-att-2080\"><img loading=\"lazy\" decoding=\"async\" class=\"alignleft size-medium wp-image-2080\" src=\"https:\/\/semmelweis.hu\/baratikor\/files\/2023\/01\/IMG_20200418_135723-300x400.jpg\" alt=\"\" width=\"300\" height=\"400\" srcset=\"https:\/\/semmelweis.hu\/baratikor\/files\/2023\/01\/IMG_20200418_135723-300x400.jpg 300w, https:\/\/semmelweis.hu\/baratikor\/files\/2023\/01\/IMG_20200418_135723.jpg 750w\" sizes=\"auto, (max-width: 300px) 100vw, 300px\" \/><\/a><\/strong><strong><a href=\"https:\/\/semmelweis.hu\/baratikor\/galeria\/teljes-nevlista\/miltenyi-miklos\/img_20200418_135715\/\" rel=\"attachment wp-att-2079\"><img loading=\"lazy\" decoding=\"async\" class=\"alignleft size-medium wp-image-2079\" src=\"https:\/\/semmelweis.hu\/baratikor\/files\/2023\/01\/IMG_20200418_135715-400x300.jpg\" alt=\"\" width=\"400\" height=\"300\" srcset=\"https:\/\/semmelweis.hu\/baratikor\/files\/2023\/01\/IMG_20200418_135715-400x300.jpg 400w, https:\/\/semmelweis.hu\/baratikor\/files\/2023\/01\/IMG_20200418_135715-768x576.jpg 768w, https:\/\/semmelweis.hu\/baratikor\/files\/2023\/01\/IMG_20200418_135715-753x565.jpg 753w, https:\/\/semmelweis.hu\/baratikor\/files\/2023\/01\/IMG_20200418_135715.jpg 1000w\" sizes=\"auto, (max-width: 400px) 100vw, 400px\" \/><\/a><\/strong><\/p>\n","protected":false},"excerpt":{"rendered":"<p>Milt\u00e9nyi Mikl\u00f3s K\u00e1roly J\u00f3zsef <a href=\"https:\/\/semmelweis.hu\/baratikor\/galeria\/teljes-nevlista\/miltenyi-miklos\/miltenyi-miklos\/\" rel=\"attachment wp-att-2081\"><\/a> (Budapest, 1927. j\u00falius 24. \u2013 Budapest, 2014. j\u00falius 21.) Tansz\u00e9k: I. sz. Gyermekgy\u00f3gy\u00e1szati Klinika 1981-1993. \u00c9desapja banktisztvisel\u0151, majd c\u00e9gvezet\u0151 volt a Pesti Hazai Els\u0151 Takar\u00e9kp\u00e9nzt\u00e1rn\u00e1l, Budapest ostroma idej\u00e9n \u00e9let\u00e9t vesztette. K\u00f6z\u00e9pfok\u00fa tanulm\u00e1nyait a Ciszterci Rend budapesti Szent Imre Gimn\u00e1zium\u00e1ban v\u00e9gezte. \u00c9retts\u00e9git 1942. j\u00fanius 13-\u00e1n tett, majd beiratkozott az itteni Orvostudom\u00e1nyi Karra. &hellip;<\/p>\n","protected":false},"author":282,"featured_media":5413,"parent":347,"menu_order":0,"comment_status":"closed","ping_status":"closed","template":"template-fullwidth.php","meta":{"_acf_changed":false,"footnotes":""},"categories":[77,14],"tags":[],"class_list":["post-2078","page","type-page","status-publish","has-post-thumbnail","hentry","category-kegyeleti-adattar","category-teljes-nevlista"],"acf":[],"_links":{"self":[{"href":"https:\/\/semmelweis.hu\/baratikor\/wp-json\/wp\/v2\/pages\/2078","targetHints":{"allow":["GET"]}}],"collection":[{"href":"https:\/\/semmelweis.hu\/baratikor\/wp-json\/wp\/v2\/pages"}],"about":[{"href":"https:\/\/semmelweis.hu\/baratikor\/wp-json\/wp\/v2\/types\/page"}],"author":[{"embeddable":true,"href":"https:\/\/semmelweis.hu\/baratikor\/wp-json\/wp\/v2\/users\/282"}],"replies":[{"embeddable":true,"href":"https:\/\/semmelweis.hu\/baratikor\/wp-json\/wp\/v2\/comments?post=2078"}],"version-history":[{"count":2,"href":"https:\/\/semmelweis.hu\/baratikor\/wp-json\/wp\/v2\/pages\/2078\/revisions"}],"predecessor-version":[{"id":2083,"href":"https:\/\/semmelweis.hu\/baratikor\/wp-json\/wp\/v2\/pages\/2078\/revisions\/2083"}],"up":[{"embeddable":true,"href":"https:\/\/semmelweis.hu\/baratikor\/wp-json\/wp\/v2\/pages\/347"}],"wp:featuredmedia":[{"embeddable":true,"href":"https:\/\/semmelweis.hu\/baratikor\/wp-json\/wp\/v2\/media\/5413"}],"wp:attachment":[{"href":"https:\/\/semmelweis.hu\/baratikor\/wp-json\/wp\/v2\/media?parent=2078"}],"wp:term":[{"taxonomy":"category","embeddable":true,"href":"https:\/\/semmelweis.hu\/baratikor\/wp-json\/wp\/v2\/categories?post=2078"},{"taxonomy":"post_tag","embeddable":true,"href":"https:\/\/semmelweis.hu\/baratikor\/wp-json\/wp\/v2\/tags?post=2078"}],"curies":[{"name":"wp","href":"https:\/\/api.w.org\/{rel}","templated":true}]}}