{"id":2076,"date":"2023-01-04T11:18:12","date_gmt":"2023-01-04T10:18:12","guid":{"rendered":"https:\/\/semmelweis.hu\/baratikor\/?page_id=2076"},"modified":"2023-01-09T11:29:43","modified_gmt":"2023-01-09T10:29:43","slug":"matolay-gyorgy","status":"publish","type":"page","link":"https:\/\/semmelweis.hu\/baratikor\/galeria\/teljes-nevlista\/matolay-gyorgy\/","title":{"rendered":"Matolay Gy\u00f6rgy"},"content":{"rendered":"<p style=\"text-align: justify\"><strong>(<\/strong><strong>Sikl\u00f3s, 1891. janu\u00e1r 30.<\/strong><strong> \u2013 Budapest, 1952. december 6.)<\/strong><\/p>\n<p style=\"text-align: justify\"><strong>Tansz\u00e9k:<\/strong> I. sz. Seb\u00e9szeti Klinika 1941-1945.<\/p>\n<p style=\"text-align: justify\">Teljes nev\u00e9n Matolay Gy\u00f6rgy Gy\u0151z\u0151 J\u00e1nos K\u00e1roly, 1914. okt\u00f3ber 24-\u00e9n kapott orvosdoktori oklevelet Budapesten. V\u00e9gz\u00e9se ut\u00e1n az I. sz. Seb\u00e9szeti Klinik\u00e1n lett m\u0171t\u0151n\u00f6vend\u00e9k. 1926-ban mag\u00e1ntan\u00e1ri k\u00e9pes\u00edt\u00e9st szerzett a t\u00f6rzs seb\u00e9szete t\u00e1rgyk\u00f6rben, majd a klinika adjunktusa lett. 1932-ben c\u00edmzetes rendk\u00edv\u00fcli tan\u00e1ri c\u00edmet kapott. 1936-ban klinikai f\u0151orvoss\u00e1 nevezt\u00e9k ki. Vereb\u00e9l\u00ff Tibor professzor hal\u00e1la ut\u00e1n \u0151 is p\u00e1ly\u00e1zott a klinika vezet\u00e9s\u00e9re, amit a kar egy\u00e9rtelm\u0171en t\u00e1mogatott, \u00edgy a VKM \u0151t nevezte ki. Egyik alap\u00edt\u00f3 tagja volt a jobboldali be\u00e1ll\u00edtotts\u00e1g\u00fa Magyar Orvosok Nemzeti Egyes\u00fclet\u00e9nek, amit azt\u00e1n hivatkoz\u00e1sk\u00e9nt haszn\u00e1ltak fel ellene az 1945-\u00f6s igazol\u00e1si elj\u00e1r\u00e1sn\u00e1l, amikor sz\u00e1mos tan\u00e1rt\u00e1rs\u00e1val egy\u00fctt elt\u00e1vol\u00edtott\u00e1k \u00e1ll\u00e1s\u00e1b\u00f3l. K\u00f6zlem\u00e9nyeiben f\u0151k\u00e9nt a gyomor \u00e9s a b\u00e9ltraktus seb\u00e9szet\u00e9vel foglalkozott, de cikkei \u00e9rintett\u00e9k a seb\u00e9szet t\u00f6bbi ter\u00fcleteit is.<\/p>\n<p style=\"text-align: justify\"><strong>F\u0151bb munk\u00e1i:<\/strong> Eml\u00e9kk\u00f6nyv vereb\u00e9lyi Vereb\u00e9ly Tibor tan\u00e1ri m\u0171k\u00f6d\u00e9s\u00e9nek 25. \u00e9vfordul\u00f3j\u00e1ra 1914-1939 (kiad\u00e1s\u00e9rt felel\u0151s). Bp., 1939.<\/p>\n<p style=\"text-align: justify\"><strong>Nyughelye:<\/strong> Budapest, Farkasr\u00e9ti temet\u0151 21-1\/0\/1\/83.<\/p>\n<p style=\"text-align: justify\">(K\u00f6vesh\u00e1zin\u00e9 Munty\u00e1n Alexandra, az I. sz. Seb\u00e9szeti Klinika k\u00f6nyvt\u00e1ros\u00e1nak \u00edr\u00e1sa nyom\u00e1n: <a href=\"https:\/\/semmelweis.hu\/sebeszet1\/klinikarol\/a-klinika-tortenete\/tanszekvezetok\/matolay-gyorgy\/\">https:\/\/semmelweis.hu\/sebeszet1\/klinikarol\/a-klinika-tortenete\/tanszekvezetok\/matolay-gyorgy\/<\/a>)<\/p>\n","protected":false},"excerpt":{"rendered":"<p>(Sikl\u00f3s, 1891. janu\u00e1r 30. \u2013 Budapest, 1952. december 6.) Tansz\u00e9k: I. sz. Seb\u00e9szeti Klinika 1941-1945. Teljes nev\u00e9n Matolay Gy\u00f6rgy Gy\u0151z\u0151 J\u00e1nos K\u00e1roly, 1914. okt\u00f3ber 24-\u00e9n kapott orvosdoktori oklevelet Budapesten. V\u00e9gz\u00e9se ut\u00e1n az I. sz. Seb\u00e9szeti Klinik\u00e1n lett m\u0171t\u0151n\u00f6vend\u00e9k. 1926-ban mag\u00e1ntan\u00e1ri k\u00e9pes\u00edt\u00e9st szerzett a t\u00f6rzs seb\u00e9szete t\u00e1rgyk\u00f6rben, majd a klinika adjunktusa lett. 1932-ben c\u00edmzetes rendk\u00edv\u00fcli tan\u00e1ri &hellip;<\/p>\n","protected":false},"author":282,"featured_media":0,"parent":347,"menu_order":0,"comment_status":"closed","ping_status":"closed","template":"template-fullwidth.php","meta":{"_acf_changed":false,"footnotes":""},"categories":[77,14],"tags":[],"class_list":["post-2076","page","type-page","status-publish","hentry","category-kegyeleti-adattar","category-teljes-nevlista"],"acf":[],"_links":{"self":[{"href":"https:\/\/semmelweis.hu\/baratikor\/wp-json\/wp\/v2\/pages\/2076","targetHints":{"allow":["GET"]}}],"collection":[{"href":"https:\/\/semmelweis.hu\/baratikor\/wp-json\/wp\/v2\/pages"}],"about":[{"href":"https:\/\/semmelweis.hu\/baratikor\/wp-json\/wp\/v2\/types\/page"}],"author":[{"embeddable":true,"href":"https:\/\/semmelweis.hu\/baratikor\/wp-json\/wp\/v2\/users\/282"}],"replies":[{"embeddable":true,"href":"https:\/\/semmelweis.hu\/baratikor\/wp-json\/wp\/v2\/comments?post=2076"}],"version-history":[{"count":1,"href":"https:\/\/semmelweis.hu\/baratikor\/wp-json\/wp\/v2\/pages\/2076\/revisions"}],"predecessor-version":[{"id":2077,"href":"https:\/\/semmelweis.hu\/baratikor\/wp-json\/wp\/v2\/pages\/2076\/revisions\/2077"}],"up":[{"embeddable":true,"href":"https:\/\/semmelweis.hu\/baratikor\/wp-json\/wp\/v2\/pages\/347"}],"wp:attachment":[{"href":"https:\/\/semmelweis.hu\/baratikor\/wp-json\/wp\/v2\/media?parent=2076"}],"wp:term":[{"taxonomy":"category","embeddable":true,"href":"https:\/\/semmelweis.hu\/baratikor\/wp-json\/wp\/v2\/categories?post=2076"},{"taxonomy":"post_tag","embeddable":true,"href":"https:\/\/semmelweis.hu\/baratikor\/wp-json\/wp\/v2\/tags?post=2076"}],"curies":[{"name":"wp","href":"https:\/\/api.w.org\/{rel}","templated":true}]}}