{"id":2060,"date":"2023-01-04T11:13:37","date_gmt":"2023-01-04T10:13:37","guid":{"rendered":"https:\/\/semmelweis.hu\/baratikor\/?page_id=2060"},"modified":"2023-10-12T09:08:27","modified_gmt":"2023-10-12T07:08:27","slug":"magyar-istvan-diodor","status":"publish","type":"page","link":"https:\/\/semmelweis.hu\/baratikor\/galeria\/teljes-nevlista\/magyar-istvan-diodor\/","title":{"rendered":"Magyar Istv\u00e1n Diodor"},"content":{"rendered":"<p style=\"text-align: justify\"><strong> <a href=\"https:\/\/semmelweis.hu\/baratikor\/galeria\/teljes-nevlista\/magyar-istvan-diodor\/magyar-istvan\/\" rel=\"attachment wp-att-2062\"><img loading=\"lazy\" decoding=\"async\" class=\"alignleft size-medium wp-image-2062\" src=\"https:\/\/semmelweis.hu\/baratikor\/files\/2023\/01\/Magyar-Istvan-319x400.jpg\" alt=\"\" width=\"319\" height=\"400\" srcset=\"https:\/\/semmelweis.hu\/baratikor\/files\/2023\/01\/Magyar-Istvan-319x400.jpg 319w, https:\/\/semmelweis.hu\/baratikor\/files\/2023\/01\/Magyar-Istvan-768x962.jpg 768w, https:\/\/semmelweis.hu\/baratikor\/files\/2023\/01\/Magyar-Istvan-753x944.jpg 753w, https:\/\/semmelweis.hu\/baratikor\/files\/2023\/01\/Magyar-Istvan.jpg 798w\" sizes=\"auto, (max-width: 319px) 100vw, 319px\" \/><\/a>(Gy\u0151r<\/strong><strong>, 1924. december 21.<\/strong><strong> \u2013 Budapest, 2000. m\u00e1rcius 8.)<\/strong><\/p>\n<p style=\"text-align: justify\"><strong>Tansz\u00e9k:<\/strong> Pszichi\u00e1triai \u00e9s Pszichoter\u00e1pi\u00e1s Klinika 1985-1994.<\/p>\n<p style=\"text-align: justify\">\u00d6tgyermekes csal\u00e1dban sz\u00fcletett, \u00e9desapja tisztvisel\u0151k\u00e9nt dolgozott. A gy\u0151ri benc\u00e9s gimn\u00e1ziumban \u00e9retts\u00e9gizett 1943-ban, jeles eredm\u00e9nnyel. Ezut\u00e1n a budapesti kir. m. P\u00e1zm\u00e1ny P\u00e9ter Tudom\u00e1nyegyetem Orvosi Kar\u00e1ra iratkozott be. 1950. janu\u00e1r 20-\u00e1n kapta meg orvosdoktori oklevel\u00e9t \u201esumma cum laude\u201d min\u0151s\u00edt\u00e9ssel. Szakmai munk\u00e1j\u00e1t externistak\u00e9nt kezdte az Ideg-Elmek\u00f3rtani Klinik\u00e1n 1950-ben. J\u00fanius 15-\u00e9n seg\u00e9dorvosk\u00e9nt alkalmazt\u00e1k a Budapest-Lip\u00f3tmezei \u00c1llami Elme- \u00e9s Ideggy\u00f3gyint\u00e9zetben. 1951. j\u00faliust\u00f3l decemberig tartal\u00e9kos katonai szolg\u00e1latot teljes\u00edtett, majd 1952. janu\u00e1r 26-t\u00f3l hivat\u00e1sos katonai szolg\u00e1latba l\u00e9pett a Magyar N\u00e9phadsereg K\u00f6zponti Katonai K\u00f3rh\u00e1z\u00e1ban, ahol a neurol\u00f3giai r\u00e9szlegen, az idegseb\u00e9szeten \u00e9s az elektrofiziol\u00f3giai laborat\u00f3riumban is dolgozott. 1952 augusztus\u00e1t\u00f3l vezette az akkor megnyitott pszichi\u00e1triai r\u00e9szleget. 1957-ben adjunktusi, egyben oszt\u00e1lyvezet\u0151-helyettesi kinevez\u00e9st kapott az ideg- elmeoszt\u00e1lyon. 1954. febru\u00e1r 26-\u00e1n elmeorvosi szakvizsg\u00e1t, 1958 december\u00e9ben ideggy\u00f3gy\u00e1szati szakvizsg\u00e1t tett. Igazs\u00e1g\u00fcgyi elmeszak\u00e9rt\u0151i feladatokat m\u00e1r 1952 \u00f3ta ell\u00e1tott katonai \u00e9s polg\u00e1ri ter\u00fcleten egyar\u00e1nt. Az \u0151 nev\u00e9hez f\u0171z\u0151dik a katonai igazs\u00e1g\u00fcgyi elmeszak\u00e9rt\u0151i szolg\u00e1lat megszervez\u00e9se. 1966 \u00e9s 1969 k\u00f6z\u00f6tt elv\u00e9gezte a Marxizmus-leninizmus esti egyetemet. 1969. okt\u00f3ber 29-\u00e9n el\u00e9rte a kandid\u00e1tusi fokozatot. 1969-t\u0151l f\u0151orvos, majd az oszt\u00e1ly 1973-ban t\u00f6rt\u00e9nt kett\u00e9v\u00e1laszt\u00e1sakor a Pszichi\u00e1triai Oszt\u00e1ly vezet\u0151 f\u0151orvosa lett. 1978-ban kinevezt\u00e9k a k\u00f3rh\u00e1z elme-ideggy\u00f3gy\u00e1szat f\u0151szakorvos\u00e1v\u00e1, egyben c\u00edmzetes egyetemi tan\u00e1ri c\u00edmet kapott. Ugyanekkor l\u00e9ptett\u00e9k el\u0151 ezredess\u00e9, \u00e9s megb\u00edzt\u00e1k az MN f\u0151szakorvosi teend\u0151ivel is. 1982. szeptember 15-\u00e9n kapott f\u00fcggetlen\u00edtett f\u0151szakorvosi beoszt\u00e1st, \u00e9s \u00e1tker\u00fclt a HM Szolg\u00e1lat F\u0151n\u00f6ks\u00e9g \u00e1llom\u00e1ny\u00e1ba, noha szolg\u00e1lati helye nem v\u00e1ltozott. 1981 m\u00e1jus 5-\u00e9n igazs\u00e1g\u00fcgyi elmeorvostani szakk\u00e9pes\u00edt\u00e9st nyert. 1985. j\u00falius 1-j\u00e9n kapott egyetemi tan\u00e1ri \u00e9s klinikaigazgat\u00f3i kinevez\u00e9st a SOTE Psychi\u00e1triai Klinika \u00e9l\u00e9re, ahol 1993. j\u00fanius 30-ig szolg\u00e1lt. 70 \u00e9ves kor\u00e1ban, 1994-ben vonult nyugd\u00edjba.<\/p>\n<p style=\"text-align: justify\">1954 \u00f3ta folytatott klinikofarmakol\u00f3giai vizsg\u00e1latokat, a forgalomban l\u00e9v\u0151 szerek szinte mindegyik\u00e9t (pszichofarmakonok, neurofarmakonok) vizsg\u00e1lta, de r\u00e9szt vett sz\u00e1mos, k\u00eds\u00e9rleti f\u00e1zisban elakadt szer vizsg\u00e1lat\u00e1ban is. 1970-1976 k\u00f6z\u00f6tt tagja volt az MTA Tudom\u00e1nyos Min\u0151s\u00edt\u0151 Bizotts\u00e1gnak, melyben jelent\u0151s tev\u00e9kenys\u00e9get fejtett ki. Az OTKI psychiatriai, neurol\u00f3giai \u00e9s katonai tansz\u00e9kein 1962 \u00f3ta tartott el\u0151ad\u00e1sokat, szervezett tanfolyamokat. A SOTE Pszichi\u00e1triai Klinik\u00e1n 1970 \u00f3ta m\u0171k\u00f6d\u00f6tt oktat\u00f3k\u00e9nt. 1975-ben felk\u00e9rt\u00e9k, hogy vegyen r\u00e9szt az \u00faj b\u0171ntet\u0151t\u00f6rv\u00e9nyk\u00f6nyv kidolgoz\u00e1s\u00e1ban. 1976 \u00f3ta adott el\u0151 pszichi\u00e1tri\u00e1t a Neurol\u00f3giai Klinik\u00e1n.<\/p>\n<p style=\"text-align: justify\">Az ETT Igazs\u00e1g\u00fcgyi Bizotts\u00e1gban 1972 \u00f3ta m\u0171k\u00f6d\u00f6tt. 1974-ben l\u00e9pett be az MSZMP-be. 1978-t\u00f3l vett r\u00e9szt az Orsz\u00e1gos Pszichi\u00e1triai Koll\u00e9gium munk\u00e1j\u00e1ban. Szint\u00e9n 1978-ban v\u00e1lasztott\u00e1k a Magyar Ideg- Elmeorvosok T\u00e1rsas\u00e1ga vezet\u0151s\u00e9gi tagj\u00e1v\u00e1, 1982-ben aleln\u00f6k\u00e9v\u00e9. A Magyar Igazs\u00e1g\u00fcgyi Elmeorvosok T\u00e1rsas\u00e1g\u00e1nak 1970-t\u0151l volt vezet\u0151s\u00e9gi tagja, 1980-t\u00f3l az Elmeszekci\u00f3 egyik vezet\u0151je. Egyik alap\u00edt\u00f3ja volt az EEG T\u00e1rsas\u00e1gnak, szint\u00e9n kezdett\u0151l volt tagja a Kor\u00e1nyi T\u00e1rsas\u00e1gnak, amely 1982-ben vezet\u0151s\u00e9g\u00e9be fogadta. A Magyar Pszichi\u00e1triai T\u00e1rsas\u00e1g munk\u00e1j\u00e1ban is annak alap\u00edt\u00e1sa \u00f3ta vett r\u00e9szt. Tagja volt tov\u00e1bb\u00e1 a Magyar Farmakol\u00f3gusok T\u00e1rsas\u00e1g\u00e1nak.<\/p>\n<p style=\"text-align: justify\">1978-ban az Ideggy\u00f3gy\u00e1szati Szemle, 1984-ben a Honv\u00e9dorvos szerkeszt\u0151bizotts\u00e1g\u00e1ba v\u00e1lasztott\u00e1k be.<\/p>\n<p style=\"text-align: justify\">P\u00e1lyafut\u00e1sa sor\u00e1n az al\u00e1bbi kit\u00fcntet\u00e9sekben, elismer\u00e9sekben r\u00e9szes\u00fclt: Haza Szolg\u00e1lat\u00e1\u00e9rt ez\u00fcst fokozat (1960), Szolg\u00e1lati \u00c9rdem\u00e9rem (1962, 1967, 1972, 1977, 1982), Haza Szolg\u00e1lat\u00e1\u00e9rt arany fokozat (1970, 1976), Igazs\u00e1g\u00fcgy Kiv\u00e1l\u00f3 Dolgoz\u00f3ja (1983), Kiv\u00e1l\u00f3 orvos (1984), Magyar K\u00f6zt\u00e1rsas\u00e1g Eln\u00f6ki Arany\u00e9rme.<\/p>\n<p style=\"text-align: justify\"><strong>F\u0151bb munk\u00e1i:<\/strong> Igazs\u00e1g\u00fcgyi elmek\u00f3rtan (Husz\u00e1r Ilon\u00e1val \u00e9s Kuncz Elem\u00e9rrel). Medicina, Bp., 1986.<\/p>\n<p style=\"text-align: justify\"><strong>Nyughelye:<\/strong> Farkasr\u00e9ti temet\u0151 35-1\/0\/0\/38.<\/p>\n<p><strong><a href=\"https:\/\/semmelweis.hu\/baratikor\/galeria\/teljes-nevlista\/magyar-istvan-diodor\/img_20200425_123915\/\" rel=\"attachment wp-att-2061\"><img loading=\"lazy\" decoding=\"async\" class=\"alignleft size-medium wp-image-2061\" src=\"https:\/\/semmelweis.hu\/baratikor\/files\/2023\/01\/IMG_20200425_123915-300x400.jpg\" alt=\"\" width=\"300\" height=\"400\" srcset=\"https:\/\/semmelweis.hu\/baratikor\/files\/2023\/01\/IMG_20200425_123915-300x400.jpg 300w, https:\/\/semmelweis.hu\/baratikor\/files\/2023\/01\/IMG_20200425_123915.jpg 750w\" sizes=\"auto, (max-width: 300px) 100vw, 300px\" \/><\/a><\/strong><\/p>\n","protected":false},"excerpt":{"rendered":"<p><a href=\"https:\/\/semmelweis.hu\/baratikor\/galeria\/teljes-nevlista\/magyar-istvan-diodor\/magyar-istvan\/\" rel=\"attachment wp-att-2062\"><\/a> (Gy\u0151r, 1924. december 21. \u2013 Budapest, 2000. m\u00e1rcius 8.) Tansz\u00e9k: Pszichi\u00e1triai \u00e9s Pszichoter\u00e1pi\u00e1s Klinika 1985-1994. \u00d6tgyermekes csal\u00e1dban sz\u00fcletett, \u00e9desapja tisztvisel\u0151k\u00e9nt dolgozott. A gy\u0151ri benc\u00e9s gimn\u00e1ziumban \u00e9retts\u00e9gizett 1943-ban, jeles eredm\u00e9nnyel. Ezut\u00e1n a budapesti kir. m. P\u00e1zm\u00e1ny P\u00e9ter Tudom\u00e1nyegyetem Orvosi Kar\u00e1ra iratkozott be. 1950. janu\u00e1r 20-\u00e1n kapta meg orvosdoktori oklevel\u00e9t \u201esumma cum laude\u201d min\u0151s\u00edt\u00e9ssel. Szakmai munk\u00e1j\u00e1t externistak\u00e9nt &hellip;<\/p>\n","protected":false},"author":282,"featured_media":5409,"parent":347,"menu_order":0,"comment_status":"closed","ping_status":"closed","template":"template-fullwidth.php","meta":{"_acf_changed":false,"footnotes":""},"categories":[77,14],"tags":[],"class_list":["post-2060","page","type-page","status-publish","has-post-thumbnail","hentry","category-kegyeleti-adattar","category-teljes-nevlista"],"acf":[],"_links":{"self":[{"href":"https:\/\/semmelweis.hu\/baratikor\/wp-json\/wp\/v2\/pages\/2060","targetHints":{"allow":["GET"]}}],"collection":[{"href":"https:\/\/semmelweis.hu\/baratikor\/wp-json\/wp\/v2\/pages"}],"about":[{"href":"https:\/\/semmelweis.hu\/baratikor\/wp-json\/wp\/v2\/types\/page"}],"author":[{"embeddable":true,"href":"https:\/\/semmelweis.hu\/baratikor\/wp-json\/wp\/v2\/users\/282"}],"replies":[{"embeddable":true,"href":"https:\/\/semmelweis.hu\/baratikor\/wp-json\/wp\/v2\/comments?post=2060"}],"version-history":[{"count":2,"href":"https:\/\/semmelweis.hu\/baratikor\/wp-json\/wp\/v2\/pages\/2060\/revisions"}],"predecessor-version":[{"id":2064,"href":"https:\/\/semmelweis.hu\/baratikor\/wp-json\/wp\/v2\/pages\/2060\/revisions\/2064"}],"up":[{"embeddable":true,"href":"https:\/\/semmelweis.hu\/baratikor\/wp-json\/wp\/v2\/pages\/347"}],"wp:featuredmedia":[{"embeddable":true,"href":"https:\/\/semmelweis.hu\/baratikor\/wp-json\/wp\/v2\/media\/5409"}],"wp:attachment":[{"href":"https:\/\/semmelweis.hu\/baratikor\/wp-json\/wp\/v2\/media?parent=2060"}],"wp:term":[{"taxonomy":"category","embeddable":true,"href":"https:\/\/semmelweis.hu\/baratikor\/wp-json\/wp\/v2\/categories?post=2060"},{"taxonomy":"post_tag","embeddable":true,"href":"https:\/\/semmelweis.hu\/baratikor\/wp-json\/wp\/v2\/tags?post=2060"}],"curies":[{"name":"wp","href":"https:\/\/api.w.org\/{rel}","templated":true}]}}