{"id":2054,"date":"2023-01-04T11:12:22","date_gmt":"2023-01-04T10:12:22","guid":{"rendered":"https:\/\/semmelweis.hu\/baratikor\/?page_id=2054"},"modified":"2023-10-12T09:00:35","modified_gmt":"2023-10-12T07:00:35","slug":"magyar-imre","status":"publish","type":"page","link":"https:\/\/semmelweis.hu\/baratikor\/galeria\/teljes-nevlista\/magyar-imre\/","title":{"rendered":"Magyar Imre"},"content":{"rendered":"<p style=\"text-align: justify\"><strong><a href=\"https:\/\/semmelweis.hu\/baratikor\/galeria\/teljes-nevlista\/magyar-imre\/magyar-imre\/\" rel=\"attachment wp-att-2056\"><img loading=\"lazy\" decoding=\"async\" class=\"alignleft size-medium wp-image-2056\" src=\"https:\/\/semmelweis.hu\/baratikor\/files\/2023\/01\/Magyar-Imre-275x400.jpg\" alt=\"\" width=\"275\" height=\"400\" srcset=\"https:\/\/semmelweis.hu\/baratikor\/files\/2023\/01\/Magyar-Imre-275x400.jpg 275w, https:\/\/semmelweis.hu\/baratikor\/files\/2023\/01\/Magyar-Imre.jpg 687w\" sizes=\"auto, (max-width: 275px) 100vw, 275px\" \/><\/a>(<\/strong><strong>Losonc, 1910. okt\u00f3ber 14.<\/strong><strong> \u2013 Budapest, 1984. m\u00e1jus 25.)<\/strong><\/p>\n<p style=\"text-align: justify\"><strong>Tansz\u00e9k: <\/strong>I. sz. Belgy\u00f3gy\u00e1szati Klinika 1965-1980.<\/p>\n<p style=\"text-align: justify\">\u00c9desapja budapesti M\u00c1V tisztvisel\u0151 volt, akit 1919 ut\u00e1n baloldali szerepv\u00e1llal\u00e1sa miatt elbocs\u00e1tottak, de k\u00e9s\u0151bb nyugd\u00edjban r\u00e9szes\u00fclt. 1944-ben elhurcolt\u00e1k, ahonnan nem t\u00e9rt vissza. Iskol\u00e1it Budapesten v\u00e9gezte, 1934. szeptember 22-\u00e9n avatt\u00e1k orvosdoktorr\u00e1. M\u00e1r negyed\u00e9ves kor\u00e1t\u00f3l bej\u00e1rt a Kor\u00e1nyi S\u00e1ndor vezette III. sz. Belgy\u00f3gy\u00e1szati Klinik\u00e1ra, ahol annak megsz\u0171n\u00e9s\u00e9ig, 1936-ig dolgozott. 1937. \u00e1prilis 13-\u00e1n szerzett belgy\u00f3gy\u00e1sz szakorvosi k\u00e9pes\u00edt\u00e9st. 1937-t\u0151l 1944-ig az egykori Kor\u00e1nyi-klinika tagjaib\u00f3l alakult, Het\u00e9nyi G\u00e9za vezette Stef\u00e1nia \u00fati Belgy\u00f3gy\u00e1szati Int\u00e9zetben kapott alorvosi alkalmaz\u00e1st. K\u00f6zben 1940-ben munkaszolg\u00e1latra h\u00edvt\u00e1k be, ami eg\u00e9szen 1944-ig tartott. 1945-ben a budapesti I. sz. Belgy\u00f3gy\u00e1szati Klinika gyakornoka lett Ruszny\u00e1k Istv\u00e1n vezet\u00e9se alatt. 1945-ben tagja lett az Orvos-Eg\u00e9szs\u00e9g\u00fcgyi Szakszervezetnek. 1948 febru\u00e1rj\u00e1ban bel\u00e9pett az MKP-ba, de a tagrev\u00edzi\u00f3 sor\u00e1n (1949.I.20.) tagjel\u00f6ltt\u00e9 min\u0151s\u00edtett\u00e9k vissza, \u00e9s csak 1953-ban lehetett ism\u00e9t tag. 1956 okt\u00f3bere ut\u00e1n p\u00e1rttags\u00e1g\u00e1t m\u00e1r nem \u00faj\u00edtotta meg. 1950-ben mag\u00e1ntan\u00e1ri k\u00e9pes\u00edt\u00e9st szerzett Az anyagcsere \u00e9s a t\u00e1pl\u00e1lkoz\u00e1s betegs\u00e9gei t\u00e1rgyk\u00f6rben. 1952-ben megszerezte a kandid\u00e1tusi fokozatot. 1955 szeptember\u00e9ben docenss\u00e9 l\u00e9ptett\u00e9k el\u0151. 1960-ban kapott kinevez\u00e9st az Orvostov\u00e1bbk\u00e9pz\u0151 Int\u00e9zet (OTKI) I. sz. Belgy\u00f3gy\u00e1szati tansz\u00e9ke, ill. az eg\u00e9sz int\u00e9zet \u00e9l\u00e9re, ahol 1965-ig m\u0171k\u00f6d\u00f6tt. 1962-ben egyetemi tan\u00e1rr\u00e1 nevezt\u00e9k ki, 1963. okt\u00f3ber 17-\u00e9n el\u00e9rte az orvostudom\u00e1nyok doktora fokozatot. 1965-ben vette \u00e1t a BOTE I. sz. Belgy\u00f3gy\u00e1szati Klinik\u00e1ja igazgat\u00e1s\u00e1t tansz\u00e9kvezet\u0151 egyetemi tan\u00e1ri min\u0151s\u00e9gben, ahonnan 1980-ban vonult nyug\u00e1llom\u00e1nyba.<\/p>\n<p style=\"text-align: justify\">A belgy\u00f3gy\u00e1szat majd minden \u00e1g\u00e1t magas szinten m\u0171velte. Petr\u00e1nyi Gyul\u00e1val k\u00f6z\u00f6sen \u00edrt egyetemi tank\u00f6nyve h\u00fasz kiad\u00e1st \u00e9rt meg, orvosnemzed\u00e9kek n\u0151ttek fel rajta. Fontosnak tartotta a belgy\u00f3gy\u00e1szat egys\u00e9g\u00e9nek fenntart\u00e1s\u00e1t, melyet klinikaszervez\u0151k\u00e9nt is \u00e9rv\u00e9nyes\u00edtett. \u00c9rdekl\u0151d\u00e9s\u00e9nek sz\u0171kebb, de m\u00e9g mindig el\u00e9g sz\u00e9les ter\u00fclete az em\u00e9szt\u0151rendszer betegs\u00e9gei \u00e9s a cukorbetegs\u00e9g volt. Els\u0151k k\u00f6z\u00f6tt tanulm\u00e1nyozta az inzulin immunol\u00f3gia \u00e9s az inzulin rezisztencia k\u00e9rd\u00e9seit. Orvost\u00f6rt\u00e9neti t\u00e9m\u00e1j\u00fa \u00edr\u00e1saiban jelent\u0151sek a Kor\u00e1nyiak \u00e9s Het\u00e9nyi G\u00e9za munk\u00e1ss\u00e1g\u00e1val foglalkoz\u00f3k. Sz\u00e9p\u00edr\u00f3k\u00e9nt is alkotott.<\/p>\n<p style=\"text-align: justify\">Sz\u00e1mos szakmai t\u00e1rsas\u00e1gnak volt tagja: Magyar Gasztroenterol\u00f3giai T\u00e1rsas\u00e1g (10 \u00e9ven \u00e1t eln\u00f6k, majd tiszteletbeli eln\u00f6k), Magyar Belgy\u00f3gy\u00e1sz T\u00e1rsas\u00e1g, Kor\u00e1nyi T\u00e1rsas\u00e1g (eln\u00f6k \u00e9s ujj\u00e1szervez\u0151), Diabetes T\u00e1rsas\u00e1g (eln\u00f6k), Magyar Endokrinol\u00f3giai \u00e9s Anyagcsere T\u00e1rsas\u00e1g, Magyar \u00c9lettani T\u00e1rsas\u00e1g, International Society for the Study of the Liver (az 1976-os kongresszus eln\u00f6ke), European Society for the Study of Diabetes, TIT budapesti Eg\u00e9szs\u00e9g\u00fcgyi Szakoszt\u00e1ly\u00e1nak eln\u00f6ke, az NDK \u00e9s a Csehszlov\u00e1k Gasztroenterol\u00f3giai T\u00e1rsas\u00e1gok tiszteletbeli tagja.<\/p>\n<p style=\"text-align: justify\">F\u0151szerkeszt\u0151je volt a Magyar Belorvosi Arch\u00edvum, szerkeszt\u0151bizotts\u00e1gi tagja az Orvosk\u00e9pz\u00e9s, a Diabetol\u00f3gia, a Zeitschrift f\u00fcr Gastroenterologie, a Zeitschrift f\u00fcr Verdaungskrankheit \u00e9s az Eg\u00e9szs\u00e9g\u00fcgyi Dolgoz\u00f3 c. szaklapoknak.<\/p>\n<p style=\"text-align: justify\">1969-ben az NDK \u00e9rdem\u00e9rm\u00e9vel t\u00fcntett\u00e9k ki.<\/p>\n<p style=\"text-align: justify\"><strong>F\u0151bb munk\u00e1i:<\/strong> A m\u00e1j \u00e9s az epeutak betegs\u00e9gei (Fischer Antallal). Bp., 1957.; Erkrankungen der Leber und der Gallenwege. Bp.-Berlin. 1961.; Az epeh\u00f3lyag \u00e9s az epeutak betegs\u00e9gei. Bp., 1966.; Kozmikus s\u00e9rt\u0151d\u00e9s. Tanulm\u00e1nyok. Bp., 1968.; Kor\u00e1nyi S\u00e1ndor. Bp., 1970.; Ruth (reg\u00e9ny). Bp., 1971.; Judit (reg\u00e9ny). Bp., 1973.; R\u00f6vid belgy\u00f3gy\u00e1szat. Bp., 1975.; A belgy\u00f3gy\u00e1szat alapvonalai I-III. (Petr\u00e1nyi Gyul\u00e1val). Bp., 1977.; Az \u00e9vsz\u00e1zad gyermeke. (\u00e9letrajzi reg\u00e9ny). Bp., 1980.; Behrens doktor \u00e9s t\u00e1rsai. (essz\u00e9k). Bp., 1980.; Belbetegs\u00e9gek elk\u00fcl\u00f6n\u00edt\u0151 diagn\u00f3zisa. Bp., 1981.; Az orvos \u00e9s a beteg. Bp., 1983.; A k\u00e9rd\u00e9s (tanulm\u00e1nyok, visszaeml\u00e9kez\u00e9sek). Bp., 1984.; \u201eOly korban \u00e9ltem \u00e9n\u2026\u201d (reg\u00e9ny). Bp., 1984.; A m\u00e1j, az epeutak \u00e9s a hasny\u00e1lmirigy betegs\u00e9gei. Bp., 1985.<\/p>\n<p style=\"text-align: justify\"><strong>Nyughelye:<\/strong> Budapest, Farkasr\u00e9ti temet\u0151 60-6\/0\/7\/8.<\/p>\n<p><a href=\"https:\/\/semmelweis.hu\/baratikor\/galeria\/teljes-nevlista\/magyar-imre\/magyar-imre-2\/\" rel=\"attachment wp-att-2057\"><img loading=\"lazy\" decoding=\"async\" class=\"alignleft size-medium wp-image-2057\" src=\"https:\/\/semmelweis.hu\/baratikor\/files\/2023\/01\/Magyar-Imre-2-312x400.jpg\" alt=\"\" width=\"312\" height=\"400\" srcset=\"https:\/\/semmelweis.hu\/baratikor\/files\/2023\/01\/Magyar-Imre-2-312x400.jpg 312w, https:\/\/semmelweis.hu\/baratikor\/files\/2023\/01\/Magyar-Imre-2-768x983.jpg 768w, https:\/\/semmelweis.hu\/baratikor\/files\/2023\/01\/Magyar-Imre-2-753x964.jpg 753w, https:\/\/semmelweis.hu\/baratikor\/files\/2023\/01\/Magyar-Imre-2.jpg 781w\" sizes=\"auto, (max-width: 312px) 100vw, 312px\" \/><\/a><a href=\"https:\/\/semmelweis.hu\/baratikor\/galeria\/teljes-nevlista\/magyar-imre\/img_20200425_132328\/\" rel=\"attachment wp-att-2055\"><img loading=\"lazy\" decoding=\"async\" class=\"alignleft size-medium wp-image-2055\" src=\"https:\/\/semmelweis.hu\/baratikor\/files\/2023\/01\/IMG_20200425_132328-300x400.jpg\" alt=\"\" width=\"300\" height=\"400\" srcset=\"https:\/\/semmelweis.hu\/baratikor\/files\/2023\/01\/IMG_20200425_132328-300x400.jpg 300w, https:\/\/semmelweis.hu\/baratikor\/files\/2023\/01\/IMG_20200425_132328.jpg 750w\" sizes=\"auto, (max-width: 300px) 100vw, 300px\" \/><\/a><\/p>\n","protected":false},"excerpt":{"rendered":"<p><a href=\"https:\/\/semmelweis.hu\/baratikor\/galeria\/teljes-nevlista\/magyar-imre\/magyar-imre\/\" rel=\"attachment wp-att-2056\"><\/a> (Losonc, 1910. okt\u00f3ber 14. \u2013 Budapest, 1984. m\u00e1jus 25.) Tansz\u00e9k: I. sz. Belgy\u00f3gy\u00e1szati Klinika 1965-1980. \u00c9desapja budapesti M\u00c1V tisztvisel\u0151 volt, akit 1919 ut\u00e1n baloldali szerepv\u00e1llal\u00e1sa miatt elbocs\u00e1tottak, de k\u00e9s\u0151bb nyugd\u00edjban r\u00e9szes\u00fclt. 1944-ben elhurcolt\u00e1k, ahonnan nem t\u00e9rt vissza. Iskol\u00e1it Budapesten v\u00e9gezte, 1934. szeptember 22-\u00e9n avatt\u00e1k orvosdoktorr\u00e1. M\u00e1r negyed\u00e9ves kor\u00e1t\u00f3l bej\u00e1rt a Kor\u00e1nyi S\u00e1ndor vezette III. sz. &hellip;<\/p>\n","protected":false},"author":282,"featured_media":5408,"parent":347,"menu_order":0,"comment_status":"closed","ping_status":"closed","template":"template-fullwidth.php","meta":{"_acf_changed":false,"footnotes":""},"categories":[77,14],"tags":[],"class_list":["post-2054","page","type-page","status-publish","has-post-thumbnail","hentry","category-kegyeleti-adattar","category-teljes-nevlista"],"acf":[],"_links":{"self":[{"href":"https:\/\/semmelweis.hu\/baratikor\/wp-json\/wp\/v2\/pages\/2054","targetHints":{"allow":["GET"]}}],"collection":[{"href":"https:\/\/semmelweis.hu\/baratikor\/wp-json\/wp\/v2\/pages"}],"about":[{"href":"https:\/\/semmelweis.hu\/baratikor\/wp-json\/wp\/v2\/types\/page"}],"author":[{"embeddable":true,"href":"https:\/\/semmelweis.hu\/baratikor\/wp-json\/wp\/v2\/users\/282"}],"replies":[{"embeddable":true,"href":"https:\/\/semmelweis.hu\/baratikor\/wp-json\/wp\/v2\/comments?post=2054"}],"version-history":[{"count":2,"href":"https:\/\/semmelweis.hu\/baratikor\/wp-json\/wp\/v2\/pages\/2054\/revisions"}],"predecessor-version":[{"id":2059,"href":"https:\/\/semmelweis.hu\/baratikor\/wp-json\/wp\/v2\/pages\/2054\/revisions\/2059"}],"up":[{"embeddable":true,"href":"https:\/\/semmelweis.hu\/baratikor\/wp-json\/wp\/v2\/pages\/347"}],"wp:featuredmedia":[{"embeddable":true,"href":"https:\/\/semmelweis.hu\/baratikor\/wp-json\/wp\/v2\/media\/5408"}],"wp:attachment":[{"href":"https:\/\/semmelweis.hu\/baratikor\/wp-json\/wp\/v2\/media?parent=2054"}],"wp:term":[{"taxonomy":"category","embeddable":true,"href":"https:\/\/semmelweis.hu\/baratikor\/wp-json\/wp\/v2\/categories?post=2054"},{"taxonomy":"post_tag","embeddable":true,"href":"https:\/\/semmelweis.hu\/baratikor\/wp-json\/wp\/v2\/tags?post=2054"}],"curies":[{"name":"wp","href":"https:\/\/api.w.org\/{rel}","templated":true}]}}