{"id":2049,"date":"2023-01-04T11:10:30","date_gmt":"2023-01-04T10:10:30","guid":{"rendered":"https:\/\/semmelweis.hu\/baratikor\/?page_id=2049"},"modified":"2023-07-11T08:50:02","modified_gmt":"2023-07-11T06:50:02","slug":"lenart-zoltan","status":"publish","type":"page","link":"https:\/\/semmelweis.hu\/baratikor\/galeria\/teljes-nevlista\/lenart-zoltan\/","title":{"rendered":"L\u00e9n\u00e1rt Zolt\u00e1n"},"content":{"rendered":"<p style=\"text-align: justify\"><strong><a href=\"https:\/\/semmelweis.hu\/baratikor\/galeria\/teljes-nevlista\/lenart-zoltan\/lenart-zoltan-1933-318-fond-ii-73\/\" rel=\"attachment wp-att-2050\"><img loading=\"lazy\" decoding=\"async\" class=\"alignleft size-medium wp-image-2050\" src=\"https:\/\/semmelweis.hu\/baratikor\/files\/2023\/01\/Lenart-Zoltan-1933.-318.-fond-II.73.-318x400.jpg\" alt=\"\" width=\"318\" height=\"400\" srcset=\"https:\/\/semmelweis.hu\/baratikor\/files\/2023\/01\/Lenart-Zoltan-1933.-318.-fond-II.73.-318x400.jpg 318w, https:\/\/semmelweis.hu\/baratikor\/files\/2023\/01\/Lenart-Zoltan-1933.-318.-fond-II.73.-768x967.jpg 768w, https:\/\/semmelweis.hu\/baratikor\/files\/2023\/01\/Lenart-Zoltan-1933.-318.-fond-II.73.-753x948.jpg 753w, https:\/\/semmelweis.hu\/baratikor\/files\/2023\/01\/Lenart-Zoltan-1933.-318.-fond-II.73..jpg 794w\" sizes=\"auto, (max-width: 318px) 100vw, 318px\" \/><\/a> L\u00e9n\u00e1rt Zolt\u00e1n, kakasfalvi (<\/strong><strong>Nagytapolcs\u00e1ny, 1870. december 31.<\/strong><strong> \u2013 Budapest, 1953. m\u00e1jus 10.)<\/strong><\/p>\n<p style=\"text-align: justify\"><strong>Tansz\u00e9k: <\/strong>Orr- \u00e9s G\u00e9gegy\u00f3gy\u00e1szati Klinika 1925-1941.<\/p>\n<p style=\"text-align: justify\">Orvosi tanulm\u00e1nyait B\u00e9csben, Berlinben \u00e9s Budapesten v\u00e9gezte. Oklevel\u00e9t Budapesten szerezte 1893. december 23-\u00e1n. 1894-1896 k\u00f6z\u00f6tt Pertik Ott\u00f3 mellett dolgozott, el\u0151bb az I. sz., majd 1895-t\u0151l a II. sz. K\u00f3rbonctani Int\u00e9zetben. Innen ker\u00fclt a K\u00e9tly K\u00e1roly vezette II. sz. Belgy\u00f3gy\u00e1szati Klinik\u00e1ra, de gyakorlatot folytatott R\u00e9czey Imre II. sz. Seb\u00e9szeti Klinik\u00e1j\u00e1n is. 1898-ban k\u00e9t\u00e9ves eur\u00f3pai tanulm\u00e1ny\u00fatra indult, melynek v\u00e9g\u00e9n g\u00e9geszakorvosi k\u00e9pes\u00edt\u00e9st szerzett. 1900-ban hazat\u00e9rt \u00e9s 1909-ben a budapesti g\u00e9geklinik\u00e1n mag\u00e1ntan\u00e1ri habilit\u00e1ci\u00f3t nyert az orr-, torok-, g\u00e9gegy\u00f3gy\u00e1szat, k\u00fcl\u00f6n\u00f6s tekintettel a seb\u00e9szi elj\u00e1r\u00e1sokra t\u00e9mak\u00f6rben. K\u00f6zben a Poliklinika orr-f\u00fcl- g\u00e9gegy\u00f3gy\u00e1szati oszt\u00e1ly\u00e1nak f\u0151orvosi teend\u0151it is ell\u00e1tta. 1909-ben rendk\u00edv\u00fcli tan\u00e1ri, 1923-ban eg\u00e9szs\u00e9g\u00fcgyi f\u0151tan\u00e1csosi c\u00edmet kapott. 1925-ben kapott kinevez\u00e9st a kir. m. P\u00e1zm\u00e1ny P\u00e9ter Tudom\u00e1nyegyetemre az orr- \u00e9s g\u00e9gegy\u00f3gy\u00e1szat nyilv\u00e1nos rendes tan\u00e1r\u00e1nak \u00e9s klinikaigazgat\u00f3nak. Kit\u0171n\u0151 operat\u0151rk\u00e9nt tartott\u00e1k sz\u00e1mon, f\u0151 kutat\u00e1si ter\u00fclete a g\u00e9ger\u00e1k m\u0171t\u00e9ti megold\u00e1sa volt. Haz\u00e1nkban el\u0151sz\u00f6r v\u00e9gzett radik\u00e1lis mandulaelt\u00e1vol\u00edt\u00e1st. 1932-ben egyik alap\u00edt\u00f3ja volt az \u00fajra alakult Magyar F\u00fcl- \u00e9s G\u00e9georvosok Egyes\u00fclet\u00e9nek, illetve tagja volt sz\u00e1mos hazai \u00e9s k\u00fclf\u00f6ldi orvost\u00e1rsas\u00e1gnak is. T\u00e1rszerkeszt\u0151k\u00e9nt dolgozott az <em>Acta Oto-Laryngologica c. szaklapn\u00e1l.<\/em><\/p>\n<p style=\"text-align: justify\"><strong>F\u0151bb munk\u00e1i:<\/strong> <em>Hans Wilhelm Meyer \u00e9s az adenoid vegetatiok k\u00f3r- \u00e9s gy\u00f3gytan\u00e1nak mai \u00e1ll\u00e1sa.<\/em> Bp., 1899.; <em>Az orr\u00fcreg els\u0151dleges r\u00e1kj\u00e1r\u00f3l<\/em><em> \/Donog\u00e1ny Zolt\u00e1nnal\/. <\/em>Bp., 1904.; <em>A tonsilla pharyngea hypertrophi\u00e1j\u00e1r\u00f3l az \u00f6regkorban.<\/em> Bp., 1905.; <em>Az ictus laryngisr\u0151l.<\/em> Bp., 1907.; <em>K\u00eds\u00e9rleti tanulm\u00e1ny az orr\u00fcreg \u00e9s a tonsill\u00e1k nyirok\u00e9rrendez\u00e9s\u00e9nek \u00f6sszef\u00fcgg\u00e9s\u00e9r\u0151l. <\/em>Eger, 1909.; <em>Laryngologie.<\/em> In.: Die Enstehung einer internationale Wissenschaftspolitik. Leipzig, 1932.<\/p>\n<p style=\"text-align: justify\"><strong>Nyughelye:<\/strong> nem ismert.<\/p>\n<p><strong><a href=\"https:\/\/semmelweis.hu\/baratikor\/galeria\/teljes-nevlista\/lenart-zoltan\/lenart-zoltan-1937-majus-318-fond-ii-45_v2\/\" rel=\"attachment wp-att-2051\"><img loading=\"lazy\" decoding=\"async\" class=\"alignleft size-medium wp-image-2051\" src=\"https:\/\/semmelweis.hu\/baratikor\/files\/2023\/01\/Lenart-Zoltan-1937.-majus-318.-fond-II.45_v2-251x400.jpg\" alt=\"\" width=\"251\" height=\"400\" srcset=\"https:\/\/semmelweis.hu\/baratikor\/files\/2023\/01\/Lenart-Zoltan-1937.-majus-318.-fond-II.45_v2-251x400.jpg 251w, https:\/\/semmelweis.hu\/baratikor\/files\/2023\/01\/Lenart-Zoltan-1937.-majus-318.-fond-II.45_v2.jpg 627w\" sizes=\"auto, (max-width: 251px) 100vw, 251px\" \/><\/a><\/strong><\/p>\n<p style=\"text-align: justify\">\u00a0<\/p>\n","protected":false},"excerpt":{"rendered":"<p><a href=\"https:\/\/semmelweis.hu\/baratikor\/galeria\/teljes-nevlista\/lenart-zoltan\/lenart-zoltan-1933-318-fond-ii-73\/\" rel=\"attachment wp-att-2050\"><\/a> L\u00e9n\u00e1rt Zolt\u00e1n, kakasfalvi (Nagytapolcs\u00e1ny, 1870. december 31. \u2013 Budapest, 1953. m\u00e1jus 10.) Tansz\u00e9k: Orr- \u00e9s G\u00e9gegy\u00f3gy\u00e1szati Klinika 1925-1941. Orvosi tanulm\u00e1nyait B\u00e9csben, Berlinben \u00e9s Budapesten v\u00e9gezte. Oklevel\u00e9t Budapesten szerezte 1893. december 23-\u00e1n. 1894-1896 k\u00f6z\u00f6tt Pertik Ott\u00f3 mellett dolgozott, el\u0151bb az I. sz., majd 1895-t\u0151l a II. sz. K\u00f3rbonctani Int\u00e9zetben. Innen ker\u00fclt a K\u00e9tly K\u00e1roly vezette II. &hellip;<\/p>\n","protected":false},"author":282,"featured_media":4959,"parent":347,"menu_order":0,"comment_status":"closed","ping_status":"closed","template":"template-fullwidth.php","meta":{"_acf_changed":false,"footnotes":""},"categories":[77,14],"tags":[],"class_list":["post-2049","page","type-page","status-publish","has-post-thumbnail","hentry","category-kegyeleti-adattar","category-teljes-nevlista"],"acf":[],"_links":{"self":[{"href":"https:\/\/semmelweis.hu\/baratikor\/wp-json\/wp\/v2\/pages\/2049","targetHints":{"allow":["GET"]}}],"collection":[{"href":"https:\/\/semmelweis.hu\/baratikor\/wp-json\/wp\/v2\/pages"}],"about":[{"href":"https:\/\/semmelweis.hu\/baratikor\/wp-json\/wp\/v2\/types\/page"}],"author":[{"embeddable":true,"href":"https:\/\/semmelweis.hu\/baratikor\/wp-json\/wp\/v2\/users\/282"}],"replies":[{"embeddable":true,"href":"https:\/\/semmelweis.hu\/baratikor\/wp-json\/wp\/v2\/comments?post=2049"}],"version-history":[{"count":2,"href":"https:\/\/semmelweis.hu\/baratikor\/wp-json\/wp\/v2\/pages\/2049\/revisions"}],"predecessor-version":[{"id":2053,"href":"https:\/\/semmelweis.hu\/baratikor\/wp-json\/wp\/v2\/pages\/2049\/revisions\/2053"}],"up":[{"embeddable":true,"href":"https:\/\/semmelweis.hu\/baratikor\/wp-json\/wp\/v2\/pages\/347"}],"wp:featuredmedia":[{"embeddable":true,"href":"https:\/\/semmelweis.hu\/baratikor\/wp-json\/wp\/v2\/media\/4959"}],"wp:attachment":[{"href":"https:\/\/semmelweis.hu\/baratikor\/wp-json\/wp\/v2\/media?parent=2049"}],"wp:term":[{"taxonomy":"category","embeddable":true,"href":"https:\/\/semmelweis.hu\/baratikor\/wp-json\/wp\/v2\/categories?post=2049"},{"taxonomy":"post_tag","embeddable":true,"href":"https:\/\/semmelweis.hu\/baratikor\/wp-json\/wp\/v2\/tags?post=2049"}],"curies":[{"name":"wp","href":"https:\/\/api.w.org\/{rel}","templated":true}]}}