{"id":2040,"date":"2023-01-04T11:04:19","date_gmt":"2023-01-04T10:04:19","guid":{"rendered":"https:\/\/semmelweis.hu\/baratikor\/?page_id=2040"},"modified":"2023-01-04T11:04:20","modified_gmt":"2023-01-04T10:04:20","slug":"maria-terezia","status":"publish","type":"page","link":"https:\/\/semmelweis.hu\/baratikor\/galeria\/teljes-nevlista\/maria-terezia\/","title":{"rendered":"M\u00e1ria Ter\u00e9zia"},"content":{"rendered":"<p style=\"text-align: justify\"><a href=\"https:\/\/semmelweis.hu\/baratikor\/galeria\/teljes-nevlista\/maria-terezia\/005_11\/\" rel=\"attachment wp-att-2041\"><img loading=\"lazy\" decoding=\"async\" class=\"alignleft size-full wp-image-2041\" src=\"https:\/\/semmelweis.hu\/baratikor\/files\/2023\/01\/005_11.jpg\" alt=\"\" width=\"295\" height=\"291\" \/><\/a>(B\u00e9cs, 1717 &#8211; B\u00e9cs, 1780) Magyar kir\u00e1lyn\u0151 (1740-1780), osztr\u00e1k f\u0151hercegn\u0151.<\/p>\n<p style=\"text-align: justify\">Orsz\u00e1g\u00e9p\u00edt\u0151 reformint\u00e9zked\u00e9sei sor\u00e1n korszer\u0171s\u00edtette \u00e9s az eg\u00e9sz birodalomban egys\u00e9ges\u00edtette az oktat\u00e1st \u00e9s az eg\u00e9szs\u00e9g\u00fcgyet. Ennek r\u00e9szek\u00e9nt ker\u00fclt sor a nagyszombati egyetem \u00e1talak\u00edt\u00e1s\u00e1ra, orvoskarral val\u00f3 kib\u0151v\u00edt\u00e9s\u00e9re (1769. november 7.), majd 1777-ben Bud\u00e1ra telep\u00edt\u00e9s\u00e9re. E reformok sor\u00e1n az uralkod\u00f3 nagyban t\u00e1maszkodott udvari orvos\u00e1ra \u00e9s egyben tan\u00e1csad\u00f3j\u00e1ra, Gerard van Swietenre.<\/p>\n","protected":false},"excerpt":{"rendered":"<p><a href=\"https:\/\/semmelweis.hu\/baratikor\/galeria\/teljes-nevlista\/maria-terezia\/005_11\/\" rel=\"attachment wp-att-2041\"><\/a> (B\u00e9cs, 1717 &#8211; B\u00e9cs, 1780) Magyar kir\u00e1lyn\u0151 (1740-1780), osztr\u00e1k f\u0151hercegn\u0151. Orsz\u00e1g\u00e9p\u00edt\u0151 reformint\u00e9zked\u00e9sei sor\u00e1n korszer\u0171s\u00edtette \u00e9s az eg\u00e9sz birodalomban egys\u00e9ges\u00edtette az oktat\u00e1st \u00e9s az eg\u00e9szs\u00e9g\u00fcgyet. Ennek r\u00e9szek\u00e9nt ker\u00fclt sor a nagyszombati egyetem \u00e1talak\u00edt\u00e1s\u00e1ra, orvoskarral val\u00f3 kib\u0151v\u00edt\u00e9s\u00e9re (1769. november 7.), majd 1777-ben Bud\u00e1ra telep\u00edt\u00e9s\u00e9re. E reformok sor\u00e1n az uralkod\u00f3 nagyban t\u00e1maszkodott udvari orvos\u00e1ra \u00e9s egyben tan\u00e1csad\u00f3j\u00e1ra, Gerard &hellip;<\/p>\n","protected":false},"author":282,"featured_media":2041,"parent":347,"menu_order":0,"comment_status":"closed","ping_status":"closed","template":"template-fullwidth.php","meta":{"_acf_changed":false,"footnotes":""},"categories":[14],"tags":[],"class_list":["post-2040","page","type-page","status-publish","has-post-thumbnail","hentry","category-teljes-nevlista"],"acf":[],"_links":{"self":[{"href":"https:\/\/semmelweis.hu\/baratikor\/wp-json\/wp\/v2\/pages\/2040","targetHints":{"allow":["GET"]}}],"collection":[{"href":"https:\/\/semmelweis.hu\/baratikor\/wp-json\/wp\/v2\/pages"}],"about":[{"href":"https:\/\/semmelweis.hu\/baratikor\/wp-json\/wp\/v2\/types\/page"}],"author":[{"embeddable":true,"href":"https:\/\/semmelweis.hu\/baratikor\/wp-json\/wp\/v2\/users\/282"}],"replies":[{"embeddable":true,"href":"https:\/\/semmelweis.hu\/baratikor\/wp-json\/wp\/v2\/comments?post=2040"}],"version-history":[{"count":2,"href":"https:\/\/semmelweis.hu\/baratikor\/wp-json\/wp\/v2\/pages\/2040\/revisions"}],"predecessor-version":[{"id":2043,"href":"https:\/\/semmelweis.hu\/baratikor\/wp-json\/wp\/v2\/pages\/2040\/revisions\/2043"}],"up":[{"embeddable":true,"href":"https:\/\/semmelweis.hu\/baratikor\/wp-json\/wp\/v2\/pages\/347"}],"wp:featuredmedia":[{"embeddable":true,"href":"https:\/\/semmelweis.hu\/baratikor\/wp-json\/wp\/v2\/media\/2041"}],"wp:attachment":[{"href":"https:\/\/semmelweis.hu\/baratikor\/wp-json\/wp\/v2\/media?parent=2040"}],"wp:term":[{"taxonomy":"category","embeddable":true,"href":"https:\/\/semmelweis.hu\/baratikor\/wp-json\/wp\/v2\/categories?post=2040"},{"taxonomy":"post_tag","embeddable":true,"href":"https:\/\/semmelweis.hu\/baratikor\/wp-json\/wp\/v2\/tags?post=2040"}],"curies":[{"name":"wp","href":"https:\/\/api.w.org\/{rel}","templated":true}]}}