{"id":2036,"date":"2023-01-04T11:01:37","date_gmt":"2023-01-04T10:01:37","guid":{"rendered":"https:\/\/semmelweis.hu\/baratikor\/?page_id=2036"},"modified":"2023-07-11T08:55:06","modified_gmt":"2023-07-11T06:55:06","slug":"margo-tivadar","status":"publish","type":"page","link":"https:\/\/semmelweis.hu\/baratikor\/galeria\/teljes-nevlista\/margo-tivadar\/","title":{"rendered":"Marg\u00f3 Tivadar"},"content":{"rendered":"<p style=\"text-align: justify\"><strong><a href=\"https:\/\/semmelweis.hu\/baratikor\/galeria\/teljes-nevlista\/margo-tivadar\/033_11\/\" rel=\"attachment wp-att-2037\"><img loading=\"lazy\" decoding=\"async\" class=\"alignleft size-full wp-image-2037\" src=\"https:\/\/semmelweis.hu\/baratikor\/files\/2023\/01\/033_11.jpg\" alt=\"\" width=\"295\" height=\"394\" \/><\/a>(Pest, 1816. III. 5. \u2013 Pusztaszentl\u0151rinc (ma Pestszentl\u0151rinc) 1896. IX. 5.)<\/strong><\/p>\n<p style=\"text-align: justify\">Orvosi tanulm\u00e1nyai mellett filoz\u00f3fiai \u00e9s term\u00e9szettudom\u00e1nyi el\u0151ad\u00e1sokat is l\u00e1togatott a pesti \u00e9s a b\u00e9csi egyetemeken. V\u00e9g\u00fcl Pesten szerzett b\u00f6lcs\u00e9szdoktori diplom\u00e1t 1838-ban, majd k\u00e9t \u00e9v m\u00falva orvosit. 1841-ben, B\u00e9csben seb\u00e9szdoktori \u00e9s sz\u00fcl\u00e9szmesteri v\u00e9gzetts\u00e9get tett. Ezut\u00e1n n\u00e9h\u00e1ny \u00e9vig a b\u00e9csi egyetemi klinik\u00e1k\u00e9nt is szolg\u00e1l\u00f3 Allgemeines Krankenhausban dolgozott, majd 1842-ben tan\u00e1rseg\u00e9di \u00e1ll\u00e1st v\u00e1llalt Schordann Zsigmond mellett a pesti anat\u00f3miai int\u00e9zetben. Az 1848\/49-es szabads\u00e1gharc alatt honv\u00e9dorvosi szolg\u00e1latot teljes\u00edtett. 1851-ben kapott egyetemi mag\u00e1ntan\u00e1ri habilit\u00e1ci\u00f3t a sz\u00f6vettan t\u00e1rgyk\u00f6r\u00e9ben. Ez id\u0151 t\u00e1jt helyettesk\u00e9nt el\u0151k\u00e9sz\u00edt\u0151 term\u00e9szettudom\u00e1nyi el\u0151ad\u00e1sokat tartott 1859-ig. K\u00f6zben 1858-ban, B\u00e9csben az izomrostok \u00e9lettan\u00e1t tanulm\u00e1nyozta. 1860 \u00e9s 1862 k\u00f6z\u00f6tt a kolozsv\u00e1ri Orvos-Seb\u00e9szi Tanint\u00e9zetben tan\u00edtott, majd a pesti egyetemre h\u00edvt\u00e1k, ahol hal\u00e1l\u00e1ig az \u00e1llattan \u00e9s az \u00f6sszehasonl\u00edt\u00f3 bonctan tan\u00e1ra volt. 1860-ban az Akad\u00e9mia levelez\u0151, 1870-ben rendes, majd 1891-ben tiszteleti tagj\u00e1v\u00e1 v\u00e1lasztott\u00e1k. Tagja volt az angol, az osztr\u00e1k \u00e9s a francia zool\u00f3giai t\u00e1rsas\u00e1gnak is. Alapvet\u0151 sz\u00f6vettani kutat\u00e1sokat v\u00e9gzett, \u00e9s itthon az els\u0151k k\u00f6z\u00f6tt szeg\u0151d\u00f6tt a darwinizmus h\u00edv\u00e9v\u00e9. Sokat tett annak n\u00e9pszer\u0171s\u00edt\u00e9s\u00e9\u00e9rt, ell\u00e1togatott Darwinhoz, majd bevezet\u0151t \u00edrt m\u0171v\u00e9nek magyar ford\u00edt\u00e1sa el\u00e9. Mag\u00e1t a ford\u00edt\u00e1st is ellen\u0151rizte. Els\u0151 \u00e1llattani munk\u00e1j\u00e1ban (1868) a degressz\u00edv, a k\u00e9s\u0151bbiekben (1876, 1883) a progressz\u00edv rendszert k\u00f6vette.<\/p>\n<p style=\"text-align: justify\">(F\u0151bb munk\u00e1i: Morbi lethales in clinico medico Perstinensi. Pest, 1840.; A puh\u00e1nyok izomrostj\u00e1r\u00f3l. Pest, 1861.; Az izomidegek v\u00e9gz\u0151d\u00e9s\u00e9r\u0151l. Pest, 1862.; A tudom\u00e1nyos \u00e1llattan k\u00e9zik\u00f6nyve. Pest, 1868.; Darwin \u00e9s az \u00e1llatvil\u00e1g. Pest, 1869.; A magyar gy\u00f3gyszerk\u00f6nyv. Pest, 1871.; \u00d6sszehasonl\u00edt\u00f3 bonctani k\u00e9sz\u00edtm\u00e9nyek. Bp. 1873.; Charles Darwin \u00e9lete, jelleme \u00e9s irodalmi m\u0171k\u00f6d\u00e9se. El\u0151sz\u00f3 Charles Darwin A fajok eredete c. m\u0171v\u00e9hez. Bp., 1873-74.; \u00c1llatrendszertani t\u00e1bl\u00e1zatok. Bp. 1876.; Budapest \u00e9s k\u00f6rny\u00e9ke \u00e1llattani tekintetben. Bp. 1879.; Az \u00e1llatorsz\u00e1g rendszeres oszt\u00e1lyoz\u00e1sa. Bp. 1883.; A zool\u00f3gia \u00e9s az orvostudom\u00e1nyok. Bp. 1892.)<\/p>\n","protected":false},"excerpt":{"rendered":"<p><a href=\"https:\/\/semmelweis.hu\/baratikor\/galeria\/teljes-nevlista\/margo-tivadar\/033_11\/\" rel=\"attachment wp-att-2037\"><\/a> (Pest, 1816. III. 5. \u2013 Pusztaszentl\u0151rinc (ma Pestszentl\u0151rinc) 1896. IX. 5.) Orvosi tanulm\u00e1nyai mellett filoz\u00f3fiai \u00e9s term\u00e9szettudom\u00e1nyi el\u0151ad\u00e1sokat is l\u00e1togatott a pesti \u00e9s a b\u00e9csi egyetemeken. V\u00e9g\u00fcl Pesten szerzett b\u00f6lcs\u00e9szdoktori diplom\u00e1t 1838-ban, majd k\u00e9t \u00e9v m\u00falva orvosit. 1841-ben, B\u00e9csben seb\u00e9szdoktori \u00e9s sz\u00fcl\u00e9szmesteri v\u00e9gzetts\u00e9get tett. Ezut\u00e1n n\u00e9h\u00e1ny \u00e9vig a b\u00e9csi egyetemi klinik\u00e1k\u00e9nt is szolg\u00e1l\u00f3 Allgemeines Krankenhausban &hellip;<\/p>\n","protected":false},"author":282,"featured_media":4960,"parent":347,"menu_order":0,"comment_status":"closed","ping_status":"closed","template":"template-fullwidth.php","meta":{"_acf_changed":false,"footnotes":""},"categories":[77,14],"tags":[],"class_list":["post-2036","page","type-page","status-publish","has-post-thumbnail","hentry","category-kegyeleti-adattar","category-teljes-nevlista"],"acf":[],"_links":{"self":[{"href":"https:\/\/semmelweis.hu\/baratikor\/wp-json\/wp\/v2\/pages\/2036","targetHints":{"allow":["GET"]}}],"collection":[{"href":"https:\/\/semmelweis.hu\/baratikor\/wp-json\/wp\/v2\/pages"}],"about":[{"href":"https:\/\/semmelweis.hu\/baratikor\/wp-json\/wp\/v2\/types\/page"}],"author":[{"embeddable":true,"href":"https:\/\/semmelweis.hu\/baratikor\/wp-json\/wp\/v2\/users\/282"}],"replies":[{"embeddable":true,"href":"https:\/\/semmelweis.hu\/baratikor\/wp-json\/wp\/v2\/comments?post=2036"}],"version-history":[{"count":2,"href":"https:\/\/semmelweis.hu\/baratikor\/wp-json\/wp\/v2\/pages\/2036\/revisions"}],"predecessor-version":[{"id":2039,"href":"https:\/\/semmelweis.hu\/baratikor\/wp-json\/wp\/v2\/pages\/2036\/revisions\/2039"}],"up":[{"embeddable":true,"href":"https:\/\/semmelweis.hu\/baratikor\/wp-json\/wp\/v2\/pages\/347"}],"wp:featuredmedia":[{"embeddable":true,"href":"https:\/\/semmelweis.hu\/baratikor\/wp-json\/wp\/v2\/media\/4960"}],"wp:attachment":[{"href":"https:\/\/semmelweis.hu\/baratikor\/wp-json\/wp\/v2\/media?parent=2036"}],"wp:term":[{"taxonomy":"category","embeddable":true,"href":"https:\/\/semmelweis.hu\/baratikor\/wp-json\/wp\/v2\/categories?post=2036"},{"taxonomy":"post_tag","embeddable":true,"href":"https:\/\/semmelweis.hu\/baratikor\/wp-json\/wp\/v2\/tags?post=2036"}],"curies":[{"name":"wp","href":"https:\/\/api.w.org\/{rel}","templated":true}]}}