{"id":2030,"date":"2023-01-04T10:57:20","date_gmt":"2023-01-04T09:57:20","guid":{"rendered":"https:\/\/semmelweis.hu\/baratikor\/?page_id=2030"},"modified":"2023-10-11T16:26:40","modified_gmt":"2023-10-11T14:26:40","slug":"liptak-pal-jeno","status":"publish","type":"page","link":"https:\/\/semmelweis.hu\/baratikor\/galeria\/teljes-nevlista\/liptak-pal-jeno\/","title":{"rendered":"Lipt\u00e1k P\u00e1l Jen\u0151"},"content":{"rendered":"<p style=\"text-align: justify\"><strong><a href=\"https:\/\/semmelweis.hu\/baratikor\/galeria\/teljes-nevlista\/liptak-pal-jeno\/liptak-pal_v2\/\" rel=\"attachment wp-att-2032\"><img loading=\"lazy\" decoding=\"async\" class=\"alignleft size-medium wp-image-2032\" src=\"https:\/\/semmelweis.hu\/baratikor\/files\/2023\/01\/Liptak-Pal_v2-264x400.jpg\" alt=\"\" width=\"264\" height=\"400\" srcset=\"https:\/\/semmelweis.hu\/baratikor\/files\/2023\/01\/Liptak-Pal_v2-264x400.jpg 264w, https:\/\/semmelweis.hu\/baratikor\/files\/2023\/01\/Liptak-Pal_v2.jpg 661w\" sizes=\"auto, (max-width: 264px) 100vw, 264px\" \/><\/a>(<\/strong><strong>Felka, 1887. j\u00fanius 29.<\/strong><strong> \u2013 Budapest, 1949. janu\u00e1r 31.)<\/strong><\/p>\n<p style=\"text-align: justify\"><strong>Tansz\u00e9k: <\/strong>Gy\u00f3gyszerismereti Int\u00e9zet 1939-1949.<\/p>\n<p style=\"text-align: justify\">Orvosi oklevel\u00e9t Budapesten szerezte 1910. no vember 26-\u00e1n, majd a II. sz. Belklinik\u00e1n dolgozott. 1912-ben a Gy\u00f3gyszertani Int\u00e9zet gyakornoka, majd tan\u00e1rseg\u00e9dje lett. 1914-ben ker\u00fclt \u00e1t a Gy\u00f3gyszerismereti Int\u00e9zetbe. 1922-ben mag\u00e1ntan\u00e1ri k\u00e9pes\u00edt\u00e9st szerzett a gy\u00f3gyszerismereti vizsg\u00e1latok t\u00e1rgyk\u00f6rben. Ugyanekkor adjunktusi kinevez\u00e9st kapott. 1932-ben c\u00edmzetes rendk\u00edv\u00fcli tan\u00e1ri c\u00edmet nyert, 1939-ben nyilv\u00e1nos rendk\u00edv\u00fcli tan\u00e1r lett, egyben az int\u00e9zet igazgat\u00f3ja. 1940-t\u0151l hal\u00e1l\u00e1ig a gy\u00f3gyszerismeret nyilv\u00e1nos rendes tan\u00e1ra volt az egyetemen. Tagja, majd eln\u00f6ke volt a gy\u00f3gyszer\u00e9szk\u00e9pz\u00e9s kark\u00f6zi bizotts\u00e1g\u00e1nak.<\/p>\n<p style=\"text-align: justify\">Tudom\u00e1nyos munk\u00e1ss\u00e1ga f\u0151k\u00e9nt az ipekaku\u00e1na-gy\u00f6k\u00e9rre, az oximethylantrachinon-sz\u00e1rmaz\u00e9kokat tartalmaz\u00f3 drogokra \u00e9s a Secale cornutumra terjedt ki.<\/p>\n<p style=\"text-align: justify\">Alap\u00edt\u00f3 tagja volt a Magyar Gy\u00f3gyszer\u00e9sztudom\u00e1nyi T\u00e1rsas\u00e1gnak, melynek k\u00e9s\u0151bb f\u0151titk\u00e1ri, majd eln\u00f6ki tiszt\u00e9t is bet\u00f6lt\u00f6tte. 1925-1947 k\u00f6z\u00f6tt szerkesztette a t\u00e1rsas\u00e1g \u00e9rtes\u00edt\u0151j\u00e9t. Az Osztr\u00e1k Gy\u00f3gyszer\u00e9sz T\u00e1rsas\u00e1g levelez\u0151 tagj\u00e1nak v\u00e1lasztotta, munkat\u00e1rsa volt a Pharmazeutische Monatshefte c. foly\u00f3iratnak.<\/p>\n<p style=\"text-align: justify\"><strong>F\u0151bb munk\u00e1i:<\/strong> Vizsg\u00e1latok a gy\u00f3gyszerismeret k\u00f6r\u00e9b\u0151l. Bp., 1914.; M\u00e9rges gy\u00f3gyn\u00f6v\u00e9nyeinkr\u0151l. Bp., 1920.; R\u00e9gi id\u0151k gy\u00f3gyszerei. Bp., 1923.; Amihidatum. Bp., 1947.; A gy\u00f3gyszerismeret fejl\u0151d\u00e9se az utols\u00f3 100 esztend\u0151ben. Bp., 1948.<\/p>\n<p style=\"text-align: justify\"><strong>Nyughelye:<\/strong> Budapest, Fiumei \u00fati temet\u0151 33-4\/0\/3\/52.<\/p>\n<p><a href=\"https:\/\/semmelweis.hu\/baratikor\/galeria\/teljes-nevlista\/liptak-pal-jeno\/liptak-pal-sirja-fiumei-ut\/\" rel=\"attachment wp-att-2031\"><img loading=\"lazy\" decoding=\"async\" class=\"alignleft size-medium wp-image-2031\" src=\"https:\/\/semmelweis.hu\/baratikor\/files\/2023\/01\/Liptak-Pal-sirja-Fiumei-ut-267x400.jpg\" alt=\"\" width=\"267\" height=\"400\" srcset=\"https:\/\/semmelweis.hu\/baratikor\/files\/2023\/01\/Liptak-Pal-sirja-Fiumei-ut-267x400.jpg 267w, https:\/\/semmelweis.hu\/baratikor\/files\/2023\/01\/Liptak-Pal-sirja-Fiumei-ut.jpg 667w\" sizes=\"auto, (max-width: 267px) 100vw, 267px\" \/><\/a><\/p>\n","protected":false},"excerpt":{"rendered":"<p><a href=\"https:\/\/semmelweis.hu\/baratikor\/galeria\/teljes-nevlista\/liptak-pal-jeno\/liptak-pal_v2\/\" rel=\"attachment wp-att-2032\"><\/a> (Felka, 1887. j\u00fanius 29. \u2013 Budapest, 1949. janu\u00e1r 31.) Tansz\u00e9k: Gy\u00f3gyszerismereti Int\u00e9zet 1939-1949. Orvosi oklevel\u00e9t Budapesten szerezte 1910. no vember 26-\u00e1n, majd a II. sz. Belklinik\u00e1n dolgozott. 1912-ben a Gy\u00f3gyszertani Int\u00e9zet gyakornoka, majd tan\u00e1rseg\u00e9dje lett. 1914-ben ker\u00fclt \u00e1t a Gy\u00f3gyszerismereti Int\u00e9zetbe. 1922-ben mag\u00e1ntan\u00e1ri k\u00e9pes\u00edt\u00e9st szerzett a gy\u00f3gyszerismereti vizsg\u00e1latok t\u00e1rgyk\u00f6rben. Ugyanekkor adjunktusi kinevez\u00e9st kapott. 1932-ben c\u00edmzetes &hellip;<\/p>\n","protected":false},"author":282,"featured_media":5407,"parent":347,"menu_order":0,"comment_status":"closed","ping_status":"closed","template":"template-fullwidth.php","meta":{"_acf_changed":false,"footnotes":""},"categories":[77,14],"tags":[],"class_list":["post-2030","page","type-page","status-publish","has-post-thumbnail","hentry","category-kegyeleti-adattar","category-teljes-nevlista"],"acf":[],"_links":{"self":[{"href":"https:\/\/semmelweis.hu\/baratikor\/wp-json\/wp\/v2\/pages\/2030","targetHints":{"allow":["GET"]}}],"collection":[{"href":"https:\/\/semmelweis.hu\/baratikor\/wp-json\/wp\/v2\/pages"}],"about":[{"href":"https:\/\/semmelweis.hu\/baratikor\/wp-json\/wp\/v2\/types\/page"}],"author":[{"embeddable":true,"href":"https:\/\/semmelweis.hu\/baratikor\/wp-json\/wp\/v2\/users\/282"}],"replies":[{"embeddable":true,"href":"https:\/\/semmelweis.hu\/baratikor\/wp-json\/wp\/v2\/comments?post=2030"}],"version-history":[{"count":2,"href":"https:\/\/semmelweis.hu\/baratikor\/wp-json\/wp\/v2\/pages\/2030\/revisions"}],"predecessor-version":[{"id":2034,"href":"https:\/\/semmelweis.hu\/baratikor\/wp-json\/wp\/v2\/pages\/2030\/revisions\/2034"}],"up":[{"embeddable":true,"href":"https:\/\/semmelweis.hu\/baratikor\/wp-json\/wp\/v2\/pages\/347"}],"wp:featuredmedia":[{"embeddable":true,"href":"https:\/\/semmelweis.hu\/baratikor\/wp-json\/wp\/v2\/media\/5407"}],"wp:attachment":[{"href":"https:\/\/semmelweis.hu\/baratikor\/wp-json\/wp\/v2\/media?parent=2030"}],"wp:term":[{"taxonomy":"category","embeddable":true,"href":"https:\/\/semmelweis.hu\/baratikor\/wp-json\/wp\/v2\/categories?post=2030"},{"taxonomy":"post_tag","embeddable":true,"href":"https:\/\/semmelweis.hu\/baratikor\/wp-json\/wp\/v2\/tags?post=2030"}],"curies":[{"name":"wp","href":"https:\/\/api.w.org\/{rel}","templated":true}]}}