{"id":1997,"date":"2023-01-04T10:28:04","date_gmt":"2023-01-04T09:28:04","guid":{"rendered":"https:\/\/semmelweis.hu\/baratikor\/?page_id=1997"},"modified":"2023-01-09T11:22:59","modified_gmt":"2023-01-09T10:22:59","slug":"korosy-kornel","status":"publish","type":"page","link":"https:\/\/semmelweis.hu\/baratikor\/galeria\/teljes-nevlista\/korosy-kornel\/","title":{"rendered":"K\u0151r\u00f6sy Korn\u00e9l"},"content":{"rendered":"<p style=\"text-align: justify\"><strong>(<\/strong><strong>Budapest, 1879. december 2.<\/strong><strong> \u2013 Budapest, 1948. j\u00falius 23.)<\/strong><\/p>\n<p style=\"text-align: justify\"><strong>Tansz\u00e9k:<\/strong> \u00c9lettani Int\u00e9zet (h.) 1918-1920.<\/p>\n<p style=\"text-align: justify\">Orvoscsal\u00e1db\u00f3l sz\u00e1rmazik, oklevel\u00e9t Budapesten szerezte Sz\u00e1nt\u00f3i K\u00f6r\u0151sy Korn\u00e9l n\u00e9ven 1903. december 12-\u00e9n. 1911-ben mag\u00e1ntan\u00e1ri k\u00e9pes\u00edt\u00e9st szerzett a t\u00e1pl\u00e1lkoz\u00e1s \u00e9lettana t\u00e1rgyk\u00f6rben. Tangl Ferenc hal\u00e1l\u00e1val 1917 v\u00e9g\u00e9n meg\u00fcresedett az \u00e9lettani tansz\u00e9k, melyre K\u0151r\u00f6sy is ny\u00fajtott be p\u00e1ly\u00e1zatot. B\u00e1r ezt Farkas G\u00e9za nyerte meg, beiktat\u00e1s\u00e1ig az 1917\/18. tan\u00e9v m\u00e1sodik fel\u00e9t\u0151l K\u0151r\u00f6sy adjunktus, c. rk. tan\u00e1r l\u00e1tta el helyettesk\u00e9nt a tansz\u00e9ki teend\u0151ket 1920. szeptember 15-ig. Az anyagcsere k\u00e9rd\u00e9seivel, majd biometri\u00e1val foglalkozott, melynek sz\u00e1m\u00edt\u00e1si m\u00f3dszereit az orvostudom\u00e1nyban is igyekezett alkalmazni. Tudom\u00e1nyos \u00e9rdekl\u0151d\u00e9se k\u00e9s\u0151bb a hum\u00e1ngenetika fel\u00e9 fordult.<\/p>\n<p style=\"text-align: justify\"><strong>F\u0151bb munk\u00e1ja:<\/strong> Versuch einer Theorie der Gen-Koppelung. Leipzig, 1928.<\/p>\n<p style=\"text-align: justify\"><strong>Nyughelye:<\/strong> Budapest, \u00dajk\u00f6ztemet\u0151 f\u00e9mbet\u00e9tes kopors\u00f3ban (adott \u00e9vben temet\u0151 nem tal\u00e1lja, izraelita temet\u0151ben nincs).<\/p>\n","protected":false},"excerpt":{"rendered":"<p>(Budapest, 1879. december 2. \u2013 Budapest, 1948. j\u00falius 23.) Tansz\u00e9k: \u00c9lettani Int\u00e9zet (h.) 1918-1920. Orvoscsal\u00e1db\u00f3l sz\u00e1rmazik, oklevel\u00e9t Budapesten szerezte Sz\u00e1nt\u00f3i K\u00f6r\u0151sy Korn\u00e9l n\u00e9ven 1903. december 12-\u00e9n. 1911-ben mag\u00e1ntan\u00e1ri k\u00e9pes\u00edt\u00e9st szerzett a t\u00e1pl\u00e1lkoz\u00e1s \u00e9lettana t\u00e1rgyk\u00f6rben. Tangl Ferenc hal\u00e1l\u00e1val 1917 v\u00e9g\u00e9n meg\u00fcresedett az \u00e9lettani tansz\u00e9k, melyre K\u0151r\u00f6sy is ny\u00fajtott be p\u00e1ly\u00e1zatot. B\u00e1r ezt Farkas G\u00e9za nyerte meg, &hellip;<\/p>\n","protected":false},"author":282,"featured_media":0,"parent":347,"menu_order":0,"comment_status":"closed","ping_status":"closed","template":"template-fullwidth.php","meta":{"_acf_changed":false,"footnotes":""},"categories":[77,14],"tags":[],"class_list":["post-1997","page","type-page","status-publish","hentry","category-kegyeleti-adattar","category-teljes-nevlista"],"acf":[],"_links":{"self":[{"href":"https:\/\/semmelweis.hu\/baratikor\/wp-json\/wp\/v2\/pages\/1997","targetHints":{"allow":["GET"]}}],"collection":[{"href":"https:\/\/semmelweis.hu\/baratikor\/wp-json\/wp\/v2\/pages"}],"about":[{"href":"https:\/\/semmelweis.hu\/baratikor\/wp-json\/wp\/v2\/types\/page"}],"author":[{"embeddable":true,"href":"https:\/\/semmelweis.hu\/baratikor\/wp-json\/wp\/v2\/users\/282"}],"replies":[{"embeddable":true,"href":"https:\/\/semmelweis.hu\/baratikor\/wp-json\/wp\/v2\/comments?post=1997"}],"version-history":[{"count":1,"href":"https:\/\/semmelweis.hu\/baratikor\/wp-json\/wp\/v2\/pages\/1997\/revisions"}],"predecessor-version":[{"id":1998,"href":"https:\/\/semmelweis.hu\/baratikor\/wp-json\/wp\/v2\/pages\/1997\/revisions\/1998"}],"up":[{"embeddable":true,"href":"https:\/\/semmelweis.hu\/baratikor\/wp-json\/wp\/v2\/pages\/347"}],"wp:attachment":[{"href":"https:\/\/semmelweis.hu\/baratikor\/wp-json\/wp\/v2\/media?parent=1997"}],"wp:term":[{"taxonomy":"category","embeddable":true,"href":"https:\/\/semmelweis.hu\/baratikor\/wp-json\/wp\/v2\/categories?post=1997"},{"taxonomy":"post_tag","embeddable":true,"href":"https:\/\/semmelweis.hu\/baratikor\/wp-json\/wp\/v2\/tags?post=1997"}],"curies":[{"name":"wp","href":"https:\/\/api.w.org\/{rel}","templated":true}]}}