{"id":1992,"date":"2023-01-04T10:26:31","date_gmt":"2023-01-04T09:26:31","guid":{"rendered":"https:\/\/semmelweis.hu\/baratikor\/?page_id=1992"},"modified":"2023-10-11T16:18:03","modified_gmt":"2023-10-11T14:18:03","slug":"kuzmik-pal","status":"publish","type":"page","link":"https:\/\/semmelweis.hu\/baratikor\/galeria\/teljes-nevlista\/kuzmik-pal\/","title":{"rendered":"Kuzmik P\u00e1l"},"content":{"rendered":"<p style=\"text-align: justify\"><strong> <a href=\"https:\/\/semmelweis.hu\/baratikor\/galeria\/teljes-nevlista\/kuzmik-pal\/kuzmik-pal-sebesz-_v2\/\" rel=\"attachment wp-att-1994\"><img loading=\"lazy\" decoding=\"async\" class=\"alignleft size-medium wp-image-1994\" src=\"https:\/\/semmelweis.hu\/baratikor\/files\/2023\/01\/Kuzmik-Pal-sebesz._v2-293x400.jpg\" alt=\"\" width=\"293\" height=\"400\" srcset=\"https:\/\/semmelweis.hu\/baratikor\/files\/2023\/01\/Kuzmik-Pal-sebesz._v2-293x400.jpg 293w, https:\/\/semmelweis.hu\/baratikor\/files\/2023\/01\/Kuzmik-Pal-sebesz._v2.jpg 733w\" sizes=\"auto, (max-width: 293px) 100vw, 293px\" \/><\/a>(<\/strong><strong>Eperjes, 1864. j\u00fanius 22.<\/strong><strong> \u2013 Budapest, 1925. december 19.)<\/strong><\/p>\n<p style=\"text-align: justify\"><strong>Tansz\u00e9k: <\/strong>II. sz. Seb\u00e9szet Klinika 1914-1925.<\/p>\n<p style=\"text-align: justify\">Orvosi diplom\u00e1j\u00e1t a budapesti egyetemen szerezte 1888. \u00e1prilis 28-\u00e1n. 1889-t\u0151l az egyetem II. sz. Seb\u00e9szeti Klinik\u00e1j\u00e1n nyert alkalmaz\u00e1st. 1891-ben tan\u00e1rseg\u00e9d, 1897-ben adjunktus lett. 1898-ban mag\u00e1ntan\u00e1ri k\u00e9pes\u00edt\u00e9st szerzett a seb\u00e9szeti m\u0171t\u00e9ttan t\u00e1rgyk\u00f6r\u00e9ben. 1905-ben c\u00edmzetes rendk\u00edv\u00fcli tan\u00e1ri c\u00edmet kapott. 1908-1914 k\u00f6z\u00f6tt a Szent J\u00e1nos K\u00f3rh\u00e1z seb\u00e9sz f\u0151orvosak\u00e9nt m\u0171k\u00f6d\u00f6tt. 1909-t\u0151l nyilv\u00e1nos rendk\u00edv\u00fcli tan\u00e1ri c\u00edmmel folytatta egyetemi el\u0151ad\u00e1sait. 1914. j\u00falius 4-\u00e9n nyilv\u00e1nos rendes tan\u00e1ri kinevez\u00e9st kapott a II. sz. Seb\u00e9szeti Klinika \u00e9l\u00e9re. A h\u00e1bor\u00fa kit\u00f6r\u00e9sekor \u00f6nk\u00e9ntesk\u00e9nt jelentkezett harct\u00e9ri szolg\u00e1latra. Munk\u00e1ss\u00e1ga sor\u00e1n a visszerek, a daganatok \u00e9s a s\u00e9r\u00fcl\u00e9sek m\u0171t\u00e9ttan\u00e1val foglalkozott. K\u00f6zlem\u00e9nyeit a Magyar Orvosi Arch\u00edvumban \u00e9s az Orvosi Hetilapban jelentek meg.<\/p>\n<p style=\"text-align: justify\"><strong>F\u0151bb munk\u00e1i:<\/strong> A b\u00e9lvarratok b\u00edr\u00e1lata. Bp., 1897.<\/p>\n<p style=\"text-align: justify\"><strong>Nyughelye:<\/strong> Eperjes? (dr. Bak Imre adatai szerint Eperjesen van eltemetve, de s\u00edrja elpusztult, mert fa d\u0151lt r\u00e1).<\/p>\n","protected":false},"excerpt":{"rendered":"<p><a href=\"https:\/\/semmelweis.hu\/baratikor\/galeria\/teljes-nevlista\/kuzmik-pal\/kuzmik-pal-sebesz-_v2\/\" rel=\"attachment wp-att-1994\"><\/a> (Eperjes, 1864. j\u00fanius 22. \u2013 Budapest, 1925. december 19.) Tansz\u00e9k: II. sz. Seb\u00e9szet Klinika 1914-1925. Orvosi diplom\u00e1j\u00e1t a budapesti egyetemen szerezte 1888. \u00e1prilis 28-\u00e1n. 1889-t\u0151l az egyetem II. sz. Seb\u00e9szeti Klinik\u00e1j\u00e1n nyert alkalmaz\u00e1st. 1891-ben tan\u00e1rseg\u00e9d, 1897-ben adjunktus lett. 1898-ban mag\u00e1ntan\u00e1ri k\u00e9pes\u00edt\u00e9st szerzett a seb\u00e9szeti m\u0171t\u00e9ttan t\u00e1rgyk\u00f6r\u00e9ben. 1905-ben c\u00edmzetes rendk\u00edv\u00fcli tan\u00e1ri c\u00edmet kapott. 1908-1914 k\u00f6z\u00f6tt a &hellip;<\/p>\n","protected":false},"author":282,"featured_media":5403,"parent":347,"menu_order":0,"comment_status":"closed","ping_status":"closed","template":"template-fullwidth.php","meta":{"_acf_changed":false,"footnotes":""},"categories":[77,14],"tags":[],"class_list":["post-1992","page","type-page","status-publish","has-post-thumbnail","hentry","category-kegyeleti-adattar","category-teljes-nevlista"],"acf":[],"_links":{"self":[{"href":"https:\/\/semmelweis.hu\/baratikor\/wp-json\/wp\/v2\/pages\/1992","targetHints":{"allow":["GET"]}}],"collection":[{"href":"https:\/\/semmelweis.hu\/baratikor\/wp-json\/wp\/v2\/pages"}],"about":[{"href":"https:\/\/semmelweis.hu\/baratikor\/wp-json\/wp\/v2\/types\/page"}],"author":[{"embeddable":true,"href":"https:\/\/semmelweis.hu\/baratikor\/wp-json\/wp\/v2\/users\/282"}],"replies":[{"embeddable":true,"href":"https:\/\/semmelweis.hu\/baratikor\/wp-json\/wp\/v2\/comments?post=1992"}],"version-history":[{"count":2,"href":"https:\/\/semmelweis.hu\/baratikor\/wp-json\/wp\/v2\/pages\/1992\/revisions"}],"predecessor-version":[{"id":1996,"href":"https:\/\/semmelweis.hu\/baratikor\/wp-json\/wp\/v2\/pages\/1992\/revisions\/1996"}],"up":[{"embeddable":true,"href":"https:\/\/semmelweis.hu\/baratikor\/wp-json\/wp\/v2\/pages\/347"}],"wp:featuredmedia":[{"embeddable":true,"href":"https:\/\/semmelweis.hu\/baratikor\/wp-json\/wp\/v2\/media\/5403"}],"wp:attachment":[{"href":"https:\/\/semmelweis.hu\/baratikor\/wp-json\/wp\/v2\/media?parent=1992"}],"wp:term":[{"taxonomy":"category","embeddable":true,"href":"https:\/\/semmelweis.hu\/baratikor\/wp-json\/wp\/v2\/categories?post=1992"},{"taxonomy":"post_tag","embeddable":true,"href":"https:\/\/semmelweis.hu\/baratikor\/wp-json\/wp\/v2\/tags?post=1992"}],"curies":[{"name":"wp","href":"https:\/\/api.w.org\/{rel}","templated":true}]}}