{"id":1988,"date":"2023-01-04T10:21:03","date_gmt":"2023-01-04T09:21:03","guid":{"rendered":"https:\/\/semmelweis.hu\/baratikor\/?page_id=1988"},"modified":"2023-10-11T16:16:53","modified_gmt":"2023-10-11T14:16:53","slug":"kudasz-jozsef","status":"publish","type":"page","link":"https:\/\/semmelweis.hu\/baratikor\/galeria\/teljes-nevlista\/kudasz-jozsef\/","title":{"rendered":"Kud\u00e1sz J\u00f3zsef"},"content":{"rendered":"<p style=\"text-align: justify\"><strong><a href=\"https:\/\/semmelweis.hu\/baratikor\/galeria\/teljes-nevlista\/kudasz-jozsef\/kudasz-jozsef\/\" rel=\"attachment wp-att-1989\"><img loading=\"lazy\" decoding=\"async\" class=\"alignleft size-medium wp-image-1989\" src=\"https:\/\/semmelweis.hu\/baratikor\/files\/2023\/01\/Kudasz-Jozsef-274x400.jpg\" alt=\"\" width=\"274\" height=\"400\" srcset=\"https:\/\/semmelweis.hu\/baratikor\/files\/2023\/01\/Kudasz-Jozsef-274x400.jpg 274w, https:\/\/semmelweis.hu\/baratikor\/files\/2023\/01\/Kudasz-Jozsef.jpg 684w\" sizes=\"auto, (max-width: 274px) 100vw, 274px\" \/><\/a>(Keresztesp\u00fcsp\u00f6ki<\/strong><strong>, 1904. j\u00falius 10.<\/strong><strong> \u2013 Budapest, 1981. j\u00falius 27.)<\/strong><\/p>\n<p style=\"text-align: justify\"><strong>Tansz\u00e9k: <\/strong>III. sz. Seb\u00e9szeti Klinika 1955-1957, IV. sz. Seb\u00e9szeti Klinika 1957-1975.<\/p>\n<p style=\"text-align: justify\">H\u00e9tgyermekes vid\u00e9ki \u00e9rtelmis\u00e9gi csal\u00e1db\u00f3l sz\u00e1rmazott, \u00e9desapja tan\u00edt\u00f3 volt. A mez\u0151k\u00f6vesdi gimn\u00e1ziumban \u00e9retts\u00e9gizett 1924-ben. Orvosi tanulm\u00e1nyai egyik r\u00e9sz\u00e9t itthon v\u00e9gezte, majd egy \u00f6szt\u00f6nd\u00edj seg\u00edts\u00e9g\u00e9vel a Modenai Egyetemen tanult, ahol 1931. december 4-\u00e9n orvosi oklevelet szerzett. Ezt a debreceni Tisza Istv\u00e1n Tudom\u00e1nyegyetemen 1937. december 22-\u00e9n honos\u00edttatta, ahol 1936-ig a K\u00f3rbonctani Int\u00e9zetben, majd a Seb\u00e9szeti Klinik\u00e1n dolgozott. \u00c1tmenetileg az Egri K\u00f6zk\u00f3rh\u00e1zban is m\u0171k\u00f6d\u00f6tt. 1940-ben a budapesti R\u00f3kus K\u00f3rh\u00e1z seb\u00e9szeti oszt\u00e1ly\u00e1n szolg\u00e1lt el\u0151bb mint seg\u00e9dorvos, majd alorvos, k\u00e9s\u0151bb adjunktusk\u00e9nt. Seb\u00e9sz szakorvosi oklevel\u00e9t 1940. szeptember 3-\u00e1n szerezte meg. Katonai szolg\u00e1latot 1941-ben a debreceni hadik\u00f3rh\u00e1zban, illetve 1944-1945 folyam\u00e1n a szombathelyi hadik\u00f3rh\u00e1zban teljes\u00edtett. 1946 janu\u00e1rj\u00e1ban seb\u00e9sz f\u0151orvosk\u00e9nt a L\u00e1szl\u00f3 k\u00f3rh\u00e1z vezet\u00e9s\u00e9vel b\u00edzt\u00e1k meg, 1947. j\u00fanius 1-t\u0151l pedig az Istv\u00e1n k\u00f3rh\u00e1z gyermekseb\u00e9szeti oszt\u00e1ly\u00e1nak f\u0151orvosak\u00e9nt tev\u00e9kenykedett. 1950 november\u00e9ben P\u00e9csre h\u00edvt\u00e1k, az ottani egyetemi Orvostudom\u00e1nyi Kar II. sz. Seb\u00e9szeti Klinik\u00e1ja \u00e9l\u00e9re. Egy \u00e9vi megb\u00edzat\u00e1s ut\u00e1n egyetemi tan\u00e1ri kinevez\u00e9st kapott. 1952. okt\u00f3ber 18-\u00e1n megszerezte a kandid\u00e1tusi fokozatot. 1955-ben megh\u00edvt\u00e1k a f\u0151v\u00e1rosba, a BOTE III. sz. Seb\u00e9szeti Klinik\u00e1ra igazgat\u00f3nak. 1957-ben \u00e1tvette a Littmann Imre t\u00e1voz\u00e1s\u00e1val gazd\u00e1tlann\u00e1 v\u00e1lt IV. sz. Seb\u00e9szeti Klinik\u00e1t, ahol eg\u00e9szen nyug\u00e1llom\u00e1nyba vonul\u00e1s\u00e1ig, 1974-ig szolg\u00e1lt.<\/p>\n<p style=\"text-align: justify\">Kezdetben traumatol\u00f3gi\u00e1val, majd gyermekseb\u00e9szettel foglalkozott. Gyermekseb\u00e9szk\u00e9nt fordult figyelme el\u0151sz\u00f6r a sz\u00edv- \u00e9s \u00e9rseb\u00e9szet ir\u00e1ny\u00e1ba, ahol jelent\u0151s eredm\u00e9nyeket \u00e9rt el. Magyarorsz\u00e1gon el\u0151sz\u00f6r \u0151 v\u00e9gzett Blalock-m\u0171t\u00e9tet (az aorta sz\u0171k\u00fclet\u00e9nek m\u0171t\u00e9ti megold\u00e1sa), aorta commissurotomi\u00e1t Swann-m\u00f3dszerrel \u00e9s \u0151 alkalmazott el\u0151sz\u00f6r median sternotomi\u00e1s felt\u00e1r\u00e1st. Nev\u00e9hez f\u0171z\u0151dik az extracorporalis perfusi\u00f3val ny\u00edlt sz\u00edven v\u00e9gzett m\u0171t\u00e9tek bevezet\u00e9se. Haz\u00e1nkban az els\u0151k k\u00f6z\u00f6tt v\u00e9gzett combnyaksz\u00f6gez\u00e9st. Kunos Istv\u00e1nnal k\u00f6z\u00f6sen meg\u00edrt monogr\u00e1fi\u00e1ja, melyben el\u00e9rt eredm\u00e9nyeit \u00f6sszegezi, m\u00e9rf\u00f6ldk\u0151nek sz\u00e1m\u00edt.<\/p>\n<p style=\"text-align: justify\">Tagja volt az Orvos-Eg\u00e9szs\u00e9g\u00fcgyi Dolgoz\u00f3k Szakszervezet\u00e9nek, az MKP-nek, illetve az MDP-nek, de tov\u00e1bbi (1956 ut\u00e1ni) p\u00e1rttags\u00e1g\u00e1r\u00f3l nincs adat. Tagja volt az ETT-nek, vezet\u0151s\u00e9gi tagja a Magyar Kardiol\u00f3giai T\u00e1rsas\u00e1gnak \u00e9s a Magyar Seb\u00e9sz T\u00e1rsas\u00e1gnak. 1966-ban a hallei Deutsche Akademie der Naturforscher Leopoldina is tagjai k\u00f6z\u00e9 v\u00e1lasztotta. \u00c9veken kereszt\u00fcl m\u0171k\u00f6d\u00f6tt k\u00f6zre a Grudnaja Hirurgia c. szaklap szerkeszt\u00e9s\u00e9ben.<\/p>\n<p style=\"text-align: justify\">1954-ben \u201eKiv\u00e1l\u00f3 orvos\u201d elismer\u00e9sben r\u00e9szes\u00fclt.<\/p>\n<p style=\"text-align: justify\"><strong>F\u0151bb munk\u00e1i:<\/strong> Wiederherstellungschirurgie an Herz un Herzbeutel (t\u00e1rsszerz\u0151). Berlin, 1959.; Oper\u00e1lhat\u00f3 sz\u00edvbetegs\u00e9gek (Kunos Istv\u00e1nnal). Bp., 1965.<\/p>\n<p style=\"text-align: justify\"><strong>Nyughelye:<\/strong> Urn\u00e1t Kis\u00fajsz\u00e1ll\u00e1sra vitte temetkez\u00e9si v\u00e1llalkoz\u00f3.<\/p>\n","protected":false},"excerpt":{"rendered":"<p><a href=\"https:\/\/semmelweis.hu\/baratikor\/galeria\/teljes-nevlista\/kudasz-jozsef\/kudasz-jozsef\/\" rel=\"attachment wp-att-1989\"><\/a> (Keresztesp\u00fcsp\u00f6ki, 1904. j\u00falius 10. \u2013 Budapest, 1981. j\u00falius 27.) Tansz\u00e9k: III. sz. Seb\u00e9szeti Klinika 1955-1957, IV. sz. Seb\u00e9szeti Klinika 1957-1975. H\u00e9tgyermekes vid\u00e9ki \u00e9rtelmis\u00e9gi csal\u00e1db\u00f3l sz\u00e1rmazott, \u00e9desapja tan\u00edt\u00f3 volt. A mez\u0151k\u00f6vesdi gimn\u00e1ziumban \u00e9retts\u00e9gizett 1924-ben. Orvosi tanulm\u00e1nyai egyik r\u00e9sz\u00e9t itthon v\u00e9gezte, majd egy \u00f6szt\u00f6nd\u00edj seg\u00edts\u00e9g\u00e9vel a Modenai Egyetemen tanult, ahol 1931. december 4-\u00e9n orvosi oklevelet szerzett. Ezt &hellip;<\/p>\n","protected":false},"author":282,"featured_media":5402,"parent":347,"menu_order":0,"comment_status":"closed","ping_status":"closed","template":"template-fullwidth.php","meta":{"_acf_changed":false,"footnotes":""},"categories":[77,14],"tags":[],"class_list":["post-1988","page","type-page","status-publish","has-post-thumbnail","hentry","category-kegyeleti-adattar","category-teljes-nevlista"],"acf":[],"_links":{"self":[{"href":"https:\/\/semmelweis.hu\/baratikor\/wp-json\/wp\/v2\/pages\/1988","targetHints":{"allow":["GET"]}}],"collection":[{"href":"https:\/\/semmelweis.hu\/baratikor\/wp-json\/wp\/v2\/pages"}],"about":[{"href":"https:\/\/semmelweis.hu\/baratikor\/wp-json\/wp\/v2\/types\/page"}],"author":[{"embeddable":true,"href":"https:\/\/semmelweis.hu\/baratikor\/wp-json\/wp\/v2\/users\/282"}],"replies":[{"embeddable":true,"href":"https:\/\/semmelweis.hu\/baratikor\/wp-json\/wp\/v2\/comments?post=1988"}],"version-history":[{"count":2,"href":"https:\/\/semmelweis.hu\/baratikor\/wp-json\/wp\/v2\/pages\/1988\/revisions"}],"predecessor-version":[{"id":1991,"href":"https:\/\/semmelweis.hu\/baratikor\/wp-json\/wp\/v2\/pages\/1988\/revisions\/1991"}],"up":[{"embeddable":true,"href":"https:\/\/semmelweis.hu\/baratikor\/wp-json\/wp\/v2\/pages\/347"}],"wp:featuredmedia":[{"embeddable":true,"href":"https:\/\/semmelweis.hu\/baratikor\/wp-json\/wp\/v2\/media\/5402"}],"wp:attachment":[{"href":"https:\/\/semmelweis.hu\/baratikor\/wp-json\/wp\/v2\/media?parent=1988"}],"wp:term":[{"taxonomy":"category","embeddable":true,"href":"https:\/\/semmelweis.hu\/baratikor\/wp-json\/wp\/v2\/categories?post=1988"},{"taxonomy":"post_tag","embeddable":true,"href":"https:\/\/semmelweis.hu\/baratikor\/wp-json\/wp\/v2\/tags?post=1988"}],"curies":[{"name":"wp","href":"https:\/\/api.w.org\/{rel}","templated":true}]}}