{"id":1986,"date":"2023-01-04T10:19:24","date_gmt":"2023-01-04T09:19:24","guid":{"rendered":"https:\/\/semmelweis.hu\/baratikor\/?page_id=1986"},"modified":"2023-01-09T11:23:00","modified_gmt":"2023-01-09T10:23:00","slug":"kubinyi-pal","status":"publish","type":"page","link":"https:\/\/semmelweis.hu\/baratikor\/galeria\/teljes-nevlista\/kubinyi-pal\/","title":{"rendered":"Kubinyi P\u00e1l"},"content":{"rendered":"<p style=\"text-align: justify\"><strong>Kubinyi P\u00e1l, nemes fels\u0151kubinyi \u00e9s dem\u00e9nyfalvi (<\/strong><strong>N\u00e1dasd, 1870. m\u00e1rcius 20.<\/strong><strong> \u2013 Budapest, 1928. november 23.)<\/strong><\/p>\n<p style=\"text-align: justify\"><strong>Tansz\u00e9k: <\/strong>I. sz. Sz\u00fcl\u00e9szeti \u00e9s N\u0151gy\u00f3gy\u00e1szati Klinika 1926-1928.<\/p>\n<p style=\"text-align: justify\">A kir. m. Budapesti Tudom\u00e1nyegyetemen 1892. december 24-\u00e9n avatt\u00e1k orvosdoktorr\u00e1. 1893-t\u00f3l Tauffer Vilmos II. sz. Sz\u00fcl\u00e9szeti \u00e9s N\u0151gy\u00f3gy\u00e1szati Klinik\u00e1j\u00e1n m\u0171k\u00f6d\u00f6tt. 1908-t\u00f3l f\u0151orvosi \u00e1ll\u00e1st t\u00f6lt\u00f6tt be a budapesti (Apponyi) poliklinik\u00e1n. 1909-ben mag\u00e1ntan\u00e1ri habilit\u00e1ci\u00f3t szerzett a sz\u00fcl\u00e9szet \u00e9s sz\u00fcl\u00e9szeti m\u0171t\u00e9ttan t\u00e1rgyk\u00f6r\u00e9ben. 1918-ban \u00e1tvette a hamarosan menek\u00fcl\u00e9sre k\u00e9nyszer\u00fclt kolozsv\u00e1ri egyetem sz\u00fcl\u00e9szeti tansz\u00e9k\u00e9t, amely r\u00f6vid budapesti k\u00f6zj\u00e1t\u00e9k ut\u00e1n Szegeden tal\u00e1lt otthonra. 1926-ban Budapestre h\u00edvt\u00e1k a B\u00e1rsony J\u00e1nos hal\u00e1l\u00e1val meg\u00fcr\u00fclt I. sz. Sz\u00fcl\u00e9szeti \u00e9s N\u0151gy\u00f3gy\u00e1szati Klinika \u00e9l\u00e9re. Betegs\u00e9ge miatt 1928. m\u00e1jus 1-j\u00e9t\u0151l egy \u00e9vi szabads\u00e1got k\u00e9rt, \u00edgy a klinik\u00e1t helyettesk\u00e9nt Lehoczky-Semmelweis K\u00e1lm\u00e1n vitte tov\u00e1bb. Betegs\u00e9ge elhatalmasodott, korai hal\u00e1la megakad\u00e1lyozta visszat\u00e9r\u00e9s\u00e9t.<\/p>\n<p style=\"text-align: justify\">Munk\u00e1ss\u00e1ga a sz\u00fcl\u00e9szeti m\u0171t\u00e9ttan ter\u00fclet\u00e9t \u00f6lelte fel, eredm\u00e9nyeket \u00e9rt el a m\u0171t\u00e9t ut\u00e1ni hash\u00e1rtyagyullad\u00e1s megel\u0151z\u00e9s\u00e9ben, tov\u00e1bbfejlesztette a m\u00e9hr\u00e1k- \u00e9s myomam\u0171t\u00e9teket, illetve a h\u00e1trahajlott terhes m\u00e9h eset\u00e9n sz\u00fcks\u00e9ges beavatkoz\u00e1st. Kezdem\u00e9nyezte a n\u0151k r\u00e1ksz\u0171r\u00e9s\u00e9t.<\/p>\n<p style=\"text-align: justify\"><strong>F\u0151bb munk\u00e1i:<\/strong> A m\u00e9hr\u00e1k \u00e9s gy\u00f3gy\u00edt\u00e1sa klinikai tapasztalatok alapj\u00e1n. Bp., 1907.<\/p>\n<p style=\"text-align: justify\"><strong>Nyughelye:<\/strong> Di\u00f3sgy\u0151r?<\/p>\n","protected":false},"excerpt":{"rendered":"<p>Kubinyi P\u00e1l, nemes fels\u0151kubinyi \u00e9s dem\u00e9nyfalvi (N\u00e1dasd, 1870. m\u00e1rcius 20. \u2013 Budapest, 1928. november 23.) Tansz\u00e9k: I. sz. Sz\u00fcl\u00e9szeti \u00e9s N\u0151gy\u00f3gy\u00e1szati Klinika 1926-1928. A kir. m. Budapesti Tudom\u00e1nyegyetemen 1892. december 24-\u00e9n avatt\u00e1k orvosdoktorr\u00e1. 1893-t\u00f3l Tauffer Vilmos II. sz. Sz\u00fcl\u00e9szeti \u00e9s N\u0151gy\u00f3gy\u00e1szati Klinik\u00e1j\u00e1n m\u0171k\u00f6d\u00f6tt. 1908-t\u00f3l f\u0151orvosi \u00e1ll\u00e1st t\u00f6lt\u00f6tt be a budapesti (Apponyi) poliklinik\u00e1n. 1909-ben mag\u00e1ntan\u00e1ri habilit\u00e1ci\u00f3t &hellip;<\/p>\n","protected":false},"author":282,"featured_media":0,"parent":347,"menu_order":0,"comment_status":"closed","ping_status":"closed","template":"template-fullwidth.php","meta":{"_acf_changed":false,"footnotes":""},"categories":[77,14],"tags":[],"class_list":["post-1986","page","type-page","status-publish","hentry","category-kegyeleti-adattar","category-teljes-nevlista"],"acf":[],"_links":{"self":[{"href":"https:\/\/semmelweis.hu\/baratikor\/wp-json\/wp\/v2\/pages\/1986","targetHints":{"allow":["GET"]}}],"collection":[{"href":"https:\/\/semmelweis.hu\/baratikor\/wp-json\/wp\/v2\/pages"}],"about":[{"href":"https:\/\/semmelweis.hu\/baratikor\/wp-json\/wp\/v2\/types\/page"}],"author":[{"embeddable":true,"href":"https:\/\/semmelweis.hu\/baratikor\/wp-json\/wp\/v2\/users\/282"}],"replies":[{"embeddable":true,"href":"https:\/\/semmelweis.hu\/baratikor\/wp-json\/wp\/v2\/comments?post=1986"}],"version-history":[{"count":1,"href":"https:\/\/semmelweis.hu\/baratikor\/wp-json\/wp\/v2\/pages\/1986\/revisions"}],"predecessor-version":[{"id":1987,"href":"https:\/\/semmelweis.hu\/baratikor\/wp-json\/wp\/v2\/pages\/1986\/revisions\/1987"}],"up":[{"embeddable":true,"href":"https:\/\/semmelweis.hu\/baratikor\/wp-json\/wp\/v2\/pages\/347"}],"wp:attachment":[{"href":"https:\/\/semmelweis.hu\/baratikor\/wp-json\/wp\/v2\/media?parent=1986"}],"wp:term":[{"taxonomy":"category","embeddable":true,"href":"https:\/\/semmelweis.hu\/baratikor\/wp-json\/wp\/v2\/categories?post=1986"},{"taxonomy":"post_tag","embeddable":true,"href":"https:\/\/semmelweis.hu\/baratikor\/wp-json\/wp\/v2\/tags?post=1986"}],"curies":[{"name":"wp","href":"https:\/\/api.w.org\/{rel}","templated":true}]}}