{"id":1973,"date":"2023-01-04T10:13:39","date_gmt":"2023-01-04T09:13:39","guid":{"rendered":"https:\/\/semmelweis.hu\/baratikor\/?page_id=1973"},"modified":"2023-10-11T16:09:23","modified_gmt":"2023-10-11T14:09:23","slug":"klimko-dezso","status":"publish","type":"page","link":"https:\/\/semmelweis.hu\/baratikor\/galeria\/teljes-nevlista\/klimko-dezso\/","title":{"rendered":"Klimk\u00f3 Dezs\u0151"},"content":{"rendered":"<p style=\"text-align: justify\"><strong><a href=\"https:\/\/semmelweis.hu\/baratikor\/galeria\/teljes-nevlista\/klimko-dezso\/klimko-dezso-3\/\" rel=\"attachment wp-att-1974\"><img loading=\"lazy\" decoding=\"async\" class=\"alignleft size-medium wp-image-1974\" src=\"https:\/\/semmelweis.hu\/baratikor\/files\/2023\/01\/Klimko-Dezso-3-286x400.jpg\" alt=\"\" width=\"286\" height=\"400\" srcset=\"https:\/\/semmelweis.hu\/baratikor\/files\/2023\/01\/Klimko-Dezso-3-286x400.jpg 286w, https:\/\/semmelweis.hu\/baratikor\/files\/2023\/01\/Klimko-Dezso-3.jpg 714w\" sizes=\"auto, (max-width: 286px) 100vw, 286px\" \/><\/a>(<\/strong><strong>Szeged, 1900. m\u00e1rcius 11.<\/strong><strong> \u2013 Budapest, 1972. j\u00fanius 4.)<\/strong><\/p>\n<p style=\"text-align: justify\"><strong>Tansz\u00e9k: <\/strong>I. sz. Seb\u00e9szeti Klinika 1947-1949, II. sz. Seb\u00e9szeti Klinika 1957-1959.<\/p>\n<p style=\"text-align: justify\">Teljes nev\u00e9n Klimk\u00f3 Dezs\u0151 \u00d6d\u00f6n Ede Istv\u00e1n, orvosi oklevel\u00e9t Budapesten szerezte 1924. december 13-\u00e1n. 1926-1937 k\u00f6z\u00f6tt az egyetem II. sz. Seb\u00e9szeti Klinik\u00e1j\u00e1n dolgozott mint m\u0171t\u0151n\u00f6vend\u00e9k, tan\u00e1rseg\u00e9d majd adjunktus. K\u00f6zben, 1927-ben m\u0171t\u0151seb\u00e9szi szakvizsg\u00e1t tett, 1934-ben pedig mag\u00e1ntan\u00e1ri k\u00e9pes\u00edt\u00e9st szerzett <em>a seb\u00e9szeti m\u0171t\u00e9ttan, k\u00fcl\u00f6n\u00f6s tekintettel az \u00e9rz\u00e9stelen\u00edt\u0151 elj\u00e1r\u00e1sokra<\/em> t\u00e1rgyk\u00f6rben. 1937-1940 k\u00f6z\u00f6tt a Szent J\u00e1nos, majd a Szent Istv\u00e1n K\u00f3rh\u00e1zakban volt seb\u00e9sz f\u0151orvos. 1940 okt\u00f3ber\u00e9ben elv\u00e1llalta a kolozsv\u00e1ri Ferenc J\u00f3zsef Tudom\u00e1nyegyetem seb\u00e9szeti klinik\u00e1j\u00e1nak igazgat\u00e1s\u00e1t egyetemi rendk\u00edv\u00fcli tan\u00e1ri kinevez\u00e9ssel, amit 1941-ben nyilv\u00e1nos rendes tan\u00e1ri kinevez\u00e9sre v\u00e1ltoztattak. 1945-ben az egyetem orvosi \u00e9s gy\u00f3gyszer\u00e9szeti kar\u00e1t Marosv\u00e1s\u00e1rhelyre telep\u00edtett\u00e9k \u00e1t, \u00edgy 1947-ben innen j\u00f6tt vissza Budapestre az I. sz. Seb\u00e9szeti Klinika \u00e9l\u00e9re, ahol 1949-ig m\u0171k\u00f6d\u00f6tt. 1949-1956 k\u00f6z\u00f6tt a f\u0151v\u00e1rosi Kor\u00e1nyi Frigyes \u00e9s S\u00e1ndor K\u00f3rh\u00e1z, majd 1957-ig a Balassa J\u00e1nos K\u00f3rh\u00e1z seb\u00e9sz f\u0151orvosa volt. 1957-1959 k\u00f6z\u00f6tt a BOTE II. sz. Seb\u00e9szeti Klinik\u00e1j\u00e1t igazgatta. 1959-t\u0151l 1969-ben t\u00f6rt\u00e9nt nyug\u00e1llom\u00e1nyba vonul\u00e1s\u00e1ig ism\u00e9t az Istv\u00e1n, illetve a J\u00e1nos K\u00f3rh\u00e1z seb\u00e9sz f\u0151orvosak\u00e9nt dolgozott.<\/p>\n<p style=\"text-align: justify\">Tudom\u00e1nyos \u00e9s kutat\u00f3 tev\u00e9kenys\u00e9ge a seb\u00e9szet sz\u00e1mos \u00e1g\u00e1ra kiterjedt, legjelent\u0151sebbek a gyomor reoper\u00e1l\u00e1s\u00e1val foglalkoz\u00f3 munk\u00e1i.<\/p>\n<p style=\"text-align: justify\"><strong>F\u0151bb munk\u00e1i:<\/strong> Az \u00e1ltal\u00e1nos \u00e9rz\u00e9stelen\u00edt\u00e9s. Bp., 1933.; Neuer Beitrag zur Frage des Halsrippensyndroms. Bp. &#8211; Leipzig, 1944.; A gyomor- \u00e9s nyomb\u00e9lfek\u00e9ly m\u0171t\u00e9te ut\u00e1ni k\u00e9s\u0151i panaszok k\u00f3roktana \u00e9s seb\u00e9szi elemz\u00e9se (Stefanics J\u00e1nossal \u00e9s Egri Gy\u00f6rggyel). Bp. 1961. (klny. az Orv. Hetilap 1960. \u00e9vfolyam\u00e1b\u00f3l).<\/p>\n<p style=\"text-align: justify\"><strong>Nyughelye:<\/strong> Budapest, Farkasr\u00e9ti temet\u0151 UJ7\/0\/2\/12-13.<\/p>\n","protected":false},"excerpt":{"rendered":"<p><a href=\"https:\/\/semmelweis.hu\/baratikor\/galeria\/teljes-nevlista\/klimko-dezso\/klimko-dezso-3\/\" rel=\"attachment wp-att-1974\"><\/a> (Szeged, 1900. m\u00e1rcius 11. \u2013 Budapest, 1972. j\u00fanius 4.) Tansz\u00e9k: I. sz. Seb\u00e9szeti Klinika 1947-1949, II. sz. Seb\u00e9szeti Klinika 1957-1959. Teljes nev\u00e9n Klimk\u00f3 Dezs\u0151 \u00d6d\u00f6n Ede Istv\u00e1n, orvosi oklevel\u00e9t Budapesten szerezte 1924. december 13-\u00e1n. 1926-1937 k\u00f6z\u00f6tt az egyetem II. sz. Seb\u00e9szeti Klinik\u00e1j\u00e1n dolgozott mint m\u0171t\u0151n\u00f6vend\u00e9k, tan\u00e1rseg\u00e9d majd adjunktus. K\u00f6zben, 1927-ben m\u0171t\u0151seb\u00e9szi szakvizsg\u00e1t tett, 1934-ben pedig &hellip;<\/p>\n","protected":false},"author":282,"featured_media":5399,"parent":347,"menu_order":0,"comment_status":"closed","ping_status":"closed","template":"template-fullwidth.php","meta":{"_acf_changed":false,"footnotes":""},"categories":[77,14],"tags":[],"class_list":["post-1973","page","type-page","status-publish","has-post-thumbnail","hentry","category-kegyeleti-adattar","category-teljes-nevlista"],"acf":[],"_links":{"self":[{"href":"https:\/\/semmelweis.hu\/baratikor\/wp-json\/wp\/v2\/pages\/1973","targetHints":{"allow":["GET"]}}],"collection":[{"href":"https:\/\/semmelweis.hu\/baratikor\/wp-json\/wp\/v2\/pages"}],"about":[{"href":"https:\/\/semmelweis.hu\/baratikor\/wp-json\/wp\/v2\/types\/page"}],"author":[{"embeddable":true,"href":"https:\/\/semmelweis.hu\/baratikor\/wp-json\/wp\/v2\/users\/282"}],"replies":[{"embeddable":true,"href":"https:\/\/semmelweis.hu\/baratikor\/wp-json\/wp\/v2\/comments?post=1973"}],"version-history":[{"count":2,"href":"https:\/\/semmelweis.hu\/baratikor\/wp-json\/wp\/v2\/pages\/1973\/revisions"}],"predecessor-version":[{"id":1976,"href":"https:\/\/semmelweis.hu\/baratikor\/wp-json\/wp\/v2\/pages\/1973\/revisions\/1976"}],"up":[{"embeddable":true,"href":"https:\/\/semmelweis.hu\/baratikor\/wp-json\/wp\/v2\/pages\/347"}],"wp:featuredmedia":[{"embeddable":true,"href":"https:\/\/semmelweis.hu\/baratikor\/wp-json\/wp\/v2\/media\/5399"}],"wp:attachment":[{"href":"https:\/\/semmelweis.hu\/baratikor\/wp-json\/wp\/v2\/media?parent=1973"}],"wp:term":[{"taxonomy":"category","embeddable":true,"href":"https:\/\/semmelweis.hu\/baratikor\/wp-json\/wp\/v2\/categories?post=1973"},{"taxonomy":"post_tag","embeddable":true,"href":"https:\/\/semmelweis.hu\/baratikor\/wp-json\/wp\/v2\/tags?post=1973"}],"curies":[{"name":"wp","href":"https:\/\/api.w.org\/{rel}","templated":true}]}}