{"id":1962,"date":"2023-01-04T10:07:43","date_gmt":"2023-01-04T09:07:43","guid":{"rendered":"https:\/\/semmelweis.hu\/baratikor\/?page_id=1962"},"modified":"2023-10-11T16:00:44","modified_gmt":"2023-10-11T14:00:44","slug":"kiraly-kalman","status":"publish","type":"page","link":"https:\/\/semmelweis.hu\/baratikor\/galeria\/teljes-nevlista\/kiraly-kalman\/","title":{"rendered":"Kir\u00e1ly K\u00e1lm\u00e1n"},"content":{"rendered":"<p style=\"text-align: justify\"><strong><a href=\"https:\/\/semmelweis.hu\/baratikor\/galeria\/teljes-nevlista\/kiraly-kalman\/kiraly-kalman\/\" rel=\"attachment wp-att-1963\"><img loading=\"lazy\" decoding=\"async\" class=\"alignleft size-medium wp-image-1963\" src=\"https:\/\/semmelweis.hu\/baratikor\/files\/2023\/01\/Kiraly-Kalman-276x400.jpg\" alt=\"\" width=\"276\" height=\"400\" srcset=\"https:\/\/semmelweis.hu\/baratikor\/files\/2023\/01\/Kiraly-Kalman-276x400.jpg 276w, https:\/\/semmelweis.hu\/baratikor\/files\/2023\/01\/Kiraly-Kalman.jpg 689w\" sizes=\"auto, (max-width: 276px) 100vw, 276px\" \/><\/a> (Rag\u00e1ly<\/strong><strong>, 1919. okt\u00f3ber 14.<\/strong><strong> \u2013 Budapest, 1978. m\u00e1jus 18.)<\/strong><\/p>\n<p style=\"text-align: justify\"><strong>Tansz\u00e9k: <\/strong>B\u0151r- \u00e9s Nemik\u00f3rtani Klinika 1967-1968 (mb.), 1968-1978.<\/p>\n<p style=\"text-align: justify\">\u00c9desapja reform\u00e1tus lelk\u00e9szk\u00e9nt szolg\u00e1lt a G\u00f6m\u00f6r megyei Rag\u00e1lyon. \u00d6ccse Kir\u00e1ly Istv\u00e1n irodalomt\u00f6rt\u00e9n\u00e9sz, akad\u00e9mikus volt. K\u00f6z\u00e9piskolai tanulm\u00e1nyait 1929-1937 k\u00f6z\u00f6tt S\u00e1rospatakon v\u00e9gezte, majd a debreceni Tisza Istv\u00e1n Tudom\u00e1nyegyetem Orvostudom\u00e1nyi Kar\u00e1ra iratkozott be. Egyetemre l\u00e9p\u00e9sekor bel\u00e9pett a Turul Bajt\u00e1rsi Sz\u00f6vets\u00e9gbe, ahonnan csakhamar \u00f6nk\u00e9nt t\u00e1vozott. Tanulm\u00e1nyait v\u00e9gig jeles eredm\u00e9nnyel v\u00e9gezte, z\u00e1r\u00f3szigorlatot 1943-ban tett, de sub auspiciis gubernatoris avat\u00e1s\u00e1ra csak 1944. szeptember 27-\u00e9n ker\u00fclhetett sor. M\u00e1r 1942-t\u0151l d\u00edjtalan gyakornokk\u00e9nt dolgozott az egyetem B\u0151rgy\u00f3gy\u00e1szati Klinik\u00e1j\u00e1n. A v\u00e1ros 1944-es ki\u00fcr\u00edt\u00e9sekor helyben maradt \u00e9s a klinik\u00e1n berendezett szovjet hadik\u00f3rh\u00e1zban teljes\u00edtett szolg\u00e1latot. 1944-ben fizet\u00e9stelen tan\u00e1rseg\u00e9di beoszt\u00e1st kapott. 1945-ben bel\u00e9pett a Magyar Orvosok Szabad Szakszervezet\u00e9be, hamarosan a szakszervezet debreceni fi\u00f3kj\u00e1nak titk\u00e1ra lett, amely feladat\u00e1t 1946-ig l\u00e1tta el. Szint\u00e9n 1945-ben lett tagja az MKP-nak, p\u00e1rttags\u00e1ga ett\u0151l kezdve hal\u00e1l\u00e1ig folyamatos volt. 1946. j\u00falius 5-\u00e9n b\u0151rgy\u00f3gy\u00e1sz szakorvosi k\u00e9pes\u00edt\u00e9st szerzett, majd ekkort\u00f3l 1950-ig a leningr\u00e1di B\u0151rgy\u00f3gy\u00e1szati Klinik\u00e1n volt aspir\u00e1ns. 1949-ben itt \u00e9rte el a kandid\u00e1tusi fokozatot (honos\u00edt\u00e1s: 1952.VII.14.). Hazat\u00e9rve 1950-1951 folyam\u00e1n a budapesti B\u0151r- \u00e9s Nemik\u00f3rtani Klinik\u00e1n kapott tan\u00e1rseg\u00e9di \u00e1ll\u00e1st. 1950-ben elv\u00e1llalta az \u00e1gazati szakszervezet B\u0151rgy\u00f3gy\u00e1sz szakcsoportj\u00e1nak titk\u00e1ri feladatait. 1951 els\u0151 fel\u00e9ben \u00f6nk\u00e9ntesk\u00e9nt az \u00f3zdi b\u00e1nyavid\u00e9ken v\u00e1llalt szolg\u00e1latot, melynek elismer\u00e9sek\u00e9nt megkapta a Magyar N\u00e9pk\u00f6zt\u00e1rsas\u00e1gi \u00c9rdem\u00e9rem bronz fokozat\u00e1t. 1952-ben az Orsz\u00e1gos B\u0151r- Nemik\u00f3rtani Int\u00e9zet (OBNI) igazgat\u00f3helyettes\u00e9v\u00e9 nevezt\u00e9k ki 1955. j\u00fanius 30-ig. Ezut\u00e1n az Eg\u00e9szs\u00e9g\u00fcgyi Miniszt\u00e9rium II. f\u0151oszt\u00e1ly\u00e1nak vezet\u00e9s\u00e9t vette \u00e1t, amely \u00e1ll\u00e1s\u00e1r\u00f3l \u00f6nk\u00e9nt mondott le, \u00e9s 1957. febru\u00e1r 1-j\u00e9n visszat\u00e9rt az OBNI-ba tudom\u00e1nyos oszt\u00e1lyvezet\u0151 beoszt\u00e1ssal, ahol az experiment\u00e1lis szifilisz r\u00e9szleget vezette. 1967-ben megb\u00edzt\u00e1k a F\u00f6ldv\u00e1ri Ferenc nyugd\u00edjba vonul\u00e1s\u00e1val meg\u00fcr\u00fclt budapesti B\u0151r- \u00e9s Nemik\u00f3rtani Klinika vezet\u00e9s\u00e9vel. A megb\u00edz\u00e1st 1968. j\u00falius 1-j\u00e9n kinevez\u00e9sre v\u00e1ltott\u00e1k, ett\u0151l kezdve hal\u00e1l\u00e1ig a klinika igazgat\u00f3jak\u00e9nt, \u00e9s ezzel p\u00e1rhuzamosan az OBNI igazgat\u00f3jak\u00e9nt dolgozott tov\u00e1bb. 1972. janu\u00e1r 20. \u00e9s 1974. janu\u00e1r 31. k\u00f6z\u00f6tt, korm\u00e1nymegb\u00edz\u00e1s alapj\u00e1n vezette a WHO Venereal Diseases and Treponematoses oszt\u00e1ly\u00e1t, melynek munk\u00e1j\u00e1ban tan\u00e1csad\u00f3k\u00e9nt m\u00e1r 1969 \u00f3ta r\u00e9szt vett. 1978-ban \u00f6nkez\u00e9vel vetett v\u00e9get \u00e9let\u00e9nek.<\/p>\n<p style=\"text-align: justify\">OBNI oszt\u00e1lyvezet\u0151k\u00e9nt orsz\u00e1gosan szervezte meg a nemibeteggondoz\u00f3 h\u00e1l\u00f3zat orvosi munk\u00e1j\u00e1t \u00e9s annak ellen\u0151rz\u00e9si rendszer\u00e9t. Eur\u00f3p\u00e1ban az els\u0151k k\u00f6z\u00f6tt vezette be a Nelson-tesztet (TPIT) a treponema \u00e9s a luesz kimutat\u00e1s\u00e1ra. A venerol\u00f3gia ter\u00e9n nemzetk\u00f6zi elismerts\u00e9gnek \u00f6rvendett.<\/p>\n<p style=\"text-align: justify\">Szakmai t\u00e1rsas\u00e1gi tags\u00e1gai: Magyar Dermatol\u00f3giai T\u00e1rsas\u00e1g, Magyar Allergol\u00f3giai T\u00e1rsas\u00e1g (vezet\u0151s\u00e9gi tag), MOTESZ f\u0151titk\u00e1ra (1968.IV.22-t\u0151l 1972-ig), CICMS v\u00e9grehajt\u00f3 bizotts\u00e1g\u00e1nak tagja (1970-1973), a TMB orvosi szakbizotts\u00e1g\u00e1nak tagja, az MTA-ETT k\u00f6z\u00f6s immunol\u00f3giai szakbizotts\u00e1g\u00e1nak tagja. Az IUVDT (International Union Against Venereal Diseases and Treponematoses) \u00e9s az angol venerol\u00f3gus t\u00e1rsas\u00e1g rendes, a francia, osztr\u00e1k, csehszlov\u00e1k, a bolg\u00e1r \u00e9s a lengyel dermatol\u00f3gus t\u00e1rsas\u00e1gok tiszteletbeli tagja volt.<\/p>\n<p style=\"text-align: justify\">P\u00e1ly\u00e1ja sor\u00e1n a k\u00f6vetkez\u0151 elismer\u00e9seket kapta: Magyar N\u00e9pk\u00f6zt\u00e1rsas\u00e1gi \u00c9rdem\u00e9rem bronz fokozat (1951), Kiv\u00e1l\u00f3 orvos (1953), BOTE kiv\u00e1l\u00f3 oktat\u00f3ja.<\/p>\n<p style=\"text-align: justify\"><strong>F\u0151bb munk\u00e1i:<\/strong> <em>A syphilis korszer\u0171 szerol\u00f3giai diagnosztik\u00e1ja<\/em>. Bp., 1968.; B\u0151rgy\u00f3gy\u00e1szati jegyzet (V\u00e9rtes B\u00f3doggal). Bp., 1968.; <em>Treponema reakci\u00f3k a syphilis k\u00f3rism\u00e9z\u00e9s\u00e9ben. Doktori \u00e9rtekez\u00e9s. MTA-TMB, <\/em>Bp., 1976.; <em>B\u0151r- \u00e9s nemibetegs\u00e9gek<\/em>. (R\u00e1cz Istv\u00e1nnal \u00e9s T\u00f6r\u00f6k Iboly\u00e1val). Bp., 1979.<\/p>\n<p style=\"text-align: justify\"><strong>Nyughelye: <\/strong>Budapest<strong>, <\/strong>\u00daj K\u00f6ztemet\u0151 53\/0\/0\/0 sz\u00f3r\u00f3parcella 13\/D oszlop.<\/p>\n<p><strong><a href=\"https:\/\/semmelweis.hu\/baratikor\/galeria\/teljes-nevlista\/kiraly-kalman\/kiraly-kalman-kozeli\/\" rel=\"attachment wp-att-1964\"><img loading=\"lazy\" decoding=\"async\" class=\"alignleft size-medium wp-image-1964\" src=\"https:\/\/semmelweis.hu\/baratikor\/files\/2023\/01\/Kiraly-Kalman-kozeli-267x400.jpg\" alt=\"\" width=\"267\" height=\"400\" srcset=\"https:\/\/semmelweis.hu\/baratikor\/files\/2023\/01\/Kiraly-Kalman-kozeli-267x400.jpg 267w, https:\/\/semmelweis.hu\/baratikor\/files\/2023\/01\/Kiraly-Kalman-kozeli.jpg 667w\" sizes=\"auto, (max-width: 267px) 100vw, 267px\" \/><\/a><\/strong><strong><a href=\"https:\/\/semmelweis.hu\/baratikor\/galeria\/teljes-nevlista\/kiraly-kalman\/kiraly-kalman-uj-koztemeto\/\" rel=\"attachment wp-att-1965\"><img loading=\"lazy\" decoding=\"async\" class=\"alignleft size-medium wp-image-1965\" src=\"https:\/\/semmelweis.hu\/baratikor\/files\/2023\/01\/Kiraly-Kalman-Uj-koztemeto-267x400.jpg\" alt=\"\" width=\"267\" height=\"400\" srcset=\"https:\/\/semmelweis.hu\/baratikor\/files\/2023\/01\/Kiraly-Kalman-Uj-koztemeto-267x400.jpg 267w, https:\/\/semmelweis.hu\/baratikor\/files\/2023\/01\/Kiraly-Kalman-Uj-koztemeto.jpg 667w\" sizes=\"auto, (max-width: 267px) 100vw, 267px\" \/><\/a><\/strong><\/p>\n","protected":false},"excerpt":{"rendered":"<p><a href=\"https:\/\/semmelweis.hu\/baratikor\/galeria\/teljes-nevlista\/kiraly-kalman\/kiraly-kalman\/\" rel=\"attachment wp-att-1963\"><\/a> (Rag\u00e1ly, 1919. okt\u00f3ber 14. \u2013 Budapest, 1978. m\u00e1jus 18.) Tansz\u00e9k: B\u0151r- \u00e9s Nemik\u00f3rtani Klinika 1967-1968 (mb.), 1968-1978. \u00c9desapja reform\u00e1tus lelk\u00e9szk\u00e9nt szolg\u00e1lt a G\u00f6m\u00f6r megyei Rag\u00e1lyon. \u00d6ccse Kir\u00e1ly Istv\u00e1n irodalomt\u00f6rt\u00e9n\u00e9sz, akad\u00e9mikus volt. K\u00f6z\u00e9piskolai tanulm\u00e1nyait 1929-1937 k\u00f6z\u00f6tt S\u00e1rospatakon v\u00e9gezte, majd a debreceni Tisza Istv\u00e1n Tudom\u00e1nyegyetem Orvostudom\u00e1nyi Kar\u00e1ra iratkozott be. Egyetemre l\u00e9p\u00e9sekor bel\u00e9pett a Turul Bajt\u00e1rsi Sz\u00f6vets\u00e9gbe, ahonnan &hellip;<\/p>\n","protected":false},"author":282,"featured_media":5397,"parent":347,"menu_order":0,"comment_status":"closed","ping_status":"closed","template":"template-fullwidth.php","meta":{"_acf_changed":false,"footnotes":""},"categories":[77,14],"tags":[],"class_list":["post-1962","page","type-page","status-publish","has-post-thumbnail","hentry","category-kegyeleti-adattar","category-teljes-nevlista"],"acf":[],"_links":{"self":[{"href":"https:\/\/semmelweis.hu\/baratikor\/wp-json\/wp\/v2\/pages\/1962","targetHints":{"allow":["GET"]}}],"collection":[{"href":"https:\/\/semmelweis.hu\/baratikor\/wp-json\/wp\/v2\/pages"}],"about":[{"href":"https:\/\/semmelweis.hu\/baratikor\/wp-json\/wp\/v2\/types\/page"}],"author":[{"embeddable":true,"href":"https:\/\/semmelweis.hu\/baratikor\/wp-json\/wp\/v2\/users\/282"}],"replies":[{"embeddable":true,"href":"https:\/\/semmelweis.hu\/baratikor\/wp-json\/wp\/v2\/comments?post=1962"}],"version-history":[{"count":2,"href":"https:\/\/semmelweis.hu\/baratikor\/wp-json\/wp\/v2\/pages\/1962\/revisions"}],"predecessor-version":[{"id":1967,"href":"https:\/\/semmelweis.hu\/baratikor\/wp-json\/wp\/v2\/pages\/1962\/revisions\/1967"}],"up":[{"embeddable":true,"href":"https:\/\/semmelweis.hu\/baratikor\/wp-json\/wp\/v2\/pages\/347"}],"wp:featuredmedia":[{"embeddable":true,"href":"https:\/\/semmelweis.hu\/baratikor\/wp-json\/wp\/v2\/media\/5397"}],"wp:attachment":[{"href":"https:\/\/semmelweis.hu\/baratikor\/wp-json\/wp\/v2\/media?parent=1962"}],"wp:term":[{"taxonomy":"category","embeddable":true,"href":"https:\/\/semmelweis.hu\/baratikor\/wp-json\/wp\/v2\/categories?post=1962"},{"taxonomy":"post_tag","embeddable":true,"href":"https:\/\/semmelweis.hu\/baratikor\/wp-json\/wp\/v2\/tags?post=1962"}],"curies":[{"name":"wp","href":"https:\/\/api.w.org\/{rel}","templated":true}]}}