{"id":1960,"date":"2023-01-04T10:06:12","date_gmt":"2023-01-04T09:06:12","guid":{"rendered":"https:\/\/semmelweis.hu\/baratikor\/?page_id=1960"},"modified":"2023-01-09T11:22:59","modified_gmt":"2023-01-09T10:22:59","slug":"kieninger-boldizsar","status":"publish","type":"page","link":"https:\/\/semmelweis.hu\/baratikor\/galeria\/teljes-nevlista\/kieninger-boldizsar\/","title":{"rendered":"Kieninger Boldizs\u00e1r"},"content":{"rendered":"<p style=\"text-align: justify\"><strong>(<\/strong><strong>?, 1780. <\/strong><strong>\u2013 Budapest, 1842. febru\u00e1r 24.)<\/strong><\/p>\n<p style=\"text-align: justify\"><strong>Tansz\u00e9k: <\/strong>Anat\u00f3mia 1819-1823.<\/p>\n<p style=\"text-align: justify\">\u00c9let\u00e9r\u0151l igen kev\u00e9s adat maradt fenn. Seb\u00e9sz- \u00e9s sz\u00fcl\u00e9szmesteri v\u00e9gzetts\u00e9ggel rendelkezett. 1811-ben rendk\u00edv\u00fcli tan\u00e1ri kinevez\u00e9st kapott a b\u00e9csi egyetemen az anat\u00f3mia oktat\u00e1s\u00e1ra. 1817-ben ker\u00fclt a pesti egyetemre prosector \u00e1ll\u00e1sba a gyakorlati anat\u00f3mia oktat\u00e1s\u00e1ra. Egyes \u00e9letrajzai szerint (H\u0151gyes, Kapronczay) 1819-ben tan\u00e1ri kinevez\u00e9st kapott az \u00f6sszehasonl\u00edt\u00f3 bonctan oktat\u00e1s\u00e1ra. Gy\u0151ry Tibor mindv\u00e9gig prosectork\u00e9nt emlegeti, az egyetemi tanrendekben is ekk\u00e9nt (Prosector Anatomicus) szerepel, a rangsor szerint k\u00f6zvetlen\u00fcl a\u00a0 tan\u00e1rok ut\u00e1n \u00e9s a t\u00f6bbi tansz\u00e9ki seg\u00e9dszem\u00e9lyzet (adjunktus, tan\u00e1rseg\u00e9d) el\u0151tt. Az 1819\/20-1822\/23. tan\u00e9vek k\u00f6z\u00f6tt helyettesk\u00e9nt adta el\u0151 az anat\u00f3mi\u00e1t mind az orvos- mind a seb\u00e9szhallgat\u00f3k sz\u00e1m\u00e1ra. Mindk\u00e9t csoportnak n\u00e9met\u00fcl adta el\u0151 a t\u00e1rgyat, m\u00edg B\u00f6hm K\u00e1roly magyarul.<\/p>\n<p style=\"text-align: justify\"><strong>F\u0151bb munk\u00e1i:<\/strong> Programm \u00fcber die Zergliederungskunst. Pest, 1820.<\/p>\n<p style=\"text-align: justify\"><strong>Nyughelye:<\/strong> nem ismert.<\/p>\n","protected":false},"excerpt":{"rendered":"<p>(?, 1780. \u2013 Budapest, 1842. febru\u00e1r 24.) Tansz\u00e9k: Anat\u00f3mia 1819-1823. \u00c9let\u00e9r\u0151l igen kev\u00e9s adat maradt fenn. Seb\u00e9sz- \u00e9s sz\u00fcl\u00e9szmesteri v\u00e9gzetts\u00e9ggel rendelkezett. 1811-ben rendk\u00edv\u00fcli tan\u00e1ri kinevez\u00e9st kapott a b\u00e9csi egyetemen az anat\u00f3mia oktat\u00e1s\u00e1ra. 1817-ben ker\u00fclt a pesti egyetemre prosector \u00e1ll\u00e1sba a gyakorlati anat\u00f3mia oktat\u00e1s\u00e1ra. Egyes \u00e9letrajzai szerint (H\u0151gyes, Kapronczay) 1819-ben tan\u00e1ri kinevez\u00e9st kapott az \u00f6sszehasonl\u00edt\u00f3 bonctan &hellip;<\/p>\n","protected":false},"author":282,"featured_media":0,"parent":347,"menu_order":0,"comment_status":"closed","ping_status":"closed","template":"template-fullwidth.php","meta":{"_acf_changed":false,"footnotes":""},"categories":[77,14],"tags":[],"class_list":["post-1960","page","type-page","status-publish","hentry","category-kegyeleti-adattar","category-teljes-nevlista"],"acf":[],"_links":{"self":[{"href":"https:\/\/semmelweis.hu\/baratikor\/wp-json\/wp\/v2\/pages\/1960","targetHints":{"allow":["GET"]}}],"collection":[{"href":"https:\/\/semmelweis.hu\/baratikor\/wp-json\/wp\/v2\/pages"}],"about":[{"href":"https:\/\/semmelweis.hu\/baratikor\/wp-json\/wp\/v2\/types\/page"}],"author":[{"embeddable":true,"href":"https:\/\/semmelweis.hu\/baratikor\/wp-json\/wp\/v2\/users\/282"}],"replies":[{"embeddable":true,"href":"https:\/\/semmelweis.hu\/baratikor\/wp-json\/wp\/v2\/comments?post=1960"}],"version-history":[{"count":1,"href":"https:\/\/semmelweis.hu\/baratikor\/wp-json\/wp\/v2\/pages\/1960\/revisions"}],"predecessor-version":[{"id":1961,"href":"https:\/\/semmelweis.hu\/baratikor\/wp-json\/wp\/v2\/pages\/1960\/revisions\/1961"}],"up":[{"embeddable":true,"href":"https:\/\/semmelweis.hu\/baratikor\/wp-json\/wp\/v2\/pages\/347"}],"wp:attachment":[{"href":"https:\/\/semmelweis.hu\/baratikor\/wp-json\/wp\/v2\/media?parent=1960"}],"wp:term":[{"taxonomy":"category","embeddable":true,"href":"https:\/\/semmelweis.hu\/baratikor\/wp-json\/wp\/v2\/categories?post=1960"},{"taxonomy":"post_tag","embeddable":true,"href":"https:\/\/semmelweis.hu\/baratikor\/wp-json\/wp\/v2\/tags?post=1960"}],"curies":[{"name":"wp","href":"https:\/\/api.w.org\/{rel}","templated":true}]}}