{"id":1941,"date":"2023-01-04T09:12:50","date_gmt":"2023-01-04T08:12:50","guid":{"rendered":"https:\/\/semmelweis.hu\/baratikor\/?page_id=1941"},"modified":"2023-01-06T06:35:15","modified_gmt":"2023-01-06T05:35:15","slug":"kiszely-gyorgy","status":"publish","type":"page","link":"https:\/\/semmelweis.hu\/baratikor\/galeria\/teljes-nevlista\/kiszely-gyorgy\/","title":{"rendered":"Kiszely Gy\u00f6rgy"},"content":{"rendered":"<p style=\"text-align: justify\"><strong><a href=\"https:\/\/semmelweis.hu\/baratikor\/galeria\/teljes-nevlista\/kiszely-gyorgy\/212_11\/\" rel=\"attachment wp-att-1942\"><img loading=\"lazy\" decoding=\"async\" class=\"alignleft size-full wp-image-1942\" src=\"https:\/\/semmelweis.hu\/baratikor\/files\/2023\/01\/212_11.jpg\" alt=\"\" width=\"295\" height=\"370\" \/><\/a>(Szatm\u00e1rn\u00e9meti, 1909 &#8211; Budapest, 1997)<\/strong><\/p>\n<p style=\"text-align: justify\">K\u00f6z\u00e9piskolai tanulm\u00e1nyait sz\u00fcl\u0151v\u00e1ros\u00e1ban kezdte, majd Debrecenben folytatta, miut\u00e1n sz\u00fcleivel a rom\u00e1n uralom el\u0151l 1924-ben odamenek\u00fclt. 1928-ban \u00e9retts\u00e9gizett, majd a debreceni Tisza Istv\u00e1n Tudom\u00e1nyegyetem Orvoskar\u00e1ra iratkozott be. 1930-t\u00f3l a Huzella Tivadar vezette Anat\u00f3miai-Biol\u00f3giai Int\u00e9zetben d\u00edjtalan demonstr\u00e1tor, 1932-t\u0151l d\u00edjtalan gyakornok. 1934-ben k\u00f6veti professzor\u00e1t Budapestre, ahol szigorl\u00f3k\u00e9nt d\u00edjas gyakornok lesz a Sz\u00f6vet- \u00e9s Fejl\u0151d\u00e9stani Int\u00e9zetben. Avat\u00e1s\u00e1ra 1934. december 22-\u00e9n ker\u00fcl sor. Mag\u00e1ntan\u00e1ri habilit\u00e1ci\u00f3t 1944. m\u00e1jus\u00e1ban szerzett a fejl\u0151d\u00e9s sz\u00f6vettana t\u00e1rgyk\u00f6rben. 1944 m\u00e1jus\u00e1t\u00f3l katonai szolg\u00e1latot teljes\u00edtett eg\u00e9szen 1945 \u00e1prilis\u00e1ban t\u00f6rt\u00e9nt fogs\u00e1gba es\u00e9s\u00e9ig. Szerencs\u00e9j\u00e9re nem ker\u00fclt a Szovjetuni\u00f3ba, hanem aug. 1-j\u00e9n Szegedr\u0151l hazaengedt\u00e9k. Az igazol\u00e1si elj\u00e1r\u00e1s sor\u00e1n 1946-ban \u00e1ll\u00e1s\u00e1t elvesztette, majd B-list\u00e1ra ker\u00fclt, ez\u00e9rt egy ideig f\u00e9nyk\u00e9p\u00e9szinask\u00e9nt dolgozott. 1947-ben fellebbez\u00e9s\u00e9re igazolt\u00e1k, \u00edgy visszaker\u00fclhetett az egyetemre, ahol az Ideg- \u00e9s Elmeklinika agysz\u00f6vettani laborat\u00f3rium\u00e1ban lett d\u00edjtalan, majd 1948 m\u00e1rcius\u00e1t\u00f3l d\u00edjas gyakornok. K\u00f6zben tan\u00edtott a Gy\u00f3gypedag\u00f3giai Tan\u00e1rk\u00e9pz\u0151ben, illetve a P\u00e1pai P\u00e1riz Ferenc N\u00e9pi Koll\u00e9giumban nevel\u0151tan\u00e1rk\u00e9nt sz\u00f6vet- \u00e9s fejl\u0151d\u00e9stant adott el\u0151. 1948. okt\u00f3ber 13-\u00e1n a II. sz. Anat\u00f3miai Int\u00e9zethez osztott\u00e1k be d\u00edjas gyakornokk\u00e9nt, majd d\u00edjas tan\u00e1rseg\u00e9dk\u00e9nt. A tansz\u00e9k bet\u00f6ltetlens\u00e9ge folyt\u00e1n a fel\u00fcgyel\u0151 tan\u00e1r \u0151t b\u00edzta meg a sz\u00f6vettan \u00e9s fejl\u0151d\u00e9stan el\u0151ad\u00e1s\u00e1val, mik\u00f6zben biol\u00f3gi\u00e1t is oktatott. 1951-t\u0151l adjunktus, 1955-t\u0151l docens. 1952 november\u00e9ben nyerte el a kandid\u00e1tusi fokozatot. 1963-ban Szegedre h\u00edvt\u00e1k, ahol augusztus 10-\u00e9n vette \u00e1t az Orvosi Biol\u00f3giai Int\u00e9zet vezet\u00e9s\u00e9t. Innen vonult nyugd\u00edjba 1977. j\u00fanius 30-\u00e1n. 1952-ben alap\u00edt\u00f3 tagja volt a Tudom\u00e1nyos Ismeretterjeszt\u0151 T\u00e1rsulatnak, az 1960-ban alakult Magyar Biol\u00f3giai T\u00e1rsas\u00e1gnak, \u00e9s az 1962-ben alakult Genetikai T\u00e1rsas\u00e1gnak, melynek els\u0151 eln\u00f6ke lett. Egy peri\u00f3dusban eln\u00f6k\u00f6lte a Magyar Anat\u00f3miai \u00e9s Pathol\u00f3giai T\u00e1rsas\u00e1got is. 1988 \u00f3ta a b\u00e9csi Orvosegyes\u00fclet levelez\u0151 tagja. A Semmelweis OTE Bar\u00e1ti K\u00f6r\u00e9nek 1990-t\u0151l tagja, 1991-t\u0151l 1996-ig eln\u00f6ke, majd \u00f6r\u00f6k\u00f6s tiszteletbeli eln\u00f6ke. 1993-ban az Amerikai Magyar Orvossz\u00f6vets\u00e9g tiszteletbeli tagj\u00e1v\u00e1 v\u00e1lasztotta. Fontosabb kit\u00fcntet\u00e9sei: a Magyar Biol\u00f3giai T\u00e1rsas\u00e1g \u0084Huzella Tivadar d\u00edja\u0094; Markusovszky-d\u00edj (1964); Bug\u00e1t P\u00e1l eml\u00e9k\u00e9rem; Munka \u00e9rdemrend arany fokozata.<\/p>\n","protected":false},"excerpt":{"rendered":"<p><a href=\"https:\/\/semmelweis.hu\/baratikor\/galeria\/teljes-nevlista\/kiszely-gyorgy\/212_11\/\" rel=\"attachment wp-att-1942\"><\/a> (Szatm\u00e1rn\u00e9meti, 1909 &#8211; Budapest, 1997) K\u00f6z\u00e9piskolai tanulm\u00e1nyait sz\u00fcl\u0151v\u00e1ros\u00e1ban kezdte, majd Debrecenben folytatta, miut\u00e1n sz\u00fcleivel a rom\u00e1n uralom el\u0151l 1924-ben odamenek\u00fclt. 1928-ban \u00e9retts\u00e9gizett, majd a debreceni Tisza Istv\u00e1n Tudom\u00e1nyegyetem Orvoskar\u00e1ra iratkozott be. 1930-t\u00f3l a Huzella Tivadar vezette Anat\u00f3miai-Biol\u00f3giai Int\u00e9zetben d\u00edjtalan demonstr\u00e1tor, 1932-t\u0151l d\u00edjtalan gyakornok. 1934-ben k\u00f6veti professzor\u00e1t Budapestre, ahol szigorl\u00f3k\u00e9nt d\u00edjas gyakornok lesz a Sz\u00f6vet- \u00e9s &hellip;<\/p>\n","protected":false},"author":282,"featured_media":1942,"parent":347,"menu_order":0,"comment_status":"closed","ping_status":"closed","template":"template-fullwidth.php","meta":{"_acf_changed":false,"footnotes":""},"categories":[75,14],"tags":[],"class_list":["post-1941","page","type-page","status-publish","has-post-thumbnail","hentry","category-barati-kor","category-teljes-nevlista"],"acf":[],"_links":{"self":[{"href":"https:\/\/semmelweis.hu\/baratikor\/wp-json\/wp\/v2\/pages\/1941","targetHints":{"allow":["GET"]}}],"collection":[{"href":"https:\/\/semmelweis.hu\/baratikor\/wp-json\/wp\/v2\/pages"}],"about":[{"href":"https:\/\/semmelweis.hu\/baratikor\/wp-json\/wp\/v2\/types\/page"}],"author":[{"embeddable":true,"href":"https:\/\/semmelweis.hu\/baratikor\/wp-json\/wp\/v2\/users\/282"}],"replies":[{"embeddable":true,"href":"https:\/\/semmelweis.hu\/baratikor\/wp-json\/wp\/v2\/comments?post=1941"}],"version-history":[{"count":2,"href":"https:\/\/semmelweis.hu\/baratikor\/wp-json\/wp\/v2\/pages\/1941\/revisions"}],"predecessor-version":[{"id":1944,"href":"https:\/\/semmelweis.hu\/baratikor\/wp-json\/wp\/v2\/pages\/1941\/revisions\/1944"}],"up":[{"embeddable":true,"href":"https:\/\/semmelweis.hu\/baratikor\/wp-json\/wp\/v2\/pages\/347"}],"wp:featuredmedia":[{"embeddable":true,"href":"https:\/\/semmelweis.hu\/baratikor\/wp-json\/wp\/v2\/media\/1942"}],"wp:attachment":[{"href":"https:\/\/semmelweis.hu\/baratikor\/wp-json\/wp\/v2\/media?parent=1941"}],"wp:term":[{"taxonomy":"category","embeddable":true,"href":"https:\/\/semmelweis.hu\/baratikor\/wp-json\/wp\/v2\/categories?post=1941"},{"taxonomy":"post_tag","embeddable":true,"href":"https:\/\/semmelweis.hu\/baratikor\/wp-json\/wp\/v2\/tags?post=1941"}],"curies":[{"name":"wp","href":"https:\/\/api.w.org\/{rel}","templated":true}]}}