{"id":194,"date":"2022-08-10T11:15:46","date_gmt":"2022-08-10T09:15:46","guid":{"rendered":"https:\/\/semmelweis.hu\/baratikor\/?p=194"},"modified":"2023-10-11T13:48:59","modified_gmt":"2023-10-11T11:48:59","slug":"ajtai-kovach-sandor","status":"publish","type":"page","link":"https:\/\/semmelweis.hu\/baratikor\/galeria\/teljes-nevlista\/ajtai-kovach-sandor\/","title":{"rendered":"Ajtai Kov\u00e1ch S\u00e1ndor"},"content":{"rendered":"<p style=\"text-align: justify\"><strong><a href=\"https:\/\/semmelweis.hu\/baratikor\/files\/2022\/09\/002_11.jpg\"><img loading=\"lazy\" decoding=\"async\" class=\"alignleft size-full wp-image-1133\" src=\"https:\/\/semmelweis.hu\/baratikor\/files\/2022\/09\/002_11.jpg\" alt=\"\" width=\"295\" height=\"370\" \/><\/a>Kolozsv\u00e1r, 1845. m\u00e1rcius 23. &#8211; Budapest, 1917. j\u00fanius 4.) <\/strong><\/p>\n<p style=\"text-align: justify\"><strong>Tansz\u00e9k: <\/strong>T\u00f6rv\u00e9nysz\u00e9ki Orvostani Int\u00e9zet 1882-1915.<\/p>\n<p style=\"text-align: justify\"><strong>Viselt egyetemi m\u00e9lt\u00f3s\u00e1gok: <\/strong>rektor 1906\/07, d\u00e9k\u00e1n 1896\/97-1897\/98.<\/p>\n<p style=\"text-align: justify\">Polg\u00e1ri csal\u00e1db\u00f3l sz\u00e1rmazott, k\u00f6z\u00e9piskol\u00e1it Kolozsv\u00e1rott v\u00e9gezte. Orvosi tanulm\u00e1nyait a pesti egyetemen folytatta, itt avatt\u00e1k fel 1868. okt\u00f3ber 18-\u00e1n. Ezut\u00e1n Ar\u00e1nyi Lajos, a k\u00f3rbonctan tan\u00e1ra vette maga mell\u00e9, ahol 3 \u00e9ven \u00e1t m\u0171k\u00f6d\u00f6tt. Ezzel p\u00e1rhuzamosan a Szent R\u00f3kus-k\u00f3rh\u00e1z, a kereskedelmi, a gyermekk\u00f3rh\u00e1z, valamint a t\u00f6rv\u00e9nysz\u00e9ki orvostani tansz\u00e9k boncnoka. 1871-ben \u00e1llami \u00f6szt\u00f6nd\u00edjjal hosszabb k\u00fclf\u00f6ldi tanulm\u00e1nyutat tett, f\u00e9l \u00e9vet t\u00f6ltve Lipcs\u00e9ben Karl Friedrich Wilhelm Ludwig \u00e9lettani, \u00e9s Ernst Leberecht Wagner k\u00f3rbonctani int\u00e9zeteiben. \u00dajabb f\u00e9l\u00e9vi berlini tart\u00f3zkod\u00e1s, majd m\u00e1s egyetemek v\u00e9gigl\u00e1togat\u00e1sa ut\u00e1n 1872-ben t\u00e9rt haza Kolozsv\u00e1rra, ahol az \u00fajonnan szervez\u0151d\u0151 Ferenc J\u00f3zsef Tudom\u00e1nyegyetemen az \u00e1ltal\u00e1nos k\u00f3r- \u00e9s gy\u00f3gyszertan rendk\u00edv\u00fcli, majd 1873-t\u00f3l rendes tan\u00e1r\u00e1v\u00e1 nevezt\u00e9k ki. 1874 nyar\u00e1n egy \u00fajabb k\u00fclf\u00f6ldi \u00fat sor\u00e1n t\u00f6rv\u00e9nysz\u00e9ki orvostani int\u00e9zeteket tanulm\u00e1nyozott. 1874\/75-t\u0151l Kolozsv\u00e1rott a t\u00f6rv\u00e9nysz\u00e9ki orvostan \u00e9s orvosi rend\u00e9szet tan\u00e1ra lett. Itt 4 \u00e9ven \u00e1t d\u00e9k\u00e1ni, 1881\/82-ben rektori tiszts\u00e9get is viselt. 1874 \u00f3ta volt tagja az Orsz\u00e1gos K\u00f6zeg\u00e9szs\u00e9g\u00fcgyi Tan\u00e1csnak, majd az Igazs\u00e1g\u00fcgyi Orvosi Tan\u00e1csnak is. 1882-ben Budapestre h\u00edvt\u00e1k a t\u00f6rv\u00e9nysz\u00e9ki orvostan tan\u00e1r\u00e1v\u00e1, mely \u00e1ll\u00e1st 1915-\u00f6s nyugd\u00edjba vonul\u00e1s\u00e1ig megtartott. Az int\u00e9zet ma is \u00e1ll\u00f3, \u00dcll\u0151i \u00fati \u00e9p\u00fclet\u00e9t Hauszmann Alajos az \u0151 instrukci\u00f3i alapj\u00e1n tervezte. Ennek igazgat\u00e1sa mellett ell\u00e1tta a budapesti \u00e1llamrend\u0151rs\u00e9g proszektori \u00e9s a budapesti kir. t\u00f6rv\u00e9nysz\u00e9k orvosi szak\u00e9rt\u0151i feladatait is. K\u00e9t tan\u00e9vben d\u00e9k\u00e1nn\u00e1 (1896\/97, 1897\/98), 1906\/07-ben rektorr\u00e1 v\u00e1lasztott\u00e1k. 1907-ben udvari tan\u00e1csosi c\u00edmmel t\u00fcntett\u00e9k ki.<\/p>\n<p style=\"text-align: justify\"><strong>F\u0151bb munk\u00e1i:<\/strong> Beitrag zur Kenntniss der Geschmacksorgane. Strassburg, 1872. (K\u00fcl\u00f6nnyomat az \u00abArchiv f\u00fcr Mikrosk. Anatomie\u00bb-b\u00f3l.); Az egyetem t\u00f6rt\u00e9nete 1881\u201382. Visszatekint\u00e9ssel az 1872\u20131882. els\u0151 decenniumra. Kolozsv\u00e1r, 1883. (Rectori sz\u00e9k\u00e9r\u0151l lel\u00e9p\u0151 besz\u00e9d.)<\/p>\n<p style=\"text-align: justify\"><strong>Nyughelye: <\/strong>Abony, katolikus temet\u0151 5-3-5.<\/p>\n<p style=\"text-align: justify\"><a href=\"https:\/\/semmelweis.hu\/baratikor\/files\/2022\/05\/Ajtai-Kovach-Sandor-sirko-kozeli.jpg\"><img loading=\"lazy\" decoding=\"async\" class=\"alignnone wp-image-198 size-medium\" src=\"https:\/\/semmelweis.hu\/baratikor\/files\/2022\/05\/Ajtai-Kovach-Sandor-sirko-kozeli-400x300.jpg\" alt=\"\" width=\"400\" height=\"300\" srcset=\"https:\/\/semmelweis.hu\/baratikor\/files\/2022\/05\/Ajtai-Kovach-Sandor-sirko-kozeli-400x300.jpg 400w, https:\/\/semmelweis.hu\/baratikor\/files\/2022\/05\/Ajtai-Kovach-Sandor-sirko-kozeli-768x576.jpg 768w, https:\/\/semmelweis.hu\/baratikor\/files\/2022\/05\/Ajtai-Kovach-Sandor-sirko-kozeli-753x565.jpg 753w, https:\/\/semmelweis.hu\/baratikor\/files\/2022\/05\/Ajtai-Kovach-Sandor-sirko-kozeli.jpg 1000w\" sizes=\"auto, (max-width: 400px) 100vw, 400px\" \/><\/a><a href=\"https:\/\/semmelweis.hu\/baratikor\/files\/2022\/05\/Ajtai-Kovach-Sandor-sirko.jpg\"><img loading=\"lazy\" decoding=\"async\" class=\"alignleft wp-image-199 size-medium\" src=\"https:\/\/semmelweis.hu\/baratikor\/files\/2022\/05\/Ajtai-Kovach-Sandor-sirko-300x400.jpg\" alt=\"\" width=\"300\" height=\"400\" data-wp-editing=\"1\" srcset=\"https:\/\/semmelweis.hu\/baratikor\/files\/2022\/05\/Ajtai-Kovach-Sandor-sirko-300x400.jpg 300w, https:\/\/semmelweis.hu\/baratikor\/files\/2022\/05\/Ajtai-Kovach-Sandor-sirko.jpg 750w\" sizes=\"auto, (max-width: 300px) 100vw, 300px\" \/><\/a><\/p>\n","protected":false},"excerpt":{"rendered":"<p><a href=\"https:\/\/semmelweis.hu\/baratikor\/files\/2022\/09\/002_11.jpg\"><\/a> Kolozsv\u00e1r, 1845. m\u00e1rcius 23. &#8211; Budapest, 1917. j\u00fanius 4.) Tansz\u00e9k: T\u00f6rv\u00e9nysz\u00e9ki Orvostani Int\u00e9zet 1882-1915. Viselt egyetemi m\u00e9lt\u00f3s\u00e1gok: rektor 1906\/07, d\u00e9k\u00e1n 1896\/97-1897\/98. Polg\u00e1ri csal\u00e1db\u00f3l sz\u00e1rmazott, k\u00f6z\u00e9piskol\u00e1it Kolozsv\u00e1rott v\u00e9gezte. Orvosi tanulm\u00e1nyait a pesti egyetemen folytatta, itt avatt\u00e1k fel 1868. okt\u00f3ber 18-\u00e1n. Ezut\u00e1n Ar\u00e1nyi Lajos, a k\u00f3rbonctan tan\u00e1ra vette maga mell\u00e9, ahol 3 \u00e9ven \u00e1t m\u0171k\u00f6d\u00f6tt. Ezzel p\u00e1rhuzamosan &hellip;<\/p>\n","protected":false},"author":282,"featured_media":5339,"parent":347,"menu_order":0,"comment_status":"closed","ping_status":"closed","template":"template-fullwidth.php","meta":{"_acf_changed":false,"footnotes":""},"categories":[6,20,77,81,5,14],"tags":[],"class_list":["post-194","page","type-page","status-publish","has-post-thumbnail","hentry","category-dekanok","category-dekanok-karok-szerint","category-kegyeleti-adattar","category-orvosi-kar-dekanjai","category-rektorok","category-teljes-nevlista"],"acf":[],"_links":{"self":[{"href":"https:\/\/semmelweis.hu\/baratikor\/wp-json\/wp\/v2\/pages\/194","targetHints":{"allow":["GET"]}}],"collection":[{"href":"https:\/\/semmelweis.hu\/baratikor\/wp-json\/wp\/v2\/pages"}],"about":[{"href":"https:\/\/semmelweis.hu\/baratikor\/wp-json\/wp\/v2\/types\/page"}],"author":[{"embeddable":true,"href":"https:\/\/semmelweis.hu\/baratikor\/wp-json\/wp\/v2\/users\/282"}],"replies":[{"embeddable":true,"href":"https:\/\/semmelweis.hu\/baratikor\/wp-json\/wp\/v2\/comments?post=194"}],"version-history":[{"count":10,"href":"https:\/\/semmelweis.hu\/baratikor\/wp-json\/wp\/v2\/pages\/194\/revisions"}],"predecessor-version":[{"id":1135,"href":"https:\/\/semmelweis.hu\/baratikor\/wp-json\/wp\/v2\/pages\/194\/revisions\/1135"}],"up":[{"embeddable":true,"href":"https:\/\/semmelweis.hu\/baratikor\/wp-json\/wp\/v2\/pages\/347"}],"wp:featuredmedia":[{"embeddable":true,"href":"https:\/\/semmelweis.hu\/baratikor\/wp-json\/wp\/v2\/media\/5339"}],"wp:attachment":[{"href":"https:\/\/semmelweis.hu\/baratikor\/wp-json\/wp\/v2\/media?parent=194"}],"wp:term":[{"taxonomy":"category","embeddable":true,"href":"https:\/\/semmelweis.hu\/baratikor\/wp-json\/wp\/v2\/categories?post=194"},{"taxonomy":"post_tag","embeddable":true,"href":"https:\/\/semmelweis.hu\/baratikor\/wp-json\/wp\/v2\/tags?post=194"}],"curies":[{"name":"wp","href":"https:\/\/api.w.org\/{rel}","templated":true}]}}