{"id":1937,"date":"2023-01-04T09:11:32","date_gmt":"2023-01-04T08:11:32","guid":{"rendered":"https:\/\/semmelweis.hu\/baratikor\/?page_id=1937"},"modified":"2023-01-09T11:22:58","modified_gmt":"2023-01-09T10:22:58","slug":"kezmarszky-tivadar","status":"publish","type":"page","link":"https:\/\/semmelweis.hu\/baratikor\/galeria\/teljes-nevlista\/kezmarszky-tivadar\/","title":{"rendered":"K\u00e9zm\u00e1rszky Tivadar"},"content":{"rendered":"<p style=\"text-align: justify\"><strong><a href=\"https:\/\/semmelweis.hu\/baratikor\/galeria\/teljes-nevlista\/kezmarszky-tivadar\/087_11\/\" rel=\"attachment wp-att-1938\"><img loading=\"lazy\" decoding=\"async\" class=\"alignleft size-full wp-image-1938\" src=\"https:\/\/semmelweis.hu\/baratikor\/files\/2023\/01\/087_11.jpg\" alt=\"\" width=\"295\" height=\"370\" \/><\/a>(Szepesv\u00e1ralja, 1842. m\u00e1jus 2. \u2013 Budapest, 1902. m\u00e1jus 18.)<\/strong><\/p>\n<p style=\"text-align: justify\">Felvid\u00e9ki gazdatiszt csal\u00e1dj\u00e1b\u00f3l sz\u00e1rmazott, iskol\u00e1it L\u0151cs\u00e9n \u00e9s Kass\u00e1n v\u00e9gezte. Orvosi tanulm\u00e1nyait Pesten folytatta, mik\u00f6zben meg\u00e9lhet\u00e9s\u00e9r\u0151l saj\u00e1t maga gondoskodott. Oklevel\u00e9t 1865-ben szerezte. A Schordann-f\u00e9le utaz\u00e1si \u00f6szt\u00f6nd\u00edj r\u00e9v\u00e9n hamarosan k\u00e9t\u00e9ves k\u00fclf\u00f6ldi tanulm\u00e1nyutat tehetett. B\u00e9cs, P\u00e1rizs, London, Berlin, Koppenh\u00e1ga \u00e9s Belgium \u00e9rint\u00e9se ut\u00e1n 1869-ben t\u00e9rt haza \u00e9s lett tan\u00e1rseg\u00e9d a n\u0151i klinik\u00e1n. Az 1871\/72. tan\u00e9vben mag\u00e1ntan\u00e1ri habilit\u00e1ci\u00f3t szerzett A sz\u00fcl\u00e9s rendelleness\u00e9gei t\u00e1rgyk\u00f6rben. 1872-t\u0151l a sz\u00fcl\u00e9szet helyettes tan\u00e1ra, 1876. augusztus 4-t\u0151l kinevezett nyilv\u00e1nos rendk\u00edv\u00fcli, majd 1879-t\u0151l nyilv\u00e1nos rendes tan\u00e1ra. A sz\u00fcl\u00e9szeti klinika vezet\u00e9s\u00e9t Diescher J\u00e1nos nyugalomba vonul\u00e1sa ut\u00e1n, 1874-ben kapta meg. Klinik\u00e1j\u00e1n bevezette a betegekkel kapcsolatos \u00e9szlelt adatok pontos r\u00f6gz\u00edt\u00e9s\u00e9t, a betegfejlapokat, k\u00f3rlapokat, amit tansz\u00e9ki ut\u00f3dai is folytattak. \u00cdgy a Baross utcai n\u0151i klinik\u00e1n K\u00e9zm\u00e1rszky beiktat\u00e1s\u00e1nak \u00e9v\u00e9ig, 1874-ig visszamen\u0151en bek\u00f6t\u00f6tt \u00e1llapotban megtal\u00e1lhat\u00f3 a teljes betegdokument\u00e1ci\u00f3. A sz\u00fcl\u00e9szeti kemoter\u00e1pia \u00fatt\u00f6r\u0151j\u00e9nek is tekintik, mivel gyermek\u00e1gyi l\u00e1zas n\u0151kn\u00e9l intrav\u00e9n\u00e1s szublim\u00e1t befecskendez\u00e9st alkalmazott. Sz\u00e1mos, ma is haszn\u00e1latos eszk\u00f6z \u00e9s elj\u00e1r\u00e1s kidolgoz\u00e1sa f\u0171z\u0151dik a nev\u00e9hez. Ugyan\u00edgy a b\u00e1bak\u00e9pz\u0151 int\u00e9zet megalap\u00edt\u00e1sa, melynek r\u00e9v\u00e9n a sz\u00fcl\u00e9szn\u0151k\u00e9pz\u00e9s szervezetileg k\u00fcl\u00f6nv\u00e1lt az egyetemi orvosk\u00e9pz\u00e9st\u0151l. Egyik el\u0151k\u00e9sz\u00edt\u0151je volt az \u00fan. b\u00e1bat\u00f6rv\u00e9nynek. A b\u00e1bak\u00e9pz\u00e9s sz\u00e1m\u00e1ra k\u00fcl\u00f6n tank\u00f6nyvet \u00edrt, melyet magyar \u00e9s n\u00e9met nyelven is kiadtak. Az orvostanhallgat\u00f3knak sz\u00e1nt sz\u00fcl\u00e9szeti jegyzetei csak j\u00f3val k\u00e9s\u0151bb, L\u0151cs\u00e9n jelentek meg. Tank\u00f6nyve csak hal\u00e1la ut\u00e1n l\u00e1tott napvil\u00e1got a p\u00e9csi b\u00e1bak\u00e9pz\u0151 igazgat\u00f3ja, Doktor S\u00e1ndor gondoz\u00e1s\u00e1ban. Tan\u00e1rs\u00e1ga idej\u00e9n jelent\u0151sen javultak a klinika m\u0171k\u00f6d\u00e9si k\u00f6r\u00fclm\u00e9nyei. El\u0151sz\u00f6r 1879 \u0151sz\u00e9n k\u00f6lt\u00f6zhettek \u00faj, k\u00fcl\u00f6n otthonba az addigra m\u00e1r igen sz\u0171k\u00f6ss\u00e9 v\u00e1lt M\u00fazeum k\u00f6r\u00fati \u00fan. Kunewalder-h\u00e1zb\u00f3l, amit t\u00f6bb tansz\u00e9kkel is meg kellett osszanak. Az egyetem ekkor a Baross utca \u2013 M\u00e1ria utca sark\u00e1n \u00e1ll\u00f3 egyemeletes, \u00fan. b\u00e1r\u00f3 B\u00e1nffy-h\u00e1zat b\u00e9relte ki, majd k\u00e9s\u0151bb meg is v\u00e1s\u00e1rolta a sz\u00fcl\u00e9szeti klinika sz\u00e1m\u00e1ra. 19 \u00e9vi m\u0171k\u00f6d\u00e9s ut\u00e1n ennek hely\u00e9n \u00e9p\u00edtett\u00e9k fel a ma is \u00e1ll\u00f3 sz\u00e9p klinikai \u00e9p\u00fcletet. A kor bevett \u201egyakorlata\u201d szerint m\u00e9g a tervez\u00e9s st\u00e1dium\u00e1ban miniszteri t\u00e1mogat\u00e1ssal K\u00e9zm\u00e1rszky k\u00fclf\u00f6ldi tanulm\u00e1ny\u00fatra ment a kiv\u00e1lasztott \u00e9p\u00edt\u00e9sszel, Kiss Istv\u00e1n m\u0171egyetemi mag\u00e1ntan\u00e1rral. Az \u00faj, mintaszer\u0171 klinika\u00e9p\u00fclet 1898-ra k\u00e9sz\u00fclt el. K\u00e9zm\u00e1rszky katedr\u00e1j\u00e1t mindenn\u00e9l el\u0151bbre val\u00f3nak tekintette, ez\u00e9rt sz\u00e1mos tiszts\u00e9get elh\u00e1r\u00edtott mag\u00e1t\u00f3l. Egyed\u00fcl az Orsz\u00e1gos K\u00f6zeg\u00e9szs\u00e9g\u00fcgyi Tan\u00e1cs \u00e9s az Igazs\u00e1g\u00fcgyi Orvosi Tan\u00e1cs munk\u00e1j\u00e1ban v\u00e1llalt szerepet, azok megalakul\u00e1s\u00e1t\u00f3l kezdve. Ezenk\u00edv\u00fcl a N\u0151orvosok Szakoszt\u00e1ly\u00e1nak eln\u00f6ki tiszt\u00e9t v\u00e1llalta csak el 1896-t\u00f3l hal\u00e1l\u00e1ig. \u00c9lete utols\u00f3 szakasz\u00e1ban az uralkod\u00f3 udvari tan\u00e1csosi c\u00edmmel ismerte le munk\u00e1ss\u00e1g\u00e1t. Hash\u00e1rtyagyullad\u00e1s ragadta el 60 \u00e9ves kor\u00e1ban, 1902. m\u00e1jus 18-\u00e1n.<\/p>\n<p style=\"text-align: justify\">(Munk\u00e1i: A sz\u00fcl\u00e9szet tank\u00f6nyve a b\u00e1b\u00e1k sz\u00e1m\u00e1ra. Budapest. 1976.; Sz\u00fcl\u00e9szeti jegyzetek. L\u0151cse, 1894.; A sz\u00fcl\u00e9szet k\u00f6nyve. Sajt\u00f3 al\u00e1 rendezte Doktor S\u00e1ndor. Budapest, 1904.) Irodalom: Papp Zolt\u00e1n: K\u00e9zm\u00e1rszky Tivadar. in: H\u00edres magyar orvosok IV. Bp., 2003.)<\/p>\n","protected":false},"excerpt":{"rendered":"<p><a href=\"https:\/\/semmelweis.hu\/baratikor\/galeria\/teljes-nevlista\/kezmarszky-tivadar\/087_11\/\" rel=\"attachment wp-att-1938\"><\/a> (Szepesv\u00e1ralja, 1842. m\u00e1jus 2. \u2013 Budapest, 1902. m\u00e1jus 18.) Felvid\u00e9ki gazdatiszt csal\u00e1dj\u00e1b\u00f3l sz\u00e1rmazott, iskol\u00e1it L\u0151cs\u00e9n \u00e9s Kass\u00e1n v\u00e9gezte. Orvosi tanulm\u00e1nyait Pesten folytatta, mik\u00f6zben meg\u00e9lhet\u00e9s\u00e9r\u0151l saj\u00e1t maga gondoskodott. Oklevel\u00e9t 1865-ben szerezte. A Schordann-f\u00e9le utaz\u00e1si \u00f6szt\u00f6nd\u00edj r\u00e9v\u00e9n hamarosan k\u00e9t\u00e9ves k\u00fclf\u00f6ldi tanulm\u00e1nyutat tehetett. B\u00e9cs, P\u00e1rizs, London, Berlin, Koppenh\u00e1ga \u00e9s Belgium \u00e9rint\u00e9se ut\u00e1n 1869-ben t\u00e9rt haza \u00e9s lett tan\u00e1rseg\u00e9d &hellip;<\/p>\n","protected":false},"author":282,"featured_media":1938,"parent":347,"menu_order":0,"comment_status":"closed","ping_status":"closed","template":"template-fullwidth.php","meta":{"_acf_changed":false,"footnotes":""},"categories":[77,14],"tags":[],"class_list":["post-1937","page","type-page","status-publish","has-post-thumbnail","hentry","category-kegyeleti-adattar","category-teljes-nevlista"],"acf":[],"_links":{"self":[{"href":"https:\/\/semmelweis.hu\/baratikor\/wp-json\/wp\/v2\/pages\/1937","targetHints":{"allow":["GET"]}}],"collection":[{"href":"https:\/\/semmelweis.hu\/baratikor\/wp-json\/wp\/v2\/pages"}],"about":[{"href":"https:\/\/semmelweis.hu\/baratikor\/wp-json\/wp\/v2\/types\/page"}],"author":[{"embeddable":true,"href":"https:\/\/semmelweis.hu\/baratikor\/wp-json\/wp\/v2\/users\/282"}],"replies":[{"embeddable":true,"href":"https:\/\/semmelweis.hu\/baratikor\/wp-json\/wp\/v2\/comments?post=1937"}],"version-history":[{"count":2,"href":"https:\/\/semmelweis.hu\/baratikor\/wp-json\/wp\/v2\/pages\/1937\/revisions"}],"predecessor-version":[{"id":1940,"href":"https:\/\/semmelweis.hu\/baratikor\/wp-json\/wp\/v2\/pages\/1937\/revisions\/1940"}],"up":[{"embeddable":true,"href":"https:\/\/semmelweis.hu\/baratikor\/wp-json\/wp\/v2\/pages\/347"}],"wp:featuredmedia":[{"embeddable":true,"href":"https:\/\/semmelweis.hu\/baratikor\/wp-json\/wp\/v2\/media\/1938"}],"wp:attachment":[{"href":"https:\/\/semmelweis.hu\/baratikor\/wp-json\/wp\/v2\/media?parent=1937"}],"wp:term":[{"taxonomy":"category","embeddable":true,"href":"https:\/\/semmelweis.hu\/baratikor\/wp-json\/wp\/v2\/categories?post=1937"},{"taxonomy":"post_tag","embeddable":true,"href":"https:\/\/semmelweis.hu\/baratikor\/wp-json\/wp\/v2\/tags?post=1937"}],"curies":[{"name":"wp","href":"https:\/\/api.w.org\/{rel}","templated":true}]}}