{"id":1915,"date":"2023-01-04T09:02:18","date_gmt":"2023-01-04T08:02:18","guid":{"rendered":"https:\/\/semmelweis.hu\/baratikor\/?page_id=1915"},"modified":"2023-07-11T08:44:23","modified_gmt":"2023-07-11T06:44:23","slug":"kerpel-fronius-odon","status":"publish","type":"page","link":"https:\/\/semmelweis.hu\/baratikor\/galeria\/teljes-nevlista\/kerpel-fronius-odon\/","title":{"rendered":"Kerpel-Fronius \u00d6d\u00f6n"},"content":{"rendered":"<p style=\"text-align: justify\"><strong> <a href=\"https:\/\/semmelweis.hu\/baratikor\/galeria\/teljes-nevlista\/kerpel-fronius-odon\/kerpel-fronius-odon-49-a-prof-album\/\" rel=\"attachment wp-att-1919\"><img loading=\"lazy\" decoding=\"async\" class=\"alignleft size-medium wp-image-1919\" src=\"https:\/\/semmelweis.hu\/baratikor\/files\/2023\/01\/Kerpel-Fronius-Odon-49.a-Prof.-album-280x400.jpg\" alt=\"\" width=\"280\" height=\"400\" srcset=\"https:\/\/semmelweis.hu\/baratikor\/files\/2023\/01\/Kerpel-Fronius-Odon-49.a-Prof.-album-280x400.jpg 280w, https:\/\/semmelweis.hu\/baratikor\/files\/2023\/01\/Kerpel-Fronius-Odon-49.a-Prof.-album.jpg 700w\" sizes=\"auto, (max-width: 280px) 100vw, 280px\" \/><\/a>(Versec<\/strong><strong>, 1906. janu\u00e1r 14.<\/strong><strong> \u2013 Nyugat-Berlin, 1984. \u00e1prilis 22.)<\/strong><\/p>\n<p style=\"text-align: justify\"><strong>Tansz\u00e9k: <\/strong>II. sz. Gyermekgy\u00f3gy\u00e1szati Klinika 1967-1976.<\/p>\n<p style=\"text-align: justify\">\u00c9desapja Versec f\u0151\u00fcgy\u00e9sze, k\u00e9s\u0151bb \u00fcgyv\u00e9dk\u00e9nt tev\u00e9kenykedett, \u00e9desanyja az erd\u00e9lyi sz\u00e1sz Fronius-csal\u00e1db\u00f3l sz\u00e1rmazott, ahol nemzed\u00e9keken \u00e1t\u00edvel\u0151 hagyom\u00e1nyk\u00e9nt a fi\u00fak orvosnak vagy evang\u00e9likus lelk\u00e9sznek tanultak. K\u00f6z\u00e9piskol\u00e1it sz\u00fcl\u0151v\u00e1ros\u00e1ban v\u00e9gezte, n\u00e9gy oszt\u00e1lyt magyar, h\u00e1rmat n\u00e9met iskol\u00e1ban, majd 1923-ban szerb\u00fcl \u00e9retts\u00e9gizett. Gyermekkor\u00e1ban nevel\u0151n\u0151j\u00e9t\u0151l franci\u00e1ul tanult, a k\u00f6z\u00e9piskol\u00e1ban k\u00f6telez\u0151 latin mell\u00e9 t\u00e1rsult az angol. E sokoldal\u00fa nyelvismeret\u00e9nek eg\u00e9sz p\u00e1lyafut\u00e1sa sor\u00e1n nagy haszn\u00e1t vette. 1923-ban beiratkozott a budapesti Orvostudom\u00e1nyi Karra. 1925\/26-ban egy-egy f\u00e9l\u00e9vet tanult a b\u00e9csi \u00e9s a m\u00fcncheni egyetemeken, a k\u00e9t f\u00e9l\u00e9v k\u00f6z\u00f6tti 2 h\u00f3napot a p\u00e1rizsi egyetemen t\u00f6lt\u00f6tte \u201e\u00e9tudiant b\u00e9n\u00e9vole\u201d-k\u00e9nt. B\u00e9csben Clemens von Pirquet gyermekgy\u00f3gy\u00e1sz, M\u00fcnchenben Friedrich von M\u00fcller belgy\u00f3gy\u00e1sz voltak r\u00e1 nagy hat\u00e1ssal. Medikus kor\u00e1ban, 1928-ban lett d\u00edjtalan gyakornok Farkas G\u00e9za \u00c9lettani Int\u00e9zet\u00e9ben. 1929. okt\u00f3ber 26-\u00e1n avatt\u00e1k orvosdoktorr\u00e1. M\u00e9g ebben az \u00e9vben megh\u00edv\u00e1st kapott Heim P\u00e1lt\u00f3l a Gyermekgy\u00f3gy\u00e1szati Klinik\u00e1ra, de Heim korai hal\u00e1la miatt nem lehettek munkat\u00e1rsak. 1930. szeptember 1-j\u00e9n, m\u00e1r Hainiss G\u00e9za igazgat\u00e1sa idej\u00e9n ker\u00fclt \u00e1t hivatalosan a klinik\u00e1ra d\u00edjtalan gyakornokk\u00e9nt, de m\u00e1r az \u00e9v elej\u00e9t\u0151l bej\u00e1rt. 1933-34-ben Rockefeller-\u00f6szt\u00f6nd\u00edjjal egy \u00e9vet t\u00f6lthetett a bostoni Harvard Egyetem Gyermekklinik\u00e1j\u00e1n, James L. Gamble, a v\u00edzh\u00e1ztart\u00e1s szak\u00e9rt\u0151je laborat\u00f3rium\u00e1ban. A korszak egyik fontos k\u00e9rd\u00e9se volt a gyermekgy\u00f3gy\u00e1szati kutat\u00e1sok ter\u00e9n a szervezet folyad\u00e9k- \u00e9s elektrolit-h\u00e1ztart\u00e1s\u00e1nak \u00e9lettani megismer\u00e9se. Az amerikai tanulm\u00e1nyutat k\u00f6vet\u0151 kutat\u00e1sai sor\u00e1n els\u0151k\u00e9nt jutott el arra a felismer\u00e9sre, hogy a szervezet kisz\u00e1rad\u00e1s\u00e1nak k\u00e9t f\u0151 form\u00e1j\u00e1t, a s\u00f3-\u00e9s a v\u00edzhi\u00e1nyos \u00e1llapotot lehet megk\u00fcl\u00f6nb\u00f6ztetni. 1936-ban tette le gyermekgy\u00f3gy\u00e1sz szakorvosi vizsg\u00e1j\u00e1t. Gyermekklinikai munk\u00e1ja mellett 1937. m\u00e1jus 1-t\u0151l l\u00e1tta el a k\u00f6zeli II. sz. Sz\u00fcl\u00e9szeti \u00e9s N\u0151gy\u00f3gy\u00e1szati Klinika gyermekgy\u00f3gy\u00e1sz konzili\u00e1riusi feladat\u00e1t. 1944 nyar\u00e1t\u00f3l 1945. febru\u00e1r 13-ig a budapesti er\u0151dparancsnoks\u00e1gon katonaorvosi szolg\u00e1latot l\u00e1tott el. 1945-ben, amikor a romm\u00e1 l\u0151tt \u00e9s ki\u00e9hezett Budapesten t\u00f6megess\u00e9 v\u00e1lt a csecsem\u0151kori sorvad\u00e1s, szervez\u0151munk\u00e1ja \u00e9s amerikai kapcsolatai r\u00e9v\u00e9n siker\u00fclt \u00e9lelmiszerseg\u00e9lyekhez \u00e9s gy\u00f3gyszerhez (inzulin, penicillin) juttatni a r\u00e1szorul\u00f3 csal\u00e1dokat \u00e9s enyh\u00edteni a s\u00falyos csecsem\u0151haland\u00f3s\u00e1gon. 1945. november 20-\u00e1n szerzett mag\u00e1ntan\u00e1ri habilit\u00e1ci\u00f3t Az \u00fajsz\u00fcl\u00f6tt \u00e9s csecsem\u0151 k\u00f3r\u00e9lettana t\u00e1rgyk\u00f6rben, majd adjunktusi kinevez\u00e9st kapott. A klinika \u00e9l\u00e9n t\u00f6rt\u00e9nt v\u00e1ltoz\u00e1s ut\u00e1n, 1946. m\u00e1jus 10-\u00e9n hagyta el az int\u00e9zm\u00e9nyt, majd ny\u00e1ron \u00e1tvette a p\u00e9csi Erzs\u00e9bet Tudom\u00e1nyegyetem Gyermekgy\u00f3gy\u00e1szati Klinik\u00e1j\u00e1nak vezet\u00e9s\u00e9t. Itteni m\u0171k\u00f6d\u00e9se k\u00e9t \u00e9vtizede sor\u00e1n gyermekorvosi iskol\u00e1t teremtett. 1948. j\u00falius 2-\u00e1n az MTA levelez\u0151 tagjai sor\u00e1ba v\u00e1lasztotta. 1950-ben a Magyar N\u00e9pk\u00f6zt\u00e1rsas\u00e1gi \u00c9rdemrend V. fokozat\u00e1t, 1951-ben Kossuth-d\u00edjat kapott. 1958-ban a Manchesteri Egyetem, 1962-ben egy h\u00f3napig a Stanford Egyetem gyermekklinik\u00e1j\u00e1n m\u0171k\u00f6d\u00f6tt vend\u00e9gprofesszork\u00e9nt. 1966 janu\u00e1rj\u00e1ban a Munka \u00c9rdemrend arany fokozat\u00e1val t\u00fcntett\u00e9k ki. 1967 janu\u00e1rj\u00e1ban t\u00e9rt vissza a f\u0151v\u00e1rosba, \u00e1tv\u00e9ve a II. sz. Gyermekgy\u00f3gy\u00e1szati Klinika vezet\u00e9s\u00e9t. 1970. febru\u00e1r 4-\u00e9n az MTA rendes tagja lett. Tan\u00e1ri \u00e9s klinikaigazgat\u00f3i teend\u0151i mellett 1970-t\u0151l nyugd\u00edjaz\u00e1s\u00e1ig vezette az Orsz\u00e1gos Csecsem\u0151- \u00e9s Gyermek-eg\u00e9szs\u00e9g\u00fcgyi Int\u00e9zet vezet\u00e9s\u00e9t is. 1976-ban vonult nyug\u00e1llom\u00e1nyba, mely alkalomb\u00f3l m\u00e1sodszor is megkapta a Munka \u00c9rdemrend arany fokozat\u00e1t.<\/p>\n<p style=\"text-align: justify\">Munk\u00e1ss\u00e1ga sor\u00e1n j\u00f3r\u00e9szt a gyermek- \u00e9s csecsem\u0151kori s\u00f3- \u00e9s v\u00edzh\u00e1ztart\u00e1s zavarai, a csecsem\u0151kori sorvad\u00e1s, a veseb\u00e1ntalmak \u00e9let- \u00e9s k\u00f3rtana foglalkoztatta. A csecsem\u0151kori sorvad\u00e1s \u00e9s toxik\u00f3zis patomechanizmus\u00e1ban tiszt\u00e1zta a v\u00e9r bes\u0171r\u0171s\u00f6d\u00e9s\u00e9nek, f\u0151leg a v\u00e9rcukorszint es\u00e9s\u00e9nek az \u00e1llapot s\u00falyosbod\u00e1s\u00e1ban \u00e9s a hal\u00e1loz\u00e1sban j\u00e1tszott szerep\u00e9t. A vese s\u00f3- \u00e9s v\u00edzforgalomban, valamint a sav-b\u00e1zis egyens\u00faly fenntart\u00e1s\u00e1ban j\u00e1tszott szerep\u00e9re vonatkoz\u00f3 eredm\u00e9nyei nemzetk\u00f6zi szinten is meghat\u00e1roz\u00f3ak. Gyermekgy\u00f3gy\u00e1szati tank\u00f6nyve, mely el\u0151sz\u00f6r 1969-ben jelent meg, \u00e9vtizedekig maradt haszn\u00e1latban.<\/p>\n<p style=\"text-align: justify\">P\u00e1ly\u00e1ja sor\u00e1n az eml\u00edtetteken t\u00fal sz\u00e1mos szakmai elismer\u00e9s \u00e9rte. 1969-ben a Rostocki Egyetem d\u00edszdoktor\u00e1v\u00e1 v\u00e1lasztotta \u00e9s megkapta az NDK-\u00e9rdem\u00e9rm\u00e9t, 1975-ben Semmelweis-eml\u00e9k\u00e9remmel, 1976-ban a Francia Akad\u00e9mia P\u00e1lma-d\u00edj\u00e1val, 1981-ben a Szocialista Magyarorsz\u00e1g\u00e9rt \u00c9rdemrenddel t\u00fcntett\u00e9k ki. A k\u00f6vetkez\u0151 tudom\u00e1nyos t\u00e1rsas\u00e1gok h\u00edvt\u00e1k meg tagnak: 1959-ben az Eur\u00f3pai Gyermekgy\u00f3gy\u00e1szati T\u00e1rsas\u00e1g (European Paediatric Association, EPA), 1962-ben a hallei Leopoldina N\u00e9met Term\u00e9szettudom\u00e1nyos Akad\u00e9mia (Deutsche Akademie der Naturforscher Leopoldina) \u00e9s a Csehszlov\u00e1k Purkyn\u00e9 Orvosi T\u00e1rsas\u00e1g (\u010ceskoslovensk\u00e1 l\u00e9ka\u0159sk\u00e1 spole\u010dnost Jan Evangelista Purkyn\u00e9), 1965-ben a Brit \u00dajsz\u00fcl\u00f6tt-gy\u00f3gy\u00e1szati T\u00e1rsas\u00e1g (British Neonatal Society), 1967-ben az Eur\u00f3pai Gyermekgy\u00f3gy\u00e1szati Nefrol\u00f3giai T\u00e1rsas\u00e1g (European Society of Paediatric Nephrology), 1972-ben az Amerikai Gyermekgy\u00f3gy\u00e1szati Akad\u00e9mia (American Academy of Pediatrics). A gyermekgy\u00f3gy\u00e1szati t\u00e1rsas\u00e1gok k\u00f6z\u00fcl a k\u00f6vetkez\u0151knek volt tagja: angol (1957, tiszteleti), francia (1958, levelez\u0151), portug\u00e1l (1960, t.), lengyel (1962, t.), sv\u00e9d (1962, t.), amerikai (1962, t.), bolg\u00e1r (1963, t.), sv\u00e1jci (1965, l.), finn (1965, t.), n\u00e9met (1967), olasz (1967) \u00e9s osztr\u00e1k. A Magyar Gyermekorvosok T\u00e1rsas\u00e1g\u00e1nak \u00f6r\u00f6k\u00f6s d\u00edszeln\u00f6ke volt. Nyolc szakfoly\u00f3iratnak (Acta Paediatrica Hungarica, Orvosk\u00e9pz\u00e9s, Gyermekgy\u00f3gy\u00e1szat, Biologia Neonatorum &#8211; Basel, Annales Paediatrici &#8211; Basel, Developmental Medicine &#8211; London, Monatschrift f\u00fcr Kinderheilkunde &#8211; Heidelberg, P\u00e4diatrie und Grenzgebiete &#8211; Berlin) volt szerkeszt\u0151bizotts\u00e1gi tagja. Bizotts\u00e1gi tagk\u00e9nt vett r\u00e9szt az International Union of Nutritional Sciences, gyermekgy\u00f3gy\u00e1szati tan\u00e1csad\u00f3k\u00e9nt pedig a WHO munk\u00e1j\u00e1ban.<\/p>\n<p style=\"text-align: justify\">A Baranya megyei gyermekk\u00f3rh\u00e1z 1993-ban, a Semmelweis Egyetem tehets\u00e9ggondoz\u00f3 programja 2007-ben vette fel a nev\u00e9t.<\/p>\n<p style=\"text-align: justify\"><strong>F\u0151bb munk\u00e1i:<\/strong> A s\u00f3- \u00e9s v\u00edzforgalom zavara. Debrecen, 1939.; A csecsem\u0151kori sorvad\u00e1s (Varga Ferenccel), Bp., 1953.; Pathologie und Klinik des Salz- und Wasserhaushaltes. Bp., 1959; Pathologische Physiologie des wachsenden Organismus. In: Lehrbuch der pathologischen Physiologie. (Szerk. Bernhard Goetze). Jena, 1961.; Gyermekgy\u00f3gy\u00e1szat<em>.<\/em> Bp., 1969, 1971, 1977, oroszul 1975, 1977, 1981, 1983.; The pathophysiology of infantile malnutrition: Protein-energy malnutrition and failure to thrive. Bp., 1983.<\/p>\n<p style=\"text-align: justify\"><strong>Nyughelye:<\/strong> Budapest, Farkasr\u00e9ti temet\u0151 6-1\/0\/1\/40 (akad\u00e9miai parcella, 2004-ben v\u00e9dett\u00e9 nyilv\u00e1n\u00edtva).<\/p>\n<p style=\"text-align: justify\">(Tulassay Tivadar 2015-ben megjelent, Kerpel-Fronius \u00d6d\u00f6n egyetemi tan\u00e1r c. \u00edr\u00e1s\u00e1nak felhaszn\u00e1l\u00e1s\u00e1val.)<\/p>\n\r\n        [slb_exclude]\r\n        <div class=\"row galeria-wrapper mx-0 h-auto\">\r\n            <div class=\"col-9 pl-0 pr-2\">\r\n            <span class=\"gallery-item frame\">\r\n\t\t\t\t<div class=\"galeria-left-img\"><a href=\"https:\/\/semmelweis.hu\/baratikor\/files\/2023\/01\/Kerpel-Fronius-Odon-49.a-IV.1.jpg\"><img src=https:\/\/semmelweis.hu\/baratikor\/files\/2023\/01\/Kerpel-Fronius-Odon-49.a-IV.1.jpg  \r\n                            alt=\"\" \r\n                            class=\"attachment-sote-gallery-big size-sote-gallery-big\" \r\n                            srcset=\"https:\/\/semmelweis.hu\/baratikor\/files\/2023\/01\/Kerpel-Fronius-Odon-49.a-IV.1-310x400.jpg 310w, https:\/\/semmelweis.hu\/baratikor\/files\/2023\/01\/Kerpel-Fronius-Odon-49.a-IV.1-768x992.jpg 768w, https:\/\/semmelweis.hu\/baratikor\/files\/2023\/01\/Kerpel-Fronius-Odon-49.a-IV.1-753x973.jpg 753w, https:\/\/semmelweis.hu\/baratikor\/files\/2023\/01\/Kerpel-Fronius-Odon-49.a-IV.1.jpg 774w\" ><\/a><\/div>\r\n            <\/span>\r\n\r\n            <\/div>\r\n\r\n\t\t\t<div class=\"col-3 pl-0 pr-0\">\r\n\t\t\t\t<div class=\"galeria-right-img d-flex justify-content-between flex-column h-100 w-100 px-0 mx-0 \">\r\n                <div class=\"galeria-box\">\r\n\t\t\t\t\t<h3 class=\"galeria-title\">Gal\u00e9ria<\/h3>\r\n\t\t\t\t\t<div class=\"galeria-subtitle\">\r\n\r\n\t\t\t\t\t\t<div class=\"galeria-page-counter\"><span>7<\/span>k\u00e9p<\/div>\r\n                    <\/div> <\/div>\r\n                    <span class=\"gallery-item frame d-none d-md-flex\">\r\n\t\t\t\t\t<div class=\"galeria-small-img mt-0\"><a href=\"https:\/\/semmelweis.hu\/baratikor\/files\/2023\/01\/Kerpel-Fronius-Odon-49.a-Prof.-album.jpg\"><img src=https:\/\/semmelweis.hu\/baratikor\/files\/2023\/01\/Kerpel-Fronius-Odon-49.a-Prof.-album.jpg \r\n                                alt=\"\"  \r\n                                class=\"attachment-sote-gallery-small size-sote-gallery-small\" \r\n                                srcset=\"https:\/\/semmelweis.hu\/baratikor\/files\/2023\/01\/Kerpel-Fronius-Odon-49.a-Prof.-album-280x400.jpg 280w, https:\/\/semmelweis.hu\/baratikor\/files\/2023\/01\/Kerpel-Fronius-Odon-49.a-Prof.-album.jpg 700w\" ><\/a><\/div>\r\n                    <\/span>\r\n                    <span class=\"gallery-item frame d-none d-md-flex\">\r\n\t\t\t\t\t<div class=\"galeria-small-img mt-0\"><a href=\"https:\/\/semmelweis.hu\/baratikor\/files\/2023\/01\/220_31.jpg\"><img src=https:\/\/semmelweis.hu\/baratikor\/files\/2023\/01\/220_31.jpg \r\n                                alt=\"\" \r\n                                class=\"attachment-sote-gallery-small size-sote-gallery-small\" \r\n                                srcset=\"\" ><\/a><\/div>\r\n                    <\/span>\r\n\r\n                <\/div>\r\n\r\n            <\/div>\r\n\r\n            <span class=\"gallery-item\"><div class=\"hidden\"><a href=\"https:\/\/semmelweis.hu\/baratikor\/files\/2023\/01\/220_21.jpg\">\r\n        <img src=https:\/\/semmelweis.hu\/baratikor\/files\/2023\/01\/220_21.jpg alt=\"\" class=\"attachment-sote-gallery-big size-sote-gallery-big\" srcset=\"\" >\r\n        <\/a><\/div><\/span><span class=\"gallery-item\"><div class=\"hidden\"><a href=\"https:\/\/semmelweis.hu\/baratikor\/files\/2023\/01\/220_11.jpg\">\r\n        <img src=https:\/\/semmelweis.hu\/baratikor\/files\/2023\/01\/220_11.jpg alt=\"\" class=\"attachment-sote-gallery-big size-sote-gallery-big\" srcset=\"\" >\r\n        <\/a><\/div><\/span><span class=\"gallery-item\"><div class=\"hidden\"><a href=\"https:\/\/semmelweis.hu\/baratikor\/files\/2023\/01\/Kerpel-Fronius-Odon.jpg\">\r\n        <img src=https:\/\/semmelweis.hu\/baratikor\/files\/2023\/01\/Kerpel-Fronius-Odon.jpg alt=\"\" class=\"attachment-sote-gallery-big size-sote-gallery-big\" srcset=\"https:\/\/semmelweis.hu\/baratikor\/files\/2023\/01\/Kerpel-Fronius-Odon-338x400.jpg 338w, https:\/\/semmelweis.hu\/baratikor\/files\/2023\/01\/Kerpel-Fronius-Odon-768x909.jpg 768w, https:\/\/semmelweis.hu\/baratikor\/files\/2023\/01\/Kerpel-Fronius-Odon-753x891.jpg 753w, https:\/\/semmelweis.hu\/baratikor\/files\/2023\/01\/Kerpel-Fronius-Odon.jpg 845w\" >\r\n        <\/a><\/div><\/span><span class=\"gallery-item\"><div class=\"hidden\"><a href=\"https:\/\/semmelweis.hu\/baratikor\/files\/2023\/01\/IMG_20200425_143403.jpg\">\r\n        <img src=https:\/\/semmelweis.hu\/baratikor\/files\/2023\/01\/IMG_20200425_143403.jpg alt=\"\" class=\"attachment-sote-gallery-big size-sote-gallery-big\" srcset=\"https:\/\/semmelweis.hu\/baratikor\/files\/2023\/01\/IMG_20200425_143403-300x400.jpg 300w, https:\/\/semmelweis.hu\/baratikor\/files\/2023\/01\/IMG_20200425_143403.jpg 750w\" >\r\n        <\/a><\/div><\/span>\r\n            <\/div>\r\n\r\n            [\/slb_exclude]\r\n\t\n","protected":false},"excerpt":{"rendered":"<p><a href=\"https:\/\/semmelweis.hu\/baratikor\/galeria\/teljes-nevlista\/kerpel-fronius-odon\/kerpel-fronius-odon-49-a-prof-album\/\" rel=\"attachment wp-att-1919\"><\/a> (Versec, 1906. janu\u00e1r 14. \u2013 Nyugat-Berlin, 1984. \u00e1prilis 22.) Tansz\u00e9k: II. sz. Gyermekgy\u00f3gy\u00e1szati Klinika 1967-1976. \u00c9desapja Versec f\u0151\u00fcgy\u00e9sze, k\u00e9s\u0151bb \u00fcgyv\u00e9dk\u00e9nt tev\u00e9kenykedett, \u00e9desanyja az erd\u00e9lyi sz\u00e1sz Fronius-csal\u00e1db\u00f3l sz\u00e1rmazott, ahol nemzed\u00e9keken \u00e1t\u00edvel\u0151 hagyom\u00e1nyk\u00e9nt a fi\u00fak orvosnak vagy evang\u00e9likus lelk\u00e9sznek tanultak. K\u00f6z\u00e9piskol\u00e1it sz\u00fcl\u0151v\u00e1ros\u00e1ban v\u00e9gezte, n\u00e9gy oszt\u00e1lyt magyar, h\u00e1rmat n\u00e9met iskol\u00e1ban, majd 1923-ban szerb\u00fcl \u00e9retts\u00e9gizett. Gyermekkor\u00e1ban nevel\u0151n\u0151j\u00e9t\u0151l franci\u00e1ul tanult, &hellip;<\/p>\n","protected":false},"author":282,"featured_media":4950,"parent":347,"menu_order":0,"comment_status":"closed","ping_status":"closed","template":"template-fullwidth.php","meta":{"_acf_changed":false,"footnotes":""},"categories":[77,14],"tags":[],"class_list":["post-1915","page","type-page","status-publish","has-post-thumbnail","hentry","category-kegyeleti-adattar","category-teljes-nevlista"],"acf":[],"_links":{"self":[{"href":"https:\/\/semmelweis.hu\/baratikor\/wp-json\/wp\/v2\/pages\/1915","targetHints":{"allow":["GET"]}}],"collection":[{"href":"https:\/\/semmelweis.hu\/baratikor\/wp-json\/wp\/v2\/pages"}],"about":[{"href":"https:\/\/semmelweis.hu\/baratikor\/wp-json\/wp\/v2\/types\/page"}],"author":[{"embeddable":true,"href":"https:\/\/semmelweis.hu\/baratikor\/wp-json\/wp\/v2\/users\/282"}],"replies":[{"embeddable":true,"href":"https:\/\/semmelweis.hu\/baratikor\/wp-json\/wp\/v2\/comments?post=1915"}],"version-history":[{"count":10,"href":"https:\/\/semmelweis.hu\/baratikor\/wp-json\/wp\/v2\/pages\/1915\/revisions"}],"predecessor-version":[{"id":1957,"href":"https:\/\/semmelweis.hu\/baratikor\/wp-json\/wp\/v2\/pages\/1915\/revisions\/1957"}],"up":[{"embeddable":true,"href":"https:\/\/semmelweis.hu\/baratikor\/wp-json\/wp\/v2\/pages\/347"}],"wp:featuredmedia":[{"embeddable":true,"href":"https:\/\/semmelweis.hu\/baratikor\/wp-json\/wp\/v2\/media\/4950"}],"wp:attachment":[{"href":"https:\/\/semmelweis.hu\/baratikor\/wp-json\/wp\/v2\/media?parent=1915"}],"wp:term":[{"taxonomy":"category","embeddable":true,"href":"https:\/\/semmelweis.hu\/baratikor\/wp-json\/wp\/v2\/categories?post=1915"},{"taxonomy":"post_tag","embeddable":true,"href":"https:\/\/semmelweis.hu\/baratikor\/wp-json\/wp\/v2\/tags?post=1915"}],"curies":[{"name":"wp","href":"https:\/\/api.w.org\/{rel}","templated":true}]}}