{"id":1878,"date":"2023-01-04T08:42:20","date_gmt":"2023-01-04T07:42:20","guid":{"rendered":"https:\/\/semmelweis.hu\/baratikor\/?page_id=1878"},"modified":"2023-01-09T11:18:32","modified_gmt":"2023-01-09T10:18:32","slug":"ivanyi-frigyes","status":"publish","type":"page","link":"https:\/\/semmelweis.hu\/baratikor\/galeria\/teljes-nevlista\/ivanyi-frigyes\/","title":{"rendered":"Iv\u00e1nyi Frigyes"},"content":{"rendered":"<p style=\"text-align: justify\"><strong>(Budapest<\/strong><strong>, 1916. j\u00fanius 27.<\/strong><strong> \u2013 Budapest, 1959. febru\u00e1r 14.)<\/strong><\/p>\n<p style=\"text-align: justify\"><strong>Tansz\u00e9k:<\/strong> Eg\u00e9szs\u00e9g\u00fcgyi Szervez\u00e9si Int\u00e9zet 1954-1959.<\/p>\n<p style=\"text-align: justify\">K\u00f6z\u00e9piskolai tanulm\u00e1nyait a budapesti K\u00f6lcsey Ferenc Re\u00e1lgimn\u00e1ziumban v\u00e9gezte, \u00e9retts\u00e9git 1934. j\u00fanius 7-\u00e9n tett. Az 1935\/36. tan\u00e9vben a b\u00e9csi egyetemre iratkozott be, ahol \u00f6t f\u00e9l\u00e9vet, majd az 1938\/39. tan\u00e9vben egyet Lausanne-ban v\u00e9gzett el. Az 1944\/45. tan\u00e9v II. f\u00e9l\u00e9v\u00e9ben m\u00e1r a budapesti orvoskarra iratkozott, ahol 1948. m\u00e1rcius 20-\u00e1n \u201ecum laude\u201d min\u0151s\u00edt\u00e9s\u0171 oklevelet nyert Kaiser Frigyes Dezs\u0151 n\u00e9ven. 1945-1950 k\u00f6z\u00f6tt az Orvos-Eg\u00e9szs\u00e9g\u00fcgyi Szakszervezet vezet\u0151 munkat\u00e1rsa volt. 1950-ben kezdte meg eg\u00e9szs\u00e9g\u00fcgyi szervez\u00e9si t\u00e9m\u00e1j\u00fa el\u0151ad\u00e1sait a budapesti orvoskaron, akkor m\u00e9g a K\u00f6zeg\u00e9szs\u00e9gtani Int\u00e9zet keretei k\u00f6z\u00f6tt. 1953 augusztus\u00e1ban j\u00f6tt l\u00e9tre az Eg\u00e9szs\u00e9g\u00fcgyi Szervez\u00e9si Int\u00e9zet Weil Emil vezet\u00e9s\u00e9vel, ahol Iv\u00e1nyi helyettes tansz\u00e9kvezet\u0151 lett. Weil 1954-ben bek\u00f6vetkezett hal\u00e1la ut\u00e1n t\u00e9nylegesen Iv\u00e1nyi vette \u00e1t a tansz\u00e9k vezet\u00e9s\u00e9t, noha hivatalosan Dabis L\u00e1szl\u00f3t jel\u00f6lt\u00e9k ki fel\u00fcgyel\u0151 tan\u00e1rnak. 1958 m\u00e1jus\u00e1ban nyerte el az orvostudom\u00e1nyok kandid\u00e1tusa fokozatot. Tragikus hirtelens\u00e9ggel, 43. \u00e9let\u00e9v\u00e9ben \u00e9rte a hal\u00e1l.<\/p>\n<p style=\"text-align: justify\">Sokat tett a magyar eg\u00e9szs\u00e9g\u00fcgy szocialist\u00e1nak nevezett \u00e1tszervez\u00e9s\u00e9\u00e9rt. Szerepet v\u00e1llalt az MSZMP megszervez\u00e9s\u00e9ben az 1956-os forradalom ut\u00e1n.<a href=\"#_ftn1\" name=\"_ftnref1\">[1]<\/a> Tudom\u00e1nyos munk\u00e1ss\u00e1ga kiterjedt a k\u00f6zeg\u00e9szs\u00e9gtan \u00e9s az eg\u00e9szs\u00e9g\u00fcgyi nevel\u00e9s egyetemi oktat\u00e1s\u00e1ra, az egyes betegs\u00e9gek alakul\u00e1s\u00e1nak j\u00e1rv\u00e1nytani-statisztikai saj\u00e1toss\u00e1gai mellett k\u00fcl\u00f6n\u00f6sen sokat foglalkozott az alkoholizmus kihat\u00e1sainak, az alkoholizmus \u00e9s a balesetek \u00f6sszef\u00fcgg\u00e9s\u00e9nek \u00e9lettani, pszichol\u00f3giai \u00e9s statisztikai vizsg\u00e1lat\u00e1val, a j\u00e1r\u00f3betegforgalom k\u00e9rd\u00e9seivel. Elk\u00e9sz\u00edtette a tant\u00e1rgy egyetemi jegyzeteit, melyeket az orsz\u00e1g t\u00f6bbi orvosegyetem\u00e9n is haszn\u00e1ltak.<\/p>\n<p style=\"text-align: justify\">Tagja volt az ETT Eg\u00e9szs\u00e9g\u00fcgyi Szervez\u00e9si Szakbizotts\u00e1g\u00e1nak, vezet\u0151s\u00e9gi tagja az Eg\u00e9szs\u00e9gtudom\u00e1nyi Szakcsoportnak, tagja az Orsz\u00e1gos Antialkoholista Bizotts\u00e1gnak. R\u00e9szt vett a N\u00e9peg\u00e9szs\u00e9g\u00fcgy c. szaklap szerkeszt\u0151bizotts\u00e1gi munk\u00e1j\u00e1ban.<\/p>\n<p style=\"text-align: justify\">A N\u00e9pk\u00f6zt\u00e1rsas\u00e1gi \u00c9rdem\u00e9rem arany fokozat\u00e1val ismert\u00e9k el tev\u00e9kenys\u00e9g\u00e9t.<\/p>\n<p style=\"text-align: justify\"><strong>F\u0151bb munk\u00e1i:<\/strong> A v\u00e1rosi j\u00e1r\u00f3beteg-forgalom. Bp., 1958.; 15 k\u00e9rd\u00e9s, 15 felelet. Bp., 1958.<\/p>\n<p style=\"text-align: justify\"><strong>Nyughelye:<\/strong> urn\u00e1san Fiumei (Kerepesi) temet\u0151be.<\/p>\n<p style=\"text-align: justify\">(Forr\u00e1s: Bartha Ferenc dr.: Iv\u00e1nyi Frigyes \/1916-1959\/. In: Orvosi Hetilap 1959:11. sz.)<\/p>\n<p style=\"text-align: justify\"><a href=\"#_ftnref1\" name=\"_ftn1\">[1]<\/a> Lev\u00e9lt\u00e1ri forr\u00e1s h\u00edj\u00e1n nincs adatunk p\u00e1rttags\u00e1g\u00e1ra, de Bartha Ferenc Iv\u00e1nyir\u00f3l \u00edrt nekrol\u00f3gj\u00e1ban egy\u00e9rtelm\u0171en kommunistak\u00e9nt eml\u00edti.<\/p>\n","protected":false},"excerpt":{"rendered":"<p>(Budapest, 1916. j\u00fanius 27. \u2013 Budapest, 1959. febru\u00e1r 14.) Tansz\u00e9k: Eg\u00e9szs\u00e9g\u00fcgyi Szervez\u00e9si Int\u00e9zet 1954-1959. K\u00f6z\u00e9piskolai tanulm\u00e1nyait a budapesti K\u00f6lcsey Ferenc Re\u00e1lgimn\u00e1ziumban v\u00e9gezte, \u00e9retts\u00e9git 1934. j\u00fanius 7-\u00e9n tett. Az 1935\/36. tan\u00e9vben a b\u00e9csi egyetemre iratkozott be, ahol \u00f6t f\u00e9l\u00e9vet, majd az 1938\/39. tan\u00e9vben egyet Lausanne-ban v\u00e9gzett el. Az 1944\/45. tan\u00e9v II. f\u00e9l\u00e9v\u00e9ben m\u00e1r a budapesti orvoskarra &hellip;<\/p>\n","protected":false},"author":282,"featured_media":0,"parent":347,"menu_order":0,"comment_status":"closed","ping_status":"closed","template":"template-fullwidth.php","meta":{"_acf_changed":false,"footnotes":""},"categories":[77,14],"tags":[],"class_list":["post-1878","page","type-page","status-publish","hentry","category-kegyeleti-adattar","category-teljes-nevlista"],"acf":[],"_links":{"self":[{"href":"https:\/\/semmelweis.hu\/baratikor\/wp-json\/wp\/v2\/pages\/1878","targetHints":{"allow":["GET"]}}],"collection":[{"href":"https:\/\/semmelweis.hu\/baratikor\/wp-json\/wp\/v2\/pages"}],"about":[{"href":"https:\/\/semmelweis.hu\/baratikor\/wp-json\/wp\/v2\/types\/page"}],"author":[{"embeddable":true,"href":"https:\/\/semmelweis.hu\/baratikor\/wp-json\/wp\/v2\/users\/282"}],"replies":[{"embeddable":true,"href":"https:\/\/semmelweis.hu\/baratikor\/wp-json\/wp\/v2\/comments?post=1878"}],"version-history":[{"count":1,"href":"https:\/\/semmelweis.hu\/baratikor\/wp-json\/wp\/v2\/pages\/1878\/revisions"}],"predecessor-version":[{"id":1879,"href":"https:\/\/semmelweis.hu\/baratikor\/wp-json\/wp\/v2\/pages\/1878\/revisions\/1879"}],"up":[{"embeddable":true,"href":"https:\/\/semmelweis.hu\/baratikor\/wp-json\/wp\/v2\/pages\/347"}],"wp:attachment":[{"href":"https:\/\/semmelweis.hu\/baratikor\/wp-json\/wp\/v2\/media?parent=1878"}],"wp:term":[{"taxonomy":"category","embeddable":true,"href":"https:\/\/semmelweis.hu\/baratikor\/wp-json\/wp\/v2\/categories?post=1878"},{"taxonomy":"post_tag","embeddable":true,"href":"https:\/\/semmelweis.hu\/baratikor\/wp-json\/wp\/v2\/tags?post=1878"}],"curies":[{"name":"wp","href":"https:\/\/api.w.org\/{rel}","templated":true}]}}