{"id":1873,"date":"2023-01-04T08:41:30","date_gmt":"2023-01-04T07:41:30","guid":{"rendered":"https:\/\/semmelweis.hu\/baratikor\/?page_id=1873"},"modified":"2023-10-11T15:55:14","modified_gmt":"2023-10-11T13:55:14","slug":"ivan-laszlo","status":"publish","type":"page","link":"https:\/\/semmelweis.hu\/baratikor\/galeria\/teljes-nevlista\/ivan-laszlo\/","title":{"rendered":"Iv\u00e1n L\u00e1szl\u00f3"},"content":{"rendered":"<p style=\"text-align: justify\"><strong> <a href=\"https:\/\/semmelweis.hu\/baratikor\/galeria\/teljes-nevlista\/ivan-laszlo\/ivan-laszlo\/\" rel=\"attachment wp-att-1875\"><img loading=\"lazy\" decoding=\"async\" class=\"alignleft size-medium wp-image-1875\" src=\"https:\/\/semmelweis.hu\/baratikor\/files\/2023\/01\/Ivan-Laszlo-269x400.jpg\" alt=\"\" width=\"269\" height=\"400\" srcset=\"https:\/\/semmelweis.hu\/baratikor\/files\/2023\/01\/Ivan-Laszlo-269x400.jpg 269w, https:\/\/semmelweis.hu\/baratikor\/files\/2023\/01\/Ivan-Laszlo.jpg 673w\" sizes=\"auto, (max-width: 269px) 100vw, 269px\" \/><\/a>(G\u00f6nc<\/strong><strong>, 1933. m\u00e1jus 9.<\/strong><strong> \u2013 Budapest, 2020. janu\u00e1r 16.)<\/strong><\/p>\n<p style=\"text-align: justify\"><strong>Tansz\u00e9k: <\/strong>Gerontol\u00f3giai K\u00f6zpont 1993. szeptember 1.-1998. j\u00fanius 30.<\/p>\n<p style=\"text-align: justify\">Vid\u00e9ki munk\u00e1scsal\u00e1db\u00f3l sz\u00e1rmazott, \u00e9desapja mozdonyvezet\u0151k\u00e9nt, illetve g\u00e9plakatosk\u00e9nt kereste a csal\u00e1d kenyer\u00e9t, am\u00edg Budapest ostromakor \u00e9let\u00e9t nem vesztette. Fia a budapesti J\u00f3zsef Attila Gimn\u00e1ziumban tett \u00e9retts\u00e9git, majd felv\u00e9telt nyert a Budapesti Orvostudom\u00e1nyi Egyetemre. Medikus \u00e9vei sor\u00e1n Kov\u00e1ch Arisztid (\u00c9lettani Int\u00e9zet), S\u00f3s J\u00f3zsef (K\u00f3r\u00e9letani Int\u00e9zet) \u00e9s Dabis L\u00e1szl\u00f3 (K\u00f6zeg\u00e9szs\u00e9gtani Int\u00e9zet) professzorok mellett dolgozott demonstr\u00e1tork\u00e9nt. 1957. augusztus 31-\u00e9n szerzett jeles rend\u0171 orvosi diplom\u00e1t. 1957. augusztus 30-t\u00f3l egyetemi gyakornokk\u00e9nt tev\u00e9kenykedett a II. sz. Neurol\u00f3giai \u00e9s Psychi\u00e1triai Klinik\u00e1n. V\u00e9gigj\u00e1rva a rangl\u00e9tr\u00e1t klinikai orvos, egyetemi tan\u00e1rseg\u00e9d, oszt\u00e1lyvezet\u0151 tan\u00e1rseg\u00e9d, 1974. j\u00falius 1-j\u00e9t\u0151l pedig egyetemi adjunktus lett. Pszichi\u00e1triai szakvizsg\u00e1t 1961. szeptember 8-\u00e1n Ny\u00edr\u0151 Gyul\u00e1n\u00e1l, neurol\u00f3giait 1963. szeptember 27-\u00e9n Hor\u00e1nyi B\u00e9l\u00e1n\u00e1l tett. 1966-ban elv\u00e9gezte a 3 \u00e9ves Marxizmus-Leninizmus Esti Egyetemet, de semmilyen politikai p\u00e1rtnak sem ekkor, sem k\u00e9s\u0151bb nem volt tagja. 1969. november 5-\u00e9n igazs\u00e1g\u00fcgyi elmeszakorvosi k\u00e9pes\u00edt\u00e9st szerzett. 1980-ban elv\u00e9gezte az Orvoseg\u00e9szs\u00e9g\u00fcgyi Szakszervezet egy\u00e9ves eg\u00e9szs\u00e9gpolitikai tanfolyam\u00e1t. Ugyanebben az \u00e9vben kandid\u00e1tusi fokozatot szerzett. 1995. febru\u00e1r 4-\u00e9n el\u00e9rte a PhD fokozatot.<\/p>\n<p style=\"text-align: justify\">1969-ben a vezet\u00e9se alatt \u00e1ll\u00f3 n\u0151i pszichi\u00e1triai oszt\u00e1lyon bevezette az els\u0151 hazai \u201eopen door\u201d rendszer\u0171 komplex-gy\u00f3gy\u00edt\u00e1st, majd 1974-ben megszervezte az ugyancsak els\u0151 hazai klinikai akut geronto-pszichi\u00e1triai oszt\u00e1lyt. 1978-ra elk\u00e9sz\u00edtette Az id\u0151skori szoci\u00e1lis izol\u00e1ci\u00f3 jelent\u0151s\u00e9ge a pszichi\u00e1tri\u00e1ban c. kandid\u00e1tusi \u00e9rtekez\u00e9s\u00e9t, melyet 1980-ban v\u00e9dett meg \u00e9s nyert kandid\u00e1tusi fokozatot. 1982. december 10-t\u0151l az egyetem Gerontol\u00f3giai K\u00f6zpontj\u00e1nak tudom\u00e1nyos f\u0151munkat\u00e1rsak\u00e9nt, mint a Neuropsychi\u00e1triai Labor vezet\u0151je dolgozott. Vezet\u00e9s\u00e9vel korszer\u0171 neuro-pszichogeri\u00e1triai \u00e9s geromentalhygi\u00e9ne kutat\u00e1sok indultak.<\/p>\n<p style=\"text-align: justify\">Bevezette a szoci\u00e1l-pszichi\u00e1rtiai \u00e9s geronto-pszichi\u00e1triai t\u00e9mak\u00f6r\u00f6ket az orvos- \u00e9s fogorvosoktat\u00e1sba. Neurol\u00f3giai klinikai vizsg\u00e1latai alapj\u00e1n els\u0151k\u00e9nt \u00edrta le az arthrolysis syringomyelic\u00e1t \u00e9s els\u0151 magyarorsz\u00e1gi k\u00f6zl\u00e9sk\u00e9nt a Gilles de la Tourette betegs\u00e9get. Szem\u00e9lyis\u00e9g-k\u00f6zpont\u00fa kutat\u00e1saival az id\u0151s\u00f6d\u00e9s \u00e9s id\u0151skor \u00faj, holisztikus szeml\u00e9let\u0171 pszicho-biol\u00f3giai megk\u00f6zel\u00edt\u00e9s\u00e9t \u00e9s modellj\u00e9t alak\u00edtotta ki, melynek mind a gerontol\u00f3gi\u00e1ban, mind a geri\u00e1tri\u00e1ban, az \u00f6reged\u00e9s norm\u00e1l \u00e9s pathol\u00f3gi\u00e1s folyamatainak tanulm\u00e1nyoz\u00e1s\u00e1ban fontos szerepe volt. El\u0151ad\u00f3k\u00e9nt vett r\u00e9szt az Orvostov\u00e1bbk\u00e9pz\u0151 Int\u00e9zet tanfolyamain, illetve el\u0151ad\u00f3 tan\u00e1r volt a B\u00e1rczy Guszt\u00e1v Gy\u00f3gypedag\u00f3giai Tan\u00e1rk\u00e9pz\u0151 F\u0151iskol\u00e1n is.<\/p>\n<p style=\"text-align: justify\">1976-1985 k\u00f6z\u00f6tt v\u00e1lasztott tagja volt az egyetem \u00c1ltal\u00e1nos Orvostudom\u00e1nyi Kar tan\u00e1cs\u00e1nak. R\u00e9szt vett a kar Eln\u00f6ks\u00e9g\u00e9nek, Klinikai, majd Oktat\u00e1si Bizotts\u00e1g\u00e1nak munk\u00e1j\u00e1ban. K\u00e9t cikluson kereszt\u00fcl 1985-ig vezette a Szakszervezeti Bizotts\u00e1g Eg\u00e9szs\u00e9gpolitikai Bizotts\u00e1g\u00e1t. Az 1980-as \u00e9vekben t\u00e1rsadalmi munk\u00e1t v\u00e9gzett a Hazafias N\u00e9pfront Budapesti \u00e9s Orsz\u00e1gos Bizotts\u00e1gaiban. Alap\u00edt\u00f3 tagja, majd eln\u00f6ke volt a MOTESZ Szoci\u00e1lrehabilit\u00e1ci\u00f3s Sz\u00f6vets\u00e9g\u00e9nek. Vezet\u0151s\u00e9gi tagja volt a Magyar Gerontol\u00f3giai T\u00e1rsas\u00e1gnak \u00e9s a Magyar T\u00e1rsadalomorvostudom\u00e1nyi T\u00e1rsas\u00e1gnak. Tagja volt a World Federation of Mental Health, a World Psychiatric Association, az International Psychogeriatric Association (IPA) t\u00e1rsas\u00e1goknak, az Ideg-Elmeorvosok T\u00e1rsas\u00e1g\u00e1nak, a Magyar Pszichol\u00f3giai T\u00e1rsas\u00e1gnak, a Magyar Igazs\u00e1g\u00fcgyi Orvosok T\u00e1rsas\u00e1g\u00e1nak, a Magyar Kor\u00e1nyi T\u00e1rsas\u00e1gnak, alap\u00edt\u00f3 tagja a Magyar Pszichi\u00e1triai T\u00e1rsas\u00e1gnak. A Sz\u00e9chenyi T\u00e1rsas\u00e1g \u00c9rtelmis\u00e9gi Klubj\u00e1nak vezet\u0151s\u00e9gi tagja, illetve ezen t\u00e1rsas\u00e1g Orvosi Klubj\u00e1nak eln\u00f6ke volt. Eln\u00f6k\u00f6lte tov\u00e1bb\u00e1 a Magyar Szoci\u00e1lpolitikai T\u00e1rsas\u00e1got. Felk\u00e9rt vezet\u0151je volt a SOTE Bar\u00e1ti K\u00f6r Nyugd\u00edjas Szekci\u00f3j\u00e1nak, valamint alap\u00edt\u00f3 tagja a Cisztercita Di\u00e1kok Orsz\u00e1gos Sz\u00f6vets\u00e9g\u00e9nek.<\/p>\n<p style=\"text-align: justify\">Kit\u00fcntet\u00e9sei: Valencia-i Egyetem d\u00edszdoktora &#8211; 1971, Szoci\u00e1lrehabilit\u00e1ci\u00f3s Sz\u00f6vets\u00e9g eml\u00e9k\u00e9rme &#8211; 1976, SOTE kiv\u00e1l\u00f3 oktat\u00f3ja &#8211; 1979, Eg\u00e9szs\u00e9g\u00fcgyi Miniszt\u00e9rium kiv\u00e1l\u00f3 munk\u00e1\u00e9rt &#8211; 1985, Vilmon Gyula-n\u00edv\u00f3d\u00edj &#8211; 1986, Sz\u00e9chenyi T\u00e1rsas\u00e1g d\u00edszoklevele &#8211; 1992, Pro Sanitate eml\u00e9k\u00e9rem &#8211; 1995, Magyar K\u00f6zt\u00e1rsas\u00e1gi \u00c9rdemrend tisztikeresztje &#8211; 2001.<\/p>\n<p style=\"text-align: justify\"><strong>F\u0151bb munk\u00e1i:<\/strong> Az id\u0151skori szoci\u00e1lis izol\u00e1ci\u00f3 jelent\u0151s\u00e9ge a pszichi\u00e1tri\u00e1ban. Kandid\u00e1tusi \u00e9rt. MTA TMB. Bp., 1978.; Ne f\u00e9lj\u00fcnk az \u00f6reged\u00e9st\u0151l! Bp., SubRosa, 1997.; Id\u0151s betegek \u00e9s haldokl\u00f3k ell\u00e1t\u00e1sa kalkuttai Ter\u00e9z Anya szerint (Blaskovich Erzs\u00e9bettel). Bp., 2001.; Gerontol\u00f3gia a gy\u00f3gyszert\u00e1rban. Bp., Dictum, 2002.<\/p>\n<p style=\"text-align: justify\"><strong>Nyughelye:<\/strong> Farkasr\u00e9ti temet\u0151 (temet\u00e9s 2020. febru\u00e1r 7-\u00e9n 15:00-kor urn\u00e1san).<\/p>\n<p><strong><a href=\"https:\/\/semmelweis.hu\/baratikor\/galeria\/teljes-nevlista\/ivan-laszlo\/ivan-laszlo-fiatalkori\/\" rel=\"attachment wp-att-1874\"><img loading=\"lazy\" decoding=\"async\" class=\"alignleft size-medium wp-image-1874\" src=\"https:\/\/semmelweis.hu\/baratikor\/files\/2023\/01\/Ivan-Laszlo-fiatalkori-284x400.jpg\" alt=\"\" width=\"284\" height=\"400\" srcset=\"https:\/\/semmelweis.hu\/baratikor\/files\/2023\/01\/Ivan-Laszlo-fiatalkori-284x400.jpg 284w, https:\/\/semmelweis.hu\/baratikor\/files\/2023\/01\/Ivan-Laszlo-fiatalkori.jpg 711w\" sizes=\"auto, (max-width: 284px) 100vw, 284px\" \/><\/a><\/strong><\/p>\n","protected":false},"excerpt":{"rendered":"<p><a href=\"https:\/\/semmelweis.hu\/baratikor\/galeria\/teljes-nevlista\/ivan-laszlo\/ivan-laszlo\/\" rel=\"attachment wp-att-1875\"><\/a> (G\u00f6nc, 1933. m\u00e1jus 9. \u2013 Budapest, 2020. janu\u00e1r 16.) Tansz\u00e9k: Gerontol\u00f3giai K\u00f6zpont 1993. szeptember 1.-1998. j\u00fanius 30. Vid\u00e9ki munk\u00e1scsal\u00e1db\u00f3l sz\u00e1rmazott, \u00e9desapja mozdonyvezet\u0151k\u00e9nt, illetve g\u00e9plakatosk\u00e9nt kereste a csal\u00e1d kenyer\u00e9t, am\u00edg Budapest ostromakor \u00e9let\u00e9t nem vesztette. Fia a budapesti J\u00f3zsef Attila Gimn\u00e1ziumban tett \u00e9retts\u00e9git, majd felv\u00e9telt nyert a Budapesti Orvostudom\u00e1nyi Egyetemre. Medikus \u00e9vei sor\u00e1n Kov\u00e1ch Arisztid (\u00c9lettani &hellip;<\/p>\n","protected":false},"author":282,"featured_media":5396,"parent":347,"menu_order":0,"comment_status":"closed","ping_status":"closed","template":"template-fullwidth.php","meta":{"_acf_changed":false,"footnotes":""},"categories":[14],"tags":[],"class_list":["post-1873","page","type-page","status-publish","has-post-thumbnail","hentry","category-teljes-nevlista"],"acf":[],"_links":{"self":[{"href":"https:\/\/semmelweis.hu\/baratikor\/wp-json\/wp\/v2\/pages\/1873","targetHints":{"allow":["GET"]}}],"collection":[{"href":"https:\/\/semmelweis.hu\/baratikor\/wp-json\/wp\/v2\/pages"}],"about":[{"href":"https:\/\/semmelweis.hu\/baratikor\/wp-json\/wp\/v2\/types\/page"}],"author":[{"embeddable":true,"href":"https:\/\/semmelweis.hu\/baratikor\/wp-json\/wp\/v2\/users\/282"}],"replies":[{"embeddable":true,"href":"https:\/\/semmelweis.hu\/baratikor\/wp-json\/wp\/v2\/comments?post=1873"}],"version-history":[{"count":2,"href":"https:\/\/semmelweis.hu\/baratikor\/wp-json\/wp\/v2\/pages\/1873\/revisions"}],"predecessor-version":[{"id":1877,"href":"https:\/\/semmelweis.hu\/baratikor\/wp-json\/wp\/v2\/pages\/1873\/revisions\/1877"}],"up":[{"embeddable":true,"href":"https:\/\/semmelweis.hu\/baratikor\/wp-json\/wp\/v2\/pages\/347"}],"wp:featuredmedia":[{"embeddable":true,"href":"https:\/\/semmelweis.hu\/baratikor\/wp-json\/wp\/v2\/media\/5396"}],"wp:attachment":[{"href":"https:\/\/semmelweis.hu\/baratikor\/wp-json\/wp\/v2\/media?parent=1873"}],"wp:term":[{"taxonomy":"category","embeddable":true,"href":"https:\/\/semmelweis.hu\/baratikor\/wp-json\/wp\/v2\/categories?post=1873"},{"taxonomy":"post_tag","embeddable":true,"href":"https:\/\/semmelweis.hu\/baratikor\/wp-json\/wp\/v2\/tags?post=1873"}],"curies":[{"name":"wp","href":"https:\/\/api.w.org\/{rel}","templated":true}]}}