{"id":1868,"date":"2023-01-04T08:39:51","date_gmt":"2023-01-04T07:39:51","guid":{"rendered":"https:\/\/semmelweis.hu\/baratikor\/?page_id=1868"},"modified":"2023-10-11T15:53:20","modified_gmt":"2023-10-11T13:53:20","slug":"incze-gyula","status":"publish","type":"page","link":"https:\/\/semmelweis.hu\/baratikor\/galeria\/teljes-nevlista\/incze-gyula\/","title":{"rendered":"Incze Gyula"},"content":{"rendered":"<p style=\"text-align: justify\"><strong><a href=\"https:\/\/semmelweis.hu\/baratikor\/galeria\/teljes-nevlista\/incze-gyula\/incze-gyula\/\" rel=\"attachment wp-att-1869\"><img loading=\"lazy\" decoding=\"async\" class=\"alignleft size-medium wp-image-1869\" src=\"https:\/\/semmelweis.hu\/baratikor\/files\/2023\/01\/Incze-Gyula-278x400.jpg\" alt=\"\" width=\"278\" height=\"400\" srcset=\"https:\/\/semmelweis.hu\/baratikor\/files\/2023\/01\/Incze-Gyula-278x400.jpg 278w, https:\/\/semmelweis.hu\/baratikor\/files\/2023\/01\/Incze-Gyula.jpg 695w\" sizes=\"auto, (max-width: 278px) 100vw, 278px\" \/><\/a> (<\/strong><strong>Ny\u00fajt\u00f3d, 1903. janu\u00e1r 15.<\/strong><strong> \u2013 Budapest, 1955. janu\u00e1r 30.)<\/strong><\/p>\n<p style=\"text-align: justify\"><strong>Tansz\u00e9k: <\/strong>T\u00f6rv\u00e9nysz\u00e9ki Orvostani Int\u00e9zet 1946-1947 (mb.), 1947-1955.<\/p>\n<p style=\"text-align: justify\">\u00c9desapja jegyz\u0151 volt, \u00e9retts\u00e9git a Sepsiszentgy\u00f6rgyi Reform\u00e1tus Gimn\u00e1ziumban tett. 1922-ben iratkozott be a Ferenc J\u00f3zsef Tudom\u00e1nyegyetem Orvostudom\u00e1nyi Kar\u00e1ra, ahol oklevel\u00e9t szerezte. Ezut\u00e1n, 1926-ban ker\u00fclt a szegedi Ferenc J\u00f3zsef Tudom\u00e1nyegyetem K\u00f3rbonctani Int\u00e9zet\u00e9be, ahol 1929-ben tan\u00e1rseg\u00e9dd\u00e9 nevezt\u00e9k ki. 1939-ben mag\u00e1ntan\u00e1ri k\u00e9pes\u00edt\u00e9st szerzett a t\u00f6rv\u00e9nysz\u00e9ki orvostani gyakorlatban el\u0151fordul\u00f3 fontosabb m\u00e9rgez\u00e9sek t\u00e1rgyk\u00f6r\u00e9b\u0151l. 1946. szeptemberben c\u00edmzetes rendk\u00edv\u00fcli tan\u00e1ri c\u00edmmel Budapestre h\u00edvt\u00e1k a P\u00e1zm\u00e1ny P\u00e9ter Tudom\u00e1nyegyetem T\u00f6rv\u00e9nysz\u00e9ki Orvostani Int\u00e9zet vezet\u00e9s\u00e9re addig, am\u00edg a tansz\u00e9k szab\u00e1lyos bet\u00f6lt\u00e9se megt\u00f6rt\u00e9nhet. 1947. szeptember 1-j\u00e9n \u0151t nevezt\u00e9k ki nyilv\u00e1nos rendes tan\u00e1rr\u00e1. 1952-ben elnyerte a kandid\u00e1tusi fokozatot. Int\u00e9zet\u00e9t korai hal\u00e1l\u00e1ig vezette.<\/p>\n<p style=\"text-align: justify\">Magyarorsz\u00e1gon \u0151 vezette be a v\u00e9rcsoportvizsg\u00e1latot apas\u00e1g meg\u00e1llap\u00edt\u00e1s\u00e1n\u00e1l, illetve v\u00edzbef\u00fal\u00e1sos esetekn\u00e9l a planktonvizsg\u00e1latot. Kutat\u00e1sai kiterjedtek az elektromos \u00e1ram biol\u00f3giai hat\u00e1saira, ipari m\u00e9rgez\u00e9sekre balesetekkel kapcsolatosan. Szakter\u00fclet\u00e9n az \u00fan. histol\u00f3giai ir\u00e1nyzatot k\u00e9pviselte. Tan\u00e1rs\u00e1ga idej\u00e9n, 1953 okt\u00f3ber\u00e9ben v\u00e1ltozott a tansz\u00e9k elnevez\u00e9se Igazs\u00e1g\u00fcgyi Orvostani Int\u00e9zetre.<\/p>\n<p style=\"text-align: justify\"><strong>Nyughelye:<\/strong> Budapest, Farkasr\u00e9ti temet\u0151 28-1\/0\/1\/55.<\/p>\n<p><strong><a href=\"https:\/\/semmelweis.hu\/baratikor\/galeria\/teljes-nevlista\/incze-gyula\/img_20200425_120314\/\" rel=\"attachment wp-att-1870\"><img loading=\"lazy\" decoding=\"async\" class=\"alignleft size-medium wp-image-1870\" src=\"https:\/\/semmelweis.hu\/baratikor\/files\/2023\/01\/IMG_20200425_120314-300x400.jpg\" alt=\"\" width=\"300\" height=\"400\" srcset=\"https:\/\/semmelweis.hu\/baratikor\/files\/2023\/01\/IMG_20200425_120314-300x400.jpg 300w, https:\/\/semmelweis.hu\/baratikor\/files\/2023\/01\/IMG_20200425_120314.jpg 750w\" sizes=\"auto, (max-width: 300px) 100vw, 300px\" \/><\/a><\/strong><\/p>\n","protected":false},"excerpt":{"rendered":"<p><a href=\"https:\/\/semmelweis.hu\/baratikor\/galeria\/teljes-nevlista\/incze-gyula\/incze-gyula\/\" rel=\"attachment wp-att-1869\"><\/a> (Ny\u00fajt\u00f3d, 1903. janu\u00e1r 15. \u2013 Budapest, 1955. janu\u00e1r 30.) Tansz\u00e9k: T\u00f6rv\u00e9nysz\u00e9ki Orvostani Int\u00e9zet 1946-1947 (mb.), 1947-1955. \u00c9desapja jegyz\u0151 volt, \u00e9retts\u00e9git a Sepsiszentgy\u00f6rgyi Reform\u00e1tus Gimn\u00e1ziumban tett. 1922-ben iratkozott be a Ferenc J\u00f3zsef Tudom\u00e1nyegyetem Orvostudom\u00e1nyi Kar\u00e1ra, ahol oklevel\u00e9t szerezte. Ezut\u00e1n, 1926-ban ker\u00fclt a szegedi Ferenc J\u00f3zsef Tudom\u00e1nyegyetem K\u00f3rbonctani Int\u00e9zet\u00e9be, ahol 1929-ben tan\u00e1rseg\u00e9dd\u00e9 nevezt\u00e9k ki. 1939-ben mag\u00e1ntan\u00e1ri k\u00e9pes\u00edt\u00e9st &hellip;<\/p>\n","protected":false},"author":282,"featured_media":5395,"parent":347,"menu_order":0,"comment_status":"closed","ping_status":"closed","template":"template-fullwidth.php","meta":{"_acf_changed":false,"footnotes":""},"categories":[77,14],"tags":[],"class_list":["post-1868","page","type-page","status-publish","has-post-thumbnail","hentry","category-kegyeleti-adattar","category-teljes-nevlista"],"acf":[],"_links":{"self":[{"href":"https:\/\/semmelweis.hu\/baratikor\/wp-json\/wp\/v2\/pages\/1868","targetHints":{"allow":["GET"]}}],"collection":[{"href":"https:\/\/semmelweis.hu\/baratikor\/wp-json\/wp\/v2\/pages"}],"about":[{"href":"https:\/\/semmelweis.hu\/baratikor\/wp-json\/wp\/v2\/types\/page"}],"author":[{"embeddable":true,"href":"https:\/\/semmelweis.hu\/baratikor\/wp-json\/wp\/v2\/users\/282"}],"replies":[{"embeddable":true,"href":"https:\/\/semmelweis.hu\/baratikor\/wp-json\/wp\/v2\/comments?post=1868"}],"version-history":[{"count":2,"href":"https:\/\/semmelweis.hu\/baratikor\/wp-json\/wp\/v2\/pages\/1868\/revisions"}],"predecessor-version":[{"id":1872,"href":"https:\/\/semmelweis.hu\/baratikor\/wp-json\/wp\/v2\/pages\/1868\/revisions\/1872"}],"up":[{"embeddable":true,"href":"https:\/\/semmelweis.hu\/baratikor\/wp-json\/wp\/v2\/pages\/347"}],"wp:featuredmedia":[{"embeddable":true,"href":"https:\/\/semmelweis.hu\/baratikor\/wp-json\/wp\/v2\/media\/5395"}],"wp:attachment":[{"href":"https:\/\/semmelweis.hu\/baratikor\/wp-json\/wp\/v2\/media?parent=1868"}],"wp:term":[{"taxonomy":"category","embeddable":true,"href":"https:\/\/semmelweis.hu\/baratikor\/wp-json\/wp\/v2\/categories?post=1868"},{"taxonomy":"post_tag","embeddable":true,"href":"https:\/\/semmelweis.hu\/baratikor\/wp-json\/wp\/v2\/tags?post=1868"}],"curies":[{"name":"wp","href":"https:\/\/api.w.org\/{rel}","templated":true}]}}