{"id":1859,"date":"2023-01-04T08:36:27","date_gmt":"2023-01-04T07:36:27","guid":{"rendered":"https:\/\/semmelweis.hu\/baratikor\/?page_id=1859"},"modified":"2023-10-11T15:29:40","modified_gmt":"2023-10-11T13:29:40","slug":"harsing-laszlo","status":"publish","type":"page","link":"https:\/\/semmelweis.hu\/baratikor\/galeria\/teljes-nevlista\/harsing-laszlo\/","title":{"rendered":"H\u00e1rsing L\u00e1szl\u00f3"},"content":{"rendered":"<p style=\"text-align: justify\"><strong><a href=\"https:\/\/semmelweis.hu\/baratikor\/galeria\/teljes-nevlista\/harsing-laszlo\/harsing-laszlo\/\" rel=\"attachment wp-att-1860\"><img loading=\"lazy\" decoding=\"async\" class=\"alignleft size-medium wp-image-1860\" src=\"https:\/\/semmelweis.hu\/baratikor\/files\/2023\/01\/Harsing-Laszlo-322x400.jpg\" alt=\"\" width=\"322\" height=\"400\" srcset=\"https:\/\/semmelweis.hu\/baratikor\/files\/2023\/01\/Harsing-Laszlo-322x400.jpg 322w, https:\/\/semmelweis.hu\/baratikor\/files\/2023\/01\/Harsing-Laszlo-768x953.jpg 768w, https:\/\/semmelweis.hu\/baratikor\/files\/2023\/01\/Harsing-Laszlo-753x934.jpg 753w, https:\/\/semmelweis.hu\/baratikor\/files\/2023\/01\/Harsing-Laszlo.jpg 806w\" sizes=\"auto, (max-width: 322px) 100vw, 322px\" \/><\/a>(Budapest, 1920. okt\u00f3ber 27. \u2013 Budapest, 1995. \u00e1prilis 8.)<\/strong><\/p>\n<p style=\"text-align: justify\"><strong>Tansz\u00e9k: <\/strong>K\u00f3r\u00e9lettani Int\u00e9zet 1974-1990.<\/p>\n<p style=\"text-align: justify\">Budapesten, az I. Istv\u00e1n Gimn\u00e1ziumban \u00e9retts\u00e9gizett 1938-ban, jeles eredm\u00e9nnyel, majd a kir. m. P\u00e1zm\u00e1ny P\u00e9ter Tudom\u00e1nyegyetemre iratkozott be, ahol 1944. november 4-\u00e9n orvosdoktori diplom\u00e1t szerzett. Egyetemi \u00e9vei alatt az \u00c9lettani \u00e9s a K\u00f3rbonctani Int\u00e9zetekben dolgozott bej\u00e1r\u00f3 hallgat\u00f3k\u00e9nt. 1944 november\u00e9t\u0151l az I. sz. Belklinik\u00e1n gyakornokoskodott. 1945-ben lett tagja az Orvos-eg\u00e9szs\u00e9g\u00fcgyi Dolgoz\u00f3k Szakszervezet\u00e9nek, majd k\u00e9s\u0151bb az MDP-nek, de p\u00e1rttags\u00e1g\u00e1t 1956 ut\u00e1n nem \u00faj\u00edtotta meg. 1950. m\u00e1jus 5-\u00e9n belgy\u00f3gy\u00e1sz szakk\u00e9pes\u00edt\u00e9st nyert. 1950. m\u00e1jus 1-j\u00e9n az \u00c9lettani Int\u00e9zetbe ker\u00fclt adjunktusi beoszt\u00e1sba, majd 1958 m\u00e1jus\u00e1ban docensi, 1969. j\u00falius 1-j\u00e9n egyetemi tan\u00e1ri kinevez\u00e9st kapott. 1955. november 24-\u00e9n kandid\u00e1tusi fokozatot nyert <em>Vizsg\u00e1latok a testnedvek t\u00e1rfogat\u00e1nak ren\u00e1lis szab\u00e1lyoz\u00e1s\u00e1r\u00f3l <\/em>c. \u00e9rtekez\u00e9s\u00e9vel. 1969. okt\u00f3ber 29-\u00e9n <em>Az intraren\u00e1lis kering\u00e9s aktu\u00e1lis k\u00e9rd\u00e9sei <\/em>c. disszert\u00e1ci\u00f3j\u00e1val doktori fokozatot szerzett. 1974. janu\u00e1r 1-j\u00e9vel \u00e1thelyezt\u00e9k a K\u00f3r\u00e9lettani Int\u00e9zet \u00e9l\u00e9re. 1990. j\u00fanius 30-\u00e1n vonult nyugd\u00edjba.<\/p>\n<p style=\"text-align: justify\">Tudom\u00e1nyos kutat\u00e1sai a s\u00f3- \u00e9s v\u00edzh\u00e1ztart\u00e1s, a vesem\u0171k\u00f6d\u00e9s \u00e9lettana, a hypothermia \u00e9s hibern\u00e1ci\u00f3 \u00e9lettani \u00e9s k\u00f3rtani k\u00e9rd\u00e9seire ir\u00e1nyultak. 1963-ban \u00c9rdemes Orvos, 1965-ben Akad\u00e9miai D\u00edj III. fokozata, 1970-ben az Oktat\u00e1s\u00fcgy Kiv\u00e1l\u00f3 Dolgoz\u00f3ja, 1989-ben Semmelweis Eml\u00e9k\u00e9rem, 1990-ben a Magyar K\u00f6zt\u00e1rsas\u00e1g aranykoszor\u00faval d\u00edsz\u00edtett csillagrendje kit\u00fcntet\u00e9seket kapta. A Magyar \u00c9lettani T\u00e1rsas\u00e1g f\u0151titk\u00e1ra, a Magyar Nephrol\u00f3giai T\u00e1rsas\u00e1g vezet\u0151s\u00e9gi tagja \u00e9s a Magyar Laborat\u00f3riumi Diagnosztikai T\u00e1rsas\u00e1g eln\u00f6ke volt. Tagja volt tov\u00e1bb\u00e1 az International Council of Scientific Unions (ICSU) \u00e9s az International Union of Physiological Sciences (IUPS) Magyar Nemzeti Bizotts\u00e1g\u00e1nak, az International Society for Pathophysiology alap\u00edt\u00f3 tagja, a XXVIII. \u00c9lettani Vil\u00e1gkongresszus f\u0151titk\u00e1ra. Tagja volt az Acta Physiologica Hungaricana szerkeszt\u0151bizotts\u00e1g\u00e1nak.<\/p>\n<p style=\"text-align: justify\"><strong>F\u0151bb munk\u00e1i:<\/strong> Tubul\u00e1ris t\u00e9nyez\u0151k a dehidr\u00e1ci\u00f3s azotaemi\u00e1k l\u00e9trej\u00f6tt\u00e9ben (B\u00e1lint P\u00e9terrel \u00e9s G\u00f6m\u00f6ri P\u00e1llal). In: Orvosi Hetilap, 1948. 21., angolul: Tubular Factors in the Development of Extrarenal Azotemia. In: Nature, 1949.; K\u00eds\u00e9rletes vizsg\u00e1latok a testnedvek t\u00e9rfogat\u00e1nak ren\u00e1lis szab\u00e1lyoz\u00e1s\u00e1r\u00f3l. Kandid\u00e1tusi \u00e9rtekez\u00e9s. Bp., 1954.; Laborat\u00f3riumi asszisztensek tank\u00f6nyve (Szerk. Alf\u00f6ldy Zolt\u00e1nnal). Bp., 1954.; A k\u00eds\u00e9rleti orvostudom\u00e1ny vizsg\u00e1l\u00f3 m\u00f3dszerei. I\u2013III. k\u00f6t. Bp., 1954\u20131957.; Az ember anat\u00f3mi\u00e1ja \u00e9s \u00e9lettana. Eg\u00e9szs\u00e9g\u00fcgyi szakiskolai tank\u00f6nyv (Don\u00e1th Tiborral \u00e9s Munk\u00e1csi Istv\u00e1nnal). Bp., 1957.; 2. kiad. 1958.; Total Exchangeable Sodium in Haemorrhagic Shock (et al.) In: Lancet, 1958.; A sz\u00edv \u00e9s kering\u00e9s \u00e9lettana. \u2013 A l\u00e9gz\u00e9s \u00e9lettana. Az \u00e9lettan tank\u00f6nyve. Bp., 1965; 2. kiad. 1968; n\u00e9met\u00fcl: 1963.; Az ember \u00e9lettana. Monogr\u00e1fia. III. (Tak\u00e1cs Edittel). Bp., 1965.; Az intrarenalis kering\u00e9s aktu\u00e1lis probl\u00e9m\u00e1i. Doktori \u00e9rtekez\u00e9s.Bp., 1968.; \u00c9lettan, k\u00f3r\u00e9lettan \u2013 gy\u00f3gyszer\u00e9szeknek. Egyetemi jegyzet. (Szerk.) Bp., 1971.; K\u00f3r\u00e9lettani el\u0151ad\u00e1sok. I\u2013II. k\u00f6t. (\u00d6ssze\u00e1ll.) Bp., 1975.; Pattern of Renal Growth and Compensatory Hypetrophy during Development in Rats. A Mathematical Approach (Baranyi K\u00e1rollyal \u00e9s P\u00f3sch Elekkel). In: Kidney International, 1982.; K\u00f3r\u00e9lettan. Egyetemi tank\u00f6nyv (Keszty\u0171s Lor\u00e1nddal). Bp., 1982.<\/p>\n<p style=\"text-align: justify\"><strong>Nyughelye:<\/strong> Az urn\u00e1t 1995. \u00e1prilis 24-\u00e9n Farkasr\u00e9tr\u0151l kiadt\u00e1k a csal\u00e1dnak.<\/p>\n","protected":false},"excerpt":{"rendered":"<p><a href=\"https:\/\/semmelweis.hu\/baratikor\/galeria\/teljes-nevlista\/harsing-laszlo\/harsing-laszlo\/\" rel=\"attachment wp-att-1860\"><\/a> (Budapest, 1920. okt\u00f3ber 27. \u2013 Budapest, 1995. \u00e1prilis 8.) Tansz\u00e9k: K\u00f3r\u00e9lettani Int\u00e9zet 1974-1990. Budapesten, az I. Istv\u00e1n Gimn\u00e1ziumban \u00e9retts\u00e9gizett 1938-ban, jeles eredm\u00e9nnyel, majd a kir. m. P\u00e1zm\u00e1ny P\u00e9ter Tudom\u00e1nyegyetemre iratkozott be, ahol 1944. november 4-\u00e9n orvosdoktori diplom\u00e1t szerzett. Egyetemi \u00e9vei alatt az \u00c9lettani \u00e9s a K\u00f3rbonctani Int\u00e9zetekben dolgozott bej\u00e1r\u00f3 hallgat\u00f3k\u00e9nt. 1944 november\u00e9t\u0151l az I. sz. &hellip;<\/p>\n","protected":false},"author":282,"featured_media":5381,"parent":347,"menu_order":0,"comment_status":"closed","ping_status":"closed","template":"template-fullwidth.php","meta":{"_acf_changed":false,"footnotes":""},"categories":[77,14],"tags":[],"class_list":["post-1859","page","type-page","status-publish","has-post-thumbnail","hentry","category-kegyeleti-adattar","category-teljes-nevlista"],"acf":[],"_links":{"self":[{"href":"https:\/\/semmelweis.hu\/baratikor\/wp-json\/wp\/v2\/pages\/1859","targetHints":{"allow":["GET"]}}],"collection":[{"href":"https:\/\/semmelweis.hu\/baratikor\/wp-json\/wp\/v2\/pages"}],"about":[{"href":"https:\/\/semmelweis.hu\/baratikor\/wp-json\/wp\/v2\/types\/page"}],"author":[{"embeddable":true,"href":"https:\/\/semmelweis.hu\/baratikor\/wp-json\/wp\/v2\/users\/282"}],"replies":[{"embeddable":true,"href":"https:\/\/semmelweis.hu\/baratikor\/wp-json\/wp\/v2\/comments?post=1859"}],"version-history":[{"count":2,"href":"https:\/\/semmelweis.hu\/baratikor\/wp-json\/wp\/v2\/pages\/1859\/revisions"}],"predecessor-version":[{"id":1862,"href":"https:\/\/semmelweis.hu\/baratikor\/wp-json\/wp\/v2\/pages\/1859\/revisions\/1862"}],"up":[{"embeddable":true,"href":"https:\/\/semmelweis.hu\/baratikor\/wp-json\/wp\/v2\/pages\/347"}],"wp:featuredmedia":[{"embeddable":true,"href":"https:\/\/semmelweis.hu\/baratikor\/wp-json\/wp\/v2\/media\/5381"}],"wp:attachment":[{"href":"https:\/\/semmelweis.hu\/baratikor\/wp-json\/wp\/v2\/media?parent=1859"}],"wp:term":[{"taxonomy":"category","embeddable":true,"href":"https:\/\/semmelweis.hu\/baratikor\/wp-json\/wp\/v2\/categories?post=1859"},{"taxonomy":"post_tag","embeddable":true,"href":"https:\/\/semmelweis.hu\/baratikor\/wp-json\/wp\/v2\/tags?post=1859"}],"curies":[{"name":"wp","href":"https:\/\/api.w.org\/{rel}","templated":true}]}}