{"id":1840,"date":"2023-01-04T08:29:22","date_gmt":"2023-01-04T07:29:22","guid":{"rendered":"https:\/\/semmelweis.hu\/baratikor\/?page_id=1840"},"modified":"2023-10-11T15:45:58","modified_gmt":"2023-10-11T13:45:58","slug":"horvath-istvan","status":"publish","type":"page","link":"https:\/\/semmelweis.hu\/baratikor\/galeria\/teljes-nevlista\/horvath-istvan\/","title":{"rendered":"Horv\u00e1th Istv\u00e1n"},"content":{"rendered":"<p style=\"text-align: justify\"><strong><a href=\"https:\/\/semmelweis.hu\/baratikor\/galeria\/teljes-nevlista\/horvath-istvan\/horvath-istvan\/\" rel=\"attachment wp-att-1841\"><img loading=\"lazy\" decoding=\"async\" class=\"alignleft size-medium wp-image-1841\" src=\"https:\/\/semmelweis.hu\/baratikor\/files\/2023\/01\/Horvath-Istvan-322x400.jpg\" alt=\"\" width=\"322\" height=\"400\" srcset=\"https:\/\/semmelweis.hu\/baratikor\/files\/2023\/01\/Horvath-Istvan-322x400.jpg 322w, https:\/\/semmelweis.hu\/baratikor\/files\/2023\/01\/Horvath-Istvan-768x953.jpg 768w, https:\/\/semmelweis.hu\/baratikor\/files\/2023\/01\/Horvath-Istvan-753x934.jpg 753w, https:\/\/semmelweis.hu\/baratikor\/files\/2023\/01\/Horvath-Istvan.jpg 806w\" sizes=\"auto, (max-width: 322px) 100vw, 322px\" \/><\/a>(G\u00e1losfa, 1920. j\u00fanius 6. \u2013 Budapest, 1990. febru\u00e1r 22.)<\/strong><\/p>\n<p style=\"text-align: justify\"><strong>Tansz\u00e9k: <\/strong>II. sz. K\u00e9miai-Biok\u00e9miai Int\u00e9zet 1973-1990.<\/p>\n<p style=\"text-align: justify\">K\u00f6z\u00e9piskol\u00e1t Keszthelyen v\u00e9gzett, majd 1938-1942 k\u00f6z\u00f6tt a kir. m. P\u00e1zm\u00e1ny P\u00e9ter Tudom\u00e1nyegyetem B\u00f6lcs\u00e9szettudom\u00e1nyi Kar\u00e1n k\u00e9mia-fizika-\u00e1sv\u00e1nytan szakos hallgat\u00f3 volt, mely t\u00e1rgyakb\u00f3l 1944-ben szerzett doktori fokozatot. Id\u0151k\u00f6zben, 1943-1947 k\u00f6z\u00f6tt az Orvostudom\u00e1nyi Karon lehallgatta az elm\u00e9leti t\u00e1rgyakat. 1944-1945 k\u00f6z\u00f6tt a Magyar Vegyim\u0171vekben kutat\u00f3 analitikusk\u00e9nt dolgozott. 1945-1948 k\u00f6z\u00f6tt az Orvostudom\u00e1nyi Kar Gy\u00f3gyszertani Int\u00e9zet\u00e9ben, Issekutz B\u00e9la mellett gyakornokk\u00e9nt, majd tan\u00e1rseg\u00e9dk\u00e9nt m\u0171k\u00f6d\u00f6tt. 1948-1950 k\u00f6z\u00f6tt a Chinoin Gy\u00f3gyszergy\u00e1r Biol\u00f3giai Oszt\u00e1ly\u00e1t vezette, ahol els\u0151sorban organother\u00e1pi\u00e1s k\u00e9sz\u00edtm\u00e9nyek el\u0151\u00e1ll\u00edt\u00e1sa volt a feladata. Itt kapcsol\u00f3dott be a penicillinkutat\u00e1sba, \u00e9s ett\u0151l kezdve az antibiotikum kutat\u00e1st tekintette f\u0151 feladat\u00e1nak. 1950-ben \u00e1thelyezt\u00e9k a K\u00f6zponti Biok\u00e9miai Ipari Kutat\u00f3 Laborat\u00f3riumba, ahol a Mikrobiol\u00f3giai Oszt\u00e1lyt vezette. 1953-ban az int\u00e9zet egyes\u00fclt a Gy\u00f3gyszerkutat\u00f3 Int\u00e9zettel, ahol addigi munk\u00e1ja mellett 1967 december\u00e9ben tudom\u00e1nyos igazgat\u00f3helyettess\u00e9 nevezt\u00e9k ki. Feladat\u00e1ul a Ferment\u00e1ci\u00f3s F\u0151oszt\u00e1ly munk\u00e1j\u00e1nak \u00f6n\u00e1ll\u00f3 ir\u00e1ny\u00edt\u00e1s\u00e1t szabt\u00e1k meg. 1965-ben kandid\u00e1tusi fokozatot szerzett az <em>Oxitetraciklin termel\u00e9s \u00e9s anyagcsere k\u00eds\u00e9rletek Streptomyces rimosuson <\/em>c. \u00e9rtekez\u00e9s\u00e9vel. 1972-ben a biol\u00f3giai tudom\u00e1nyok doktora fokozat\u00e1t nyerte el <em>Valin \u00e9s izoleucin szint\u00e9zis szab\u00e1lyoz\u00e1sa mikroorganizmusokban <\/em>c. \u00e9rtekez\u00e9s\u00e9vel. Gyakorlatilag az \u00f6sszes, Magyarorsz\u00e1gon foly\u00f3 gy\u00f3gyszeripari gy\u00e1rt\u00e1stechnol\u00f3gia kidolgoz\u00e1s\u00e1ban szerepet j\u00e1tszott, kiemelten az oxitetraciklint \u00e9rint\u0151en. 1972-ben m\u00e1r 32 szabadalom f\u0171z\u0151d\u00f6tt a nev\u00e9hez.<\/p>\n<p style=\"text-align: justify\">1972 szeptember\u00e9ben engedett Antoni Ferenc h\u00edv\u00e1s\u00e1nak, aki tudom\u00e1nyos tan\u00e1csad\u00f3nak k\u00e9rte fel az I. sz. K\u00e9miai-Biok\u00e9miai Int\u00e9zetben. 1973. j\u00falius 1-j\u00e9n egyetemi tan\u00e1ri kinevez\u00e9st kapott \u00e9s megb\u00edzt\u00e1k a II. sz. K\u00e9miai-Biok\u00e9miai Int\u00e9zet vezet\u00e9s\u00e9vel.<\/p>\n<p style=\"text-align: justify\">Tagja volt a Magyar Farmakol\u00f3giai T\u00e1rsas\u00e1gnak, a Magyar K\u00e9mikusok Egyes\u00fclet\u00e9nek, az American Association for Advances of Sciences-nek, az American Association for Microbiology-nek, a Magyar Mikrobiol\u00f3giai T\u00e1rsas\u00e1gnak (titk\u00e1r), az IUPAC Fermentation Industries szekci\u00f3nak (titular member). Szerkeszt\u0151bizotts\u00e1gi tagja volt az Acta Microbiologica Academiae Scientiarum Hungariae, valamint a Journal of Antibiotics szaklapoknak.<\/p>\n<p style=\"text-align: justify\">Kit\u00fcntet\u00e9sei: Neh\u00e9zipar Kiv\u00e1l\u00f3 Dolgoz\u00f3ja (1960), Szocialista Munk\u00e1\u00e9rt \u00c9rdem\u00e9rem (1963), Kiv\u00e1l\u00f3 feltal\u00e1l\u00f3, arany fokozat (1967).<\/p>\n<p style=\"text-align: justify\"><strong>F\u0151bb munk\u00e1i:<\/strong> Bakt\u00e9rium biol\u00f3gia (Cs\u00e1nyi Vilmossal). Bp., 1966.; Biok\u00e9miai el\u0151ad\u00e1sok IV. (szerk.) Bp., 1974, 1983, 1987.<\/p>\n<p style=\"text-align: justify\"><strong>Nyughelye:<\/strong> Budapest, \u00d3budai temet\u0151 (temet\u00e9s 1990. III. 7-\u00e9n).<\/p>\n","protected":false},"excerpt":{"rendered":"<p><a href=\"https:\/\/semmelweis.hu\/baratikor\/galeria\/teljes-nevlista\/horvath-istvan\/horvath-istvan\/\" rel=\"attachment wp-att-1841\"><\/a> (G\u00e1losfa, 1920. j\u00fanius 6. \u2013 Budapest, 1990. febru\u00e1r 22.) Tansz\u00e9k: II. sz. K\u00e9miai-Biok\u00e9miai Int\u00e9zet 1973-1990. K\u00f6z\u00e9piskol\u00e1t Keszthelyen v\u00e9gzett, majd 1938-1942 k\u00f6z\u00f6tt a kir. m. P\u00e1zm\u00e1ny P\u00e9ter Tudom\u00e1nyegyetem B\u00f6lcs\u00e9szettudom\u00e1nyi Kar\u00e1n k\u00e9mia-fizika-\u00e1sv\u00e1nytan szakos hallgat\u00f3 volt, mely t\u00e1rgyakb\u00f3l 1944-ben szerzett doktori fokozatot. Id\u0151k\u00f6zben, 1943-1947 k\u00f6z\u00f6tt az Orvostudom\u00e1nyi Karon lehallgatta az elm\u00e9leti t\u00e1rgyakat. 1944-1945 k\u00f6z\u00f6tt a Magyar Vegyim\u0171vekben kutat\u00f3 &hellip;<\/p>\n","protected":false},"author":282,"featured_media":5391,"parent":347,"menu_order":0,"comment_status":"closed","ping_status":"closed","template":"template-fullwidth.php","meta":{"_acf_changed":false,"footnotes":""},"categories":[14],"tags":[],"class_list":["post-1840","page","type-page","status-publish","has-post-thumbnail","hentry","category-teljes-nevlista"],"acf":[],"_links":{"self":[{"href":"https:\/\/semmelweis.hu\/baratikor\/wp-json\/wp\/v2\/pages\/1840","targetHints":{"allow":["GET"]}}],"collection":[{"href":"https:\/\/semmelweis.hu\/baratikor\/wp-json\/wp\/v2\/pages"}],"about":[{"href":"https:\/\/semmelweis.hu\/baratikor\/wp-json\/wp\/v2\/types\/page"}],"author":[{"embeddable":true,"href":"https:\/\/semmelweis.hu\/baratikor\/wp-json\/wp\/v2\/users\/282"}],"replies":[{"embeddable":true,"href":"https:\/\/semmelweis.hu\/baratikor\/wp-json\/wp\/v2\/comments?post=1840"}],"version-history":[{"count":2,"href":"https:\/\/semmelweis.hu\/baratikor\/wp-json\/wp\/v2\/pages\/1840\/revisions"}],"predecessor-version":[{"id":1843,"href":"https:\/\/semmelweis.hu\/baratikor\/wp-json\/wp\/v2\/pages\/1840\/revisions\/1843"}],"up":[{"embeddable":true,"href":"https:\/\/semmelweis.hu\/baratikor\/wp-json\/wp\/v2\/pages\/347"}],"wp:featuredmedia":[{"embeddable":true,"href":"https:\/\/semmelweis.hu\/baratikor\/wp-json\/wp\/v2\/media\/5391"}],"wp:attachment":[{"href":"https:\/\/semmelweis.hu\/baratikor\/wp-json\/wp\/v2\/media?parent=1840"}],"wp:term":[{"taxonomy":"category","embeddable":true,"href":"https:\/\/semmelweis.hu\/baratikor\/wp-json\/wp\/v2\/categories?post=1840"},{"taxonomy":"post_tag","embeddable":true,"href":"https:\/\/semmelweis.hu\/baratikor\/wp-json\/wp\/v2\/tags?post=1840"}],"curies":[{"name":"wp","href":"https:\/\/api.w.org\/{rel}","templated":true}]}}