{"id":1836,"date":"2023-01-04T08:27:44","date_gmt":"2023-01-04T07:27:44","guid":{"rendered":"https:\/\/semmelweis.hu\/baratikor\/?page_id=1836"},"modified":"2023-10-11T15:44:37","modified_gmt":"2023-10-11T13:44:37","slug":"horvath-ferenc","status":"publish","type":"page","link":"https:\/\/semmelweis.hu\/baratikor\/galeria\/teljes-nevlista\/horvath-ferenc\/","title":{"rendered":"Horv\u00e1th Ferenc"},"content":{"rendered":"<p style=\"text-align: justify\"><strong><a href=\"https:\/\/semmelweis.hu\/baratikor\/galeria\/teljes-nevlista\/horvath-ferenc\/horvath-ferenc\/\" rel=\"attachment wp-att-1837\"><img loading=\"lazy\" decoding=\"async\" class=\"alignleft size-medium wp-image-1837\" src=\"https:\/\/semmelweis.hu\/baratikor\/files\/2023\/01\/Horvath-Ferenc-322x400.jpg\" alt=\"\" width=\"322\" height=\"400\" srcset=\"https:\/\/semmelweis.hu\/baratikor\/files\/2023\/01\/Horvath-Ferenc-322x400.jpg 322w, https:\/\/semmelweis.hu\/baratikor\/files\/2023\/01\/Horvath-Ferenc-768x953.jpg 768w, https:\/\/semmelweis.hu\/baratikor\/files\/2023\/01\/Horvath-Ferenc-753x934.jpg 753w, https:\/\/semmelweis.hu\/baratikor\/files\/2023\/01\/Horvath-Ferenc.jpg 806w\" sizes=\"auto, (max-width: 322px) 100vw, 322px\" \/><\/a>(Cs\u00f3t \/Veszpr\u00e9m megye\/, 1922. j\u00fanius 7. \u2013 Budapest, 2012. m\u00e1rcius 27.)<\/strong><\/p>\n<p style=\"text-align: justify\"><strong>Tansz\u00e9k: <\/strong>Radiol\u00f3giai Klinika 1982-1992.<\/p>\n<p style=\"text-align: justify\">F\u00f6ldm\u0171ves csal\u00e1db\u00f3l sz\u00e1rmazik. K\u00f6z\u00e9pfok\u00fa tanulm\u00e1nyait a p\u00e1pai Benc\u00e9s Gimn\u00e1ziumban v\u00e9gezte, ahol 1942-ben \u00e9retts\u00e9gizett. 1942 okt\u00f3ber\u00e9ben bevonult a soproni 7. t\u00e1bori t\u00fcz\u00e9roszt\u00e1lyhoz, majd tartal\u00e9kos tisztk\u00e9nt 1944 tavasz\u00e1n alakulat\u00e1val a keleti arcvonalra vez\u00e9nyelt\u00e9k. K\u00e9s\u0151bb nyugatra ir\u00e1ny\u00edtott\u00e1k az alakulat\u00e1t, ahol fogs\u00e1gba ker\u00fclt. 1946. m\u00e1jus 27-\u00e9n ker\u00fclt haza a bajororsz\u00e1gi Pfarrkirchenb\u0151l, v\u00e9g\u00fcl P\u00e1p\u00e1n tartal\u00e9kos hadnagyk\u00e9nt szerelt\u00e9k le. 1946-ban beiratkozott a budapesti orvoskarra, ahol 1952. augusztus 14-\u00e9n szerzett diplom\u00e1t. 1952 szeptember\u00e9ben ism\u00e9t beh\u00edvt\u00e1k, \u00e9s 1953 j\u00fanius\u00e1ig egy budapesti alakulatn\u00e1l teljes\u00edtett csapatorvosi szolg\u00e1latot. Innen a Honv\u00e9d K\u00f6zponti K\u00f3rh\u00e1z R\u00f6ntgen Oszt\u00e1ly\u00e1ra ker\u00fclt beosztott r\u00f6ntgenesnek. 1952 \u00f3ta volt tagja az Orvos-Eg\u00e9szs\u00e9g\u00fcgyi Dolgoz\u00f3k Szakszervezet\u00e9nek. 1955-ben EKG szakk\u00e9pes\u00edt\u00e9st szerzett. Emellett bej\u00e1rt a L\u00e1szl\u00f3 K\u00f3rh\u00e1z R\u00f6ntgen Oszt\u00e1ly\u00e1ra, majd 1956 \u00e1prilis\u00e1ban r\u00f6ntgenol\u00f3gi\u00e1b\u00f3l tett szakvizsg\u00e1t. 1956 december\u00e9ben k\u00e9rte leszerel\u00e9s\u00e9t, ami tartal\u00e9kos orvos sz\u00e1zados rendfokozattal meg is t\u00f6rt\u00e9nt. 1957. janu\u00e1r 1-j\u00e9n a BOTE Radiol\u00f3giai Klinika \u00e1llom\u00e1ny\u00e1ba ker\u00fclt egyetemi tan\u00e1rseg\u00e9di beoszt\u00e1sban. 1961 \u00e1prilis\u00e1ban az Ortop\u00e9diai Klinik\u00e1ra ker\u00fclt \u00e1t, ahol a R\u00f6ntgen Oszt\u00e1ly oszt\u00e1lyvezet\u0151 f\u0151orvosa lett egyetemi adjunktus beoszt\u00e1sban. 1964-ben t\u00e9rt vissza a Radiol\u00f3giai Klinik\u00e1ra, ahol 1967-ig szolg\u00e1lt egyetemi adjunktusk\u00e9nt. 1967-ben az Orsz\u00e1gos Munkaeg\u00e9szs\u00e9g\u00fcgyi Int\u00e9zet R\u00f6ntgen Oszt\u00e1ly\u00e1nak tudom\u00e1nyos oszt\u00e1lyvezet\u0151je lett. 1967-ben kandid\u00e1tusi, 1974-ben az orvostudom\u00e1nyok doktora fokozatot szerzett. \u00c9rtekez\u00e9s\u00e9nek c\u00edme: \u00dajabb radiol\u00f3giai eredm\u00e9nyek a munkaeg\u00e9szs\u00e9g\u00fcgy ter\u00fclet\u00e9n. 1981. febru\u00e1r 1-j\u00e9n kapott egyetemi tan\u00e1ri kinevez\u00e9st a SOTE II. sz. Belgy\u00f3gy\u00e1szati Klinik\u00e1j\u00e1ra, majd r\u00f6viddel ezut\u00e1n, 1982. j\u00falius 1-j\u00e9vel a Radiol\u00f3giai Klinika igazgat\u00f3ja lett. 1992. j\u00fanius 30-\u00e1n vonult nyugd\u00edjba.<\/p>\n<p style=\"text-align: justify\">\u201eK\u00eds\u00e9rletes radiol\u00f3gi\u00e1val, oszteol\u00f3gi\u00e1val foglalkozott. Jelent\u0151s eredm\u00e9nyeket \u00e9rt el a mellkasdeformit\u00e1sok vizsg\u00e1lata ter\u00e9n, a magyarorsz\u00e1gi \u00fan. kimogr\u00e1fiai vizsg\u00e1latok bevezet\u0151je. Vizsg\u00e1lta m\u00e9g a foglalkoz\u00e1si eredet\u0171 csontbetegs\u00e9geket, els\u0151sorban a vibr\u00e1ci\u00f3s eredet\u0171 angiop\u00e1ti\u00e1t. Magyarorsz\u00e1gon els\u0151k\u00e9nt hozott l\u00e9tre k\u00eds\u00e9rleti \u00faton \u00fan. dekompresszi\u00f3s eredet\u0171 csontelt\u00e9r\u00e9st, ill. els\u0151k\u00e9nt \u00edrta le k\u00fcl\u00f6n\u00f6s nyaki helyen lokaliz\u00e1l\u00f3d\u00f3 ciszt\u00e1s oszteop\u00e1ti\u00e1t.\u201d (Koz\u00e1k P\u00e9ter, n\u00e9vpont.hu)<\/p>\n<p style=\"text-align: justify\">Miniszteri kinevez\u00e9s folyt\u00e1n volt tagja az ETT-nek, az Orsz\u00e1gos R\u00f6ntgen \u00e9s Sug\u00e1rfizikai Int\u00e9zet Szakmai Koll\u00e9gium\u00e1nak \u00e9s az Orsz\u00e1gos Szakk\u00e9pes\u00edt\u0151 Bizotts\u00e1gnak. 1967 \u00f3ta volt tagja a Magyar Higi\u00e9nikusok T\u00e1rsas\u00e1g\u00e1nak, tagja volt tov\u00e1bb\u00e1 a Magyar Gerontol\u00f3gusok, illetve a Magyar Munkahigi\u00e9nikusok T\u00e1rsas\u00e1g\u00e1nak is. Ugyancsak tagja volt az MTA \u00e9s az Eg\u00e9szs\u00e9g\u00fcgyi Miniszt\u00e9rium k\u00f6z\u00f6s Radiol\u00f3giai \u00e9s Orvosi Izot\u00f3palkalmaz\u00e1si Bizotts\u00e1g\u00e1nak, valamint a MOTESZ vezet\u0151s\u00e9g\u00e9nek. 1985 m\u00e1jus\u00e1ban a Csehszlov\u00e1k Radiol\u00f3gus T\u00e1rsas\u00e1g tiszteletbeli tagj\u00e1v\u00e1 v\u00e1lasztotta. 1986 janu\u00e1rja \u00f3ta eln\u00f6k\u00f6lte a Magyar Radiol\u00f3gus T\u00e1rsas\u00e1got 1991-ig.<\/p>\n<p style=\"text-align: justify\">Kit\u00fcntet\u00e9sei: Alexander B\u00e9la-eml\u00e9k\u00e9rem (1984), Ratk\u00f3czy N\u00e1ndor-eml\u00e9k\u00e9rem (1996), Szenes Tibor-eml\u00e9k\u00e9rem, Cs\u00f3t k\u00f6zs\u00e9g d\u00edszpolg\u00e1ra (2002).<\/p>\n<p style=\"text-align: justify\"><strong>F\u0151bb munk\u00e1i:<\/strong> A csontos mellkas torzul\u00e1s\u00e1nak r\u00f6ntgen-anat\u00f3mi\u00e1ja \u00e9s az alakv\u00e1ltoz\u00e1s befoly\u00e1sa egyes mellkasi szervek functioj\u00e1ra. Kandid\u00e1tusi \u00e9rtekez\u00e9s. Bp., 1966.; X-Ray Morphology of Occupational Locomotor Diseases (K\u00e1kosy Tiborral \u00e9s R\u00f3zsahegyi Istv\u00e1nnal). Baltimore\u2013Bp., 1980.; Az orvosi radiol\u00f3gia alapfogalmai. Jegyzet orvostanhallgat\u00f3k sz\u00e1m\u00e1ra. 2. b\u0151v. kiad. Bp., 1985., 3. kiad. 1987; 4. kiad. 1989.; Perkut\u00e1n diagnosztikus \u00e9s ter\u00e1pi\u00e1s beavatkoz\u00e1sok elz\u00e1r\u00f3d\u00e1sos s\u00e1rgas\u00e1gban (Vadon G\u00e1borral). Bp., 1986.; A radiol\u00f3gia alapfogalmai. Egyetemi tank\u00f6nyv (Szerk.). Bp., 1987., 2. jav. \u00e9s b\u0151v. kiad. 1990., 3. kiad. 1994., 4. kiad. 1995., 5. kiad. 1999.; R\u00f6ntgenk\u00e9p-album Az orvosi radiol\u00f3gia alapfogalmai c. egyetemi jegyzet 3. kiad\u00e1s\u00e1hoz. (\u00d6ssze\u00e1ll.) Bp., 1987.; Az orvosi radiol\u00f3gia aktu\u00e1lis k\u00e9rd\u00e9sei. Jegyzet r\u00f6ntgenasszisztensek sz\u00e1m\u00e1ra. Bp., 1989.; Osteoarticularis k\u00f3rform\u00e1k klinikai \u00e9s radiol\u00f3giai alapfogalmainak r\u00e9gi\u00f3k szerinti elemz\u00e9se. Csal\u00e1dorvosok \u00e9s orvostanhallgat\u00f3k r\u00e9sz\u00e9re (\u00cdrta \u00e9s szerk. B\u00e1lint G\u00e9z\u00e1val, Hunka Aniell\u00e1val). Bp., 1997.<\/p>\n<p style=\"text-align: justify\"><strong>Nyughelye:<\/strong> Budapest VIII. ker\u00fclet, Rezs\u0151 t\u00e9r, Magyarok Nagyasszonya Templom.<\/p>\n","protected":false},"excerpt":{"rendered":"<p><a href=\"https:\/\/semmelweis.hu\/baratikor\/galeria\/teljes-nevlista\/horvath-ferenc\/horvath-ferenc\/\" rel=\"attachment wp-att-1837\"><\/a> (Cs\u00f3t \/Veszpr\u00e9m megye\/, 1922. j\u00fanius 7. \u2013 Budapest, 2012. m\u00e1rcius 27.) Tansz\u00e9k: Radiol\u00f3giai Klinika 1982-1992. F\u00f6ldm\u0171ves csal\u00e1db\u00f3l sz\u00e1rmazik. K\u00f6z\u00e9pfok\u00fa tanulm\u00e1nyait a p\u00e1pai Benc\u00e9s Gimn\u00e1ziumban v\u00e9gezte, ahol 1942-ben \u00e9retts\u00e9gizett. 1942 okt\u00f3ber\u00e9ben bevonult a soproni 7. t\u00e1bori t\u00fcz\u00e9roszt\u00e1lyhoz, majd tartal\u00e9kos tisztk\u00e9nt 1944 tavasz\u00e1n alakulat\u00e1val a keleti arcvonalra vez\u00e9nyelt\u00e9k. K\u00e9s\u0151bb nyugatra ir\u00e1ny\u00edtott\u00e1k az alakulat\u00e1t, ahol fogs\u00e1gba ker\u00fclt. 1946. &hellip;<\/p>\n","protected":false},"author":282,"featured_media":5390,"parent":347,"menu_order":0,"comment_status":"closed","ping_status":"closed","template":"template-fullwidth.php","meta":{"_acf_changed":false,"footnotes":""},"categories":[77,14],"tags":[],"class_list":["post-1836","page","type-page","status-publish","has-post-thumbnail","hentry","category-kegyeleti-adattar","category-teljes-nevlista"],"acf":[],"_links":{"self":[{"href":"https:\/\/semmelweis.hu\/baratikor\/wp-json\/wp\/v2\/pages\/1836","targetHints":{"allow":["GET"]}}],"collection":[{"href":"https:\/\/semmelweis.hu\/baratikor\/wp-json\/wp\/v2\/pages"}],"about":[{"href":"https:\/\/semmelweis.hu\/baratikor\/wp-json\/wp\/v2\/types\/page"}],"author":[{"embeddable":true,"href":"https:\/\/semmelweis.hu\/baratikor\/wp-json\/wp\/v2\/users\/282"}],"replies":[{"embeddable":true,"href":"https:\/\/semmelweis.hu\/baratikor\/wp-json\/wp\/v2\/comments?post=1836"}],"version-history":[{"count":2,"href":"https:\/\/semmelweis.hu\/baratikor\/wp-json\/wp\/v2\/pages\/1836\/revisions"}],"predecessor-version":[{"id":1839,"href":"https:\/\/semmelweis.hu\/baratikor\/wp-json\/wp\/v2\/pages\/1836\/revisions\/1839"}],"up":[{"embeddable":true,"href":"https:\/\/semmelweis.hu\/baratikor\/wp-json\/wp\/v2\/pages\/347"}],"wp:featuredmedia":[{"embeddable":true,"href":"https:\/\/semmelweis.hu\/baratikor\/wp-json\/wp\/v2\/media\/5390"}],"wp:attachment":[{"href":"https:\/\/semmelweis.hu\/baratikor\/wp-json\/wp\/v2\/media?parent=1836"}],"wp:term":[{"taxonomy":"category","embeddable":true,"href":"https:\/\/semmelweis.hu\/baratikor\/wp-json\/wp\/v2\/categories?post=1836"},{"taxonomy":"post_tag","embeddable":true,"href":"https:\/\/semmelweis.hu\/baratikor\/wp-json\/wp\/v2\/tags?post=1836"}],"curies":[{"name":"wp","href":"https:\/\/api.w.org\/{rel}","templated":true}]}}