{"id":1831,"date":"2023-01-04T08:26:55","date_gmt":"2023-01-04T07:26:55","guid":{"rendered":"https:\/\/semmelweis.hu\/baratikor\/?page_id=1831"},"modified":"2023-10-11T15:42:40","modified_gmt":"2023-10-11T13:42:40","slug":"horn-bela","status":"publish","type":"page","link":"https:\/\/semmelweis.hu\/baratikor\/galeria\/teljes-nevlista\/horn-bela\/","title":{"rendered":"Horn B\u00e9la"},"content":{"rendered":"<p style=\"text-align: justify\"><strong><a href=\"https:\/\/semmelweis.hu\/baratikor\/galeria\/teljes-nevlista\/horn-bela\/horn-bela\/\" rel=\"attachment wp-att-1832\"><img loading=\"lazy\" decoding=\"async\" class=\"alignleft size-medium wp-image-1832\" src=\"https:\/\/semmelweis.hu\/baratikor\/files\/2023\/01\/Horn-Bela-277x400.jpg\" alt=\"\" width=\"277\" height=\"400\" srcset=\"https:\/\/semmelweis.hu\/baratikor\/files\/2023\/01\/Horn-Bela-277x400.jpg 277w, https:\/\/semmelweis.hu\/baratikor\/files\/2023\/01\/Horn-Bela.jpg 692w\" sizes=\"auto, (max-width: 277px) 100vw, 277px\" \/><\/a> Jen\u0151 Jakab (Apatin, 1902. m\u00e1jus 24. \u2013 Budapest, 1983. m\u00e1rcius 10.)<\/strong><\/p>\n<p style=\"text-align: justify\"><strong>Tansz\u00e9k: <\/strong>I. sz. Sz\u00fcl\u00e9szeti \u00e9s N\u0151gy\u00f3gy\u00e1szati Klinika 1948\u20131950 (mb. vezet\u0151), 1950-1972.<\/p>\n<p style=\"text-align: justify\">Pedag\u00f3gus csal\u00e1db\u00f3l sz\u00e1rmazik, \u00e9desapja elemi iskolai tan\u00edt\u00f3, \u00e9desanyja \u00f3v\u00f3n\u0151 volt. K\u00f6z\u00e9piskolai tanulm\u00e1nyait r\u00e9szben Kalocs\u00e1n, majd a Zombori \u00c1llami F\u0151gimn\u00e1ziumban v\u00e9gezte, ahol 1921-ben kit\u0171n\u0151 eredm\u00e9nnyel \u00e9retts\u00e9gizett. Ezen az \u0151sz\u00f6n iratkozott be a budapesti orvoskarra. 1922-ben bel\u00e9pett a Csaba Bajt\u00e1rsi Egyes\u00fcletbe, majd 1928-ban a Magyar Orvosok Nemzeti Egyes\u00fclet\u00e9be. Diplom\u00e1j\u00e1t 1928. febru\u00e1r 11-\u00e9n vette \u00e1t, aranydiplom\u00e1t 1978-ban kapott. 1928. m\u00e1jus 1-t\u0151l externistak\u00e9nt, majd okt\u00f3ber 15-t\u0151l d\u00edjtalan gyakornokk\u00e9nt szolg\u00e1lt az I. sz. N\u0151i Klinik\u00e1n. 1930. m\u00e1jus 1-j\u00e9n a R\u00f3kus K\u00f3rh\u00e1z sz\u00fcl\u0151- \u00e9s n\u0151beteg oszt\u00e1ly\u00e1nak seg\u00e9dorvosa lett. Ugyanebben az \u00e9vben sz\u00fcl\u00e9sz-n\u0151gy\u00f3gy\u00e1sz szakk\u00e9pes\u00edt\u00e9st szerzett. 1933. \u00e1prilis 15-\u00e9n d\u00edjtalan gyakornokk\u00e9nt t\u00e9rt vissza a klinik\u00e1ra. 1936. szeptember 1-j\u00e9n fizet\u00e9stelen tan\u00e1rseg\u00e9dd\u00e9 nevezt\u00e9k ki, amit 1942. m\u00e1rcius 1-j\u00e9n fizet\u00e9stelen tan\u00e1rseg\u00e9d, d\u00edjas gyakornoki kinevez\u00e9sre m\u00f3dos\u00edtottak. K\u00f6zben az Iparm\u0171v\u00e9szeti F\u0151iskol\u00e1n eg\u00e9szs\u00e9gtant tan\u00edtott 1936-1938 k\u00f6z\u00f6tt. 1945 \u00e1prilis\u00e1ban felvett\u00e9k a Magyar Orvosok Szabad Szakszervezet\u00e9be, illetve az MKP-ba, ahol 1953-ig k\u00fcl\u00f6nb\u00f6z\u0151 tiszts\u00e9geket is ell\u00e1tott. 1946. november 1-t\u0151l fizet\u00e9ses adjunktus. 1947. m\u00e1jus 17-\u00e9n mag\u00e1ntan\u00e1ri k\u00e9pes\u00edt\u00e9st nyert a N\u0151i betegs\u00e9gek k\u00f3rism\u00e9z\u00e9se c\u00edm\u0171 t\u00e1rgyk\u00f6rben. 1947\/48-ban a szakszervezet N\u0151gy\u00f3gy\u00e1sz Szakcsoportj\u00e1nak f\u0151titk\u00e1rjak\u00e9nt, a k\u00f6vetkez\u0151 tan\u00e9vben eln\u00f6kek\u00e9nt m\u0171k\u00f6d\u00f6tt. 1948. janu\u00e1r 20-\u00e1n megb\u00edzt\u00e1k a klinika vezet\u00e9s\u00e9vel. 1949 janu\u00e1rja \u00f3ta az Orsz\u00e1gos Szakorvosk\u00e9pes\u00edt\u0151 Vizsgabizotts\u00e1g vizsg\u00e1ztat\u00f3 szaktan\u00e1rak\u00e9nt is m\u0171k\u00f6d\u00f6tt. 1950. szeptember 1-j\u00e9n egyetemi tan\u00e1ri \u00e9s klinikaigazgat\u00f3i kinevez\u00e9st kapott. 1960-ban kandid\u00e1tusi fokozatot szerzett. 1972. j\u00fanius 30-\u00e1n vonult nyugd\u00edjba, ett\u0151l kezdve tan\u00e1csad\u00f3k\u00e9nt m\u0171k\u00f6d\u00f6tt a klinik\u00e1n.<\/p>\n<p style=\"text-align: justify\">Jelent\u0151s szakirodalmi munk\u00e1ss\u00e1got fejtett ki, t\u00f6bb tank\u00f6nyvet is \u00edrt. Sikeres m\u0171t\u00e9ti elj\u00e1r\u00e1st dolgozott ki a szok\u00e1sos elj\u00e1r\u00e1sokkal nem befoly\u00e1solhat\u00f3 pruritus vulvae gy\u00f3gy\u00edt\u00e1s\u00e1ra, mely a nev\u00e9t viseli (Horn-f\u00e9le m\u0171t\u00e9t). A sz\u00fcl\u00e9s alatti f\u00e1jdalomcsillap\u00edt\u00e1sra 1950-ben bevezette a pszichoprofilaktikus el\u0151k\u00e9sz\u00edt\u00e9st, ugyancsak \u0151 kezdem\u00e9nyezte a sz\u00fcl\u00e9s ut\u00e1ni felt\u00e1r\u00e1st \u00e9s m\u00e9hsz\u00e1jvarr\u00e1st. Klinik\u00e1j\u00e1n megszervezte a toxik\u00f3zis laborat\u00f3riumot \u00e9s oszt\u00e1lyt, itt l\u00e9tes\u00fclt haz\u00e1nkban az els\u0151 erosio ambulancia. Munk\u00e1ss\u00e1ga idej\u00e9n bontakozott ki az 1946-ban l\u00e9tes\u00edtett Orsz\u00e1gos Medd\u0151s\u00e9gvizsg\u00e1l\u00f3 Int\u00e9zet m\u0171k\u00f6d\u00e9se, mely a klinika egyik oszt\u00e1lya lett. K\u00fcl\u00f6n\u00f6s gondot ford\u00edtott az orvostanhallgat\u00f3k \u00e9s szakorvosjel\u00f6ltek gyakorlati kik\u00e9pz\u00e9s\u00e9re.<\/p>\n<p style=\"text-align: justify\">A h\u00e1bor\u00fa el\u0151tt tagja volt a Budapesti Orvosi Kamar\u00e1nak, a Kir\u00e1lyi Orvosegyes\u00fcletnek \u00e9s a Magyar N\u0151orvos T\u00e1rsas\u00e1gnak. A n\u00e9pj\u00f3l\u00e9ti miniszter megb\u00edz\u00e1s\u00e1b\u00f3l 1948-1951 k\u00f6z\u00f6tt az Orsz\u00e1gos K\u00f6zeg\u00e9szs\u00e9g\u00fcgyi Tan\u00e1cs, 1949-t\u0151l h\u00e1rom \u00e9vig az Igazs\u00e1g\u00fcgyi Orvosi Tan\u00e1cs tagja volt. 1955-1957 k\u00f6z\u00f6tt a Magyar-Szovjet T\u00e1rsas\u00e1g orvoscsoportj\u00e1nak eln\u00f6ki tiszt\u00e9t t\u00f6lt\u00f6tte be. 1956-1958 k\u00f6z\u00f6tt az egyetemi Ideol\u00f3giai-oktat\u00e1si Bizotts\u00e1g eln\u00f6kek\u00e9nt m\u0171k\u00f6d\u00f6tt. 1957-ben a Soci\u00e9t\u00e9 Francaise de Gyn\u00e9cologie levelez\u0151 tagj\u00e1nak v\u00e1lasztotta. 1948\/49-ben r\u00e9szt vett a Magyar N\u0151orvosok Lapj\u00e1nak szerkeszt\u00e9s\u00e9ben is, k\u00e9s\u0151bb tagja volt az Orvosok Lapja szerkeszt\u0151bizotts\u00e1g\u00e1nak. 1962-ben a csehszlov\u00e1k Purkyn\u00e9 Orvost\u00e1rsas\u00e1g tiszteletbeli tagja.<\/p>\n<p style=\"text-align: justify\">Kit\u00fcntet\u00e9sei: kiv\u00e1l\u00f3 munk\u00e1\u00e9rt (1948), Szocialista Munk\u00e1\u00e9rt \u00c9rdem\u00e9rem (1953), Magyar-Szovjet T\u00e1rsas\u00e1g aranyjelv\u00e9nye (1957).<\/p>\n<p style=\"text-align: justify\"><strong>F\u0151bb munk\u00e1i:<\/strong> Adatok a disgerminoma klinikum\u00e1hoz. \u2013 Lappang\u00f3 chorionepithelioma malignum. In: Az I. sz. N\u0151i Klinika K\u00f6zlem\u00e9nyei, 1944.; A sz\u00fcl\u00e9szet tank\u00f6nyve. Egyetemi tank\u00f6nyv (Zolt\u00e1n Imr\u00e9vel, 3. kiad\u00e1s Arnberg J\u00f3zseffel). Bp., 1951., 2. \u00e1td. \u00e9s b\u0151v. kiad. 1958., 3. \u00e1td. \u00e9s b\u0151v. kiad. 1961., 4. kiad. 1966., 5. kiad. 1971., 6. \u00e1td. kiad. 1976.; A pruritus vulvae. Kandid\u00e1tusi \u00e9rtekez\u00e9s. Bp., 1960.; Sz\u00fcl\u00e9szeti m\u0171t\u00e9ttan. Egyetemi tank\u00f6nyv (Zolt\u00e1n Imr\u00e9vel). Bp., 1962.; A terhess\u00e9g \u00e9s az uropoetikus rendszer betegs\u00e9gei. In: A terhess\u00e9g sz\u00f6v\u0151d\u00e9se belgy\u00f3gy\u00e1szati betegs\u00e9gekkel. II. k\u00f6t. (Szerk. B\u00e1rsony Jen\u0151). Bp., 1965.; Sz\u00fcl\u00e9szet. Eg\u00e9szs\u00e9g\u00fcgyi szakiskol\u00e1k tank\u00f6nyve (Lajos L\u00e1szl\u00f3val \u00e9s Zolt\u00e1n Imr\u00e9vel). Bp., 1968., 5. kiad. 1976.<\/p>\n<p style=\"text-align: justify\"><strong>Nyughelye:<\/strong> Budapest, Farkasr\u00e9t, 7\/11. (7\/A.) parcella 2-72.<\/p>\n<p><strong><a href=\"https:\/\/semmelweis.hu\/baratikor\/galeria\/teljes-nevlista\/horn-bela\/img_20200510_123516\/\" rel=\"attachment wp-att-1833\"><img loading=\"lazy\" decoding=\"async\" class=\"alignleft size-medium wp-image-1833\" src=\"https:\/\/semmelweis.hu\/baratikor\/files\/2023\/01\/IMG_20200510_123516-300x400.jpg\" alt=\"\" width=\"300\" height=\"400\" srcset=\"https:\/\/semmelweis.hu\/baratikor\/files\/2023\/01\/IMG_20200510_123516-300x400.jpg 300w, https:\/\/semmelweis.hu\/baratikor\/files\/2023\/01\/IMG_20200510_123516.jpg 750w\" sizes=\"auto, (max-width: 300px) 100vw, 300px\" \/><\/a><\/strong><\/p>\n<p style=\"text-align: justify\">\u00a0<\/p>\n","protected":false},"excerpt":{"rendered":"<p><a href=\"https:\/\/semmelweis.hu\/baratikor\/galeria\/teljes-nevlista\/horn-bela\/horn-bela\/\" rel=\"attachment wp-att-1832\"><\/a> Jen\u0151 Jakab (Apatin, 1902. m\u00e1jus 24. \u2013 Budapest, 1983. m\u00e1rcius 10.) Tansz\u00e9k: I. sz. Sz\u00fcl\u00e9szeti \u00e9s N\u0151gy\u00f3gy\u00e1szati Klinika 1948\u20131950 (mb. vezet\u0151), 1950-1972. Pedag\u00f3gus csal\u00e1db\u00f3l sz\u00e1rmazik, \u00e9desapja elemi iskolai tan\u00edt\u00f3, \u00e9desanyja \u00f3v\u00f3n\u0151 volt. K\u00f6z\u00e9piskolai tanulm\u00e1nyait r\u00e9szben Kalocs\u00e1n, majd a Zombori \u00c1llami F\u0151gimn\u00e1ziumban v\u00e9gezte, ahol 1921-ben kit\u0171n\u0151 eredm\u00e9nnyel \u00e9retts\u00e9gizett. Ezen az \u0151sz\u00f6n iratkozott be a budapesti orvoskarra. &hellip;<\/p>\n","protected":false},"author":282,"featured_media":4942,"parent":347,"menu_order":0,"comment_status":"closed","ping_status":"closed","template":"template-fullwidth.php","meta":{"_acf_changed":false,"footnotes":""},"categories":[77,14],"tags":[],"class_list":["post-1831","page","type-page","status-publish","has-post-thumbnail","hentry","category-kegyeleti-adattar","category-teljes-nevlista"],"acf":[],"_links":{"self":[{"href":"https:\/\/semmelweis.hu\/baratikor\/wp-json\/wp\/v2\/pages\/1831","targetHints":{"allow":["GET"]}}],"collection":[{"href":"https:\/\/semmelweis.hu\/baratikor\/wp-json\/wp\/v2\/pages"}],"about":[{"href":"https:\/\/semmelweis.hu\/baratikor\/wp-json\/wp\/v2\/types\/page"}],"author":[{"embeddable":true,"href":"https:\/\/semmelweis.hu\/baratikor\/wp-json\/wp\/v2\/users\/282"}],"replies":[{"embeddable":true,"href":"https:\/\/semmelweis.hu\/baratikor\/wp-json\/wp\/v2\/comments?post=1831"}],"version-history":[{"count":2,"href":"https:\/\/semmelweis.hu\/baratikor\/wp-json\/wp\/v2\/pages\/1831\/revisions"}],"predecessor-version":[{"id":1835,"href":"https:\/\/semmelweis.hu\/baratikor\/wp-json\/wp\/v2\/pages\/1831\/revisions\/1835"}],"up":[{"embeddable":true,"href":"https:\/\/semmelweis.hu\/baratikor\/wp-json\/wp\/v2\/pages\/347"}],"wp:featuredmedia":[{"embeddable":true,"href":"https:\/\/semmelweis.hu\/baratikor\/wp-json\/wp\/v2\/media\/4942"}],"wp:attachment":[{"href":"https:\/\/semmelweis.hu\/baratikor\/wp-json\/wp\/v2\/media?parent=1831"}],"wp:term":[{"taxonomy":"category","embeddable":true,"href":"https:\/\/semmelweis.hu\/baratikor\/wp-json\/wp\/v2\/categories?post=1831"},{"taxonomy":"post_tag","embeddable":true,"href":"https:\/\/semmelweis.hu\/baratikor\/wp-json\/wp\/v2\/tags?post=1831"}],"curies":[{"name":"wp","href":"https:\/\/api.w.org\/{rel}","templated":true}]}}