{"id":1827,"date":"2023-01-04T08:25:25","date_gmt":"2023-01-04T07:25:25","guid":{"rendered":"https:\/\/semmelweis.hu\/baratikor\/?page_id=1827"},"modified":"2023-10-11T15:41:32","modified_gmt":"2023-10-11T13:41:32","slug":"horay-gusztav","status":"publish","type":"page","link":"https:\/\/semmelweis.hu\/baratikor\/galeria\/teljes-nevlista\/horay-gusztav\/","title":{"rendered":"Horay Guszt\u00e1v"},"content":{"rendered":"<p style=\"text-align: justify\"><strong><a href=\"https:\/\/semmelweis.hu\/baratikor\/galeria\/teljes-nevlista\/horay-gusztav\/horay-gusztav-49-a-iv-1\/\" rel=\"attachment wp-att-1828\"><img loading=\"lazy\" decoding=\"async\" class=\"alignleft size-medium wp-image-1828\" src=\"https:\/\/semmelweis.hu\/baratikor\/files\/2023\/01\/Horay-Gusztav-49.a-IV-1.-289x400.jpg\" alt=\"\" width=\"289\" height=\"400\" srcset=\"https:\/\/semmelweis.hu\/baratikor\/files\/2023\/01\/Horay-Gusztav-49.a-IV-1.-289x400.jpg 289w, https:\/\/semmelweis.hu\/baratikor\/files\/2023\/01\/Horay-Gusztav-49.a-IV-1..jpg 722w\" sizes=\"auto, (max-width: 289px) 100vw, 289px\" \/><\/a>(<\/strong><strong>Cs\u00e1kova<a href=\"#_ftn1\" name=\"_ftnref1\"><sup>[1]<\/sup><\/a> \/Temes\/, 1895. december 25.<\/strong><strong> \u2013 Budapest, 1968. okt\u00f3ber 15.)<\/strong><\/p>\n<p style=\"text-align: justify\"><strong>Tansz\u00e9k: <\/strong>I. sz. Szem\u00e9szeti Klinika 1946-1950.<\/p>\n<p style=\"text-align: justify\">Orvosi oklevel\u00e9t Budapesten 1920. j\u00falius 24-\u00e9n szerezte. V\u00e9gz\u00e9se ut\u00e1n az I. sz. Szem\u00e9szeti Klinika tan\u00e1rseg\u00e9dje, 1929-ben pedig adjunktusa lett. 1929-ben mag\u00e1ntan\u00e1ri k\u00e9pes\u00edt\u00e9st szerzett a szem\u00e9szet v\u00e1logatott fejezetei t\u00e1rgyk\u00f6rben. 1936-ban a szem\u00e9szet c\u00edmzetes nyilv\u00e1nos rendk\u00edv\u00fcli tan\u00e1r\u00e1v\u00e1 nevezt\u00e9k ki. Ugyanekkor lett az Orsz\u00e1gos T\u00e1rsadalombiztos\u00edt\u00f3 Int\u00e9zet ellen\u0151rz\u0151 f\u0151orvosa, mely feladatk\u00f6rt 1939-ig l\u00e1tta el. 1936-1944 k\u00f6z\u00f6tt az Igazs\u00e1g\u00fcgyi Orvosi Tan\u00e1cs szem\u00e9sz szak\u00e9rt\u0151jek\u00e9nt is m\u0171k\u00f6d\u00f6tt. 1939-1941 k\u00f6z\u00f6tt a f\u0151v\u00e1rosi Szent Istv\u00e1n K\u00f3rh\u00e1z szem\u00e9sz f\u0151orvosa, 1941-1946 k\u00f6z\u00f6tt pedig az \u00c1llami Szemk\u00f3rh\u00e1z igazgat\u00f3 f\u0151orvosa volt. 1946-ban a P\u00e1zm\u00e1ny P\u00e9ter Tudom\u00e1nyegyetem I. sz. Szem\u00e9szeti Klinik\u00e1j\u00e1nak igazgat\u00f3ja, ill. a szem\u00e9szet nyilv\u00e1nos rendes tan\u00e1ra lett. 1950-ben koholt v\u00e1dakkal k\u00e9nyszernyugd\u00edjazt\u00e1k, hely\u00e9t a j\u00f3 p\u00e1rtkapcsolatokkal rendelkez\u0151 Radn\u00f3t Magda foglalta el. K\u00fclf\u00f6ldi, k\u00f6zt\u00fck bolg\u00e1r kommunista koll\u00e9g\u00e1k k\u00f6zbenj\u00e1r\u00e1s\u00e1ra 1951-1957 k\u00f6z\u00f6tt a Sz\u00f6vets\u00e9g utcai K\u00f3rh\u00e1z szemorvosa lehetett. 1952-ben, addigi munk\u00e1ss\u00e1g\u00e1\u00e9rt elnyerte az orvostudom\u00e1nyok kandid\u00e1tusa fokozatot. 1956-ban rehabilit\u00e1lt\u00e1k, de klinik\u00e1j\u00e1ra t\u00e9nylegesen nem t\u00e9rhetett vissza. 1957-t\u0151l 1967-ben t\u00f6rt\u00e9nt nyugd\u00edjaz\u00e1s\u00e1ig pedig a P\u00e9terfy S\u00e1ndor utcai K\u00f3rh\u00e1z Szem\u00e9szeti Oszt\u00e1ly\u00e1nak alap\u00edt\u00f3 f\u0151orvosa volt.<\/p>\n<p style=\"text-align: justify\">Gr\u00f3sz Emil tan\u00edtv\u00e1nyi k\u00f6r\u00e9hez tartozott, szemseb\u00e9szettel, f\u0151k\u00e9nt a szem\u00e9szeti traumatol\u00f3gi\u00e1val, els\u0151sorban a trachoma, az uvea-tuberkul\u00f3zis, ill. a szaruh\u00e1rtya, a szemgoly\u00f3, a retina betegs\u00e9geinek \u00e9s s\u00e9r\u00fcl\u00e9seinek m\u0171t\u00e9ti megold\u00e1saival foglalkozott. Kor\u00e1nak egyik legh\u00edresebb operat\u0151r\u00e9nek sz\u00e1m\u00edtott, t\u00f6bb t\u00edzezer m\u0171t\u00e9tet v\u00e9gzett, sz\u00fcks\u00e9g eset\u00e9n k\u00fclhoni p\u00e1lyat\u00e1rsai is rendre vele oper\u00e1ltatt\u00e1k magukat. A gyermekkori h\u00e1lyogok, a nagyfok\u00fa r\u00f6vidl\u00e1t\u00f3k h\u00e1lyogoper\u00e1ci\u00f3j\u00e1r\u00f3l, a kancsals\u00e1gon jav\u00edt\u00f3 m\u0171t\u00e9tekr\u0151l \u00e9s az ocularis eredet\u0171 nisztagmuszokr\u00f3l (szemtekerezg\u00e9sr\u0151l) \u00edrott munk\u00e1i jelent\u0151s \u00faj eredm\u00e9nyeket tartalmaztak.<\/p>\n<p style=\"text-align: justify\">1925-1934 k\u00f6z\u00f6tt a Magyar Szemorvosok T\u00e1rsas\u00e1g\u00e1nak f\u0151titk\u00e1ra, majd 1945-t\u0151l 1948-ig eln\u00f6ke volt. 1946-ban megszervezte, illetve 1949-ig eln\u00f6k\u00f6lte is az Orvos-eg\u00e9szs\u00e9g\u00fcgyi Szakszervezet Szem\u00e9sz Szakcsoportj\u00e1t.<\/p>\n<p style=\"text-align: justify\">1967-ben a Munka \u00c9rdemrend arany fokozat\u00e1val t\u00fcntett\u00e9k ki.<\/p>\n<p style=\"text-align: justify\"><strong>F\u0151bb munk\u00e1i:<\/strong> Cataracta r\u00f6ntgenbesug\u00e1rz\u00e1s ut\u00e1n. \u2013 Sz\u00e9li cornea ectasia \u00e9s degeneratio k\u00e9t esete. \u2013 Abscessus sclera. In: Szem\u00e9szet, 1922.; A gyermekkori h\u00e1lyogm\u0171t\u00e9tekr\u0151l. In: Orvosi Hetilap, 1924. 1.; A szem\u00e9szet kis k\u00e1t\u00e9ja. K\u00e9rd\u00e9sek \u00e9s feleletek. Bp., 1928.; Az uvea tuberculosisa. K\u00f3rtan \u00e9s k\u00f3roktan. In: Orvosk\u00e9pz\u00e9s, 1932.; A kancsals\u00e1g oper\u00e1l\u00e1sa. H\u00e9tsz\u00e1z izom-el\u0151varr\u00e1s m\u0171t\u00e9ti eredm\u00e9nyei. \u2013 Adatok a neutritis retrobulbaris acuta klinik\u00e1j\u00e1hoz. In: Szem\u00e9szet, 1935.; Die Rolle der Sulfamidpr\u00e4parate bei der Therapie des Trachoms. In: Klinische Monatsbl\u00e4tter f\u00fcr Augenheilkunde, 1942.; A nystagmusr\u00f3l. In: Orvosok Lapja, 1947.; Szem\u00e9szet. 1908\u20131948. T\u00f6rt\u00e9neti visszatekint\u00e9s. In: Szem\u00e9szeti tanulm\u00e1nyok. Bp., 1948. A sz\u00e1z\u00e9ves szemt\u00fck\u00f6r. \u2013 Nagyfok\u00fa r\u00f6vidl\u00e1t\u00f3k h\u00e1lyogm\u0171t\u00e9teir\u0151l. In: Szem\u00e9szet, 1950.<\/p>\n<p style=\"text-align: justify\"><strong>Nyughelye:<\/strong> Szentendrei \u00daj K\u00f6ztemet\u0151 (Sztaravodai \u00fat), 2. parcella, 4. sor, 1. s\u00edr (a megadott helyen m\u00e1s s\u00edr tal\u00e1lhat\u00f3).<\/p>\n<p style=\"text-align: justify\"><a href=\"#_ftnref1\" name=\"_ftn1\"><sup>[1]<\/sup><\/a> N\u00e9h\u00e1ny \u00e9letrajz\u00e1ban helytelen\u00fcl Cs\u00e1ktornya szerepel.<\/p>\n","protected":false},"excerpt":{"rendered":"<p><a href=\"https:\/\/semmelweis.hu\/baratikor\/galeria\/teljes-nevlista\/horay-gusztav\/horay-gusztav-49-a-iv-1\/\" rel=\"attachment wp-att-1828\"><\/a> (Cs\u00e1kova <a href=\"#_ftn1\" name=\"_ftnref1\">[1]<\/a> \/Temes\/, 1895. december 25. \u2013 Budapest, 1968. okt\u00f3ber 15.) Tansz\u00e9k: I. sz. Szem\u00e9szeti Klinika 1946-1950. Orvosi oklevel\u00e9t Budapesten 1920. j\u00falius 24-\u00e9n szerezte. V\u00e9gz\u00e9se ut\u00e1n az I. sz. Szem\u00e9szeti Klinika tan\u00e1rseg\u00e9dje, 1929-ben pedig adjunktusa lett. 1929-ben mag\u00e1ntan\u00e1ri k\u00e9pes\u00edt\u00e9st szerzett a szem\u00e9szet v\u00e1logatott fejezetei t\u00e1rgyk\u00f6rben. 1936-ban a szem\u00e9szet c\u00edmzetes nyilv\u00e1nos rendk\u00edv\u00fcli tan\u00e1r\u00e1v\u00e1 nevezt\u00e9k ki. Ugyanekkor lett &hellip;<\/p>\n","protected":false},"author":282,"featured_media":5389,"parent":347,"menu_order":0,"comment_status":"closed","ping_status":"closed","template":"template-fullwidth.php","meta":{"_acf_changed":false,"footnotes":""},"categories":[77,14],"tags":[],"class_list":["post-1827","page","type-page","status-publish","has-post-thumbnail","hentry","category-kegyeleti-adattar","category-teljes-nevlista"],"acf":[],"_links":{"self":[{"href":"https:\/\/semmelweis.hu\/baratikor\/wp-json\/wp\/v2\/pages\/1827","targetHints":{"allow":["GET"]}}],"collection":[{"href":"https:\/\/semmelweis.hu\/baratikor\/wp-json\/wp\/v2\/pages"}],"about":[{"href":"https:\/\/semmelweis.hu\/baratikor\/wp-json\/wp\/v2\/types\/page"}],"author":[{"embeddable":true,"href":"https:\/\/semmelweis.hu\/baratikor\/wp-json\/wp\/v2\/users\/282"}],"replies":[{"embeddable":true,"href":"https:\/\/semmelweis.hu\/baratikor\/wp-json\/wp\/v2\/comments?post=1827"}],"version-history":[{"count":2,"href":"https:\/\/semmelweis.hu\/baratikor\/wp-json\/wp\/v2\/pages\/1827\/revisions"}],"predecessor-version":[{"id":1830,"href":"https:\/\/semmelweis.hu\/baratikor\/wp-json\/wp\/v2\/pages\/1827\/revisions\/1830"}],"up":[{"embeddable":true,"href":"https:\/\/semmelweis.hu\/baratikor\/wp-json\/wp\/v2\/pages\/347"}],"wp:featuredmedia":[{"embeddable":true,"href":"https:\/\/semmelweis.hu\/baratikor\/wp-json\/wp\/v2\/media\/5389"}],"wp:attachment":[{"href":"https:\/\/semmelweis.hu\/baratikor\/wp-json\/wp\/v2\/media?parent=1827"}],"wp:term":[{"taxonomy":"category","embeddable":true,"href":"https:\/\/semmelweis.hu\/baratikor\/wp-json\/wp\/v2\/categories?post=1827"},{"taxonomy":"post_tag","embeddable":true,"href":"https:\/\/semmelweis.hu\/baratikor\/wp-json\/wp\/v2\/tags?post=1827"}],"curies":[{"name":"wp","href":"https:\/\/api.w.org\/{rel}","templated":true}]}}