{"id":1822,"date":"2023-01-04T08:23:36","date_gmt":"2023-01-04T07:23:36","guid":{"rendered":"https:\/\/semmelweis.hu\/baratikor\/?page_id=1822"},"modified":"2023-10-11T15:40:03","modified_gmt":"2023-10-11T13:40:03","slug":"hollo-istvan-pal","status":"publish","type":"page","link":"https:\/\/semmelweis.hu\/baratikor\/galeria\/teljes-nevlista\/hollo-istvan-pal\/","title":{"rendered":"Holl\u00f3 Istv\u00e1n P\u00e1l"},"content":{"rendered":"<p style=\"text-align: justify\"><strong> <a href=\"https:\/\/semmelweis.hu\/baratikor\/galeria\/teljes-nevlista\/hollo-istvan-pal\/hollo-istvan-1999-2004\/\" rel=\"attachment wp-att-1824\"><img loading=\"lazy\" decoding=\"async\" class=\"alignleft size-medium wp-image-1824\" src=\"https:\/\/semmelweis.hu\/baratikor\/files\/2023\/01\/Hollo-Istvan-1999-2004-262x400.jpg\" alt=\"\" width=\"262\" height=\"400\" srcset=\"https:\/\/semmelweis.hu\/baratikor\/files\/2023\/01\/Hollo-Istvan-1999-2004-262x400.jpg 262w, https:\/\/semmelweis.hu\/baratikor\/files\/2023\/01\/Hollo-Istvan-1999-2004.jpg 656w\" sizes=\"auto, (max-width: 262px) 100vw, 262px\" \/><\/a>(Budapest, 1926. m\u00e1rcius 25. \u2013 Budapest, 2007. j\u00fanius 7.)<\/strong><\/p>\n<p style=\"text-align: justify\"><strong>Tansz\u00e9k: <\/strong>I. sz. Belgy\u00f3gy\u00e1szati Klinika 1963-1965 megb\u00edzottk\u00e9nt, 1981-1993.<\/p>\n<p style=\"text-align: justify\"><strong>Viselt egyetemi m\u00e9lt\u00f3s\u00e1gok: <\/strong>\u00c1OK d\u00e9k\u00e1nhelyettese 1979. szeptember 1. \u2013 1985. augusztus 31.; oktat\u00e1si rektorhelyettes 1985. szeptember 1. \u2013 1988. augusztus 31.<\/p>\n<p style=\"text-align: justify\">1945-ig J\u00e1szber\u00e9nyben \u00e9lt, ahol \u00e9desapja gyakorl\u00f3 orvosk\u00e9nt m\u0171k\u00f6d\u00f6tt. 1943-ban tett jeles \u00e9retts\u00e9gije ellen\u00e9re nem vett\u00e9k fel az egyetemre, ez\u00e9rt aut\u00f3szerel\u0151nek tanult, mik\u00f6zben egy aut\u00f3busz\u00fczemben dolgozott. Az orsz\u00e1g n\u00e9met megsz\u00e1ll\u00e1sa ut\u00e1n munkaszolg\u00e1latra h\u00edvt\u00e1k be, majd deport\u00e1lt\u00e1k. Innen visszat\u00e9rve 1945-ben kezdte meg orvosi tanulm\u00e1nyait Budapesten. V. \u00e9ves kor\u00e1t\u00f3l a K\u00f3r\u00e9lettani Int\u00e9zetben dolgozott, kezdetben mint externista, majd mint akad\u00e9miai \u00f6szt\u00f6nd\u00edjas. Orvosi diplom\u00e1j\u00e1t 1951. augusztus 28-\u00e1n kapta meg. Ett\u0151l kezdve eg\u00e9sz p\u00e1lyafut\u00e1sa sor\u00e1n az egyetem I. sz. Belgy\u00f3gy\u00e1szati Klinik\u00e1j\u00e1n dolgozott, kezdetben k\u00f6zponti gyakornok, majd gyakornokk\u00e9nt, k\u00e9s\u0151bb tan\u00e1rseg\u00e9d, 1960-t\u00f3l adjunktus. 1955-ben belgy\u00f3gy\u00e1sz szakorvosi k\u00e9pes\u00edt\u00e9st szerzett, majd 1957-ben oszt\u00e1lyvezet\u0151 lett. 1956 el\u0151tt k\u00e9rte felv\u00e9tel\u00e9t az MDP-be, de \u00e9desapja f\u00f6ldtulajdona (9 hold sz\u0151l\u0151) miatt k\u00e9relm\u00e9t elutas\u00edtott\u00e1k. 1961-ben igazgat\u00f3helyettess\u00e9 nevezt\u00e9k ki, majd Ruszny\u00e1k Istv\u00e1n 1963-as nyugd\u00edjba vonul\u00e1sa ut\u00e1n megb\u00edzt\u00e1k a klinika vezet\u00e9s\u00e9vel, amit Magyar Imre professzor kinevez\u00e9s\u00e9ig, 1965 \u0151sz\u00e9ig l\u00e1tott el. 1963. november 14-\u00e9n kandid\u00e1tusi min\u0151s\u00edt\u00e9st szerzett. 1968-ban egyetemi docensi kinevez\u00e9st kapott. Az 1970-es \u00e9vekt\u0151l mell\u00e9k\u00e1ll\u00e1sban r\u00e9szt vett a Gerontol\u00f3giai Int\u00e9zet, illetve a Gerontol\u00f3giai Kutat\u00f3 Csoport munk\u00e1j\u00e1ban, amelynek klinikai oszt\u00e1ly\u00e1t vezette. 1975. m\u00e1jus 29-\u00e9n megkapta az orvostudom\u00e1nyok doktora fokozatot. Ugyanebben az \u00e9vben nevezt\u00e9k ki egyetemi tan\u00e1rnak. 1979-ben endokrinol\u00f3gus szakvizsg\u00e1t tett. A klinika igazgat\u00e1s\u00e1t 1981-ben vette \u00e1t, megb\u00edzat\u00e1sa 1993. j\u00fanius 30-\u00e1n \u00e9rt v\u00e9get. 1996. j\u00falius 1-j\u00e9n vonult nyugd\u00edjba. 1999-ben professor emeritus c\u00edmet kapott.<\/p>\n<p style=\"text-align: justify\">Tudom\u00e1nyos \u00e9rdekl\u0151d\u00e9se az endokrinol\u00f3gia ter\u00fclet\u00e9re ir\u00e1nyult, azon bel\u00fcl is a csontanyagcsere endokrin szab\u00e1lyoz\u00e1sa \u00e9s a kev\u00e9ss\u00e9 viriliz\u00e1l\u00f3 androg\u00e9nek biol\u00f3giai \u00e9s klinikai jelent\u0151s\u00e9ge fel\u00e9. Legl\u00e9nyegesebb kutat\u00e1si eredm\u00e9nyei az osteoporosisok, k\u00fcl\u00f6n\u00f6sen a postmenopaus\u00e1s osteoporosis endokrinol\u00f3gi\u00e1j\u00e1ra vonatkoztak.<\/p>\n<p style=\"text-align: justify\">Megalakul\u00e1sa \u00f3ta vezet\u0151s\u00e9gi tagja volt a Magyar Endokrinol\u00f3giai \u00e9s Anyagcsere T\u00e1rsas\u00e1gnak, 1972 \u00f3ta titk\u00e1ra volt az Orsz\u00e1gos Belgy\u00f3gy\u00e1szati Int\u00e9zet Endokrinol\u00f3giai Bizotts\u00e1g\u00e1nak \u00e9s vezet\u0151s\u00e9gi tagja volt a Kor\u00e1nyi S\u00e1ndor T\u00e1rsas\u00e1gnak.<\/p>\n<p style=\"text-align: justify\">Kit\u00fcntet\u00e9sei: Honv\u00e9delmi \u00c9rdem\u00e9rem (1976, 1981), Kiv\u00e1l\u00f3 orvos (1986), Semmelweis-eml\u00e9k\u00e9rem (1988), Kor\u00e1nyi-eml\u00e9k\u00e9rem (1991), Ap\u00e1czai-Csere J\u00e1nos d\u00edj (1993), Polg\u00e1r Ferenc \u201ePro Osteologia\u201d \u00e9letm\u0171d\u00edj (1994), Magyar Fels\u0151oktat\u00e1s\u00e9rt Eml\u00e9kplakett (1996), Eg\u00e9szs\u00e9g\u00fcgyi miniszter d\u00edszoklevele (2001).<\/p>\n<p style=\"text-align: justify\"><strong>F\u0151bb munk\u00e1i:<\/strong> Vizsg\u00e1latok endokrin vonatkoz\u00e1s\u00fa osteoporosisban. Kandid\u00e1tusi \u00e9rtekez\u00e9s. Bp., 1963.; Osteoporosisok (Bender Gy\u00f6rggyel). Bp. 1967.; A kalciumanyagcsere hormon\u00e1lis szab\u00e1lyoz\u00e1sa osteoporosisban. Doktori \u00e9rtekez\u00e9s. Bp., 1974.; Anyagcsere-csontbetegs\u00e9gek a feln\u0151ttkorban. Bp. 1986.; Osteoporosis (Szathm\u00e1ri Mikl\u00f3ssal). Bp. 1994.<\/p>\n<p style=\"text-align: justify\"><strong>Nyughelye:<\/strong> sz\u00f3r\u00e1sos temet\u00e9s sz\u0171k csal\u00e1di k\u00f6rben (Lakatos P\u00e9ter professzor sz\u00edves k\u00f6zl\u00e9se nyom\u00e1n).<\/p>\n<p><strong><a href=\"https:\/\/semmelweis.hu\/baratikor\/galeria\/teljes-nevlista\/hollo-istvan-pal\/hollo-istvan\/\" rel=\"attachment wp-att-1823\"><img loading=\"lazy\" decoding=\"async\" class=\"alignleft size-medium wp-image-1823\" src=\"https:\/\/semmelweis.hu\/baratikor\/files\/2023\/01\/Hollo-Istvan-322x400.jpg\" alt=\"\" width=\"322\" height=\"400\" srcset=\"https:\/\/semmelweis.hu\/baratikor\/files\/2023\/01\/Hollo-Istvan-322x400.jpg 322w, https:\/\/semmelweis.hu\/baratikor\/files\/2023\/01\/Hollo-Istvan-768x953.jpg 768w, https:\/\/semmelweis.hu\/baratikor\/files\/2023\/01\/Hollo-Istvan-753x934.jpg 753w, https:\/\/semmelweis.hu\/baratikor\/files\/2023\/01\/Hollo-Istvan.jpg 806w\" sizes=\"auto, (max-width: 322px) 100vw, 322px\" \/><\/a><\/strong><\/p>\n","protected":false},"excerpt":{"rendered":"<p><a href=\"https:\/\/semmelweis.hu\/baratikor\/galeria\/teljes-nevlista\/hollo-istvan-pal\/hollo-istvan-1999-2004\/\" rel=\"attachment wp-att-1824\"><\/a> (Budapest, 1926. m\u00e1rcius 25. \u2013 Budapest, 2007. j\u00fanius 7.) Tansz\u00e9k: I. sz. Belgy\u00f3gy\u00e1szati Klinika 1963-1965 megb\u00edzottk\u00e9nt, 1981-1993. Viselt egyetemi m\u00e9lt\u00f3s\u00e1gok: \u00c1OK d\u00e9k\u00e1nhelyettese 1979. szeptember 1. \u2013 1985. augusztus 31.; oktat\u00e1si rektorhelyettes 1985. szeptember 1. \u2013 1988. augusztus 31. 1945-ig J\u00e1szber\u00e9nyben \u00e9lt, ahol \u00e9desapja gyakorl\u00f3 orvosk\u00e9nt m\u0171k\u00f6d\u00f6tt. 1943-ban tett jeles \u00e9retts\u00e9gije ellen\u00e9re nem vett\u00e9k fel az &hellip;<\/p>\n","protected":false},"author":282,"featured_media":5388,"parent":347,"menu_order":0,"comment_status":"closed","ping_status":"closed","template":"template-fullwidth.php","meta":{"_acf_changed":false,"footnotes":""},"categories":[77,14],"tags":[],"class_list":["post-1822","page","type-page","status-publish","has-post-thumbnail","hentry","category-kegyeleti-adattar","category-teljes-nevlista"],"acf":[],"_links":{"self":[{"href":"https:\/\/semmelweis.hu\/baratikor\/wp-json\/wp\/v2\/pages\/1822","targetHints":{"allow":["GET"]}}],"collection":[{"href":"https:\/\/semmelweis.hu\/baratikor\/wp-json\/wp\/v2\/pages"}],"about":[{"href":"https:\/\/semmelweis.hu\/baratikor\/wp-json\/wp\/v2\/types\/page"}],"author":[{"embeddable":true,"href":"https:\/\/semmelweis.hu\/baratikor\/wp-json\/wp\/v2\/users\/282"}],"replies":[{"embeddable":true,"href":"https:\/\/semmelweis.hu\/baratikor\/wp-json\/wp\/v2\/comments?post=1822"}],"version-history":[{"count":2,"href":"https:\/\/semmelweis.hu\/baratikor\/wp-json\/wp\/v2\/pages\/1822\/revisions"}],"predecessor-version":[{"id":1826,"href":"https:\/\/semmelweis.hu\/baratikor\/wp-json\/wp\/v2\/pages\/1822\/revisions\/1826"}],"up":[{"embeddable":true,"href":"https:\/\/semmelweis.hu\/baratikor\/wp-json\/wp\/v2\/pages\/347"}],"wp:featuredmedia":[{"embeddable":true,"href":"https:\/\/semmelweis.hu\/baratikor\/wp-json\/wp\/v2\/media\/5388"}],"wp:attachment":[{"href":"https:\/\/semmelweis.hu\/baratikor\/wp-json\/wp\/v2\/media?parent=1822"}],"wp:term":[{"taxonomy":"category","embeddable":true,"href":"https:\/\/semmelweis.hu\/baratikor\/wp-json\/wp\/v2\/categories?post=1822"},{"taxonomy":"post_tag","embeddable":true,"href":"https:\/\/semmelweis.hu\/baratikor\/wp-json\/wp\/v2\/tags?post=1822"}],"curies":[{"name":"wp","href":"https:\/\/api.w.org\/{rel}","templated":true}]}}