{"id":1817,"date":"2023-01-04T08:22:00","date_gmt":"2023-01-04T07:22:00","guid":{"rendered":"https:\/\/semmelweis.hu\/baratikor\/?page_id=1817"},"modified":"2023-10-11T15:38:20","modified_gmt":"2023-10-11T13:38:20","slug":"hoffner-jozsef","status":"publish","type":"page","link":"https:\/\/semmelweis.hu\/baratikor\/galeria\/teljes-nevlista\/hoffner-jozsef\/","title":{"rendered":"Hoffner J\u00f3zsef"},"content":{"rendered":"<p style=\"text-align: justify\"><strong><a href=\"https:\/\/semmelweis.hu\/baratikor\/galeria\/teljes-nevlista\/hoffner-jozsef\/hoffner-jozsef-318-fond-v-65\/\" rel=\"attachment wp-att-1818\"><img loading=\"lazy\" decoding=\"async\" class=\"alignleft size-medium wp-image-1818\" src=\"https:\/\/semmelweis.hu\/baratikor\/files\/2023\/01\/Hoffner-Jozsef-318.-fond-V.65.-319x400.jpg\" alt=\"\" width=\"319\" height=\"400\" srcset=\"https:\/\/semmelweis.hu\/baratikor\/files\/2023\/01\/Hoffner-Jozsef-318.-fond-V.65.-319x400.jpg 319w, https:\/\/semmelweis.hu\/baratikor\/files\/2023\/01\/Hoffner-Jozsef-318.-fond-V.65.-768x964.jpg 768w, https:\/\/semmelweis.hu\/baratikor\/files\/2023\/01\/Hoffner-Jozsef-318.-fond-V.65.-753x945.jpg 753w, https:\/\/semmelweis.hu\/baratikor\/files\/2023\/01\/Hoffner-Jozsef-318.-fond-V.65..jpg 797w\" sizes=\"auto, (max-width: 319px) 100vw, 319px\" \/><\/a> (Veszpr\u00e9m, 1794. m\u00e1rcius 25. \u2013 Pest, 1841. febru\u00e1r 16.)<\/strong><\/p>\n<p style=\"text-align: justify\"><strong>Tansz\u00e9k: <\/strong>\u00c1llatorvostan 1826-1841.<\/p>\n<p style=\"text-align: justify\">P\u00e1ly\u00e1j\u00e1t \u00edrnokk\u00e9nt a gy\u0151ri p\u00fcsp\u00f6ki uradalomban kezdte. 1814-ben Pesten b\u00f6lcs\u00e9szeti tanulm\u00e1nyokat kezdett, mely akkor az egyetemi tanulm\u00e1nyok el\u0151felt\u00e9tele volt. 1816-ban beiratkozott az Orvoskarra, de k\u00e9t \u00e9v elv\u00e9gz\u00e9se ut\u00e1n B\u00e9csbe ment, ahol 1822-ben szerzett orvosdoktori, majd \u00e1llatorvosi oklevelet. 1823-t\u00f3l 1825-ig a b\u00e9csi \u00e1llatorvosi int\u00e9zetben m\u0171k\u00f6d\u00f6tt, ahol \u00e1llatseb\u00e9szetet \u00e9s t\u00f6rv\u00e9nysz\u00e9ki \u00e1llatorvostant adott el\u0151. P\u00e1ly\u00e1zatot ny\u00fajtott be az 1823 \u00f3ta \u00fcresed\u00e9sben l\u00e9v\u0151 pesti \u00c1llatgy\u00f3gyint\u00e9zet vezet\u00e9s\u00e9re, amit el is nyert, \u00e9s 1826. j\u00fanius 2-\u00e1n kinevez\u00e9st kapott az int\u00e9zet igazgat\u00e1s\u00e1ra \u00e9s az \u00e1llatorvostan el\u0151ad\u00e1s\u00e1ra. Tansz\u00e9kfoglal\u00f3 el\u0151ad\u00e1s\u00e1t magyar nyelven tartotta meg. Hahnemann homeop\u00e1ti\u00e1s tanainak h\u00edve volt. M\u0171k\u00f6d\u00e9se alatt az int\u00e9zet k\u00e9tszer is k\u00f6lt\u00f6zni k\u00e9nyszer\u00fclt, a R\u00f3kus k\u00e1polna k\u00f6zel\u00e9b\u0151l a Doh\u00e1ny \u00e9s S\u00edp utc\u00e1k sark\u00e1ra, majd 1840 j\u00falius\u00e1ban a St\u00e1ci\u00f3 u. 599. sz\u00e1m\u00fa h\u00e1zba, de megnyugtat\u00f3 elhelyez\u00e9st m\u00e9gsem siker\u00fclt el\u00e9rni. 1832-ben a Magyar Tudom\u00e1nyos Akad\u00e9mia levelez\u0151 tagj\u00e1v\u00e1 v\u00e1lasztotta. 1840-re t\u00fcd\u0151baja annyira elhatalmasodott, hogy Bene Ferenc kari igazgat\u00f3 1841. janu\u00e1r 21-\u00e9n k\u00e9nytelen volt felmenteni k\u00f6telezetts\u00e9gei al\u00f3l, de n\u00e9h\u00e1ny h\u00e9t m\u00falva elhunyt.<\/p>\n<p style=\"text-align: justify\"><strong>F\u0151bb munk\u00e1i:<\/strong> Dissertatio inauguralis medico-pharmaceutica de assa foetida. Viennae 1822.; Dissertatio veterinario-medica de influxu zooiatriae in anthropoiatriam. Pestini 1828.<\/p>\n<p style=\"text-align: justify\"><strong>Nyughelye:<\/strong> nincs adat.<\/p>\n","protected":false},"excerpt":{"rendered":"<p><a href=\"https:\/\/semmelweis.hu\/baratikor\/galeria\/teljes-nevlista\/hoffner-jozsef\/hoffner-jozsef-318-fond-v-65\/\" rel=\"attachment wp-att-1818\"><\/a> (Veszpr\u00e9m, 1794. m\u00e1rcius 25. \u2013 Pest, 1841. febru\u00e1r 16.) Tansz\u00e9k: \u00c1llatorvostan 1826-1841. P\u00e1ly\u00e1j\u00e1t \u00edrnokk\u00e9nt a gy\u0151ri p\u00fcsp\u00f6ki uradalomban kezdte. 1814-ben Pesten b\u00f6lcs\u00e9szeti tanulm\u00e1nyokat kezdett, mely akkor az egyetemi tanulm\u00e1nyok el\u0151felt\u00e9tele volt. 1816-ban beiratkozott az Orvoskarra, de k\u00e9t \u00e9v elv\u00e9gz\u00e9se ut\u00e1n B\u00e9csbe ment, ahol 1822-ben szerzett orvosdoktori, majd \u00e1llatorvosi oklevelet. 1823-t\u00f3l 1825-ig a b\u00e9csi \u00e1llatorvosi int\u00e9zetben &hellip;<\/p>\n","protected":false},"author":282,"featured_media":5387,"parent":347,"menu_order":0,"comment_status":"closed","ping_status":"closed","template":"template-fullwidth.php","meta":{"_acf_changed":false,"footnotes":""},"categories":[77,14],"tags":[],"class_list":["post-1817","page","type-page","status-publish","has-post-thumbnail","hentry","category-kegyeleti-adattar","category-teljes-nevlista"],"acf":[],"_links":{"self":[{"href":"https:\/\/semmelweis.hu\/baratikor\/wp-json\/wp\/v2\/pages\/1817","targetHints":{"allow":["GET"]}}],"collection":[{"href":"https:\/\/semmelweis.hu\/baratikor\/wp-json\/wp\/v2\/pages"}],"about":[{"href":"https:\/\/semmelweis.hu\/baratikor\/wp-json\/wp\/v2\/types\/page"}],"author":[{"embeddable":true,"href":"https:\/\/semmelweis.hu\/baratikor\/wp-json\/wp\/v2\/users\/282"}],"replies":[{"embeddable":true,"href":"https:\/\/semmelweis.hu\/baratikor\/wp-json\/wp\/v2\/comments?post=1817"}],"version-history":[{"count":2,"href":"https:\/\/semmelweis.hu\/baratikor\/wp-json\/wp\/v2\/pages\/1817\/revisions"}],"predecessor-version":[{"id":1821,"href":"https:\/\/semmelweis.hu\/baratikor\/wp-json\/wp\/v2\/pages\/1817\/revisions\/1821"}],"up":[{"embeddable":true,"href":"https:\/\/semmelweis.hu\/baratikor\/wp-json\/wp\/v2\/pages\/347"}],"wp:featuredmedia":[{"embeddable":true,"href":"https:\/\/semmelweis.hu\/baratikor\/wp-json\/wp\/v2\/media\/5387"}],"wp:attachment":[{"href":"https:\/\/semmelweis.hu\/baratikor\/wp-json\/wp\/v2\/media?parent=1817"}],"wp:term":[{"taxonomy":"category","embeddable":true,"href":"https:\/\/semmelweis.hu\/baratikor\/wp-json\/wp\/v2\/categories?post=1817"},{"taxonomy":"post_tag","embeddable":true,"href":"https:\/\/semmelweis.hu\/baratikor\/wp-json\/wp\/v2\/tags?post=1817"}],"curies":[{"name":"wp","href":"https:\/\/api.w.org\/{rel}","templated":true}]}}