{"id":1811,"date":"2023-01-04T08:20:04","date_gmt":"2023-01-04T07:20:04","guid":{"rendered":"https:\/\/semmelweis.hu\/baratikor\/?page_id=1811"},"modified":"2023-10-11T15:36:52","modified_gmt":"2023-10-11T13:36:52","slug":"hidasi-gyula","status":"publish","type":"page","link":"https:\/\/semmelweis.hu\/baratikor\/galeria\/teljes-nevlista\/hidasi-gyula\/","title":{"rendered":"Hidasi Gyula"},"content":{"rendered":"<p style=\"text-align: justify\"><strong><a href=\"https:\/\/semmelweis.hu\/baratikor\/galeria\/teljes-nevlista\/hidasi-gyula\/hidasi-gyula_2\/\" rel=\"attachment wp-att-1814\"><img loading=\"lazy\" decoding=\"async\" class=\"alignleft size-medium wp-image-1814\" src=\"https:\/\/semmelweis.hu\/baratikor\/files\/2023\/01\/Hidasi-Gyula_2-283x400.jpg\" alt=\"\" width=\"283\" height=\"400\" srcset=\"https:\/\/semmelweis.hu\/baratikor\/files\/2023\/01\/Hidasi-Gyula_2-283x400.jpg 283w, https:\/\/semmelweis.hu\/baratikor\/files\/2023\/01\/Hidasi-Gyula_2.jpg 707w\" sizes=\"auto, (max-width: 283px) 100vw, 283px\" \/><\/a> (\u00dajpest, 1936. augusztus 12. \u2013 Mauritius, 2005. janu\u00e1r 20.)<\/strong><\/p>\n<p style=\"text-align: justify\"><strong>Tansz\u00e9k: <\/strong>Gyermekfog\u00e1szati \u00e9s Fogszab\u00e1lyoz\u00e1si Klinika 1999. j\u00fanius 1. \u2013 2000. j\u00fanius 30. (mb. igazgat\u00f3).<\/p>\n<p style=\"text-align: justify\">\u00c9desapja fogtechnikusk\u00e9nt dolgozott, k\u00f6z\u00e9piskol\u00e1it az \u00fajpesti K\u00f6nyves K\u00e1lm\u00e1n Gimn\u00e1ziumban v\u00e9gezte kit\u0171n\u0151 eredm\u00e9nnyel 1954-ben. M\u00e9g ebben az \u00e9vben felvett\u00e9k a BOTE Fogorvostudom\u00e1nyi Kar\u00e1ra, ahol 1959. szeptember 30-\u00e1n kapott fogorvosi diplom\u00e1t. 1959. szeptember 11-\u00e9n kezdett dolgozni a Gyermekfog\u00e1szati \u00e9s Fogszab\u00e1lyoz\u00e1si Klinika Gyermekfog\u00e1szati Oszt\u00e1ly\u00e1n, kezdetben mint gyakornok. 1959-t\u0151l tagja az Eg\u00e9szs\u00e9g\u00fcgyi Dolgoz\u00f3k Szakszervezet\u00e9nek. 1961. janu\u00e1r 1-j\u00e9t\u0151l KISZ-tag. 1961. okt\u00f3ber 3-\u00e1n fog- \u00e9s sz\u00e1jbetegs\u00e9gek szakorvosi k\u00e9pes\u00edt\u00e9st szerzett. 1962-t\u0151l egyetemi tan\u00e1rseg\u00e9d, 1970-t\u0151l egyetemi adjunktus. 1966. janu\u00e1r 1-j\u00e9n bel\u00e9pett az MSZMP-be, 1984-t\u0151l egyetemi p\u00e1rtbizotts\u00e1gi tag, 1985-t\u0151l alapszervi p\u00e1rttitk\u00e1r. 1981. janu\u00e1r 12-\u00e9n gyermekfog\u00e1szati szakorvoss\u00e1 k\u00e9pes\u00edtett\u00e9k. 1981. febru\u00e1r 19-\u00e9n kandid\u00e1tusi fokozatot szerzett Fiziol\u00f3gi\u00e1s \u00e9s pathol\u00f3gi\u00e1s jelens\u00e9gek a tej\u0151rl\u0151k gy\u00f6k\u00e9rfelsz\u00edv\u00f3d\u00e1s\u00e1ban c. \u00e9rtekez\u00e9s\u00e9vel. 1982-ben egyetemi docensi, 1989. j\u00falius 1-j\u00e9n egyetemi tan\u00e1ri kinevez\u00e9st kapott. 1992. \u00e1prilis 21-t\u0151l D\u00e9nes J\u00f3zsef, a klinika igazgat\u00f3ja megb\u00edzta az igazgat\u00f3helyettesi teend\u0151k ell\u00e1t\u00e1s\u00e1val. D\u00e9nes professzor v\u00e1ratlan hal\u00e1la folyt\u00e1n, 1999. j\u00fanius 1-j\u00e9t\u0151l re\u00e1 h\u00e1rult a klinika vezet\u00e9se az \u00faj igazgat\u00f3 kinevez\u00e9s\u00e9ig. Ez a megb\u00edzat\u00e1s 2000. j\u00fanius 30-\u00e1val, Tarj\u00e1n Ildik\u00f3 igazgat\u00f3i kinevez\u00e9se ok\u00e1n megsz\u0171nt. 2003. augusztus 31-\u00e9n vonult nyugd\u00edjba.<\/p>\n<p style=\"text-align: justify\">A gyermekfog\u00e1szaton bel\u00fcl els\u0151sorban a tejfogak fiziol\u00f3giai \u00e9s patol\u00f3giai vizsg\u00e1lata ter\u00e9n \u00e9rt el eredm\u00e9nyeket. Kutat\u00e1sai kiterjedtek a tejfogazat szuvasod\u00e1sa, a fogv\u00e1lt\u00e1s \u00e9s a tejfogak gy\u00f6k\u00e9rrezorpci\u00f3ja, ill. k\u00fcl\u00f6nb\u00f6z\u0151 rezorpci\u00f3s jelens\u00e9gek a tejfogakon \u00e9s a marad\u00f3 fogakon t\u00e9mak\u00f6reire.<\/p>\n<p style=\"text-align: justify\">A Magyar Fogorvosok Egyes\u00fclet\u00e9nek vezet\u0151s\u00e9gi tagja volt. 1970-t\u0151l vett r\u00e9szt a Fogorvosi Szemle szerkeszt\u0151bizotts\u00e1gi munk\u00e1j\u00e1ban.<\/p>\n<p style=\"text-align: justify\">Kit\u00fcntet\u00e9sei: Kiv\u00e1l\u00f3 Munk\u00e1\u00e9rt (1978), Munka \u00c9rdemrend bronz fokozata (1987), Eg\u00e9szs\u00e9g\u00fcgyi, Szoci\u00e1lis \u00e9s Csal\u00e1d\u00fcgyi Miniszt\u00e9rium d\u00edszoklevele (2003).<\/p>\n<p style=\"text-align: justify\"><strong>F\u0151bb munk\u00e1i:<\/strong> Fiziol\u00f3gi\u00e1s \u00e9s pathol\u00f3gi\u00e1s jelens\u00e9gek a tej\u0151rl\u0151k gy\u00f6k\u00e9rfelsz\u00edv\u00f3d\u00e1s\u00e1ban. Kandid\u00e1tusi \u00e9rtekez\u00e9s. Bp., 1980.; Gyermekfog\u00e1szat, fogszab\u00e1lyoz\u00e1s (Szerk. D\u00e9nes J\u00f3zseffel). Egyetemi tank\u00f6nyv. Bp., 1995., 2. \u00e1td. kiad. 1999., 3. \u00e1td. kiad. 2004.; Minden fogra \u2013 fokra \u2013 eml\u00e9kszem. Visszaeml\u00e9kez\u00e9sek a budapesti orvosegyetem Fogorvostudom\u00e1nyi Kara \u00f6t \u00e9vtized\u00e9nek t\u00f6rt\u00e9net\u00e9re. In: Magyar Fogorvos, 2003 \u00e9s k\u00fcl\u00f6n: Bp., 2004.<\/p>\n<p style=\"text-align: justify\"><strong>Nyughelye:<\/strong> Budapest, Fiumei \u00fati temet\u0151 43-3\/D\/1\/12.<\/p>\n<p><strong><a href=\"https:\/\/semmelweis.hu\/baratikor\/galeria\/teljes-nevlista\/hidasi-gyula\/hidasi-gyula-1\/\" rel=\"attachment wp-att-1813\"><img loading=\"lazy\" decoding=\"async\" class=\"alignleft size-medium wp-image-1813\" src=\"https:\/\/semmelweis.hu\/baratikor\/files\/2023\/01\/Hidasi-Gyula-1.-275x400.jpeg\" alt=\"\" width=\"275\" height=\"400\" srcset=\"https:\/\/semmelweis.hu\/baratikor\/files\/2023\/01\/Hidasi-Gyula-1.-275x400.jpeg 275w, https:\/\/semmelweis.hu\/baratikor\/files\/2023\/01\/Hidasi-Gyula-1..jpeg 688w\" sizes=\"auto, (max-width: 275px) 100vw, 275px\" \/><\/a><\/strong><strong><a href=\"https:\/\/semmelweis.hu\/baratikor\/galeria\/teljes-nevlista\/hidasi-gyula\/hidasi-gyula\/\" rel=\"attachment wp-att-1812\"><img loading=\"lazy\" decoding=\"async\" class=\"alignleft size-medium wp-image-1812\" src=\"https:\/\/semmelweis.hu\/baratikor\/files\/2023\/01\/Hidasi-Gyula-400x266.jpg\" alt=\"\" width=\"400\" height=\"266\" srcset=\"https:\/\/semmelweis.hu\/baratikor\/files\/2023\/01\/Hidasi-Gyula-400x266.jpg 400w, https:\/\/semmelweis.hu\/baratikor\/files\/2023\/01\/Hidasi-Gyula-768x511.jpg 768w, https:\/\/semmelweis.hu\/baratikor\/files\/2023\/01\/Hidasi-Gyula-753x501.jpg 753w, https:\/\/semmelweis.hu\/baratikor\/files\/2023\/01\/Hidasi-Gyula-203x135.jpg 203w, https:\/\/semmelweis.hu\/baratikor\/files\/2023\/01\/Hidasi-Gyula.jpg 1000w\" sizes=\"auto, (max-width: 400px) 100vw, 400px\" \/><\/a><\/strong><\/p>\n","protected":false},"excerpt":{"rendered":"<p><a href=\"https:\/\/semmelweis.hu\/baratikor\/galeria\/teljes-nevlista\/hidasi-gyula\/hidasi-gyula_2\/\" rel=\"attachment wp-att-1814\"><\/a> (\u00dajpest, 1936. augusztus 12. \u2013 Mauritius, 2005. janu\u00e1r 20.) Tansz\u00e9k: Gyermekfog\u00e1szati \u00e9s Fogszab\u00e1lyoz\u00e1si Klinika 1999. j\u00fanius 1. \u2013 2000. j\u00fanius 30. (mb. igazgat\u00f3). \u00c9desapja fogtechnikusk\u00e9nt dolgozott, k\u00f6z\u00e9piskol\u00e1it az \u00fajpesti K\u00f6nyves K\u00e1lm\u00e1n Gimn\u00e1ziumban v\u00e9gezte kit\u0171n\u0151 eredm\u00e9nnyel 1954-ben. M\u00e9g ebben az \u00e9vben felvett\u00e9k a BOTE Fogorvostudom\u00e1nyi Kar\u00e1ra, ahol 1959. szeptember 30-\u00e1n kapott fogorvosi diplom\u00e1t. 1959. szeptember 11-\u00e9n &hellip;<\/p>\n","protected":false},"author":282,"featured_media":5386,"parent":347,"menu_order":0,"comment_status":"closed","ping_status":"closed","template":"template-fullwidth.php","meta":{"_acf_changed":false,"footnotes":""},"categories":[77,14],"tags":[],"class_list":["post-1811","page","type-page","status-publish","has-post-thumbnail","hentry","category-kegyeleti-adattar","category-teljes-nevlista"],"acf":[],"_links":{"self":[{"href":"https:\/\/semmelweis.hu\/baratikor\/wp-json\/wp\/v2\/pages\/1811","targetHints":{"allow":["GET"]}}],"collection":[{"href":"https:\/\/semmelweis.hu\/baratikor\/wp-json\/wp\/v2\/pages"}],"about":[{"href":"https:\/\/semmelweis.hu\/baratikor\/wp-json\/wp\/v2\/types\/page"}],"author":[{"embeddable":true,"href":"https:\/\/semmelweis.hu\/baratikor\/wp-json\/wp\/v2\/users\/282"}],"replies":[{"embeddable":true,"href":"https:\/\/semmelweis.hu\/baratikor\/wp-json\/wp\/v2\/comments?post=1811"}],"version-history":[{"count":2,"href":"https:\/\/semmelweis.hu\/baratikor\/wp-json\/wp\/v2\/pages\/1811\/revisions"}],"predecessor-version":[{"id":1816,"href":"https:\/\/semmelweis.hu\/baratikor\/wp-json\/wp\/v2\/pages\/1811\/revisions\/1816"}],"up":[{"embeddable":true,"href":"https:\/\/semmelweis.hu\/baratikor\/wp-json\/wp\/v2\/pages\/347"}],"wp:featuredmedia":[{"embeddable":true,"href":"https:\/\/semmelweis.hu\/baratikor\/wp-json\/wp\/v2\/media\/5386"}],"wp:attachment":[{"href":"https:\/\/semmelweis.hu\/baratikor\/wp-json\/wp\/v2\/media?parent=1811"}],"wp:term":[{"taxonomy":"category","embeddable":true,"href":"https:\/\/semmelweis.hu\/baratikor\/wp-json\/wp\/v2\/categories?post=1811"},{"taxonomy":"post_tag","embeddable":true,"href":"https:\/\/semmelweis.hu\/baratikor\/wp-json\/wp\/v2\/tags?post=1811"}],"curies":[{"name":"wp","href":"https:\/\/api.w.org\/{rel}","templated":true}]}}