{"id":1806,"date":"2023-01-04T08:18:27","date_gmt":"2023-01-04T07:18:27","guid":{"rendered":"https:\/\/semmelweis.hu\/baratikor\/?page_id=1806"},"modified":"2023-10-11T15:35:30","modified_gmt":"2023-10-11T13:35:30","slug":"herzog-ferenc-xaver","status":"publish","type":"page","link":"https:\/\/semmelweis.hu\/baratikor\/galeria\/teljes-nevlista\/herzog-ferenc-xaver\/","title":{"rendered":"Herzog Ferenc Xav\u00e9r"},"content":{"rendered":"<p style=\"text-align: justify\"><strong><a href=\"https:\/\/semmelweis.hu\/baratikor\/galeria\/teljes-nevlista\/herzog-ferenc-xaver\/herzog-ferenc-1933-318-fond-ii-73\/\" rel=\"attachment wp-att-1807\"><img loading=\"lazy\" decoding=\"async\" class=\"alignleft size-medium wp-image-1807\" src=\"https:\/\/semmelweis.hu\/baratikor\/files\/2023\/01\/Herzog-Ferenc-1933.-318.-fond-II.73.-284x400.jpg\" alt=\"\" width=\"284\" height=\"400\" srcset=\"https:\/\/semmelweis.hu\/baratikor\/files\/2023\/01\/Herzog-Ferenc-1933.-318.-fond-II.73.-284x400.jpg 284w, https:\/\/semmelweis.hu\/baratikor\/files\/2023\/01\/Herzog-Ferenc-1933.-318.-fond-II.73..jpg 710w\" sizes=\"auto, (max-width: 284px) 100vw, 284px\" \/><\/a>(<\/strong><strong>Budapest, 1879. febru\u00e1r 13.<\/strong><strong> \u2013 Budapest, 1952. janu\u00e1r 7.)<\/strong><\/p>\n<p style=\"text-align: justify\"><strong>Tansz\u00e9k: <\/strong>IV. sz. Belgy\u00f3gy\u00e1szati Klinika 1922-1930, I. sz. Belgy\u00f3gy\u00e1szati Klinika 1930-1945.<\/p>\n<p style=\"text-align: justify\">1902. szeptember 15-\u00e9n szerezte meg orvosi oklevel\u00e9t, de m\u00e1r 1900-t\u00f3l az Anat\u00f3miai Int\u00e9zetben dolgozott. 1903-ban a Jendrassik Ern\u0151 vezette Ideg- \u00e9s Elmeklinika gyakornoka lett. 1906-1907 folyam\u00e1n \u00e1llami \u00f6szt\u00f6nd\u00edjjal hosszabb tanulm\u00e1nyutat tett n\u00e9met \u00e9s francia egyetemeken. 1909-t\u0151l a II. sz. Belgy\u00f3gy\u00e1szati Klinika tan\u00e1rseg\u00e9djek\u00e9nt m\u0171k\u00f6d\u00f6tt. 1911-ben mag\u00e1ntan\u00e1ri habilit\u00e1ci\u00f3t szerzett a belorvostani diagnosztika t\u00e1rgyk\u00f6r\u00e9ben. 1914-ben a frissen alakult pozsonyi Erzs\u00e9bet Tudom\u00e1nyegyetemre kapott nyilv\u00e1nos rendes tan\u00e1ri kinevez\u00e9st a belgy\u00f3gy\u00e1szat tan\u00e1rak\u00e9nt. 1922-ben vette \u00e1t a budapesti P\u00e1zm\u00e1ny P\u00e9ter IV. sz. Belgy\u00f3gy\u00e1szati Klinik\u00e1j\u00e1t. 1930-ban az I. sz. Belgy\u00f3gy\u00e1szati Klinik\u00e1j\u00e1nak igazgat\u00f3ja lett. 1932. m\u00e1jus 6-\u00e1n az MTA levelez\u0151, 1941. m\u00e1jus 16-\u00e1n rendes tagj\u00e1v\u00e1 v\u00e1lasztotta. 1945-ben \u00e1ll\u00e1s\u00e1r\u00f3l lemondott, a n\u00e9pb\u00edr\u00f3s\u00e1g \u00edt\u00e9lete alapj\u00e1n 1946-ban k\u00e9nyszernyugd\u00edjazt\u00e1k. Az akad\u00e9mia \u00e1tszervez\u00e9sekor tags\u00e1g\u00e1t 1949. okt\u00f3ber 31-\u00e9n \u00fan. tan\u00e1cskoz\u00f3 tagg\u00e1 min\u0151s\u00edtett\u00e9k vissza, amit csak 1989. m\u00e1jus 9-\u00e9n \u00e1ll\u00edtottak vissza.<\/p>\n<p style=\"text-align: justify\">Munk\u00e1ss\u00e1ga sor\u00e1n az idegrendszer \u00e9s a v\u00e9rkering\u00e9s \u00e9lettan\u00e1val, az ezzel kapcsolatos megbeteged\u00e9sek \u00e9s elv\u00e1ltoz\u00e1sok k\u00f3rtan\u00e1val foglalkozott. Jelent\u0151sek a hipof\u00edzis daganataival, a v\u00e9rnyom\u00e1ssal, a k\u00f6rny\u00e9ki kering\u00e9ssel, az izmok beidegz\u00e9s\u00e9vel \u00e9s az izomt\u00f3nussal kapcsolatos kutat\u00e1sai. Magyarorsz\u00e1gon \u0151 honos\u00edtotta meg az elektrokardiogr\u00e1fi\u00e1t (EKG). A sz\u00edv- \u00e9s \u00e9rrendszeri betegs\u00e9gek ter\u00e9n fontos eredm\u00e9nyeket \u00e9rt el a k\u00f6rny\u00e9ki kering\u00e9si, \u00e9rrendszeri el\u00e9gtelens\u00e9gek, a sz\u00edvritmuszavar \u00e9s sz\u00edvel\u00e9gtelens\u00e9g \u00e9s a reum\u00e1s sz\u00edvbetegs\u00e9gek orvosl\u00e1s\u00e1ban.<\/p>\n<p style=\"text-align: justify\">1927-t\u0151l tagja volt a Szent Istv\u00e1n Akad\u00e9mi\u00e1nak, 1929-t\u0151l az Igazs\u00e1g\u00fcgyi Orvosi Tan\u00e1cs tagja volt. 1930-ban Corvin-koszor\u00faval t\u00fcntett\u00e9k ki.<\/p>\n<p style=\"text-align: justify\"><strong>F\u0151bb munk\u00e1i:<\/strong> A k\u00f6zponti idegrendszer megbeteged\u00e9s\u00e9r\u0151l polyneuritis degenerativ\u00e1ban: K\u00f6zl\u00e9s a Budapesti Kir. M. Tud.-egyetem Idegklinik\u00e1j\u00e1b\u00f3l. Bp., 1908.; Extramedull\u00e1ris gerincvel\u0151daganat. In: Orvosi Hetilap, 1910.; Az elektrokardiogramm klinikai \u00e9rt\u00e9ke. Bp., 1911.; Belorvosi diagnosztika. (szerk. Jendrassik Ern\u0151vel). Bp., 1926.; A hypophysis daganatair\u00f3l. Bp., 1927.; A belorvostan tank\u00f6nyve (Jendrassik Ern\u0151vel). Bp., 1929-1932.; Az aorta \u00e9s a sz\u00edv syphiliseinek k\u00f3rfejl\u0151d\u00e9s\u00e9r\u0151l. (Akad\u00e9miai sz\u00e9kfoglal\u00f3 is. Elhangzott: 1933. j\u00fan. 12.). Bp., 1934.; Megfigyel\u00e9sek a k\u00f6rny\u00e9ki v\u00e9rkering\u00e9sben. (Akad\u00e9miai sz\u00e9kfoglal\u00f3 is. Elhangzott: 1942. j\u00fan. 15.). Bp., 1942.<\/p>\n<p style=\"text-align: justify\"><strong>Nyughelye:<\/strong> Budapest, Farkasr\u00e9ti temet\u0151 34-3\/I\/1\/26 (2004-t\u0151l v\u00e9dett).<\/p>\n<p><strong><a href=\"https:\/\/semmelweis.hu\/baratikor\/galeria\/teljes-nevlista\/herzog-ferenc-xaver\/img_20200425_122133\/\" rel=\"attachment wp-att-1808\"><img loading=\"lazy\" decoding=\"async\" class=\"alignleft size-medium wp-image-1808\" src=\"https:\/\/semmelweis.hu\/baratikor\/files\/2023\/01\/IMG_20200425_122133-300x400.jpg\" alt=\"\" width=\"300\" height=\"400\" srcset=\"https:\/\/semmelweis.hu\/baratikor\/files\/2023\/01\/IMG_20200425_122133-300x400.jpg 300w, https:\/\/semmelweis.hu\/baratikor\/files\/2023\/01\/IMG_20200425_122133.jpg 750w\" sizes=\"auto, (max-width: 300px) 100vw, 300px\" \/><\/a><\/strong><\/p>\n","protected":false},"excerpt":{"rendered":"<p><a href=\"https:\/\/semmelweis.hu\/baratikor\/galeria\/teljes-nevlista\/herzog-ferenc-xaver\/herzog-ferenc-1933-318-fond-ii-73\/\" rel=\"attachment wp-att-1807\"><\/a> (Budapest, 1879. febru\u00e1r 13. \u2013 Budapest, 1952. janu\u00e1r 7.) Tansz\u00e9k: IV. sz. Belgy\u00f3gy\u00e1szati Klinika 1922-1930, I. sz. Belgy\u00f3gy\u00e1szati Klinika 1930-1945. 1902. szeptember 15-\u00e9n szerezte meg orvosi oklevel\u00e9t, de m\u00e1r 1900-t\u00f3l az Anat\u00f3miai Int\u00e9zetben dolgozott. 1903-ban a Jendrassik Ern\u0151 vezette Ideg- \u00e9s Elmeklinika gyakornoka lett. 1906-1907 folyam\u00e1n \u00e1llami \u00f6szt\u00f6nd\u00edjjal hosszabb tanulm\u00e1nyutat tett n\u00e9met \u00e9s francia egyetemeken. &hellip;<\/p>\n","protected":false},"author":282,"featured_media":5385,"parent":347,"menu_order":0,"comment_status":"closed","ping_status":"closed","template":"template-fullwidth.php","meta":{"_acf_changed":false,"footnotes":""},"categories":[77,14],"tags":[],"class_list":["post-1806","page","type-page","status-publish","has-post-thumbnail","hentry","category-kegyeleti-adattar","category-teljes-nevlista"],"acf":[],"_links":{"self":[{"href":"https:\/\/semmelweis.hu\/baratikor\/wp-json\/wp\/v2\/pages\/1806","targetHints":{"allow":["GET"]}}],"collection":[{"href":"https:\/\/semmelweis.hu\/baratikor\/wp-json\/wp\/v2\/pages"}],"about":[{"href":"https:\/\/semmelweis.hu\/baratikor\/wp-json\/wp\/v2\/types\/page"}],"author":[{"embeddable":true,"href":"https:\/\/semmelweis.hu\/baratikor\/wp-json\/wp\/v2\/users\/282"}],"replies":[{"embeddable":true,"href":"https:\/\/semmelweis.hu\/baratikor\/wp-json\/wp\/v2\/comments?post=1806"}],"version-history":[{"count":2,"href":"https:\/\/semmelweis.hu\/baratikor\/wp-json\/wp\/v2\/pages\/1806\/revisions"}],"predecessor-version":[{"id":1810,"href":"https:\/\/semmelweis.hu\/baratikor\/wp-json\/wp\/v2\/pages\/1806\/revisions\/1810"}],"up":[{"embeddable":true,"href":"https:\/\/semmelweis.hu\/baratikor\/wp-json\/wp\/v2\/pages\/347"}],"wp:featuredmedia":[{"embeddable":true,"href":"https:\/\/semmelweis.hu\/baratikor\/wp-json\/wp\/v2\/media\/5385"}],"wp:attachment":[{"href":"https:\/\/semmelweis.hu\/baratikor\/wp-json\/wp\/v2\/media?parent=1806"}],"wp:term":[{"taxonomy":"category","embeddable":true,"href":"https:\/\/semmelweis.hu\/baratikor\/wp-json\/wp\/v2\/categories?post=1806"},{"taxonomy":"post_tag","embeddable":true,"href":"https:\/\/semmelweis.hu\/baratikor\/wp-json\/wp\/v2\/tags?post=1806"}],"curies":[{"name":"wp","href":"https:\/\/api.w.org\/{rel}","templated":true}]}}