{"id":1801,"date":"2023-01-04T08:16:34","date_gmt":"2023-01-04T07:16:34","guid":{"rendered":"https:\/\/semmelweis.hu\/baratikor\/?page_id=1801"},"modified":"2023-10-11T15:33:55","modified_gmt":"2023-10-11T13:33:55","slug":"heim-pal-andras","status":"publish","type":"page","link":"https:\/\/semmelweis.hu\/baratikor\/galeria\/teljes-nevlista\/heim-pal-andras\/","title":{"rendered":"Heim P\u00e1l Andr\u00e1s"},"content":{"rendered":"<p style=\"text-align: justify\"><strong><a href=\"https:\/\/semmelweis.hu\/baratikor\/galeria\/teljes-nevlista\/heim-pal-andras\/heim-pal-49-a-iv-1\/\" rel=\"attachment wp-att-1803\"><img loading=\"lazy\" decoding=\"async\" class=\"alignleft size-medium wp-image-1803\" src=\"https:\/\/semmelweis.hu\/baratikor\/files\/2023\/01\/Heim-Pal-49.a-IV-1.-261x400.jpg\" alt=\"\" width=\"261\" height=\"400\" srcset=\"https:\/\/semmelweis.hu\/baratikor\/files\/2023\/01\/Heim-Pal-49.a-IV-1.-261x400.jpg 261w, https:\/\/semmelweis.hu\/baratikor\/files\/2023\/01\/Heim-Pal-49.a-IV-1..jpg 653w\" sizes=\"auto, (max-width: 261px) 100vw, 261px\" \/><\/a>(Budapest, 1875. november 30. \u2013 Budapest, 1929. okt\u00f3ber 23.)<\/strong><\/p>\n<p style=\"text-align: justify\"><strong>Tansz\u00e9k: <\/strong>Gyermekgy\u00f3gy\u00e1szati Klinika 1929.<\/p>\n<p style=\"text-align: justify\">Apai nagyapja textilfest\u0151mester volt, \u00e9desapja Baross G\u00e1bor munkat\u00e1rsak\u00e9nt vett r\u00e9szt a hazai postah\u00e1l\u00f3zat ki\u00e9p\u00edt\u00e9s\u00e9ben. P\u00e1l k\u00e9t le\u00e1nytestv\u00e9re m\u00e9g gyermekk\u00e9nt meghalt, \u0151 egyed\u00fcl \u00e9rte meg a feln\u0151ttkort. K\u00f6z\u00e9piskol\u00e1it Budapesten v\u00e9gezte, orvosi tanulm\u00e1nyait Lausanne-ban kezdte, de k\u00e9s\u0151bb itthon folytatta. 1897. szeptember 21-\u00e9n szerzett diplom\u00e1t a budapesti orvosi karon, ahol Fodor J\u00f3zsef avatta orvosdoktorr\u00e1. P\u00e1ly\u00e1ja kezdet\u00e9n ifj. B\u00f3kay J\u00e1nos mell\u00e9, a Stef\u00e1nia Szeg\u00e9ny Gyermekk\u00f3rh\u00e1zba ker\u00fclt, amely m\u00e1r akkor l\u00e9nyeg\u00e9ben az egyetem klinik\u00e1jak\u00e9nt m\u0171k\u00f6d\u00f6tt. 1899-1901 k\u00f6z\u00f6tt hosszabb tanulm\u00e1nyutat tett. El\u0151bb Adalbert Czerny breslau-i (ma Wroczlaw) gyermekklinik\u00e1j\u00e1n volt tan\u00e1rseg\u00e9d, ahonnan ism\u00e9t Lausanne-ba, majd r\u00f6vid id\u0151re P\u00e1rizsba, a Pasteur Int\u00e9zetbe utazott. 1901-ben hazat\u00e9rve a budai Irgalmasrend k\u00f3rh\u00e1z\u00e1ban lett a gyermekoszt\u00e1ly f\u0151orvosa. Itteni munk\u00e1ss\u00e1ga sor\u00e1n ismerte fel, hogy a csecsem\u0151k anyagcser\u00e9j\u00e9nek \u00f6sszeoml\u00e1sa a szervezet s\u00f3-v\u00edz h\u00e1ztart\u00e1sa zavarainak tudhat\u00f3 be. Ezzel a felismer\u00e9s\u00e9vel j\u00f3csk\u00e1n megel\u0151zte kor\u00e1t. 1907-ben mag\u00e1ntan\u00e1ri k\u00e9pes\u00edt\u00e9st szerzett Budapesten <em>A gyermekkori betegs\u00e9gek szemiotik\u00e1ja t\u00e1rgyk\u00f6rben<\/em>. Katonai j\u00e1rv\u00e1nyk\u00f3rh\u00e1z parancsnokak\u00e9nt vett r\u00e9szt a vil\u00e1gh\u00e1bor\u00faban, majd 1916-t\u00f3l a f\u0151v\u00e1rosi gyermekk\u00f3rh\u00e1z f\u0151orvosa, 1918-t\u00f3l az anya- \u00e9s csecsem\u0151v\u00e9delem orsz\u00e1gos biztosa lett. Ugyanebben az \u00e9vben kapott egyetemi nyilv\u00e1nos rendes tan\u00e1ri kinevez\u00e9st a pozsonyi Erzs\u00e9bet Tudom\u00e1nyegyetem akkor szervez\u0151d\u0151 Orvostudom\u00e1nyi Kar\u00e1nak gyermekgy\u00f3gy\u00e1szati tansz\u00e9k\u00e9re. A hamarosan bek\u00f6vetkezett uralomv\u00e1lt\u00e1s miatt az eg\u00e9sz egyetemnek menek\u00fclnie kellett, el\u0151bb Budapestre, majd 1923-ban az \u0151t befogad\u00f3 P\u00e9csre. A f\u0151v\u00e1rosban t\u00f6lt\u00f6tt id\u0151szak sor\u00e1n, az 1921\/22. tan\u00e9vben \u0151t v\u00e1lasztott\u00e1k a sz\u00e1m\u0171z\u00f6tt egyetem rektor\u00e1v\u00e1. Klinik\u00e1j\u00e1t Budapesten \u00e1tmenetileg a Feh\u00e9r Kereszt Gyermekk\u00f3rh\u00e1z fogadta be. Az Orsz\u00e1gos Stef\u00e1nia Sz\u00f6vets\u00e9g az \u0151 kezdem\u00e9nyez\u00e9s\u00e9re ind\u00edtotta el 1916-ban a gondoz\u00f3n\u0151k k\u00e9pz\u00e9s\u00e9t a K\u00f6zponti V\u00e9d\u0151n\u0151k\u00e9pz\u0151 Iskola keret\u00e9ben. Az itt v\u00e9gzettek lettek az \u00fan. Heim-n\u0151v\u00e9rek. 1929-ben mestere, B\u00f3kay J\u00e1nos nyugalomba vonul\u00e1s\u00e1val megh\u00edvt\u00e1k a budapesti tansz\u00e9k \u00e9l\u00e9re, de r\u00f6viddel k\u00e9s\u0151bb v\u00e1ratlan hal\u00e1la der\u00e9kba t\u00f6rte addig is tartalmas, de m\u00e9g sokkal t\u00f6bbet \u00edg\u00e9r\u0151 p\u00e1lyafut\u00e1s\u00e1t.<\/p>\n<p style=\"text-align: justify\">Munk\u00e1ss\u00e1ga sor\u00e1n, mely a p\u00e9csi \u00e9vekben teljesedett ki igaz\u00e1n, foglalkozott m\u00e9g a tuberkulin-allergi\u00e1val, a csecsem\u0151kori t\u00e1pl\u00e1lkoz\u00e1s zavaraival, illetve a t\u00e1pl\u00e1l\u00e1s alapelveivel, a csecsem\u0151intoxik\u00e1ci\u00f3 patol\u00f3gi\u00e1j\u00e1val, az anyatej \u00e9s a vitaminok fontoss\u00e1g\u00e1val stb.<\/p>\n<p style=\"text-align: justify\">Tagja volt a Magyar Kir\u00e1lyi Orvosegyes\u00fcletnek, a Magyar Orvosi K\u00f6nyvkiad\u00f3 T\u00e1rsulatnak, a Szent Istv\u00e1n Akad\u00e9mi\u00e1nak, a Deutsche Gesellschaft f\u00fcr Kinderheilkunde-nak, a Magyar Gyermekorvosok T\u00e1rsas\u00e1g\u00e1nak, melynek 1929-ben eln\u00f6ke is volt, hasonl\u00f3k\u00e9ppen a Feh\u00e9r Kereszt Orsz\u00e1gos Lelench\u00e1z Egyes\u00fcletnek. 1919-1929 k\u00f6z\u00f6tt t\u00e1rsszerkeszt\u0151je volt a Monatschrift f\u00fcr Kinderheilkunde, illetve 1927-1929 k\u00f6z\u00f6tt az Archiv f\u00fcr Kinderheilkunde c. foly\u00f3iratoknak.<\/p>\n<p style=\"text-align: justify\"><strong>F\u0151bb munk\u00e1i:<\/strong> A leukocytes a gyermekkori pneumonia \u00e9s diphtheria folyam\u00e1n. Bp., 1901.; Az anya \u00e1ltal val\u00f3 szoptat\u00e1sr\u00f3l \u00e9s a tejelv\u00e1laszt\u00e1s fokoz\u00e1s\u00e1r\u00f3l. Bp., 1901.; A cyclikus albuminuri\u00e1k a gyermekkorban. Bp., 1904.; A tuberculinreactio a <a href=\"https:\/\/hu.wikipedia.org\/wiki\/Skarl%C3%A1t\">v\u00f6rhenyhez<\/a> \u00e9s a <a href=\"https:\/\/hu.wikipedia.org\/wiki\/Kanyar%C3%B3\">kanyar\u00f3hoz<\/a> val\u00f3 vonatkoz\u00e1sban. Bp., 1908.; \u00c1ltal\u00e1nos haematologia (Preisich Korn\u00e9llal). Bp., 1908.; A parenter\u00e1lis infecti\u00f3k \u00e9s a csecsem\u0151k t\u00e1pl\u00e1lkoz\u00e1si zavarai Bp., 1913.; A csecsem\u0151k pneumoni\u00e1j\u00e1r\u00f3l. Bp., 1914.; A dajka- \u00e9s csecsem\u0151otthonokr\u00f3l, a csecsem\u0151k\u00f3rh\u00e1zr\u00f3l. Bp., 1916.; A csecsem\u0151v\u00e9delem fontoss\u00e1g\u00e1r\u00f3l. Bp., 1920.; A gyermekek t\u00e1pl\u00e1lkoz\u00e1sa. Bp., 1926.; A vil\u00e1grahozott syphilis (szerk.: Guszmann J\u00f3zseffel \u00e9s Engel K\u00e1rollyal. 1928).<\/p>\n<p style=\"text-align: justify\"><strong>Nyughelye:<\/strong> Budapest, Fiumei \u00fati temet\u0151 36-2\/0\/1\/26 (a s\u00edreml\u00e9k ifj. Vastagh Gy\u00f6rgy alkot\u00e1sa).<\/p>\n<p><a href=\"https:\/\/semmelweis.hu\/baratikor\/galeria\/teljes-nevlista\/heim-pal-andras\/heim-pal\/\" rel=\"attachment wp-att-1802\"><img loading=\"lazy\" decoding=\"async\" class=\"alignleft size-medium wp-image-1802\" src=\"https:\/\/semmelweis.hu\/baratikor\/files\/2023\/01\/Heim-Pal-267x400.jpg\" alt=\"\" width=\"267\" height=\"400\" srcset=\"https:\/\/semmelweis.hu\/baratikor\/files\/2023\/01\/Heim-Pal-267x400.jpg 267w, https:\/\/semmelweis.hu\/baratikor\/files\/2023\/01\/Heim-Pal.jpg 667w\" sizes=\"auto, (max-width: 267px) 100vw, 267px\" \/><\/a><\/p>\n","protected":false},"excerpt":{"rendered":"<p><a href=\"https:\/\/semmelweis.hu\/baratikor\/galeria\/teljes-nevlista\/heim-pal-andras\/heim-pal-49-a-iv-1\/\" rel=\"attachment wp-att-1803\"><\/a> (Budapest, 1875. november 30. \u2013 Budapest, 1929. okt\u00f3ber 23.) Tansz\u00e9k: Gyermekgy\u00f3gy\u00e1szati Klinika 1929. Apai nagyapja textilfest\u0151mester volt, \u00e9desapja Baross G\u00e1bor munkat\u00e1rsak\u00e9nt vett r\u00e9szt a hazai postah\u00e1l\u00f3zat ki\u00e9p\u00edt\u00e9s\u00e9ben. P\u00e1l k\u00e9t le\u00e1nytestv\u00e9re m\u00e9g gyermekk\u00e9nt meghalt, \u0151 egyed\u00fcl \u00e9rte meg a feln\u0151ttkort. K\u00f6z\u00e9piskol\u00e1it Budapesten v\u00e9gezte, orvosi tanulm\u00e1nyait Lausanne-ban kezdte, de k\u00e9s\u0151bb itthon folytatta. 1897. szeptember 21-\u00e9n szerzett diplom\u00e1t &hellip;<\/p>\n","protected":false},"author":282,"featured_media":5384,"parent":347,"menu_order":0,"comment_status":"closed","ping_status":"closed","template":"template-fullwidth.php","meta":{"_acf_changed":false,"footnotes":""},"categories":[77,14],"tags":[],"class_list":["post-1801","page","type-page","status-publish","has-post-thumbnail","hentry","category-kegyeleti-adattar","category-teljes-nevlista"],"acf":[],"_links":{"self":[{"href":"https:\/\/semmelweis.hu\/baratikor\/wp-json\/wp\/v2\/pages\/1801","targetHints":{"allow":["GET"]}}],"collection":[{"href":"https:\/\/semmelweis.hu\/baratikor\/wp-json\/wp\/v2\/pages"}],"about":[{"href":"https:\/\/semmelweis.hu\/baratikor\/wp-json\/wp\/v2\/types\/page"}],"author":[{"embeddable":true,"href":"https:\/\/semmelweis.hu\/baratikor\/wp-json\/wp\/v2\/users\/282"}],"replies":[{"embeddable":true,"href":"https:\/\/semmelweis.hu\/baratikor\/wp-json\/wp\/v2\/comments?post=1801"}],"version-history":[{"count":2,"href":"https:\/\/semmelweis.hu\/baratikor\/wp-json\/wp\/v2\/pages\/1801\/revisions"}],"predecessor-version":[{"id":1805,"href":"https:\/\/semmelweis.hu\/baratikor\/wp-json\/wp\/v2\/pages\/1801\/revisions\/1805"}],"up":[{"embeddable":true,"href":"https:\/\/semmelweis.hu\/baratikor\/wp-json\/wp\/v2\/pages\/347"}],"wp:featuredmedia":[{"embeddable":true,"href":"https:\/\/semmelweis.hu\/baratikor\/wp-json\/wp\/v2\/media\/5384"}],"wp:attachment":[{"href":"https:\/\/semmelweis.hu\/baratikor\/wp-json\/wp\/v2\/media?parent=1801"}],"wp:term":[{"taxonomy":"category","embeddable":true,"href":"https:\/\/semmelweis.hu\/baratikor\/wp-json\/wp\/v2\/categories?post=1801"},{"taxonomy":"post_tag","embeddable":true,"href":"https:\/\/semmelweis.hu\/baratikor\/wp-json\/wp\/v2\/tags?post=1801"}],"curies":[{"name":"wp","href":"https:\/\/api.w.org\/{rel}","templated":true}]}}