{"id":1783,"date":"2023-01-04T08:06:01","date_gmt":"2023-01-04T07:06:01","guid":{"rendered":"https:\/\/semmelweis.hu\/baratikor\/?page_id=1783"},"modified":"2023-10-11T15:19:45","modified_gmt":"2023-10-11T13:19:45","slug":"halasz-bela","status":"publish","type":"page","link":"https:\/\/semmelweis.hu\/baratikor\/galeria\/teljes-nevlista\/halasz-bela\/","title":{"rendered":"Hal\u00e1sz B\u00e9la"},"content":{"rendered":"<p style=\"text-align: justify\"><strong> <a href=\"https:\/\/semmelweis.hu\/baratikor\/galeria\/teljes-nevlista\/halasz-bela\/halasz-bela-1999-2004\/\" rel=\"attachment wp-att-1785\"><img loading=\"lazy\" decoding=\"async\" class=\"alignleft size-medium wp-image-1785\" src=\"https:\/\/semmelweis.hu\/baratikor\/files\/2023\/01\/Halasz-Bela-1999-2004-275x400.jpg\" alt=\"\" width=\"275\" height=\"400\" srcset=\"https:\/\/semmelweis.hu\/baratikor\/files\/2023\/01\/Halasz-Bela-1999-2004-275x400.jpg 275w, https:\/\/semmelweis.hu\/baratikor\/files\/2023\/01\/Halasz-Bela-1999-2004.jpg 688w\" sizes=\"auto, (max-width: 275px) 100vw, 275px\" \/><\/a>(<\/strong><strong>Kalazn\u00f3, 1927. j\u00falius 4.<\/strong><strong> \u2013 Budapest, 2019. m\u00e1rcius 7.)<\/strong><\/p>\n<p style=\"text-align: justify\"><strong>Tansz\u00e9k: <\/strong>II. sz. Anat\u00f3miai, Sz\u00f6vet- \u00e9s Fejl\u0151d\u00e9stani\/Hum\u00e1nmorfol\u00f3giai \u00e9s Fejl\u0151d\u00e9sbiol\u00f3giai Int\u00e9zet 1971-1995.<\/p>\n<p style=\"text-align: justify\"><strong>Viselt egyetemi m\u00e9lt\u00f3s\u00e1g: <\/strong>oktat\u00e1si rektorhelyettes 1973-1979.<\/p>\n<p style=\"text-align: justify\">\u00c9desapja falusi tan\u00edt\u00f3k\u00e9nt dolgozott Tolna megy\u00e9ben, eredeti csal\u00e1dneve Hujber volt. Hal\u00e1sz B\u00e9la 1945-ben kit\u00fcntet\u00e9ssel \u00e9retts\u00e9gizett a Bonyh\u00e1di Evang\u00e9likus Gimn\u00e1ziumban. Testv\u00e9rb\u00e1tyja betegs\u00e9ge \u00e9s hal\u00e1la ford\u00edtotta az orvosi p\u00e1lya fel\u00e9. 1948 szeptember\u00e9ben iratkozott be a p\u00e9csi Erzs\u00e9bet Tudom\u00e1nyegyetem Orvostudom\u00e1nyi Kar\u00e1ra, ahol 1954. j\u00falius 12-\u00e9n szerzett \u201esumma cum laude\u201d oklevelet. M\u00e1r 1950 febru\u00e1rj\u00e1t\u00f3l externistak\u00e9nt bej\u00e1rt az Anat\u00f3miai Int\u00e9zetbe, ahol Szent\u00e1gothai J\u00e1nos tan\u00edtv\u00e1nya lett. 1954. febru\u00e1r 16-t\u00f3l gyakornok, 1956. szeptember 1-t\u0151l tan\u00e1rseg\u00e9d, 1963. janu\u00e1r 1-t\u0151l adjunktus. 1964. j\u00fanius 18-\u00e1n elv\u00e9gezte a Marxizmus-Leninizmus Esti Egyetemet. 1964 okt\u00f3ber\u00e9t\u0151l egy teljes \u00e9vet t\u00f6lt\u00f6tt a Los Angeles-i Kaliforniai Egyetem Anat\u00f3miai \u00e9s Agykutat\u00f3 Int\u00e9zet\u00e9ben egy Ford-\u00f6szt\u00f6nd\u00edj seg\u00edts\u00e9g\u00e9vel. 1966. november 30-\u00e1n megszerezte a kandid\u00e1tusi fokozatot. 1968. szeptember 1-j\u00e9n docenss\u00e9 l\u00e9pett el\u0151. 1971. j\u00falius 1-j\u00e9n kinevez\u00e9st kapott a SOTE II. sz. Anat\u00f3miai, Sz\u00f6vet- \u00e9s Fejl\u0151d\u00e9stani Int\u00e9zete \u00e9l\u00e9re tansz\u00e9kvezet\u0151 egyetemi tan\u00e1rk\u00e9nt. 1972. szeptember 28-\u00e1n szerezte meg az orvostudom\u00e1nyok doktora fokozatot. 1973-1979 k\u00f6z\u00f6tt, Antoni Ferenc rektor mellett a SOTE oktat\u00e1si rektorhelyettese volt. 1979. m\u00e1jus 11-\u00e9n az MTA levelez\u0151, 1985. m\u00e1jus 9-\u00e9n rendes tagj\u00e1v\u00e1 v\u00e1lasztotta. 1997. j\u00falius 1-j\u00e9n vonult nyug\u00e1llom\u00e1nyba, ekkor kutat\u00f3professzori megb\u00edz\u00e1st \u00e9s professor emeritus c\u00edmet kapott.<\/p>\n<p style=\"text-align: justify\">\u201eKutat\u00e1si ter\u00fclete a bels\u0151 elv\u00e1laszt\u00e1s\u00fa mirigyek szab\u00e1lyoz\u00e1sa, kiemelten az idegrendszer szerepe. Felvetette az agyf\u00fcggel\u00e9kmirigy mells\u0151lebeny-hormonok k\u00f6zvetlen visszahat\u00e1s\u00e1nak lehet\u0151s\u00e9g\u00e9t, az els\u0151 k\u00eds\u00e9rletes adatokat szolg\u00e1ltatta a mell\u00e9kvesek\u00e9reg \u00e9s a k\u00f6ztiagy k\u00f6z\u00f6tti idegi kapcsolatokr\u00f3l. \u00daj, sztereotaxikus elj\u00e1r\u00e1st dolgozott ki agyi, els\u0151sorban hypothalamikus strukt\u00far\u00e1k idegi kapcsolatainak megszak\u00edt\u00e1s\u00e1ra. Neuroendokrin kutat\u00f3csoportja sz\u00e1mos megfigyel\u00e9st k\u00f6z\u00f6lt a hypothalamus \u00e9s csatlakoz\u00f3 r\u00e9gi\u00f3k struktur\u00e1lis szervez\u0151d\u00e9s\u00e9r\u0151l, valamint k\u00fcl\u00f6nb\u00f6z\u0151 agyter\u00fcletek szerep\u00e9r\u0151l az agyf\u00fcggel\u00e9kmirigy mells\u0151lebeny m\u0171k\u00f6d\u00e9s\u00e9nek szab\u00e1lyoz\u00e1s\u00e1ban \u00e9s ennek mechanizmus\u00e1r\u00f3l.\u201d<\/p>\n<p style=\"text-align: justify\">Munk\u00e1ss\u00e1ga sor\u00e1n sz\u00e9lesk\u00f6r\u0171 k\u00f6z\u00e9leti, szakmai k\u00f6z\u00e9leti \u00e9s tudom\u00e1nyszervez\u0151i tev\u00e9kenys\u00e9get is kifejtett. P\u00e1ly\u00e1ja kezdet\u00e9n tagja volt a MEFESZ, a DISZ szervezeteknek, 1953-t\u00f3l az Orvos-Eg\u00e9szs\u00e9g\u00fcgyi Szakszervezetnek, ahol int\u00e9zeti titk\u00e1rk\u00e9nt is m\u0171k\u00f6d\u00f6tt. K\u00e9s\u0151bbi jelent\u0151sebb tiszts\u00e9gei: TMB Elm\u00e9leti Orvostudom\u00e1nyi Szakbizotts\u00e1g eln\u00f6ke (1981-1985), MTA-SOTE Egyes\u00edtett Kutat\u00e1si Szervezet eln\u00f6ke (1982-1995), MTA V. (Orvostudom\u00e1nyi) Oszt\u00e1ly eln\u00f6ke (1985-1990), az MTA egyik aleln\u00f6ke (1990-1996). Az 1980-as \u00e9vekben eln\u00f6k\u00f6lte a SOTE Ifj\u00fas\u00e1gi Bizotts\u00e1g\u00e1t. 1996-t\u00f3l a T\u00e1mogatott Kutat\u00f3helyek H\u00e1l\u00f3zati Tan\u00e1cs\u00e1nak, 1998-t\u00f3l az MTA Arany J\u00e1nos K\u00f6zalap\u00edtv\u00e1ny a Tudom\u00e1ny\u00e9rt Kurat\u00f3rium, valamint a Bolyai J\u00e1nos Alap\u00edtv\u00e1ny Kurat\u00f3rium\u00e1nak eln\u00f6ke volt.<\/p>\n<p style=\"text-align: justify\">Tiszteleti tags\u00e1gok: Csehszlov\u00e1k Endokrin T\u00e1rsas\u00e1g (1979), Lengyel Endokrin T\u00e1rsas\u00e1g (1980), NDK Endokrin T\u00e1rsas\u00e1g (1985), American Academy of Arts and Sciences (1988), American Physiological Society.<\/p>\n<p style=\"text-align: justify\">Szakmai t\u00e1rsas\u00e1gi tags\u00e1gai: Nemzetk\u00f6zi Neuroendokrinol\u00f3giai T\u00e1rsas\u00e1g aleln\u00f6ke (1975-1980), Nemzetk\u00f6zi Agykutat\u00f3 Szervezet (IBRO) K\u00f6zponti Tan\u00e1cs\u00e1nak tagja (1980-1985), Magyar Endokrinol\u00f3giai \u00e9s Anyagcsere T\u00e1rsas\u00e1g eln\u00f6ke (1982-1990), Nemzetk\u00f6zi Endokrinol\u00f3giai T\u00e1rsas\u00e1g v\u00e9grehajt\u00f3 bizotts\u00e1ga tagja (1984-1992), Academia Europaea, London (1988), Belga Kir\u00e1lyi Orvosi Akad\u00e9mia (1997), CIBA Foundation magyarorsz\u00e1gi k\u00e9pvisel\u0151je, Eur\u00f3pai Comparativ Endokrin T\u00e1rsas\u00e1g, Nemzetk\u00f6zi Pszicho-neuroendokrinol\u00f3giai T\u00e1rsas\u00e1g.<\/p>\n<p style=\"text-align: justify\">Szerkeszt\u0151bizotts\u00e1gi tagja volt a Fels\u0151oktat\u00e1si Szemle, az Acta Morphologica Hungarica, a Neuroendocrinology Letters, az Endocrine \u00e9s az Experimental and Clinical Endocrinology and Diabetes c. szaklapoknak.<\/p>\n<p style=\"text-align: justify\">Hossz\u00fa \u00e9s term\u00e9keny p\u00e1lyafut\u00e1sa sor\u00e1n a k\u00f6vetkez\u0151 elismer\u00e9seket, kit\u00fcntet\u00e9seket kapta: MTA akad\u00e9miai d\u00edj I. fokozat (1968), Nemzetk\u00f6zi Endokrin T\u00e1rsas\u00e1g Ulf von Euler-d\u00edja (1976), Oktat\u00e1s\u00fcgy Kiv\u00e1l\u00f3 Dolgoz\u00f3ja (1976), Munka \u00c9rdemrend arany fokozat (1981), Semmelweis-eml\u00e9k\u00e9rem (1985), \u00c1prilis Negyedike \u00c9rdemrend (1987), Sz\u00e9chenyi-d\u00edj (1990), Szab\u00f3 Gy\u00f6rgy-d\u00edj (1998, Hemingway Alap\u00edtv\u00e1ny), P\u00e1zm\u00e1ny P\u00e9ter fels\u0151oktat\u00e1si d\u00edj (2000), Magyar Endokrinol\u00f3gi\u00e1\u00e9rt \u00e9rem (2000), Eg\u00e9szs\u00e9g\u00fcgyi miniszter d\u00edszoklevele (2002), Magyar K\u00f6zt\u00e1rsas\u00e1gi \u00c9rdemrend k\u00f6z\u00e9pkeresztje (2003), Akad\u00e9miai Arany\u00e9rem (2004), Ipolyi Arnold tudom\u00e1nyfejleszt\u00e9si d\u00edj (2004, OTKA), Szil\u00e1rd Le\u00f3 professzori \u00f6szt\u00f6nd\u00edj (2005), Genersich Antal-d\u00edj (2007), Szent-Gy\u00f6rgyi Albert-d\u00edj (2008), Magyar \u00c9rdemrend k\u00f6z\u00e9pkeresztje a csillaggal (2017), Bolyai Nagyd\u00edj (2017).<\/p>\n<p style=\"text-align: justify\"><strong>F\u0151bb munk\u00e1i:<\/strong> Histologischer Beweis einer nerv\u00f6sen Signal\u00fcbermittelung von der Nebenrinde zum Hypothalamus (Szent\u00e1gothai J\u00e1nossal). In: Zeitschrift f\u00fcr Zellforschung und Mikroskopische Anatomie. Wien, 1959.; Hypophysiotrophic area in the hypothalamus (t\u00e1rssz.: Pupp L., Uhlarik S.). In: Journal of Endocrinology, 1962.; Hypothalamic control of the anterior pituitary (t\u00e1rsszerz\u0151). 1962, 1965, 1968.; Hypophysiotroph area \u00e9s adenohypophysis funkci\u00f3. Kand. \u00e9rt. MTA, TMB. Bp., 1964.; Hormone secretion of the anterior pituitary gland after physical interruption of all nervous pathways to the hypophysiotrophic area (t\u00e1rssz.: Pupp L.). In: Endocrinology, 1965.; The endocrine effects of isolation of the hypothalamus from the rest of the brain. In: Frontiers in Neuroendocrinology. 1969.; A hypophysis mells\u0151 lebeny idegi szab\u00e1lyoz\u00e1s\u00e1nak mechanizmusa. Kand. \u00e9rt. MTA, TMB. Bp., 1971.; Serotoninergic endings on VIP-neurons in the suprachiasmatic nucleus and on ACTH-neurons in the arcuate nucleus of the rat hypothalamus. A combination of high resolution autoradiography and electron microscopic immunocytochemistry (t\u00e1rssz.: Kiss J., L\u00e9r\u00e1nth Cs.). In: Neuroscience Letters. 1984.; Circadian corticosterone rhythm did not develop in rats seven weeks after destruction with 5,7-DHT of the serotoninergic nerve terminals in the suprachiasmatic nucleus at the age of 16 days (t\u00e1rssz.: B\u00e1nky Zs., Nagy Gy.). In. Brain Research. 1986.; Hipof\u00edzis mells\u0151 lebeny-hormonok \u00e9s elv\u00e1laszt\u00e1suk idegi szab\u00e1lyoz\u00e1sa. MTA, Bp., 1988.; Analysis of pituitary prolactin and adrenocortical response to ether, formalin or restraint of lactating rats: rise in corticosterone, but no increase in plasma prolactin levels after exposure to stress (t\u00e1rsszerz\u0151). In: Neuroendocrinology, 1994.; Neuronal labeling in the rat brain and spinal cord from the ovary using viral transneuronal tracing technique (t\u00e1rsszerz\u0151). In: Neuroendocrinology. 1998.<\/p>\n<p style=\"text-align: justify\"><strong>Nyughelye:<\/strong> Budapest, Fiumei \u00fati temet\u0151, akad\u00e9miai parcella.<\/p>\n<p style=\"text-align: justify\">Irodalom: Hal\u00e1sz B\u00e9la \u2013 Ap\u00e1ink j\u00f6nnek vel\u00fcnk szembe sorozat, szerk.: Herzka Ferenc. Semmelweis Kiad\u00f3, Bp., 2005.<\/p>\n<p style=\"text-align: justify\">(Az id\u00e9zet forr\u00e1sa: Burucs Korn\u00e9lia sz\u00f3cikke Hal\u00e1sz B\u00e9l\u00e1r\u00f3l. In: A Magyar Tudom\u00e1nyos Akad\u00e9mia tagjai 1825-2002. Bp., 2003.)<\/p>\n<p><strong><a href=\"https:\/\/semmelweis.hu\/baratikor\/galeria\/teljes-nevlista\/halasz-bela\/halasz-bela\/\" rel=\"attachment wp-att-1784\"><img loading=\"lazy\" decoding=\"async\" class=\"alignleft size-medium wp-image-1784\" src=\"https:\/\/semmelweis.hu\/baratikor\/files\/2023\/01\/Halasz-Bela-321x400.jpg\" alt=\"\" width=\"321\" height=\"400\" srcset=\"https:\/\/semmelweis.hu\/baratikor\/files\/2023\/01\/Halasz-Bela-321x400.jpg 321w, https:\/\/semmelweis.hu\/baratikor\/files\/2023\/01\/Halasz-Bela-768x958.jpg 768w, https:\/\/semmelweis.hu\/baratikor\/files\/2023\/01\/Halasz-Bela-753x939.jpg 753w, https:\/\/semmelweis.hu\/baratikor\/files\/2023\/01\/Halasz-Bela.jpg 802w\" sizes=\"auto, (max-width: 321px) 100vw, 321px\" \/><\/a><\/strong><\/p>\n","protected":false},"excerpt":{"rendered":"<p><a href=\"https:\/\/semmelweis.hu\/baratikor\/galeria\/teljes-nevlista\/halasz-bela\/halasz-bela-1999-2004\/\" rel=\"attachment wp-att-1785\"><\/a> (Kalazn\u00f3, 1927. j\u00falius 4. \u2013 Budapest, 2019. m\u00e1rcius 7.) Tansz\u00e9k: II. sz. Anat\u00f3miai, Sz\u00f6vet- \u00e9s Fejl\u0151d\u00e9stani\/Hum\u00e1nmorfol\u00f3giai \u00e9s Fejl\u0151d\u00e9sbiol\u00f3giai Int\u00e9zet 1971-1995. Viselt egyetemi m\u00e9lt\u00f3s\u00e1g: oktat\u00e1si rektorhelyettes 1973-1979. \u00c9desapja falusi tan\u00edt\u00f3k\u00e9nt dolgozott Tolna megy\u00e9ben, eredeti csal\u00e1dneve Hujber volt. Hal\u00e1sz B\u00e9la 1945-ben kit\u00fcntet\u00e9ssel \u00e9retts\u00e9gizett a Bonyh\u00e1di Evang\u00e9likus Gimn\u00e1ziumban. Testv\u00e9rb\u00e1tyja betegs\u00e9ge \u00e9s hal\u00e1la ford\u00edtotta az orvosi p\u00e1lya fel\u00e9. 1948 &hellip;<\/p>\n","protected":false},"author":282,"featured_media":5378,"parent":347,"menu_order":0,"comment_status":"closed","ping_status":"closed","template":"template-fullwidth.php","meta":{"_acf_changed":false,"footnotes":""},"categories":[77,14],"tags":[],"class_list":["post-1783","page","type-page","status-publish","has-post-thumbnail","hentry","category-kegyeleti-adattar","category-teljes-nevlista"],"acf":[],"_links":{"self":[{"href":"https:\/\/semmelweis.hu\/baratikor\/wp-json\/wp\/v2\/pages\/1783","targetHints":{"allow":["GET"]}}],"collection":[{"href":"https:\/\/semmelweis.hu\/baratikor\/wp-json\/wp\/v2\/pages"}],"about":[{"href":"https:\/\/semmelweis.hu\/baratikor\/wp-json\/wp\/v2\/types\/page"}],"author":[{"embeddable":true,"href":"https:\/\/semmelweis.hu\/baratikor\/wp-json\/wp\/v2\/users\/282"}],"replies":[{"embeddable":true,"href":"https:\/\/semmelweis.hu\/baratikor\/wp-json\/wp\/v2\/comments?post=1783"}],"version-history":[{"count":2,"href":"https:\/\/semmelweis.hu\/baratikor\/wp-json\/wp\/v2\/pages\/1783\/revisions"}],"predecessor-version":[{"id":1787,"href":"https:\/\/semmelweis.hu\/baratikor\/wp-json\/wp\/v2\/pages\/1783\/revisions\/1787"}],"up":[{"embeddable":true,"href":"https:\/\/semmelweis.hu\/baratikor\/wp-json\/wp\/v2\/pages\/347"}],"wp:featuredmedia":[{"embeddable":true,"href":"https:\/\/semmelweis.hu\/baratikor\/wp-json\/wp\/v2\/media\/5378"}],"wp:attachment":[{"href":"https:\/\/semmelweis.hu\/baratikor\/wp-json\/wp\/v2\/media?parent=1783"}],"wp:term":[{"taxonomy":"category","embeddable":true,"href":"https:\/\/semmelweis.hu\/baratikor\/wp-json\/wp\/v2\/categories?post=1783"},{"taxonomy":"post_tag","embeddable":true,"href":"https:\/\/semmelweis.hu\/baratikor\/wp-json\/wp\/v2\/tags?post=1783"}],"curies":[{"name":"wp","href":"https:\/\/api.w.org\/{rel}","templated":true}]}}