{"id":1779,"date":"2023-01-04T08:03:48","date_gmt":"2023-01-04T07:03:48","guid":{"rendered":"https:\/\/semmelweis.hu\/baratikor\/?page_id=1779"},"modified":"2023-07-11T08:35:58","modified_gmt":"2023-07-11T06:35:58","slug":"halmai-janos","status":"publish","type":"page","link":"https:\/\/semmelweis.hu\/baratikor\/galeria\/teljes-nevlista\/halmai-janos\/","title":{"rendered":"Halmai J\u00e1nos"},"content":{"rendered":"<p style=\"text-align: justify\"><strong><a href=\"https:\/\/semmelweis.hu\/baratikor\/galeria\/teljes-nevlista\/halmai-janos\/halmai-janos\/\" rel=\"attachment wp-att-1780\"><img loading=\"lazy\" decoding=\"async\" class=\"alignleft size-medium wp-image-1780\" src=\"https:\/\/semmelweis.hu\/baratikor\/files\/2023\/01\/Halmai-Janos-274x400.jpg\" alt=\"\" width=\"274\" height=\"400\" srcset=\"https:\/\/semmelweis.hu\/baratikor\/files\/2023\/01\/Halmai-Janos-274x400.jpg 274w, https:\/\/semmelweis.hu\/baratikor\/files\/2023\/01\/Halmai-Janos.jpg 684w\" sizes=\"auto, (max-width: 274px) 100vw, 274px\" \/><\/a>(Nyitra, 1903. m\u00e1rcius 3. \u2013 Budapest, 1973. j\u00falius 23.)<\/strong><\/p>\n<p style=\"text-align: justify\"><strong>Tansz\u00e9k: <\/strong>Gy\u00f3gyn\u00f6v\u00e9ny- \u00e9s Drogismereti Tansz\u00e9k 1950-1971.<\/p>\n<p style=\"text-align: justify\">\u00d6tgyermekes csal\u00e1dban sz\u00fcletett, \u00e9desapja \u00e1llami hivatalnok, telekk\u00f6nyvvezet\u0151 volt. K\u00f6z\u00e9piskol\u00e1it Sopronban \u00e9s Bonyh\u00e1don v\u00e9gezte, majd ut\u00f3bbi v\u00e1rosban volt gy\u00f3gyszer\u00e9szgyakornok 1920-1921 k\u00f6z\u00f6tt. Gy\u00f3gyszer\u00e9szmesteri oklevel\u00e9t Budapesten, 1925. j\u00fanius 17-\u00e9n szerezte. Ezut\u00e1n 1927-ig Baj\u00e1n \u00e9s Szigetv\u00e1ron m\u0171k\u00f6d\u00f6tt alkalmazott gy\u00f3gyszer\u00e9szk\u00e9nt, majd a budapesti kir. m. P\u00e1zm\u00e1ny P\u00e9ter Tudom\u00e1nyegyetemen lett \u00f3raad\u00f3 tan\u00e1r \u00e9s gy\u00f3gyszer\u00e9szdisszert\u00e1ns. 1930. szeptember 1-j\u00e9n gyakornoki \u00e1ll\u00e1st kapott az egyetem N\u00f6v\u00e9ny\u00e9lettani Int\u00e9zet\u00e9ben, ahol 1933. okt\u00f3ber 1-j\u00e9n tan\u00e1rseg\u00e9d lett. 1931-ben gy\u00f3gyszer\u00e9szdoktori fokozatot szerzett summa cum laude min\u0151s\u00edt\u00e9ssel. 1939. szeptember 1-j\u00e9n \u00e1tigazolt az Orvostudom\u00e1nyi Kar Gy\u00f3gyszerismereti Int\u00e9zet\u00e9be, ahol kezdetben tan\u00e1rseg\u00e9di beoszt\u00e1sban, majd 1942. szeptember 1-t\u0151l egyetemi adjunktusk\u00e9nt dolgozott. 1940-t\u0151l a gy\u00f3gyszer\u00e9szet t\u00f6rt\u00e9net\u00e9t is el\u0151adta. 1942. m\u00e1jus 27-\u00e9n mag\u00e1ntan\u00e1ri k\u00e9pes\u00edt\u00e9st szerzett a gy\u00f3gyszerismereti vizsg\u00e1latok t\u00e1rgyk\u00f6r\u00e9ben. Egyetemi elfoglalts\u00e1ga mellett 1939-1942 k\u00f6z\u00f6tt oktatott a Kert\u00e9szeti Akad\u00e9mi\u00e1n, majd 1943-1945 k\u00f6z\u00f6tt a Drogista Szakiskol\u00e1ban. 1944 december\u00e9ben r\u00e9sze volt a kitelep\u00edt\u00e9si parancs elszabot\u00e1l\u00e1s\u00e1ban, \u00edgy az int\u00e9zet az ostrom idej\u00e9n is helyben maradt. 1945 tavasz\u00e1n az egyetemi igazol\u00f3 bizotts\u00e1g 3 \u00e9vre eltiltotta az el\u0151l\u00e9ptet\u00e9st\u0151l, mert hallgat\u00f3, majd asszisztens kor\u00e1ban r\u00e9szt vett a hallgat\u00f3k bajt\u00e1rsi egyes\u00fclet\u00e9nek tev\u00e9kenys\u00e9g\u00e9ben. 1945 okt\u00f3ber\u00e9ben B-list\u00e1ra tett\u00e9k, \u00e1ll\u00e1s\u00e1ba csak 1947 febru\u00e1rj\u00e1ban t\u00e9rhetett vissza. 1946. janu\u00e1rban bel\u00e9pett a Szoci\u00e1ldemokrata P\u00e1rtba, de a p\u00e1rtegyes\u00fcl\u00e9s ut\u00e1n kiz\u00e1rt\u00e1k. Szint\u00e9n 1946-ban lett az Orvos-eg\u00e9szs\u00e9g\u00fcgyi Szakszervezet tagja. 1948. m\u00e1rcius 1-j\u00e9n int\u00e9zeti tan\u00e1r besorol\u00e1st kapott. 1950. november 1-j\u00e9n kinevezt\u00e9k a Gy\u00f3gyszerismereti Int\u00e9zet tansz\u00e9kvezet\u0151 int\u00e9zeti tan\u00e1r\u00e1v\u00e1, majd 1956. szeptember 1-j\u00e9n tansz\u00e9kvezet\u0151 egyetemi docens\u00e9v\u00e9. 1957. szeptember 1-j\u00e9n egyetemi tan\u00e1ri kinevez\u00e9st kapott, tansz\u00e9k\u00e9t pedig Gy\u00f3gyn\u00f6v\u00e9ny- \u00e9s Drogismereti Tansz\u00e9kk\u00e9 nevezt\u00e9k \u00e1t. 1956-ban kandid\u00e1tusi fokozatot szerzett. 1959-ben l\u00e9pett be az MSZMP-be. 1971. j\u00fanius 30-\u00e1n vonult nyugd\u00edjba. Munk\u00e1ss\u00e1ga sor\u00e1n gy\u00f3gyn\u00f6v\u00e9nyismerettel, drogok azonos\u00edt\u00e1s\u00e1val, hamis\u00edt\u00e1sok felismer\u00e9s\u00e9vel, a hazai gy\u00f3gyszer\u00e9szet t\u00f6rt\u00e9net\u00e9vel foglalkozott. Az V. Magyar Gy\u00f3gyszerk\u00f6nyv farmakogn\u00f3ziai r\u00e9sz\u00e9nek szerkeszt\u0151je, a VI. Magyar Gy\u00f3gyszerk\u00f6nyv farmakogn\u00f3ziai albizotts\u00e1g\u00e1nak eln\u00f6ke volt.<\/p>\n<p style=\"text-align: justify\">1934-1944 k\u00f6z\u00f6tt aleln\u00f6ke volt az Alkalmazott Gy\u00f3gyszer\u00e9szek Egyes\u00fclet\u00e9nek. 1939-1949 k\u00f6z\u00f6tt ell\u00e1tta a Magyar Gy\u00f3gyszertudom\u00e1nyi T\u00e1rsas\u00e1g titk\u00e1ri teend\u0151it. A Rom\u00e1n Orvostudom\u00e1nyi T\u00e1rsas\u00e1g Gy\u00f3gyszer\u00e9szi Szakcsoportj\u00e1nak tiszteletbeli, az Acad\u00e9mie Internationale d\u2019Histoire de la Pharmacie vezet\u0151s\u00e9gi, az Internationale Paracelsus Gesellschaft rendes, az Internationale Gesellschaft f\u00fcr Geschichte der Pharmazie vezet\u0151s\u00e9gi \u00e9s az Institut za Povjest Farmacije u Zagrebu levelez\u0151 tagja volt. 1948-1952 k\u00f6z\u00f6tt a Gy\u00f3gyszer\u00e9sz, 1953-t\u00f3l az Acta Pharmaceutica Hungarica szerkeszt\u0151bizotts\u00e1g\u00e1nak munk\u00e1j\u00e1ban vett r\u00e9szt. 1952-t\u0151l tagja volt az ETT Gy\u00f3gyszer\u00e9szeti \u00e9s Gy\u00f3gyszerk\u00f6nyvi Bizotts\u00e1g\u00e1nak, tov\u00e1bb\u00e1 a gy\u00f3gyn\u00f6v\u00e9nyek szabv\u00e1ny\u00e1t k\u00e9sz\u00edt\u0151, valamint a gy\u00f3gyn\u00f6v\u00e9nyek jellegmint\u00e1it meg\u00e1llap\u00edt\u00f3 bizotts\u00e1gnak.<\/p>\n<p style=\"text-align: justify\">1940-ben Jakabh\u00e1zy-eml\u00e9k\u00e9remmel, 1954-ben Szocialista Munk\u00e1\u00e9rt \u00c9rdem\u00e9remmel, 1956-ban Kabay-eml\u00e9k\u00e9remmel, 1966-ban Weszpr\u00e9mi-eml\u00e9k\u00e9remmel, 1974-ben (posztumusz) Ernyey J\u00f3zsef eml\u00e9k\u00e9remmel t\u00fcntett\u00e9k ki, 1959-ben kiv\u00e1l\u00f3 gy\u00f3gyszer\u00e9sz kit\u00fcntet\u00e9st kapott.<\/p>\n<p style=\"text-align: justify\"><strong>F\u0151bb munk\u00e1i:<\/strong> Sz\u00f6vettani tanulm\u00e1ny a Centaurium umbellatum Gilib.-en, k\u00fcl\u00f6n\u00f6s tekintettel a procambriumra \u00e9s annak szerep\u00e9re a sz\u00e1r szerkezet\u00e9nek megalakul\u00e1s\u00e1ban. Gy\u00f3gyszer\u00e9szdoktori \u00e9rtekez\u00e9s. Bp., 1931.; <em>A drog-\u00f6nell\u00e1t\u00e1s k\u00e9rd\u00e9se<\/em>. P\u00e1pa, 1942.; <em>Kossuth-csillag, V\u00e9nusz-sarucska. Gy\u00f3gyn\u00f6v\u00e9nyek, n\u00f6v\u00e9nyek, drogok magyar n\u00e9pies \u00e9s latin nevei. <\/em>Bp., 1948.; A Gy\u00f3gyszerismereti Tansz\u00e9k 40 esztendeje. In: Gy\u00f3gyszer\u00e9sz, 1955:10.; Kabay J\u00e1nos \u00e9s a magyar morfingy\u00e1rt\u00e1s. In: Acta Pharmaceutica, 1956.; 1848-as szabads\u00e1gharcunk gy\u00f3gyszer\u00e9szi vonatkoz\u00e1sai. <em>In: Gy\u00f3gyszer\u00e9szet, 1961.; Farmakognozia (<\/em>Nov\u00e1k Istv\u00e1nnal). Bp., 1963.<\/p>\n<p style=\"text-align: justify\"><strong>Nyughelye:<\/strong> Budapest, Farkasr\u00e9ti temet\u0151 16-II\/0\/1\/30.<\/p>\n","protected":false},"excerpt":{"rendered":"<p><a href=\"https:\/\/semmelweis.hu\/baratikor\/galeria\/teljes-nevlista\/halmai-janos\/halmai-janos\/\" rel=\"attachment wp-att-1780\"><\/a> (Nyitra, 1903. m\u00e1rcius 3. \u2013 Budapest, 1973. j\u00falius 23.) Tansz\u00e9k: Gy\u00f3gyn\u00f6v\u00e9ny- \u00e9s Drogismereti Tansz\u00e9k 1950-1971. \u00d6tgyermekes csal\u00e1dban sz\u00fcletett, \u00e9desapja \u00e1llami hivatalnok, telekk\u00f6nyvvezet\u0151 volt. K\u00f6z\u00e9piskol\u00e1it Sopronban \u00e9s Bonyh\u00e1don v\u00e9gezte, majd ut\u00f3bbi v\u00e1rosban volt gy\u00f3gyszer\u00e9szgyakornok 1920-1921 k\u00f6z\u00f6tt. Gy\u00f3gyszer\u00e9szmesteri oklevel\u00e9t Budapesten, 1925. j\u00fanius 17-\u00e9n szerezte. Ezut\u00e1n 1927-ig Baj\u00e1n \u00e9s Szigetv\u00e1ron m\u0171k\u00f6d\u00f6tt alkalmazott gy\u00f3gyszer\u00e9szk\u00e9nt, majd a budapesti kir. m. &hellip;<\/p>\n","protected":false},"author":282,"featured_media":4939,"parent":347,"menu_order":0,"comment_status":"closed","ping_status":"closed","template":"template-fullwidth.php","meta":{"_acf_changed":false,"footnotes":""},"categories":[77,14],"tags":[],"class_list":["post-1779","page","type-page","status-publish","has-post-thumbnail","hentry","category-kegyeleti-adattar","category-teljes-nevlista"],"acf":[],"_links":{"self":[{"href":"https:\/\/semmelweis.hu\/baratikor\/wp-json\/wp\/v2\/pages\/1779","targetHints":{"allow":["GET"]}}],"collection":[{"href":"https:\/\/semmelweis.hu\/baratikor\/wp-json\/wp\/v2\/pages"}],"about":[{"href":"https:\/\/semmelweis.hu\/baratikor\/wp-json\/wp\/v2\/types\/page"}],"author":[{"embeddable":true,"href":"https:\/\/semmelweis.hu\/baratikor\/wp-json\/wp\/v2\/users\/282"}],"replies":[{"embeddable":true,"href":"https:\/\/semmelweis.hu\/baratikor\/wp-json\/wp\/v2\/comments?post=1779"}],"version-history":[{"count":2,"href":"https:\/\/semmelweis.hu\/baratikor\/wp-json\/wp\/v2\/pages\/1779\/revisions"}],"predecessor-version":[{"id":1782,"href":"https:\/\/semmelweis.hu\/baratikor\/wp-json\/wp\/v2\/pages\/1779\/revisions\/1782"}],"up":[{"embeddable":true,"href":"https:\/\/semmelweis.hu\/baratikor\/wp-json\/wp\/v2\/pages\/347"}],"wp:featuredmedia":[{"embeddable":true,"href":"https:\/\/semmelweis.hu\/baratikor\/wp-json\/wp\/v2\/media\/4939"}],"wp:attachment":[{"href":"https:\/\/semmelweis.hu\/baratikor\/wp-json\/wp\/v2\/media?parent=1779"}],"wp:term":[{"taxonomy":"category","embeddable":true,"href":"https:\/\/semmelweis.hu\/baratikor\/wp-json\/wp\/v2\/categories?post=1779"},{"taxonomy":"post_tag","embeddable":true,"href":"https:\/\/semmelweis.hu\/baratikor\/wp-json\/wp\/v2\/tags?post=1779"}],"curies":[{"name":"wp","href":"https:\/\/api.w.org\/{rel}","templated":true}]}}