{"id":1775,"date":"2023-01-04T08:02:29","date_gmt":"2023-01-04T07:02:29","guid":{"rendered":"https:\/\/semmelweis.hu\/baratikor\/?page_id=1775"},"modified":"2023-07-11T08:34:28","modified_gmt":"2023-07-11T06:34:28","slug":"hainiss-elemer","status":"publish","type":"page","link":"https:\/\/semmelweis.hu\/baratikor\/galeria\/teljes-nevlista\/hainiss-elemer\/","title":{"rendered":"Hainiss Elem\u00e9r"},"content":{"rendered":"<p style=\"text-align: justify\"><strong><a href=\"https:\/\/semmelweis.hu\/baratikor\/galeria\/teljes-nevlista\/hainiss-elemer\/hainiss-elemer-1933-318-fond-ii-73\/\" rel=\"attachment wp-att-1776\"><img loading=\"lazy\" decoding=\"async\" class=\"alignleft size-medium wp-image-1776\" src=\"https:\/\/semmelweis.hu\/baratikor\/files\/2023\/01\/Hainiss-Elemer-1933.-318.-fond-II.73.-317x400.jpg\" alt=\"\" width=\"317\" height=\"400\" srcset=\"https:\/\/semmelweis.hu\/baratikor\/files\/2023\/01\/Hainiss-Elemer-1933.-318.-fond-II.73.-317x400.jpg 317w, https:\/\/semmelweis.hu\/baratikor\/files\/2023\/01\/Hainiss-Elemer-1933.-318.-fond-II.73.-768x968.jpg 768w, https:\/\/semmelweis.hu\/baratikor\/files\/2023\/01\/Hainiss-Elemer-1933.-318.-fond-II.73.-753x950.jpg 753w, https:\/\/semmelweis.hu\/baratikor\/files\/2023\/01\/Hainiss-Elemer-1933.-318.-fond-II.73..jpg 793w\" sizes=\"auto, (max-width: 317px) 100vw, 317px\" \/><\/a>Hainiss Elem\u00e9r G\u00e9za K\u00e1lm\u00e1n K\u00e1roly (Budapest, 1890. j\u00falius 1. \u2013 Budapest, 1974. j\u00falius 7.)<\/strong><\/p>\n<p style=\"text-align: justify\"><strong>Tansz\u00e9k: <\/strong>Gyermekgy\u00f3gy\u00e1szati Klinika 1930-1946.<\/p>\n<p style=\"text-align: justify\">Orvoscsal\u00e1db\u00f3l sz\u00e1rmazik, \u00e9desapja Hainiss G\u00e9za volt. Orvosdoktori oklevel\u00e9t a kir. m. Budapesti Tudom\u00e1nyegyetemen szerezte 1913. okt\u00f3ber 18-\u00e1n. Az I. vil\u00e1gh\u00e1bor\u00faban orvosk\u00e9nt szolg\u00e1lt a gal\u00edciai fronton, ahonnan rendszeresen levelezett professzor\u00e1val, ifj. B\u00f3kay J\u00e1nossal. A hadifogs\u00e1gb\u00f3l hazat\u00e9rve, 1921-ben a szegedi Gyermekgy\u00f3gy\u00e1szati Klinik\u00e1n kapott \u00e1ll\u00e1st. 1922-ben ugyanitt mag\u00e1ntan\u00e1ri habilit\u00e1ci\u00f3t szerzett, majd 1924-ben kinevezt\u00e9k nyilv\u00e1nos rendes egyetemi tan\u00e1rr\u00e1, egyben a klinika igazgat\u00f3j\u00e1v\u00e1. Heim P\u00e1l v\u00e1ratlan hal\u00e1la ut\u00e1n, 1930-ban Budapestre h\u00edvt\u00e1k az egyetem Gyermekgy\u00f3gy\u00e1szati Klinik\u00e1j\u00e1nak \u00e9l\u00e9re. Az 1930-as \u00e9vekben t\u00f6bb tanulm\u00e1nyutat tett Nyugat-Eur\u00f3p\u00e1ba (Sv\u00e1jc, Franciaorsz\u00e1g, N\u00e9metorsz\u00e1g, Ausztria). Munk\u00e1ss\u00e1ga sor\u00e1n f\u0151k\u00e9nt a csecsem\u0151kori sorvad\u00e1s \u00e9s a fert\u0151z\u0151 betegs\u00e9gek k\u00e9rd\u00e9seivel foglalkozott. 1939-ben szerkeszt\u0151bizotts\u00e1gi tagja lett a n\u00e9met Monatschrift f\u00fcr Kinderheilkunde \u00e9s a Kinder\u00e4rztliche Praxis foly\u00f3iratoknak, az olasz Sieta Italiana di Pediatria pedig levelez\u0151 ragj\u00e1v\u00e1 v\u00e1lasztotta. 1940-ben a Deutsche Gesellschaft f\u00fcr Kinderheilkunde tiszteletbeli tagja lett. 1946-ban m\u00e9ltatlanul megfosztott\u00e1k egyetemi \u00e1ll\u00e1s\u00e1t\u00f3l, ett\u0151l kezdve rendel\u0151int\u00e9zeti orvosk\u00e9nt m\u0171k\u00f6d\u00f6tt. 1973-ban m\u00e9g \u00e1tvette az egyetemen gy\u00e9m\u00e1ntdiplom\u00e1j\u00e1t.<\/p>\n<p style=\"text-align: justify\"><strong>F\u0151bb munk\u00e1i:<\/strong> Csecsem\u0151- \u00e9s gyermekorvosl\u00e1sn\u00e1l haszn\u00e1latos gy\u00f3gyszeradagok \u00e9s gy\u00f3gyt\u00e1pl\u00e1l\u00e9kok. Szeged, 1922.; A csecsem\u0151kori t\u00e1pl\u00e1lkoz\u00e1si zavarok pathol\u00f3gi\u00e1ja \u00e9s ther\u00e1pi\u00e1ja. Bp., 1939.<\/p>\n<p style=\"text-align: justify\"><strong>Nyughelye:<\/strong> Budapest, Farkasr\u00e9ti temet\u0151 26-1\/I\/1\/45.<\/p>\n<p style=\"text-align: justify\">\u00a0<\/p>\n","protected":false},"excerpt":{"rendered":"<p><a href=\"https:\/\/semmelweis.hu\/baratikor\/galeria\/teljes-nevlista\/hainiss-elemer\/hainiss-elemer-1933-318-fond-ii-73\/\" rel=\"attachment wp-att-1776\"><\/a> Hainiss Elem\u00e9r G\u00e9za K\u00e1lm\u00e1n K\u00e1roly (Budapest, 1890. j\u00falius 1. \u2013 Budapest, 1974. j\u00falius 7.) Tansz\u00e9k: Gyermekgy\u00f3gy\u00e1szati Klinika 1930-1946. Orvoscsal\u00e1db\u00f3l sz\u00e1rmazik, \u00e9desapja Hainiss G\u00e9za volt. Orvosdoktori oklevel\u00e9t a kir. m. Budapesti Tudom\u00e1nyegyetemen szerezte 1913. okt\u00f3ber 18-\u00e1n. Az I. vil\u00e1gh\u00e1bor\u00faban orvosk\u00e9nt szolg\u00e1lt a gal\u00edciai fronton, ahonnan rendszeresen levelezett professzor\u00e1val, ifj. B\u00f3kay J\u00e1nossal. A hadifogs\u00e1gb\u00f3l hazat\u00e9rve, 1921-ben a &hellip;<\/p>\n","protected":false},"author":282,"featured_media":4938,"parent":347,"menu_order":0,"comment_status":"closed","ping_status":"closed","template":"template-fullwidth.php","meta":{"_acf_changed":false,"footnotes":""},"categories":[77,14],"tags":[],"class_list":["post-1775","page","type-page","status-publish","has-post-thumbnail","hentry","category-kegyeleti-adattar","category-teljes-nevlista"],"acf":[],"_links":{"self":[{"href":"https:\/\/semmelweis.hu\/baratikor\/wp-json\/wp\/v2\/pages\/1775","targetHints":{"allow":["GET"]}}],"collection":[{"href":"https:\/\/semmelweis.hu\/baratikor\/wp-json\/wp\/v2\/pages"}],"about":[{"href":"https:\/\/semmelweis.hu\/baratikor\/wp-json\/wp\/v2\/types\/page"}],"author":[{"embeddable":true,"href":"https:\/\/semmelweis.hu\/baratikor\/wp-json\/wp\/v2\/users\/282"}],"replies":[{"embeddable":true,"href":"https:\/\/semmelweis.hu\/baratikor\/wp-json\/wp\/v2\/comments?post=1775"}],"version-history":[{"count":2,"href":"https:\/\/semmelweis.hu\/baratikor\/wp-json\/wp\/v2\/pages\/1775\/revisions"}],"predecessor-version":[{"id":1778,"href":"https:\/\/semmelweis.hu\/baratikor\/wp-json\/wp\/v2\/pages\/1775\/revisions\/1778"}],"up":[{"embeddable":true,"href":"https:\/\/semmelweis.hu\/baratikor\/wp-json\/wp\/v2\/pages\/347"}],"wp:featuredmedia":[{"embeddable":true,"href":"https:\/\/semmelweis.hu\/baratikor\/wp-json\/wp\/v2\/media\/4938"}],"wp:attachment":[{"href":"https:\/\/semmelweis.hu\/baratikor\/wp-json\/wp\/v2\/media?parent=1775"}],"wp:term":[{"taxonomy":"category","embeddable":true,"href":"https:\/\/semmelweis.hu\/baratikor\/wp-json\/wp\/v2\/categories?post=1775"},{"taxonomy":"post_tag","embeddable":true,"href":"https:\/\/semmelweis.hu\/baratikor\/wp-json\/wp\/v2\/tags?post=1775"}],"curies":[{"name":"wp","href":"https:\/\/api.w.org\/{rel}","templated":true}]}}