{"id":1771,"date":"2023-01-04T08:00:29","date_gmt":"2023-01-04T07:00:29","guid":{"rendered":"https:\/\/semmelweis.hu\/baratikor\/?page_id=1771"},"modified":"2023-07-11T08:33:19","modified_gmt":"2023-07-11T06:33:19","slug":"haberle-karoly","status":"publish","type":"page","link":"https:\/\/semmelweis.hu\/baratikor\/galeria\/teljes-nevlista\/haberle-karoly\/","title":{"rendered":"Haberle K\u00e1roly"},"content":{"rendered":"<p style=\"text-align: justify\"><strong><a href=\"https:\/\/semmelweis.hu\/baratikor\/galeria\/teljes-nevlista\/haberle-karoly\/haberle-karoly-318-v-27\/\" rel=\"attachment wp-att-1772\"><img loading=\"lazy\" decoding=\"async\" class=\"alignleft size-medium wp-image-1772\" src=\"https:\/\/semmelweis.hu\/baratikor\/files\/2023\/01\/Haberle-Karoly-318.-V.27-303x400.jpg\" alt=\"\" width=\"303\" height=\"400\" srcset=\"https:\/\/semmelweis.hu\/baratikor\/files\/2023\/01\/Haberle-Karoly-318.-V.27-303x400.jpg 303w, https:\/\/semmelweis.hu\/baratikor\/files\/2023\/01\/Haberle-Karoly-318.-V.27-753x993.jpg 753w, https:\/\/semmelweis.hu\/baratikor\/files\/2023\/01\/Haberle-Karoly-318.-V.27.jpg 758w\" sizes=\"auto, (max-width: 303px) 100vw, 303px\" \/><\/a>(Erfurt, 1764. febru\u00e1r 11. \u2013 Pest, 1832. j\u00fanius 1.)<\/strong><\/p>\n<p style=\"text-align: justify\"><strong>Tansz\u00e9k: <\/strong>Botanika 1817-1832.<\/p>\n<p style=\"text-align: justify\">K\u00f6z\u00e9piskolai, b\u00f6lcs\u00e9szeti \u00e9s jogi tanulm\u00e1nyait sz\u00fcl\u0151v\u00e1ros\u00e1ban v\u00e9gezte 1781-1785 k\u00f6z\u00f6tt, majd a mainzi egyetemre ment, ahol jogi tanulm\u00e1nyait folytatta. Itt mag\u00e1ntan\u00edt\u00f3k\u00e9nt kereste kenyer\u00e9t, a sz\u00fcnid\u0151ben pedig Sv\u00e1jcban, Franciaorsz\u00e1gban \u00e9s a n\u00e9met tartom\u00e1nyokban tett utaz\u00e1sokat. Tan\u00edtv\u00e1nyaival Mainzban \u00e9s Freiburg in Breisgauban \u00fajra lehallgatta a b\u00f6lcs\u00e9szeti \u00e9s jogi st\u00fadiumokat. Gazdag \u00e1sv\u00e1ny- \u00e9s f\u00f6ldtani gy\u0171jtem\u00e9ny\u00e9t Mainzban kezdte megalapozni. A francia hadsereg t\u00e1mad\u00e1sa miatt Erfurtba menek\u00fclt, ahol legink\u00e1bb csillag\u00e1szattal, francia \u00e9s angol nyelvvel foglalkozott. Rendszeres id\u0151j\u00e1r\u00e1si megfigyel\u00e9seket kezdett, melyet hal\u00e1l\u00e1ig folytatott. 1797 v\u00e9g\u00e9n egy lengyel nemesifj\u00fa tan\u00edt\u00f3ja lett, akivel el\u0151bb az erlangeni egyetemen, majd 1800 tavasz\u00e1t\u00f3l a freiburgi b\u00e1ny\u00e1szakad\u00e9mi\u00e1n tanult. Itt bar\u00e1tkozott \u00f6ssze br. Podmaniczky K\u00e1rollyal, aki k\u00e9s\u0151bb p\u00e1rtfog\u00f3ja lett Pesten. Mag\u00e1ntan\u00e1ri munk\u00e1ja befejez\u00e9se ut\u00e1n, 1803-ban visszat\u00e9rt Erfurtba, ahol folytatta tudom\u00e1nyos munk\u00e1ss\u00e1g\u00e1t, \u00e9s 1805-ben b\u00f6lcs\u00e9szdoktori fokozatot szerzett. Id\u0151k\u00f6zben Lengyelorsz\u00e1gban, Szil\u00e9zi\u00e1ban \u00e9s Csehorsz\u00e1gban tett utaz\u00e1sokat. Nap\u00f3leon j\u00e9nai gy\u0151zelme ut\u00e1n, 1805 okt\u00f3ber\u00e9ben Weimarba ment tov\u00e1bb, ahol 1812-ig m\u0171k\u00f6d\u00f6tt. Innen gr. Hugo Salm h\u00edv\u00e1s\u00e1ra Br\u00fcnnbe (ma Brno) utazott, de gy\u0171jtem\u00e9nyei Weimarban rekedtek. 1813-ban B\u00e9csbe, majd hamarosan Bud\u00e1ra utazott, ahol sz\u00e1mos r\u00e9gi ismer\u0151se, k\u00f6zt\u00fck egyetem\u00fcnk tan\u00e1rai (Kitaibel P\u00e1l, Schuster J\u00e1nos, Reisinger J\u00e1nos, Sadler J\u00f3zsef) fogadt\u00e1k. Kitaibel nyugalomba vonul\u00e1sa ut\u00e1n, 1817-ben vette \u00e1t a botanika tansz\u00e9k\u00e9t, beiktat\u00e1si besz\u00e9d\u00e9t m\u00e1jus 21-\u00e9n tartotta meg <em>De progressibus scientiae botanicae tempore recentiore et recentissimo <\/em>c\u00edmmel. Az egyetem f\u00fcv\u00e9szkertj\u00e9t nem sokkal kor\u00e1bban helyezt\u00e9k \u00e1t a mai Trefort-kert ter\u00fclet\u00e9re, ahol akkor el\u00e9g szer\u00e9ny k\u00f6r\u00fclm\u00e9nyek k\u00f6z\u00f6tt, mind\u00f6ssze 4500 fajt sz\u00e1ml\u00e1lt a gy\u0171jtem\u00e9ny. M\u0171k\u00f6d\u00e9se v\u00e9g\u00e9re Haberle ezt a sz\u00e1mot t\u00f6bb mint megdupl\u00e1zta (10.000 faj). 1819-t\u0151l minden \u00e9vben kiadott egy n\u00f6v\u00e9nymagsorozatot. 1821. december 4-\u00e9n, a pesti egyetememen orvosdoktori diplom\u00e1t szerzett. Oktat\u00f3i munk\u00e1ss\u00e1ga sor\u00e1n nem Linn\u00e9, hanem De Candolle term\u00e9szetes rendszer\u00e9t haszn\u00e1lta. P\u00e1lyafut\u00e1sa sor\u00e1n sok tudom\u00e1nyos t\u00e1rsas\u00e1g ismerte el vagy v\u00e1lasztotta tagj\u00e1ul: Erfurti Mathematicophysicai Akad\u00e9mia (1802), Hasznos Tudom\u00e1nyok Mainzi V\u00e1laszt\u00f3fejedelmi Akad\u00e9mi\u00e1ja (1802), a Wetteraui Orvos-term\u00e9szettudom\u00e1nyi T\u00e1rsulat (1808), a Th\u00fcringiai Mez\u0151gazdas\u00e1gi Egylet (1811), a Bern kantoni Orvosseb\u00e9szi T\u00e1rsulat (1811, 1812-ben \u00e1sv\u00e1nytani tagnak), az Aargau kantoni Term\u00e9szetvizsg\u00e1l\u00f3 Test\u00fclet (1812), a Morva-szil\u00e9ziai F\u00f6ldm\u0171vel\u0151-, Term\u00e9szet- \u00e9s Honismeret-tudom\u00e1nyi T\u00e1rsulat (1816, levelez\u0151 tag), a b\u00e9csi cs. kir. Mez\u0151gazdas\u00e1gi T\u00e1rsulat 1827, rendes tag), \u00e9s a regensburgi kir. F\u00fcv\u00e9szt\u00e1rsas\u00e1g (1828, levelez\u0151 tag). \u00c9let\u00e9nek egy brut\u00e1lis rabl\u00f3gyilkoss\u00e1g vetett v\u00e9get, melyet egyik di\u00e1kja k\u00f6vetett el.<\/p>\n<p style=\"text-align: justify\"><strong>F\u0151bb munk\u00e1i:<\/strong> <em>Beitr\u00e4ge zu einer allgemeinen Einleitung in das Studium der Mineralogie&#8230; <\/em>Weimar, 1805.;<em> Beschreibung einer Sammlung von Crystallmodellen. <\/em>Weimar, 1805.;<em> Das Mineralreich&#8230; <\/em>I\u2013II. k\u00f6t., Erfurt, 1806-1807.;<em> Beobachtungen \u00fcber das Enstehen der Shpaeria lagenaria Pers&#8230;. <\/em>Erfurt, 1806.;<em> Neues geocentrisches Planetarium&#8230; <\/em>Weimar, 1811.;<em> Succincta rei herbariae Hungariae et Transsylvaniae historia. <\/em>Buda, 1830.<\/p>\n<p style=\"text-align: justify\"><strong>Nyughelye:<\/strong> nincs adat.<\/p>\n","protected":false},"excerpt":{"rendered":"<p><a href=\"https:\/\/semmelweis.hu\/baratikor\/galeria\/teljes-nevlista\/haberle-karoly\/haberle-karoly-318-v-27\/\" rel=\"attachment wp-att-1772\"><\/a> (Erfurt, 1764. febru\u00e1r 11. \u2013 Pest, 1832. j\u00fanius 1.) Tansz\u00e9k: Botanika 1817-1832. K\u00f6z\u00e9piskolai, b\u00f6lcs\u00e9szeti \u00e9s jogi tanulm\u00e1nyait sz\u00fcl\u0151v\u00e1ros\u00e1ban v\u00e9gezte 1781-1785 k\u00f6z\u00f6tt, majd a mainzi egyetemre ment, ahol jogi tanulm\u00e1nyait folytatta. Itt mag\u00e1ntan\u00edt\u00f3k\u00e9nt kereste kenyer\u00e9t, a sz\u00fcnid\u0151ben pedig Sv\u00e1jcban, Franciaorsz\u00e1gban \u00e9s a n\u00e9met tartom\u00e1nyokban tett utaz\u00e1sokat. Tan\u00edtv\u00e1nyaival Mainzban \u00e9s Freiburg in Breisgauban \u00fajra lehallgatta a b\u00f6lcs\u00e9szeti &hellip;<\/p>\n","protected":false},"author":282,"featured_media":4937,"parent":347,"menu_order":0,"comment_status":"closed","ping_status":"closed","template":"template-fullwidth.php","meta":{"_acf_changed":false,"footnotes":""},"categories":[77,14],"tags":[],"class_list":["post-1771","page","type-page","status-publish","has-post-thumbnail","hentry","category-kegyeleti-adattar","category-teljes-nevlista"],"acf":[],"_links":{"self":[{"href":"https:\/\/semmelweis.hu\/baratikor\/wp-json\/wp\/v2\/pages\/1771","targetHints":{"allow":["GET"]}}],"collection":[{"href":"https:\/\/semmelweis.hu\/baratikor\/wp-json\/wp\/v2\/pages"}],"about":[{"href":"https:\/\/semmelweis.hu\/baratikor\/wp-json\/wp\/v2\/types\/page"}],"author":[{"embeddable":true,"href":"https:\/\/semmelweis.hu\/baratikor\/wp-json\/wp\/v2\/users\/282"}],"replies":[{"embeddable":true,"href":"https:\/\/semmelweis.hu\/baratikor\/wp-json\/wp\/v2\/comments?post=1771"}],"version-history":[{"count":2,"href":"https:\/\/semmelweis.hu\/baratikor\/wp-json\/wp\/v2\/pages\/1771\/revisions"}],"predecessor-version":[{"id":1774,"href":"https:\/\/semmelweis.hu\/baratikor\/wp-json\/wp\/v2\/pages\/1771\/revisions\/1774"}],"up":[{"embeddable":true,"href":"https:\/\/semmelweis.hu\/baratikor\/wp-json\/wp\/v2\/pages\/347"}],"wp:featuredmedia":[{"embeddable":true,"href":"https:\/\/semmelweis.hu\/baratikor\/wp-json\/wp\/v2\/media\/4937"}],"wp:attachment":[{"href":"https:\/\/semmelweis.hu\/baratikor\/wp-json\/wp\/v2\/media?parent=1771"}],"wp:term":[{"taxonomy":"category","embeddable":true,"href":"https:\/\/semmelweis.hu\/baratikor\/wp-json\/wp\/v2\/categories?post=1771"},{"taxonomy":"post_tag","embeddable":true,"href":"https:\/\/semmelweis.hu\/baratikor\/wp-json\/wp\/v2\/tags?post=1771"}],"curies":[{"name":"wp","href":"https:\/\/api.w.org\/{rel}","templated":true}]}}