{"id":1766,"date":"2023-01-04T07:57:50","date_gmt":"2023-01-04T06:57:50","guid":{"rendered":"https:\/\/semmelweis.hu\/baratikor\/?page_id=1766"},"modified":"2023-10-11T15:09:35","modified_gmt":"2023-10-11T13:09:35","slug":"gabor-gyorgy","status":"publish","type":"page","link":"https:\/\/semmelweis.hu\/baratikor\/galeria\/teljes-nevlista\/gabor-gyorgy\/","title":{"rendered":"G\u00e1bor Gy\u00f6rgy"},"content":{"rendered":"<p style=\"text-align: justify\"><strong><a href=\"https:\/\/semmelweis.hu\/baratikor\/galeria\/teljes-nevlista\/gabor-gyorgy\/gabor-gyorgy\/\" rel=\"attachment wp-att-1767\"><img loading=\"lazy\" decoding=\"async\" class=\"alignleft size-medium wp-image-1767\" src=\"https:\/\/semmelweis.hu\/baratikor\/files\/2023\/01\/Gabor-Gyorgy-282x400.jpg\" alt=\"\" width=\"282\" height=\"400\" srcset=\"https:\/\/semmelweis.hu\/baratikor\/files\/2023\/01\/Gabor-Gyorgy-282x400.jpg 282w, https:\/\/semmelweis.hu\/baratikor\/files\/2023\/01\/Gabor-Gyorgy.jpg 706w\" sizes=\"auto, (max-width: 282px) 100vw, 282px\" \/><\/a> (Budapest, 1913. december 17. \u2013 Budapest, 1979. j\u00fanius 8.)<\/strong><\/p>\n<p style=\"text-align: justify\"><strong>Tansz\u00e9k: <\/strong>Marxizmus-Leninizmus Tansz\u00e9k (megb\u00edzottk\u00e9nt) 1953-1955, IV. sz. Belgy\u00f3gy\u00e1szati Klinika 1966-1979.<\/p>\n<p style=\"text-align: justify\"><strong>Viselt egyetemi m\u00e9lt\u00f3s\u00e1g: <\/strong>\u00c1OK d\u00e9k\u00e1nhelyettes 1959-1964.<\/p>\n<p style=\"text-align: justify\">K\u00f6z\u00e9piskol\u00e1t Budapesten v\u00e9gzett, majd 1931-ben az \u00c1llatorvosi F\u0151iskol\u00e1ra iratkozott be, mivel \u00e9desapja is \u00e1llatorvosk\u00e9nt m\u0171k\u00f6d\u00f6tt. 1933-ban azonban \u00e1tiratkozott a p\u00e9csi m. kir. Erzs\u00e9bet Tudom\u00e1nyegyetem Orvostudom\u00e1nyi Kar\u00e1ra, majd 1938. m\u00e1rcius 30-\u00e1n P\u00e9csett szerzett orvosdoktori diplom\u00e1t. 1935 \u00e9s 1938 folyam\u00e1n 4-4 h\u00f3napos katonai szolg\u00e1latot teljes\u00edtett, ahol hadapr\u00f3d \u0151rmesteri rendfokozatot \u00e9rt el. Diplom\u00e1ja megszerz\u00e9se ut\u00e1n az akkori Horthy Mikl\u00f3s (ma Bajcsy-Zsilinszky) K\u00f3rh\u00e1zban (1938. dec. 1. \u2013 1941. \u00e1prilis), majd a R\u00f3kus K\u00f3rh\u00e1zban (1941. \u00e1prilis \u2013 1942. m\u00e1rc. 15.) volt d\u00edjtalan gyakornok. Innen h\u00edvt\u00e1k be k\u00f6z\u00e9rdek\u0171 munkaszolg\u00e1latra 1942. \u00e1prilis 1-j\u00e9n, melyet a Bajai V\u00e1rosi K\u00f3rh\u00e1z oszt\u00e1lyain (t\u00fcd\u0151gy\u00f3gy\u00e1szati, fert\u0151z\u0151, prosectura, laborat\u00f3rium) teljes\u00edtett 1944. febru\u00e1r 28-ig. K\u00f6zben 1943. december 21-\u00e9n belgy\u00f3gy\u00e1sz szakk\u00e9pes\u00edt\u00e9st szerzett. 1944. \u00e1prilis 9-\u00e9n \u00fajra beh\u00edvt\u00e1k, az V\/1. k\u00f6z\u00e9rdek\u0171 munkaszolg\u00e1latos sz\u00e1zadn\u00e1l teljes\u00edtett szolg\u00e1latot, ahonnan november 8-\u00e1n Budapestre sz\u00f6k\u00f6tt. A v\u00e1ros ostrom\u00e1t a Zichy Jen\u0151 utcai v\u00f6r\u00f6skeresztes sz\u00fcks\u00e9gk\u00f3rh\u00e1zban v\u00e9szelte \u00e1t. 1945-1946 folyam\u00e1n a M\u00c1V K\u00f3rh\u00e1z \u00e9s Rendel\u0151int\u00e9zet belgy\u00f3gy\u00e1szati szakrendel\u00e9s\u00e9n dolgozott. 1946. november 1-j\u00e9n l\u00e9pett a P\u00e1zm\u00e1ny P\u00e9ter Tudom\u00e1nyegyetem I. sz. Belgy\u00f3gy\u00e1szati Klinik\u00e1ja szolg\u00e1lat\u00e1ba d\u00edjtalan gyakornokk\u00e9nt, majd fizet\u00e9stelen tan\u00e1rseg\u00e9d (1948. szept. 1.), v\u00e9g\u00fcl 1949. szeptember 1-t\u0151l fizet\u00e9ses tan\u00e1rseg\u00e9d lett. Oszt\u00e1lyos tan\u00e1rseg\u00e9di munk\u00e1ja mellett vezette a klinika EKG laborat\u00f3rium\u00e1t. 1951. december 16-\u00e1n docensk\u00e9nt igazolt \u00e1t a III. sz. Belklinik\u00e1ra, ahol a Kolt\u00f3i Klinik\u00e1k EKG laborat\u00f3rium\u00e1nak vezet\u00e9s\u00e9t is ell\u00e1tta. 1953 december\u00e9ben el\u00e9rte az orvostudom\u00e1nyok kandid\u00e1tusa fokozatot. Munk\u00e1ja mellett 1953. szeptember 15. \u00e9s 1955. szeptember 1. k\u00f6z\u00f6tt megb\u00edz\u00e1s alapj\u00e1n l\u00e1tta el a Marxizmus-leninizmus Tansz\u00e9k vezet\u00e9s\u00e9t. 1946-ban lett tagja a Magyar Kommunista P\u00e1rtnak (k\u00e9s\u0151bb MDP), valamint az Orvos-eg\u00e9szs\u00e9g\u00fcgyi Dolgoz\u00f3k Szakszervezet\u00e9nek. P\u00e1ly\u00e1ja korai szakasz\u00e1n munkahelyein k\u00fcl\u00f6nb\u00f6z\u0151 p\u00e1rtfunkci\u00f3kat l\u00e1tott el, 1952-53 folyam\u00e1n elv\u00e9gezte az egy\u00e9ves P\u00e1rtf\u0151iskola tanfolyamot. P\u00e1rttags\u00e1g\u00e1t 1956 december\u00e9ben meg\u00faj\u00edtva l\u00e9pett \u00e1t az MSZMP-be. 1959. \u00e1prilis 30-\u00e1n \u00e1tker\u00fclt a II. sz. Belklinika \u00e1llom\u00e1ny\u00e1ba, ahol 1966. m\u00e1rcius 5-ig dolgozott. 1959-1964 k\u00f6z\u00f6tt az \u00c1ltal\u00e1nos Orvostudom\u00e1nyi Kar d\u00e9k\u00e1nhelyettesi tiszt\u00e9t t\u00f6lt\u00f6tte be. Els\u0151sorban az oktat\u00e1si reform kidolgoz\u00e1s\u00e1val foglalkozott, amit 1964-t\u0151l az Eg\u00e9szs\u00e9g\u00fcgyi Miniszt\u00e9rium II. F\u0151oszt\u00e1ly\u00e1n folytatott k\u00fcls\u0151 munkat\u00e1rsk\u00e9nt. 1965. m\u00e1rcius 15-\u00e9n megszerezte az orvostudom\u00e1nyok doktora min\u0151s\u00edt\u00e9st. 1966. m\u00e1rcius 6-\u00e1n vette \u00e1t a IV. sz. Belgy\u00f3gy\u00e1szati Klinika vezet\u00e9s\u00e9t, imm\u00e1r egyetemi tan\u00e1rk\u00e9nt. Egyidej\u0171leg ell\u00e1tta a klinik\u00e1n m\u0171k\u00f6d\u0151 Orsz\u00e1gos Kardiol\u00f3giai Int\u00e9zet igazgat\u00f3i teend\u0151it, 1977-t\u0151l f\u0151igazgat\u00f3i beoszt\u00e1sban. Munk\u00e1ss\u00e1g\u00e1nak k\u00f6sz\u00f6nhet\u0151en az int\u00e9zet a WHO egyik referenciak\u00f6zpontj\u00e1v\u00e1 n\u0151tte ki mag\u00e1t.<\/p>\n<p style=\"text-align: justify\">Tudom\u00e1nyos munk\u00e1ss\u00e1g\u00e1t 1940-ben kezdte, de v\u00e9gleg csak 1948-ban k\u00f6telezte el mag\u00e1t a kardiol\u00f3gia mellett. Kezdetben f\u0151leg az elektrokardiogr\u00e1fia \u00e9rdekelte, majd k\u00e9s\u0151bb a sz\u00edv mechanikus m\u0171k\u00f6d\u00e9s\u00e9nek k\u00e9rd\u00e9s\u00e9vel foglalkozott. Doktori \u00e9rtekez\u00e9se is ebben a t\u00e1rgyk\u00f6rben \u00edr\u00f3dott. P\u00e1ly\u00e1ja v\u00e9g\u00e9n a coronariakering\u00e9s pathomechanizmusa foglalkoztatta.<\/p>\n<p style=\"text-align: justify\">Sz\u00e1mos hazai \u00e9s k\u00fclf\u00f6ldi szakmai t\u00e1rsas\u00e1gnak volt tagja: Magyar Kardiol\u00f3gusok T\u00e1rsas\u00e1ga (eln\u00f6k), MOTESZ (vezet\u0151s\u00e9gi tag), Magyar Belgy\u00f3gy\u00e1sz T\u00e1rsas\u00e1g, Magyar Farmakol\u00f3giai T\u00e1rsas\u00e1g, Nemzetk\u00f6zi Kardiol\u00f3giai T\u00e1rsas\u00e1g (1958-t\u00f3l vezet\u0151s\u00e9gi tag), Eur\u00f3pai Kardiol\u00f3giai T\u00e1rsas\u00e1g (1960-t\u00f3l vezet\u0151s\u00e9gi tag), American College of Cardiology, Perui Kardiol\u00f3giai T\u00e1rsas\u00e1g (tiszteleti tag). 1972-t\u0151l volt f\u0151szerkeszt\u0151je a Cardiologia Hungarica c. szaklapnak. 1962-ben az Oktat\u00e1s\u00fcgy Kiv\u00e1l\u00f3 dolgoz\u00f3ja c\u00edmmel t\u00fcntett\u00e9k ki, a Munka\u00e9rdemrend arany fokozat\u00e1t 1964-ben \u00e9s 1973-ban kapta meg. Eml\u00e9k\u00e9t \u0151rzi a Magyar Kardiol\u00f3gusok T\u00e1rsas\u00e1g\u00e1nak r\u00f3la elnevezett d\u00edja, valamint az Orsz\u00e1gos Kardiol\u00f3giai Int\u00e9zet G\u00e1bor Gy\u00f6rgy-alap\u00edtv\u00e1nya.<\/p>\n<p style=\"text-align: justify\"><strong>F\u0151bb munk\u00e1i:<\/strong> Laborat\u00f3riumi r\u00f6ntgen- \u00e9s EKG-vizsg\u00e1latok indicati\u00f3ja \u00e9s \u00e9rt\u00e9kel\u00e9se (Fischer Antallal \u00e9s Fogel M\u00e1ri\u00e1val). A gyakorl\u00f3 orvos k\u00f6nyvt\u00e1ra. Bp., 1954.; A sz\u00edv dinamikus m\u0171k\u00f6d\u00e9seinek v\u00e1ltoz\u00e1sa Rauwolfia-alkaloid\u00e1k \u2013 Rauwofur, Rausedyl \u2013 hat\u00e1s\u00e1ra (Forg\u00e1cs Lill\u00e1val \u00e9s Szab\u00f3 Zolt\u00e1nnal). MTA V. Oszt\u00e1ly\u00e1nak K\u00f6zlem\u00e9nyei, 1959.; Angina pectoris \u2013 myocardium infarctus. A gyakorl\u00f3 orvos k\u00f6nyvt\u00e1ra. Bp., 1963.; A systole dinamik\u00e1ja a sz\u00edv \u00e9p \u00e9s k\u00f3ros \u00e1llapotaiban. Doktori \u00e9rtek. Bp., 1964.; Sz\u00edvbetegs\u00e9gekr\u0151l \u2013 sz\u00edvbetegeknek. Medicina Kisk\u00f6nyvt\u00e1r. Bp., 1964., 2. kiad. 1971., 3. kiad. 1974.; Kardiol\u00f3gia az orvosi gyakorlatban. A gyakorl\u00f3 orvos k\u00f6nyvt\u00e1ra. Bp., 1972., 2. kiad. 1975.<\/p>\n<p style=\"text-align: justify\"><strong>Nyughelye:<\/strong> Budapest, Farkasr\u00e9ti temet\u0151 23-1\/0\/2\/778 (2004-ben v\u00e9dett\u00e9 nyilv\u00e1n\u00edtva).<\/p>\n<p><strong><a href=\"https:\/\/semmelweis.hu\/baratikor\/galeria\/teljes-nevlista\/gabor-gyorgy\/img_20200418_132349\/\" rel=\"attachment wp-att-1768\"><img loading=\"lazy\" decoding=\"async\" class=\"alignleft size-medium wp-image-1768\" src=\"https:\/\/semmelweis.hu\/baratikor\/files\/2023\/01\/IMG_20200418_132349-400x300.jpg\" alt=\"\" width=\"400\" height=\"300\" srcset=\"https:\/\/semmelweis.hu\/baratikor\/files\/2023\/01\/IMG_20200418_132349-400x300.jpg 400w, https:\/\/semmelweis.hu\/baratikor\/files\/2023\/01\/IMG_20200418_132349-768x576.jpg 768w, https:\/\/semmelweis.hu\/baratikor\/files\/2023\/01\/IMG_20200418_132349-753x565.jpg 753w, https:\/\/semmelweis.hu\/baratikor\/files\/2023\/01\/IMG_20200418_132349.jpg 1000w\" sizes=\"auto, (max-width: 400px) 100vw, 400px\" \/><\/a><\/strong><\/p>\n","protected":false},"excerpt":{"rendered":"<p><a href=\"https:\/\/semmelweis.hu\/baratikor\/galeria\/teljes-nevlista\/gabor-gyorgy\/gabor-gyorgy\/\" rel=\"attachment wp-att-1767\"><\/a> (Budapest, 1913. december 17. \u2013 Budapest, 1979. j\u00fanius 8.) Tansz\u00e9k: Marxizmus-Leninizmus Tansz\u00e9k (megb\u00edzottk\u00e9nt) 1953-1955, IV. sz. Belgy\u00f3gy\u00e1szati Klinika 1966-1979. Viselt egyetemi m\u00e9lt\u00f3s\u00e1g: \u00c1OK d\u00e9k\u00e1nhelyettes 1959-1964. K\u00f6z\u00e9piskol\u00e1t Budapesten v\u00e9gzett, majd 1931-ben az \u00c1llatorvosi F\u0151iskol\u00e1ra iratkozott be, mivel \u00e9desapja is \u00e1llatorvosk\u00e9nt m\u0171k\u00f6d\u00f6tt. 1933-ban azonban \u00e1tiratkozott a p\u00e9csi m. kir. Erzs\u00e9bet Tudom\u00e1nyegyetem Orvostudom\u00e1nyi Kar\u00e1ra, majd 1938. m\u00e1rcius 30-\u00e1n &hellip;<\/p>\n","protected":false},"author":282,"featured_media":5373,"parent":347,"menu_order":0,"comment_status":"closed","ping_status":"closed","template":"template-fullwidth.php","meta":{"_acf_changed":false,"footnotes":""},"categories":[77,14],"tags":[],"class_list":["post-1766","page","type-page","status-publish","has-post-thumbnail","hentry","category-kegyeleti-adattar","category-teljes-nevlista"],"acf":[],"_links":{"self":[{"href":"https:\/\/semmelweis.hu\/baratikor\/wp-json\/wp\/v2\/pages\/1766","targetHints":{"allow":["GET"]}}],"collection":[{"href":"https:\/\/semmelweis.hu\/baratikor\/wp-json\/wp\/v2\/pages"}],"about":[{"href":"https:\/\/semmelweis.hu\/baratikor\/wp-json\/wp\/v2\/types\/page"}],"author":[{"embeddable":true,"href":"https:\/\/semmelweis.hu\/baratikor\/wp-json\/wp\/v2\/users\/282"}],"replies":[{"embeddable":true,"href":"https:\/\/semmelweis.hu\/baratikor\/wp-json\/wp\/v2\/comments?post=1766"}],"version-history":[{"count":2,"href":"https:\/\/semmelweis.hu\/baratikor\/wp-json\/wp\/v2\/pages\/1766\/revisions"}],"predecessor-version":[{"id":1770,"href":"https:\/\/semmelweis.hu\/baratikor\/wp-json\/wp\/v2\/pages\/1766\/revisions\/1770"}],"up":[{"embeddable":true,"href":"https:\/\/semmelweis.hu\/baratikor\/wp-json\/wp\/v2\/pages\/347"}],"wp:featuredmedia":[{"embeddable":true,"href":"https:\/\/semmelweis.hu\/baratikor\/wp-json\/wp\/v2\/media\/5373"}],"wp:attachment":[{"href":"https:\/\/semmelweis.hu\/baratikor\/wp-json\/wp\/v2\/media?parent=1766"}],"wp:term":[{"taxonomy":"category","embeddable":true,"href":"https:\/\/semmelweis.hu\/baratikor\/wp-json\/wp\/v2\/categories?post=1766"},{"taxonomy":"post_tag","embeddable":true,"href":"https:\/\/semmelweis.hu\/baratikor\/wp-json\/wp\/v2\/tags?post=1766"}],"curies":[{"name":"wp","href":"https:\/\/api.w.org\/{rel}","templated":true}]}}