{"id":1764,"date":"2023-01-04T07:55:40","date_gmt":"2023-01-04T06:55:40","guid":{"rendered":"https:\/\/semmelweis.hu\/baratikor\/?page_id=1764"},"modified":"2023-01-09T11:18:30","modified_gmt":"2023-01-09T10:18:30","slug":"gyarmati-laszlo","status":"publish","type":"page","link":"https:\/\/semmelweis.hu\/baratikor\/galeria\/teljes-nevlista\/gyarmati-laszlo\/","title":{"rendered":"Gyarmati L\u00e1szl\u00f3"},"content":{"rendered":"<p style=\"text-align: justify\"><strong>(Balassagyarmat, 1921. \u00e1prilis 18. \u2013 Madrid, 1980. szeptember 1.)<\/strong><\/p>\n<p style=\"text-align: justify\"><strong>Tansz\u00e9k: <\/strong>Gy\u00f3gyszer\u00e9szeti Int\u00e9zet 1970-1980.<\/p>\n<p style=\"text-align: justify\"><strong>Viselt egyetemi m\u00e9lt\u00f3s\u00e1g: <\/strong>Gy\u00f3gyszer\u00e9sztudom\u00e1nyi Kar d\u00e9k\u00e1nhelyettese 1979-1981.<\/p>\n<p style=\"text-align: justify\">\u00c9desapja, Gr\u00f3sz M\u00f3r kiskeresked\u0151, majd kereskedelmi \u00fcgyn\u00f6k volt. Feles\u00e9g\u00e9vel egy\u00fctt a holocaustnak estek \u00e1ldozatul. Gyarmati L\u00e1szl\u00f3 1939-ben \u00e9retts\u00e9gizett Balassagyarmaton, de a zsid\u00f3kat korl\u00e1toz\u00f3 rendelkez\u00e9sek miatt nem l\u00e9phetett egyetemre. Seg\u00e9dmunk\u00e1sk\u00e9nt dolgozott a Mechanikai Sz\u00f6v\u0151gy\u00e1rban (1939.III.1. \u2013 1941.IX.30.) \u00e9s az Agentia \u00dcvegcsiszol\u00f3 \u00dczemben (1942.VI.30. \u2013 VIII.30.). 1942-ben munkaszolg\u00e1latra h\u00edvt\u00e1k be, melyet Magyarorsz\u00e1gon \u00e9s a keleti fronton teljes\u00edtett, majd 1944 december\u00e9ben Ausztri\u00e1ba deport\u00e1lt\u00e1k. Hazat\u00e9r\u00e9se ut\u00e1n beiratkozott a P\u00e1zm\u00e1ny P\u00e9ter Tudom\u00e1nyegyetem gy\u00f3gyszer\u00e9szi szak\u00e1ra, ahol 1950. j\u00falius 7-\u00e9n kapott oklevelet. 1947-ben bel\u00e9pett a Magyar Kommunista P\u00e1rtba, de p\u00e1rttags\u00e1g\u00e1t 1956 ut\u00e1n nem \u00faj\u00edtotta meg. Ez id\u0151 alatt tev\u00e9keny p\u00e1rtmunk\u00e1t v\u00e9gzett, egyetemi \u00e9vei alatt MEFESZ-titk\u00e1r \u00e9s p\u00e1rttitk\u00e1r, a K\u0151b\u00e1nyai Gy\u00f3gyszer\u00e1rugy\u00e1rban \u00e9s a N\u00e9phadseregben p\u00e1rtvezet\u0151s\u00e9gi tag volt. 1949. j\u00falius 2-\u00e1n az Orvostudom\u00e1nyi Kar tanulm\u00e1nyi oszt\u00e1lyvezet\u0151je lett, mik\u00f6zben r\u00e9szt vett a gy\u00f3gyszer\u00e9szk\u00e9pz\u00e9s reformj\u00e1nak el\u0151k\u00e9sz\u00edt\u00e9s\u00e9ben: matematika oktat\u00e1sa, farmakol\u00f3giai oktat\u00e1s kisz\u00e9les\u00edt\u00e9se, farmakol\u00f3giai gyakorlatok bevezet\u00e9se, \u00e9lettani oktat\u00e1s, gy\u00f3gyszert\u00e1ri \u00fcgyvitel \u00e9s gazd\u00e1lkod\u00e1s oktat\u00e1sa stb. Megszervezte a gy\u00f3gyszer\u00e9szi k\u00e9mia oktat\u00e1s\u00e1nak lev\u00e1laszt\u00e1s\u00e1t a tudom\u00e1nyegyetemr\u0151l, \u00e9s az int\u00e9zet elhelyez\u00e9s\u00e9t a H\u0151gyes Endre utcai \u00e9p\u00fcletben. 1950. augusztus 30-\u00e1n a Gy\u00f3gyszeripari Kutat\u00f3 Int\u00e9zet kutat\u00f3 gy\u00f3gyszer\u00e9sze lett, ahol kidolgozta a m\u00e1kszalm\u00e1ban, valamint a morfingy\u00e1rt\u00e1s mell\u00e9kterm\u00e9keiben a mell\u00e9kalkaloidok (pl. thebain \u00e9s kodein) meghat\u00e1roz\u00e1s\u00e1t \u00e9s izol\u00e1l\u00e1s\u00e1t. 1952. \u00e1prilis 25-\u00e9n gy\u00f3gyszer\u00e9sz f\u0151hadnagyk\u00e9nt bel\u00e9pett a Magyar N\u00e9phadsereg \u00e1llom\u00e1ny\u00e1ba, szolg\u00e1lata sor\u00e1n alezredesi rendfokozatig jutott. Az els\u0151 \u00e9vben az Eg\u00e9szs\u00e9g\u00fcgyi Tiszti Iskol\u00e1n k\u00e9mi\u00e1t, eg\u00e9szs\u00e9g\u00fcgyi anyagell\u00e1t\u00e1st \u00e9s gy\u00f3gyszertechnol\u00f3gi\u00e1t oktatott. 1953-ban az Eg\u00e9szs\u00e9g\u00fcgyi Szolg\u00e1lat Kutat\u00f3int\u00e9zet\u00e9be osztott\u00e1k be, ahol toxikol\u00f3giai anal\u00edzissel, a gy\u00f3gyszerek felsz\u00edv\u00f3d\u00e1s\u00e1val, metabolizmusukkal \u00e9s eg\u00e9szs\u00e9g\u00fcgyi vegyiv\u00e9delemmel foglalkozott. Ugyanitt toxikol\u00f3giai-klinikai laborat\u00f3riumot hozott l\u00e9tre. 1953-1957 k\u00f6z\u00f6tt vegy\u00e9szm\u00e9rn\u00f6ki tanulm\u00e1nyokat folytatott a Budapesti M\u0171szaki Egyetem gy\u00f3gyszervegy\u00e9szeti szak\u00e1n. 1963-ban gy\u00f3gyszer\u00e9szdoktori diplom\u00e1t, 1967-ben mag-k\u00e9mikus szakm\u00e9rn\u00f6ki oklevelet szerzett. 1970-ben lett a k\u00e9miai tudom\u00e1nyok kandid\u00e1tusa. 1970. november 1-j\u00e9n az eg\u00e9szs\u00e9g\u00fcgyi miniszter kinevezte a SOTE Gy\u00f3gyszer\u00e9szeti Int\u00e9zet\u00e9nek igazgat\u00f3j\u00e1v\u00e1, mely tiszts\u00e9get hal\u00e1l\u00e1ig bet\u00f6lt\u00f6tte. Ugyanekkor (nov. 12.) l\u00e9pett be az MSZMP-be \u00e9s a szakszervezetbe. Nev\u00e9hez f\u0171z\u0151dik az \u00fan. aminoketonok analitikai meghat\u00e1roz\u00e1sa, ill. e vegy\u00fcletcsoport gy\u00f3gyszerk\u00f6nyvi elj\u00e1r\u00e1s\u00e1nak bevezet\u00e9se. Sz\u00e1mos egy\u00e9b \u00faj biofarmakol\u00f3giai gy\u00f3gyszer-technol\u00f3giai m\u00f3dszert dolgozott ki. A hal\u00e1l v\u00e1ratlanul, egy madridi szolg\u00e1lati \u00fatj\u00e1n \u00e9rte.<\/p>\n<p style=\"text-align: justify\">Tagja volt a Gy\u00f3gyszer\u00e9szet \u00e9s az Acta Pharmaceutica Hungarica szerkeszt\u0151s\u00e9geinek, az Eg\u00e9szs\u00e9g\u00fcgyi Miniszt\u00e9rium Gy\u00f3gyszer\u00e9szeti \u00e9s Gy\u00f3gyszerk\u00f6nyvi Bizotts\u00e1g\u00e1nak, az MTA-TMB Szerves K\u00e9miai Szakbizotts\u00e1g\u00e1nak, a Magyar Gy\u00f3gyszer\u00e9szeti T\u00e1rsas\u00e1g eln\u00f6ks\u00e9g\u00e9nek \u00e9s eln\u00f6khelyettese volt a SOTE Vil\u00e1gn\u00e9zeti Bizotts\u00e1g\u00e1nak. Szolg\u00e1lati \u00c9rdem\u00e9rmet n\u00e9gy alkalommal kapott (1962, 1964, 1967, 1971).<\/p>\n<p style=\"text-align: justify\"><strong>F\u0151bb munk\u00e1i:<\/strong> A gyakorlati toxikol\u00f3gia alapjai. Bp., 1963.; Eg\u00e9szs\u00e9g\u00fcgyi alakulatok tank\u00f6nyve. 1964.; <em>M\u00e9rgez\u0151 harci anyagok hat\u00e1sa az emberre <\/em>(D\u00e1vid G\u00e1borral). Bp., 1967; <em>\u00c9lelmiszerek \u00e9s mez\u0151gazdas\u00e1gi term\u00e9kek radioaktivit\u00e1s\u00e1nak kialakul\u00e1sa \u00e9s a szennyezetts\u00e9g vizsg\u00e1lati m\u00f3dszerei <\/em>(et al.). Bp., 1968.; Klinikai toxikol\u00f3gia (et al.). Bp., 1969). Aeroszolok gy\u00f3gyszertechnol\u00f3gi\u00e1ja (et al.). Bp., 1979.; A gy\u00f3gyszertechnol\u00f3gia \u00e9s a biofarmacia k\u00e9miai ellen\u0151rz\u0151 m\u00f3dszerei (et al.). Bp., 1982.<\/p>\n<p style=\"text-align: justify\"><strong>Nyughelye:<\/strong> Budapest, Farkasr\u00e9ti temet\u0151, urnakiad\u00e1s.<\/p>\n","protected":false},"excerpt":{"rendered":"<p>(Balassagyarmat, 1921. \u00e1prilis 18. \u2013 Madrid, 1980. szeptember 1.) Tansz\u00e9k: Gy\u00f3gyszer\u00e9szeti Int\u00e9zet 1970-1980. Viselt egyetemi m\u00e9lt\u00f3s\u00e1g: Gy\u00f3gyszer\u00e9sztudom\u00e1nyi Kar d\u00e9k\u00e1nhelyettese 1979-1981. \u00c9desapja, Gr\u00f3sz M\u00f3r kiskeresked\u0151, majd kereskedelmi \u00fcgyn\u00f6k volt. Feles\u00e9g\u00e9vel egy\u00fctt a holocaustnak estek \u00e1ldozatul. Gyarmati L\u00e1szl\u00f3 1939-ben \u00e9retts\u00e9gizett Balassagyarmaton, de a zsid\u00f3kat korl\u00e1toz\u00f3 rendelkez\u00e9sek miatt nem l\u00e9phetett egyetemre. Seg\u00e9dmunk\u00e1sk\u00e9nt dolgozott a Mechanikai Sz\u00f6v\u0151gy\u00e1rban (1939.III.1. \u2013 &hellip;<\/p>\n","protected":false},"author":282,"featured_media":0,"parent":347,"menu_order":0,"comment_status":"closed","ping_status":"closed","template":"template-fullwidth.php","meta":{"_acf_changed":false,"footnotes":""},"categories":[77,14],"tags":[],"class_list":["post-1764","page","type-page","status-publish","hentry","category-kegyeleti-adattar","category-teljes-nevlista"],"acf":[],"_links":{"self":[{"href":"https:\/\/semmelweis.hu\/baratikor\/wp-json\/wp\/v2\/pages\/1764","targetHints":{"allow":["GET"]}}],"collection":[{"href":"https:\/\/semmelweis.hu\/baratikor\/wp-json\/wp\/v2\/pages"}],"about":[{"href":"https:\/\/semmelweis.hu\/baratikor\/wp-json\/wp\/v2\/types\/page"}],"author":[{"embeddable":true,"href":"https:\/\/semmelweis.hu\/baratikor\/wp-json\/wp\/v2\/users\/282"}],"replies":[{"embeddable":true,"href":"https:\/\/semmelweis.hu\/baratikor\/wp-json\/wp\/v2\/comments?post=1764"}],"version-history":[{"count":1,"href":"https:\/\/semmelweis.hu\/baratikor\/wp-json\/wp\/v2\/pages\/1764\/revisions"}],"predecessor-version":[{"id":1765,"href":"https:\/\/semmelweis.hu\/baratikor\/wp-json\/wp\/v2\/pages\/1764\/revisions\/1765"}],"up":[{"embeddable":true,"href":"https:\/\/semmelweis.hu\/baratikor\/wp-json\/wp\/v2\/pages\/347"}],"wp:attachment":[{"href":"https:\/\/semmelweis.hu\/baratikor\/wp-json\/wp\/v2\/media?parent=1764"}],"wp:term":[{"taxonomy":"category","embeddable":true,"href":"https:\/\/semmelweis.hu\/baratikor\/wp-json\/wp\/v2\/categories?post=1764"},{"taxonomy":"post_tag","embeddable":true,"href":"https:\/\/semmelweis.hu\/baratikor\/wp-json\/wp\/v2\/tags?post=1764"}],"curies":[{"name":"wp","href":"https:\/\/api.w.org\/{rel}","templated":true}]}}