{"id":1741,"date":"2023-01-03T15:44:14","date_gmt":"2023-01-03T14:44:14","guid":{"rendered":"https:\/\/semmelweis.hu\/baratikor\/?page_id=1741"},"modified":"2023-07-03T13:10:55","modified_gmt":"2023-07-03T11:10:55","slug":"semmelweis-egyetem-anatomiai-muzeum","status":"publish","type":"page","link":"https:\/\/semmelweis.hu\/baratikor\/semmelweis-egyetem-muzeumok\/semmelweis-egyetem-anatomiai-muzeum\/","title":{"rendered":"Semmelweis Egyetem Anat\u00f3miai M\u00fazeum"},"content":{"rendered":"<p><img loading=\"lazy\" decoding=\"async\" class=\" wp-image-4757 alignright\" src=\"https:\/\/semmelweis.hu\/baratikor\/files\/2023\/07\/021.jpg\" alt=\"\" width=\"317\" height=\"238\" srcset=\"https:\/\/semmelweis.hu\/baratikor\/files\/2023\/07\/021.jpg 512w, https:\/\/semmelweis.hu\/baratikor\/files\/2023\/07\/021-400x300.jpg 400w\" sizes=\"auto, (max-width: 317px) 100vw, 317px\" \/>Semmelweis Egyetem Anat\u00f3miai, Sz\u00f6vet- \u00e9s Fejl\u0151d\u00e9stani Int\u00e9zet<\/p>\n<p>C\u00edm: Budapest, IX. T\u0171zolt\u00f3 u. 58.<br \/>\ngyalogos bej\u00e1rat: \u00dcll\u0151i \u00fat 93. fel\u0151l<br \/>\nTelefon: (+36-1) 459-1500 \/ 3600<br \/>\nFax: (+36-1) 215-51-58<br \/>\nLev\u00e9l: 1450 Budapest, Pf. 95.<\/p>\n<p><a href=\"https:\/\/semmelweis.hu\/anatomia\/anatomiai-muzeum\/\" target=\"_blank\" rel=\"noopener\">https:\/\/semmelweis.hu\/anatomia\/anatomiai-muzeum\/<\/a><\/p>\n<p>&nbsp;<\/p>\n\r\n        [slb_exclude]\r\n        <div class=\"row galeria-wrapper mx-0 h-auto\">\r\n            <div class=\"col-9 pl-0 pr-2\">\r\n            <span class=\"gallery-item frame\">\r\n\t\t\t\t<div class=\"galeria-left-img\"><a href=\"https:\/\/semmelweis.hu\/baratikor\/files\/2023\/01\/151.jpg\"><img src=https:\/\/semmelweis.hu\/baratikor\/files\/2023\/01\/151.jpg  \r\n                            alt=\"\" \r\n                            class=\"attachment-sote-gallery-big size-sote-gallery-big\" \r\n                            srcset=\"https:\/\/semmelweis.hu\/baratikor\/files\/2023\/01\/151-199x400.jpg 199w, https:\/\/semmelweis.hu\/baratikor\/files\/2023\/01\/151.jpg 283w\" ><\/a><\/div>\r\n            <\/span>\r\n\r\n            <\/div>\r\n\r\n\t\t\t<div class=\"col-3 pl-0 pr-0\">\r\n\t\t\t\t<div class=\"galeria-right-img d-flex justify-content-between flex-column h-100 w-100 px-0 mx-0 \">\r\n                <div class=\"galeria-box\">\r\n\t\t\t\t\t<h3 class=\"galeria-title\">Gal\u00e9ria<\/h3>\r\n\t\t\t\t\t<div class=\"galeria-subtitle\">\r\n\r\n\t\t\t\t\t\t<div class=\"galeria-page-counter\"><span>13<\/span>k\u00e9p<\/div>\r\n                    <\/div> <\/div>\r\n                    <span class=\"gallery-item frame d-none d-md-flex\">\r\n\t\t\t\t\t<div class=\"galeria-small-img mt-0\"><a href=\"https:\/\/semmelweis.hu\/baratikor\/files\/2023\/01\/031.jpg\"><img src=https:\/\/semmelweis.hu\/baratikor\/files\/2023\/01\/031.jpg \r\n                                alt=\"\"  \r\n                                class=\"attachment-sote-gallery-small size-sote-gallery-small\" \r\n                                srcset=\"https:\/\/semmelweis.hu\/baratikor\/files\/2023\/01\/031-300x400.jpg 300w, https:\/\/semmelweis.hu\/baratikor\/files\/2023\/01\/031.jpg 425w\" ><\/a><\/div>\r\n                    <\/span>\r\n                    <span class=\"gallery-item frame d-none d-md-flex\">\r\n\t\t\t\t\t<div class=\"galeria-small-img mt-0\"><a href=\"https:\/\/semmelweis.hu\/baratikor\/files\/2023\/01\/041.jpg\"><img src=https:\/\/semmelweis.hu\/baratikor\/files\/2023\/01\/041.jpg \r\n                                alt=\"\" \r\n                                class=\"attachment-sote-gallery-small size-sote-gallery-small\" \r\n                                srcset=\"https:\/\/semmelweis.hu\/baratikor\/files\/2023\/01\/041-400x300.jpg 400w, https:\/\/semmelweis.hu\/baratikor\/files\/2023\/01\/041.jpg 492w\" ><\/a><\/div>\r\n                    <\/span>\r\n\r\n                <\/div>\r\n\r\n            <\/div>\r\n\r\n            <span class=\"gallery-item\"><div class=\"hidden\"><a href=\"https:\/\/semmelweis.hu\/baratikor\/files\/2023\/01\/051.jpg\">\r\n        <img src=https:\/\/semmelweis.hu\/baratikor\/files\/2023\/01\/051.jpg alt=\"\" class=\"attachment-sote-gallery-big size-sote-gallery-big\" srcset=\"https:\/\/semmelweis.hu\/baratikor\/files\/2023\/01\/051.jpg 283w, https:\/\/semmelweis.hu\/baratikor\/files\/2023\/01\/051-150x150.jpg 150w\" >\r\n        <\/a><\/div><\/span><span class=\"gallery-item\"><div class=\"hidden\"><a href=\"https:\/\/semmelweis.hu\/baratikor\/files\/2023\/01\/061.jpg\">\r\n        <img src=https:\/\/semmelweis.hu\/baratikor\/files\/2023\/01\/061.jpg alt=\"\" class=\"attachment-sote-gallery-big size-sote-gallery-big\" srcset=\"https:\/\/semmelweis.hu\/baratikor\/files\/2023\/01\/061-400x178.jpg 400w, https:\/\/semmelweis.hu\/baratikor\/files\/2023\/01\/061.jpg 567w\" >\r\n        <\/a><\/div><\/span><span class=\"gallery-item\"><div class=\"hidden\"><a href=\"https:\/\/semmelweis.hu\/baratikor\/files\/2023\/01\/071.jpg\">\r\n        <img src=https:\/\/semmelweis.hu\/baratikor\/files\/2023\/01\/071.jpg alt=\"\" class=\"attachment-sote-gallery-big size-sote-gallery-big\" srcset=\"https:\/\/semmelweis.hu\/baratikor\/files\/2023\/01\/071-221x400.jpg 221w, https:\/\/semmelweis.hu\/baratikor\/files\/2023\/01\/071.jpg 283w\" >\r\n        <\/a><\/div><\/span><span class=\"gallery-item\"><div class=\"hidden\"><a href=\"https:\/\/semmelweis.hu\/baratikor\/files\/2023\/01\/081.jpg\">\r\n        <img src=https:\/\/semmelweis.hu\/baratikor\/files\/2023\/01\/081.jpg alt=\"\" class=\"attachment-sote-gallery-big size-sote-gallery-big\" srcset=\"https:\/\/semmelweis.hu\/baratikor\/files\/2023\/01\/081.jpg 283w, https:\/\/semmelweis.hu\/baratikor\/files\/2023\/01\/081-150x150.jpg 150w\" >\r\n        <\/a><\/div><\/span><span class=\"gallery-item\"><div class=\"hidden\"><a href=\"https:\/\/semmelweis.hu\/baratikor\/files\/2023\/01\/091.jpg\">\r\n        <img src=https:\/\/semmelweis.hu\/baratikor\/files\/2023\/01\/091.jpg alt=\"\" class=\"attachment-sote-gallery-big size-sote-gallery-big\" srcset=\"https:\/\/semmelweis.hu\/baratikor\/files\/2023\/01\/091.jpg 283w, https:\/\/semmelweis.hu\/baratikor\/files\/2023\/01\/091-150x150.jpg 150w\" >\r\n        <\/a><\/div><\/span><span class=\"gallery-item\"><div class=\"hidden\"><a href=\"https:\/\/semmelweis.hu\/baratikor\/files\/2023\/01\/101.jpg\">\r\n        <img src=https:\/\/semmelweis.hu\/baratikor\/files\/2023\/01\/101.jpg alt=\"\" class=\"attachment-sote-gallery-big size-sote-gallery-big\" srcset=\"https:\/\/semmelweis.hu\/baratikor\/files\/2023\/01\/101.jpg 283w, https:\/\/semmelweis.hu\/baratikor\/files\/2023\/01\/101-150x150.jpg 150w\" >\r\n        <\/a><\/div><\/span><span class=\"gallery-item\"><div class=\"hidden\"><a href=\"https:\/\/semmelweis.hu\/baratikor\/files\/2023\/01\/111.jpg\">\r\n        <img src=https:\/\/semmelweis.hu\/baratikor\/files\/2023\/01\/111.jpg alt=\"Davida Le\u00f3 k\u00f6zponti idegrendszeri k\u00e9sz\u00edtm\u00e9nye\n(Az 1900-as P\u00e1rizsi Vil\u00e1gki\u00e1ll\u00edt\u00e1son arany\u00e9rmet nyert)\" class=\"attachment-sote-gallery-big size-sote-gallery-big\" srcset=\"https:\/\/semmelweis.hu\/baratikor\/files\/2023\/01\/111-201x400.jpg 201w, https:\/\/semmelweis.hu\/baratikor\/files\/2023\/01\/111.jpg 340w\" >\r\n        <\/a><\/div><\/span><span class=\"gallery-item\"><div class=\"hidden\"><a href=\"https:\/\/semmelweis.hu\/baratikor\/files\/2023\/01\/121.jpg\">\r\n        <img src=https:\/\/semmelweis.hu\/baratikor\/files\/2023\/01\/121.jpg alt=\"\" class=\"attachment-sote-gallery-big size-sote-gallery-big\" srcset=\"https:\/\/semmelweis.hu\/baratikor\/files\/2023\/01\/121.jpg 283w, https:\/\/semmelweis.hu\/baratikor\/files\/2023\/01\/121-150x150.jpg 150w\" >\r\n        <\/a><\/div><\/span><span class=\"gallery-item\"><div class=\"hidden\"><a href=\"https:\/\/semmelweis.hu\/baratikor\/files\/2023\/01\/131.jpg\">\r\n        <img src=https:\/\/semmelweis.hu\/baratikor\/files\/2023\/01\/131.jpg alt=\"\" class=\"attachment-sote-gallery-big size-sote-gallery-big\" srcset=\"https:\/\/semmelweis.hu\/baratikor\/files\/2023\/01\/131.jpg 283w, https:\/\/semmelweis.hu\/baratikor\/files\/2023\/01\/131-150x150.jpg 150w\" >\r\n        <\/a><\/div><\/span><span class=\"gallery-item\"><div class=\"hidden\"><a href=\"https:\/\/semmelweis.hu\/baratikor\/files\/2023\/01\/141.jpg\">\r\n        <img src=https:\/\/semmelweis.hu\/baratikor\/files\/2023\/01\/141.jpg alt=\"\" class=\"attachment-sote-gallery-big size-sote-gallery-big\" srcset=\"https:\/\/semmelweis.hu\/baratikor\/files\/2023\/01\/141.jpg 283w, https:\/\/semmelweis.hu\/baratikor\/files\/2023\/01\/141-150x150.jpg 150w\" >\r\n        <\/a><\/div><\/span>\r\n            <\/div>\r\n\r\n            [\/slb_exclude]\r\n\t\n<p style=\"text-align: justify\">Int\u00e9zet\u00fcnk 100 \u00e9ves M\u00fazeuma kifejezetten tanul\u00f3m\u00fazeum: hallgat\u00f3ink prepar\u00e1tumokat (csontok, szervk\u00e9sz\u00edtm\u00e9nyek) kik\u00f6lcs\u00f6n\u00f6zve helyben k\u00e9sz\u00fclhetnek vizsg\u00e1ikra.<\/p>\n<p style=\"text-align: justify\">Tudom\u00e1nyt\u00f6rt\u00e9neti ritkas\u00e1goknak sz\u00e1m\u00edtanak Lenhoss\u00e9k J\u00f3zsef k\u00e9sz\u00edtm\u00e9nyei a medence visszeres fonatair\u00f3l, valamint Davida Le\u00f3 k\u00f6zponti idegrendszeri k\u00e9sz\u00edtm\u00e9nye. Sot egykori munkat\u00e1rsunk K\u00e1d\u00e1r Ferenc sz\u00edvk\u00e9sz\u00edtm\u00e9nyei is m\u00e1r az int\u00e9zet t\u00f6rt\u00e9net\u00e9hez tartoznak. Sajnos ezen \u00e9rt\u00e9kes gy\u0171jtem\u00e9ny folyamatos karbantart\u00e1sa, \u00e9s a m\u00fazeum rendeltet\u00e9sszer\u0171 haszn\u00e1lata megfelelo szakk\u00e9pzets\u00e9g\u0171 prepar\u00e1tort ig\u00e9nyelne, akivel sajnos nem rendelkez\u00fcnk. \u00cdgy m\u00fazeumunk jelenleg tanul\u00f3m\u00fazeumk\u00e9nt, \u00e9s n\u00e9h\u00e1ny lelkes biol\u00f3gia tan\u00e1r oktat\u00f3helyek\u00e9nt m\u0171k\u00f6dik.<\/p>\n<p style=\"text-align: justify\">Davida Le\u00f3 k\u00f6zponti idegrendszeri k\u00e9sz\u00edtm\u00e9nye<br \/>\n(Az 1900-as P\u00e1rizsi Vil\u00e1gki\u00e1ll\u00edt\u00e1son arany\u00e9rmet nyert)<\/p>\n","protected":false},"excerpt":{"rendered":"<p>Semmelweis Egyetem Anat\u00f3miai, Sz\u00f6vet- \u00e9s Fejl\u0151d\u00e9stani Int\u00e9zet C\u00edm: Budapest, IX. T\u0171zolt\u00f3 u. 58. gyalogos bej\u00e1rat: \u00dcll\u0151i \u00fat 93. fel\u0151l Telefon: (+36-1) 459-1500 \/ 3600 Fax: (+36-1) 215-51-58 Lev\u00e9l: 1450 Budapest, Pf. 95. <a href=\"https:\/\/semmelweis.hu\/anatomia\/anatomiai-muzeum\/\" target=\"_blank\" rel=\"noopener\">https:\/\/semmelweis.hu\/anatomia\/anatomiai-muzeum\/<\/a> &nbsp; Int\u00e9zet\u00fcnk 100 \u00e9ves M\u00fazeuma kifejezetten tanul\u00f3m\u00fazeum: hallgat\u00f3ink prepar\u00e1tumokat (csontok, szervk\u00e9sz\u00edtm\u00e9nyek) kik\u00f6lcs\u00f6n\u00f6zve helyben k\u00e9sz\u00fclhetnek vizsg\u00e1ikra. Tudom\u00e1nyt\u00f6rt\u00e9neti ritkas\u00e1goknak sz\u00e1m\u00edtanak Lenhoss\u00e9k J\u00f3zsef k\u00e9sz\u00edtm\u00e9nyei a medence &hellip;<\/p>\n","protected":false},"author":282,"featured_media":0,"parent":1707,"menu_order":3,"comment_status":"closed","ping_status":"closed","template":"template-fullwidth.php","meta":{"_acf_changed":false,"footnotes":""},"categories":[],"tags":[],"class_list":["post-1741","page","type-page","status-publish","hentry"],"acf":[],"_links":{"self":[{"href":"https:\/\/semmelweis.hu\/baratikor\/wp-json\/wp\/v2\/pages\/1741","targetHints":{"allow":["GET"]}}],"collection":[{"href":"https:\/\/semmelweis.hu\/baratikor\/wp-json\/wp\/v2\/pages"}],"about":[{"href":"https:\/\/semmelweis.hu\/baratikor\/wp-json\/wp\/v2\/types\/page"}],"author":[{"embeddable":true,"href":"https:\/\/semmelweis.hu\/baratikor\/wp-json\/wp\/v2\/users\/282"}],"replies":[{"embeddable":true,"href":"https:\/\/semmelweis.hu\/baratikor\/wp-json\/wp\/v2\/comments?post=1741"}],"version-history":[{"count":9,"href":"https:\/\/semmelweis.hu\/baratikor\/wp-json\/wp\/v2\/pages\/1741\/revisions"}],"predecessor-version":[{"id":4758,"href":"https:\/\/semmelweis.hu\/baratikor\/wp-json\/wp\/v2\/pages\/1741\/revisions\/4758"}],"up":[{"embeddable":true,"href":"https:\/\/semmelweis.hu\/baratikor\/wp-json\/wp\/v2\/pages\/1707"}],"wp:attachment":[{"href":"https:\/\/semmelweis.hu\/baratikor\/wp-json\/wp\/v2\/media?parent=1741"}],"wp:term":[{"taxonomy":"category","embeddable":true,"href":"https:\/\/semmelweis.hu\/baratikor\/wp-json\/wp\/v2\/categories?post=1741"},{"taxonomy":"post_tag","embeddable":true,"href":"https:\/\/semmelweis.hu\/baratikor\/wp-json\/wp\/v2\/tags?post=1741"}],"curies":[{"name":"wp","href":"https:\/\/api.w.org\/{rel}","templated":true}]}}