{"id":1707,"date":"2023-01-03T15:19:12","date_gmt":"2023-01-03T14:19:12","guid":{"rendered":"https:\/\/semmelweis.hu\/baratikor\/?page_id=1707"},"modified":"2026-03-06T13:33:22","modified_gmt":"2026-03-06T12:33:22","slug":"semmelweis-egyetem-muzeumok","status":"publish","type":"page","link":"https:\/\/semmelweis.hu\/baratikor\/semmelweis-egyetem-muzeumok\/","title":{"rendered":"Semmelweis Egyetem m\u00fazeumok, t\u00f6rt\u00e9neti kronol\u00f3gi\u00e1k"},"content":{"rendered":"<p><a href=\"https:\/\/semmelweis.hu\/baratikor\/semmelweis-egyetem-muzeumok-torteneti-kronologiak\/semmelweis-egyetem-i-sz-gyermekklinika\/\"><img loading=\"lazy\" decoding=\"async\" class=\"alignright\" src=\"https:\/\/semmelweis.hu\/baratikor\/files\/2023\/07\/011.jpg\" alt=\"\" width=\"200\" height=\"205\" \/><\/a><\/p>\n<h3><a href=\"https:\/\/semmelweis.hu\/baratikor\/semmelweis-egyetem-muzeumok-torteneti-kronologiak\/semmelweis-egyetem-i-sz-gyermekklinika\/\">Semmelweis Egyetem I. Sz. Gyermekklinika M\u00fazeuma<\/a><\/h3>\n<p style=\"text-align: left\">C\u00edm: 1083 Budapest, B\u00f3kay J. utca 53.<br \/>\nLevelez\u00e9si c\u00edm: 1476 Budapest VIII., Budapest 100. Pf.:181.<br \/>\nTelefon: +36 1 334-3186<\/p>\n<hr \/>\n<p><a href=\"https:\/\/semmelweis.hu\/baratikor\/semmelweis-egyetem-muzeumok\/a-semmelweis-egyetem-i-sz-szuleszeti-es-nogyogyaszati-klinikajanak-200-eves-tortenete\/\"><img loading=\"lazy\" decoding=\"async\" class=\"alignright\" src=\"https:\/\/semmelweis.hu\/baratikor\/files\/2023\/07\/011-1.jpg\" alt=\"\" width=\"200\" height=\"403\" \/><\/a><\/p>\n<h3><a href=\"https:\/\/semmelweis.hu\/baratikor\/semmelweis-egyetem-muzeumok\/a-semmelweis-egyetem-i-sz-szuleszeti-es-nogyogyaszati-klinikajanak-200-eves-tortenete\/\">A Semmelweis Egyetem Baross utcai Sz\u00fcl\u00e9szeti \u00e9s N\u0151gy\u00f3gy\u00e1szati Klinik\u00e1j\u00e1nak 200 \u00e9ves t\u00f6rt\u00e9nete<\/a><\/h3>\n<p style=\"text-align: left\">C\u00edm: 1085 Budapest, Baross utca 27.<br \/>\nTelefon: +36 1 266-0473<br \/>\n<a href=\"https:\/\/semmelweis.hu\/noiklinika\/\">https:\/\/semmelweis.hu\/noiklinika\/<\/a><\/p>\n<hr \/>\n<h3><a href=\"https:\/\/semmelweis.hu\/baratikor\/semmelweis-egyetem-muzeumok\/semmelweis-egyetem-anatomiai-muzeum\/\"><img loading=\"lazy\" decoding=\"async\" class=\"alignright\" src=\"https:\/\/semmelweis.hu\/baratikor\/files\/2023\/07\/011-2.jpg\" alt=\"\" width=\"200\" height=\"192\" \/><\/a><a href=\"https:\/\/semmelweis.hu\/anatomia\/anatomiai-muzeum\/\" target=\"_blank\" rel=\"noopener\">Semmelweis Egyetem Anat\u00f3miai M\u00fazeum<\/a><\/h3>\n<p><strong>Semmelweis Egyetem Anat\u00f3miai, Sz\u00f6vet- \u00e9s Fejl\u0151d\u00e9stani Int\u00e9zet<br \/>\n<\/strong>C\u00edm: 1094 Budapest, T\u0171zolt\u00f3 utca 58.<br \/>\ngyalogos bej\u00e1rat: \u00dcll\u0151i \u00fat 93. fel\u0151l<br \/>\nTelefon: +36 1 459-1500 \/ 3600<br \/>\n<a href=\"https:\/\/semmelweis.hu\/anatomia\/\" target=\"_blank\" rel=\"noopener\">https:\/\/semmelweis.hu\/anatomia\/<\/a><\/p>\n<hr \/>\n<p><a href=\"https:\/\/semmelweis.hu\/baratikor\/semmelweis-egyetem-muzeumok\/semmelweis-egyetem-aok-ii-gyermekklinika-muzeum\/\"><img loading=\"lazy\" decoding=\"async\" class=\"alignright\" src=\"https:\/\/semmelweis.hu\/baratikor\/files\/2023\/07\/011-3.jpg\" alt=\"\" width=\"200\" height=\"192\" \/><\/a><\/p>\n<h3><a href=\"https:\/\/semmelweis.hu\/baratikor\/semmelweis-egyetem-muzeumok\/semmelweis-egyetem-aok-ii-gyermekklinika-muzeum\/\">Semmelweis Egyetem II. Sz. Gyermekklinika M\u00fazeuma<\/a><\/h3>\n<p><a href=\"https:\/\/semmelweis.hu\/gyermekklinika2\/\" target=\"_blank\" rel=\"noopener\">II. Sz. Gyermekgy\u00f3gy\u00e1szati Klinika<\/a><br \/>\nC\u00edm: 1094 Budapest, T\u0171zolt\u00f3 utca 7\/9.<br \/>\nTelefon: +36 1 215-1380<\/p>\n<hr \/>\n<p><a href=\"https:\/\/semmelweis.hu\/baratikor\/semmelweis-egyetem-muzeumok\/semmelweis-egyetem-aok-ful-orr-gegeszeti-klinika-muzeum\/\"><img loading=\"lazy\" decoding=\"async\" class=\"alignright\" src=\"https:\/\/semmelweis.hu\/baratikor\/files\/2023\/07\/011-4.jpg\" alt=\"\" width=\"200\" height=\"343\" \/><\/a><\/p>\n<h3><a href=\"https:\/\/semmelweis.hu\/baratikor\/semmelweis-egyetem-muzeumok\/semmelweis-egyetem-aok-ful-orr-gegeszeti-klinika-muzeum\/\">Semmelweis Egyetem F\u00fcl-Orr-G\u00e9g\u00e9szeti \u00e9s Fej-Nyakseb\u00e9szeti Klinika M\u00fazeuma<\/a><\/h3>\n<p style=\"text-align: left\">C\u00edm: 1083 Budapest, Szigony utca 36.<\/p>\n<hr \/>\n<h3><a href=\"https:\/\/semmelweis.hu\/baratikor\/semmelweis-egyetem-muzeumok\/semmelweis-egyetem-radiologiai-muzeum\/\"><img loading=\"lazy\" decoding=\"async\" class=\"alignright\" src=\"https:\/\/semmelweis.hu\/baratikor\/files\/2023\/07\/011-5.jpg\" alt=\"\" width=\"200\" height=\"192\" \/><\/a><a href=\"https:\/\/semmelweis.hu\/baratikor\/semmelweis-egyetem-muzeumok\/semmelweis-egyetem-radiologiai-muzeum\/\">Semmelweis Egyetem Orvosi K\u00e9palkot\u00f3 Klinika M\u00fazeuma<\/a><\/h3>\n<p style=\"text-align: left\">C\u00edm: 1082 Budapest, \u00dcll\u0151i \u00fat 78\/a<br \/>\nTelefon: 210-0300 \/ 3312 (porta),<br \/>\n210-0307 (titk\u00e1rs\u00e1g)<\/p>\n<hr \/>\n<h3><a href=\"https:\/\/semmelweis.hu\/baratikor\/semmelweis-egyetem-muzeumok\/egeszsegugyi-foiskolai-kar\/\"><img loading=\"lazy\" decoding=\"async\" class=\"alignright\" src=\"https:\/\/semmelweis.hu\/baratikor\/files\/2023\/07\/011-6.jpg\" alt=\"\" width=\"200\" height=\"296\" \/><\/a><a href=\"https:\/\/semmelweis.hu\/baratikor\/semmelweis-egyetem-muzeumok\/egeszsegugyi-foiskolai-kar\/\">Semmelweis Egyetem Eg\u00e9szs\u00e9gtudom\u00e1nyi Kar M\u00fazeuma<\/a><\/h3>\n<p style=\"text-align: left\">C\u00edm: 1088 Budapest, Vas utca 17.<br \/>\nTelefon: 486-4870<br \/>\nFax: 486-2791<br \/>\nEmail: <a href=\"mailto:mofi@se-efk.hu\">mofi@se-efk.hu<\/a><\/p>\n<hr \/>\n<h3><a href=\"https:\/\/semmelweis.hu\/klinikai-korelettan\/rolunk\/\"><img loading=\"lazy\" decoding=\"async\" class=\"alignright\" src=\"https:\/\/semmelweis.hu\/baratikor\/files\/2023\/07\/011-7.jpg\" alt=\"\" width=\"200\" height=\"158\" \/><\/a><a href=\"https:\/\/semmelweis.hu\/klinikai-korelettan\/rolunk\/\">Semmelweis Egyetem Transzl\u00e1ci\u00f3s Medicina Int\u00e9zet &#8211; t\u00f6rt\u00e9neti kronol\u00f3gia<\/a><\/h3>\n<p><strong>Transzl\u00e1ci\u00f3s Medicina Int\u00e9zet<br \/>\n<\/strong>C\u00edm: 1094 Budapest, T\u0171zolt\u00f3 utca 37\u201347.<br \/>\nTelefon: +36 1 210-0306<br \/>\n<a href=\"https:\/\/semmelweis.hu\/klinikai-korelettan\/\" target=\"_blank\" rel=\"noopener\">https:\/\/semmelweis.hu\/klinikai-korelettan\/<\/a><\/p>\n<hr \/>\n<h3 style=\"text-align: left\"><a href=\"https:\/\/semmelweis.hu\/baratikor\/semmelweis-egyetem-muzeumok\/semmelweis-orvostorteneti-muzeum-konyvtar-es-leveltar\/\"><img loading=\"lazy\" decoding=\"async\" class=\"alignright\" src=\"https:\/\/semmelweis.hu\/baratikor\/files\/2023\/07\/011-8.jpg\" alt=\"\" width=\"200\" height=\"134\" \/><\/a><a href=\"https:\/\/semmelweis.hu\/baratikor\/semmelweis-egyetem-muzeumok\/semmelweis-orvostorteneti-muzeum-konyvtar-es-leveltar\/\">Semmelweis Orvost\u00f6rt\u00e9neti M\u00fazeum, K\u00f6nyvt\u00e1r \u00e9s Adatt\u00e1r<\/a><\/h3>\n<p style=\"text-align: left\"><strong>Semmelweis M\u00fazeum<\/strong><br \/>\nC\u00edm: 1013 Budapest, Apr\u00f3d utca 1-3.<br \/>\nTelefon: 375-3533<br \/>\nE-mail: <a href=\"mailto:semmelweis@museum.hu\">semmelweis@museum.hu<\/a><br \/>\n<a href=\"http:\/\/www.semmelweismuseum.hu\/\" target=\"_blank\" rel=\"noopener\">http:\/\/www.semmelweismuseum.hu\/<\/a><\/p>\n<hr \/>\n<p><a href=\"https:\/\/semmelweis.hu\/baratikor\/semmelweis-egyetem-muzeumok\/semmelweis-egyetem-mikrobiologiai-muzeum-es-archivum\/\"><img loading=\"lazy\" decoding=\"async\" class=\"alignright\" src=\"https:\/\/semmelweis.hu\/baratikor\/files\/2023\/07\/011-9.jpg\" alt=\"\" width=\"200\" height=\"264\" \/><\/a><\/p>\n<h3><a href=\"https:\/\/semmelweis.hu\/baratikor\/semmelweis-egyetem-muzeumok\/semmelweis-egyetem-mikrobiologiai-muzeum-es-archivum\/\">Semmelweis Egyetem Mikrobiol\u00f3giai M\u00fazeum \u00e9s Arch\u00edvum<\/a><\/h3>\n<p style=\"text-align: left\"><strong>Semmelweis Egyetem Orvosi Mikrobiol\u00f3giai Int\u00e9zet<\/strong><br \/>\nC\u00edm: 1089 Budapest, Nagyv\u00e1rad t\u00e9r 4.<br \/>\nTel.\/Fax: 210-2959<br \/>\ne-mail: <a href=\"mailto:titkarsag.mikro@med.semmelweis-univ.hu\">titkarsag.mikro@med.semmelweis-univ.hu<\/a><br \/>\n<a href=\"https:\/\/semmelweis.hu\/mikrobiologia\/\" target=\"_blank\" rel=\"noopener\">https:\/\/semmelweis.hu\/mikrobiologia\/<\/a><\/p>\n<hr \/>\n<p><a href=\"https:\/\/semmelweis.hu\/baratikor\/semmelweis-egyetem-urologiai-muzeum\/\"><img loading=\"lazy\" decoding=\"async\" class=\"alignright\" src=\"https:\/\/semmelweis.hu\/baratikor\/files\/2023\/07\/011-10.jpg\" alt=\"\" width=\"200\" height=\"296\" \/><\/a><\/p>\n<h3><a href=\"https:\/\/semmelweis.hu\/baratikor\/semmelweis-egyetem-urologiai-muzeum\/\">Semmelweis Egyetem Urol\u00f3giai M\u00fazeum<\/a><\/h3>\n<p style=\"text-align: left\">C\u00edm: 1082, Budapest, \u00dcll\u0151i \u00fat 78\/b<br \/>\nTelefon: (1) 210-0330<br \/>\nE-mail: <a href=\"mailto:romics.imre@med.semmelweis-univ.hu\">romics.imre@med.semmelweis-univ.hu <\/a><\/p>\n","protected":false},"excerpt":{"rendered":"<p><a href=\"https:\/\/semmelweis.hu\/baratikor\/semmelweis-egyetem-muzeumok-torteneti-kronologiak\/semmelweis-egyetem-i-sz-gyermekklinika\/\"><\/a> <a href=\"https:\/\/semmelweis.hu\/baratikor\/semmelweis-egyetem-muzeumok-torteneti-kronologiak\/semmelweis-egyetem-i-sz-gyermekklinika\/\">Semmelweis Egyetem I. Sz. Gyermekklinika M\u00fazeuma<\/a> C\u00edm: 1083 Budapest, B\u00f3kay J. utca 53. Levelez\u00e9si c\u00edm: 1476 Budapest VIII., Budapest 100. Pf.:181. Telefon: +36 1 334-3186 <a href=\"https:\/\/semmelweis.hu\/baratikor\/semmelweis-egyetem-muzeumok\/a-semmelweis-egyetem-i-sz-szuleszeti-es-nogyogyaszati-klinikajanak-200-eves-tortenete\/\"><\/a> <a href=\"https:\/\/semmelweis.hu\/baratikor\/semmelweis-egyetem-muzeumok\/a-semmelweis-egyetem-i-sz-szuleszeti-es-nogyogyaszati-klinikajanak-200-eves-tortenete\/\">A Semmelweis Egyetem Baross utcai Sz\u00fcl\u00e9szeti \u00e9s N\u0151gy\u00f3gy\u00e1szati Klinik\u00e1j\u00e1nak 200 \u00e9ves t\u00f6rt\u00e9nete<\/a> C\u00edm: 1085 Budapest, Baross utca 27. Telefon: +36 1 266-0473 <a href=\"https:\/\/semmelweis.hu\/noiklinika\/\">https:\/\/semmelweis.hu\/noiklinika\/<\/a> <a href=\"https:\/\/semmelweis.hu\/baratikor\/semmelweis-egyetem-muzeumok\/semmelweis-egyetem-anatomiai-muzeum\/\"><\/a> <a href=\"https:\/\/semmelweis.hu\/anatomia\/anatomiai-muzeum\/\" target=\"_blank\" rel=\"noopener\">Semmelweis Egyetem Anat\u00f3miai M\u00fazeum<\/a> Semmelweis Egyetem Anat\u00f3miai, Sz\u00f6vet- \u00e9s Fejl\u0151d\u00e9stani Int\u00e9zet C\u00edm: 1094 Budapest, T\u0171zolt\u00f3 utca 58. gyalogos bej\u00e1rat: \u00dcll\u0151i \u00fat 93. fel\u0151l Telefon: +36 1 459-1500 \/ 3600 <a href=\"https:\/\/semmelweis.hu\/anatomia\/\" target=\"_blank\" rel=\"noopener\">https:\/\/semmelweis.hu\/anatomia\/<\/a> <a href=\"https:\/\/semmelweis.hu\/baratikor\/semmelweis-egyetem-muzeumok\/semmelweis-egyetem-aok-ii-gyermekklinika-muzeum\/\"><\/a> <a href=\"https:\/\/semmelweis.hu\/baratikor\/semmelweis-egyetem-muzeumok\/semmelweis-egyetem-aok-ii-gyermekklinika-muzeum\/\">Semmelweis Egyetem II. Sz. Gyermekklinika M\u00fazeuma<\/a> <a href=\"https:\/\/semmelweis.hu\/gyermekklinika2\/\" target=\"_blank\" rel=\"noopener\">II. Sz. Gyermekgy\u00f3gy\u00e1szati Klinika<\/a> C\u00edm: &hellip;<\/p>\n","protected":false},"author":282,"featured_media":0,"parent":0,"menu_order":4,"comment_status":"closed","ping_status":"closed","template":"template-fullwidth.php","meta":{"_acf_changed":false,"footnotes":""},"categories":[],"tags":[],"class_list":["post-1707","page","type-page","status-publish","hentry"],"acf":[],"_links":{"self":[{"href":"https:\/\/semmelweis.hu\/baratikor\/wp-json\/wp\/v2\/pages\/1707","targetHints":{"allow":["GET"]}}],"collection":[{"href":"https:\/\/semmelweis.hu\/baratikor\/wp-json\/wp\/v2\/pages"}],"about":[{"href":"https:\/\/semmelweis.hu\/baratikor\/wp-json\/wp\/v2\/types\/page"}],"author":[{"embeddable":true,"href":"https:\/\/semmelweis.hu\/baratikor\/wp-json\/wp\/v2\/users\/282"}],"replies":[{"embeddable":true,"href":"https:\/\/semmelweis.hu\/baratikor\/wp-json\/wp\/v2\/comments?post=1707"}],"version-history":[{"count":11,"href":"https:\/\/semmelweis.hu\/baratikor\/wp-json\/wp\/v2\/pages\/1707\/revisions"}],"predecessor-version":[{"id":6175,"href":"https:\/\/semmelweis.hu\/baratikor\/wp-json\/wp\/v2\/pages\/1707\/revisions\/6175"}],"wp:attachment":[{"href":"https:\/\/semmelweis.hu\/baratikor\/wp-json\/wp\/v2\/media?parent=1707"}],"wp:term":[{"taxonomy":"category","embeddable":true,"href":"https:\/\/semmelweis.hu\/baratikor\/wp-json\/wp\/v2\/categories?post=1707"},{"taxonomy":"post_tag","embeddable":true,"href":"https:\/\/semmelweis.hu\/baratikor\/wp-json\/wp\/v2\/tags?post=1707"}],"curies":[{"name":"wp","href":"https:\/\/api.w.org\/{rel}","templated":true}]}}