{"id":1692,"date":"2023-01-03T13:52:24","date_gmt":"2023-01-03T12:52:24","guid":{"rendered":"https:\/\/semmelweis.hu\/baratikor\/?page_id=1692"},"modified":"2023-10-11T15:16:41","modified_gmt":"2023-10-11T13:16:41","slug":"glauber-andor","status":"publish","type":"page","link":"https:\/\/semmelweis.hu\/baratikor\/galeria\/teljes-nevlista\/glauber-andor\/","title":{"rendered":"Glauber Andor"},"content":{"rendered":"<p style=\"text-align: justify\"><strong><a href=\"https:\/\/semmelweis.hu\/baratikor\/galeria\/teljes-nevlista\/glauber-andor\/glauber-andor\/\" rel=\"attachment wp-att-1693\"><img loading=\"lazy\" decoding=\"async\" class=\"alignleft size-medium wp-image-1693\" src=\"https:\/\/semmelweis.hu\/baratikor\/files\/2023\/01\/Glauber-Andor-277x400.jpg\" alt=\"\" width=\"277\" height=\"400\" srcset=\"https:\/\/semmelweis.hu\/baratikor\/files\/2023\/01\/Glauber-Andor-277x400.jpg 277w, https:\/\/semmelweis.hu\/baratikor\/files\/2023\/01\/Glauber-Andor.jpg 693w\" sizes=\"auto, (max-width: 277px) 100vw, 277px\" \/><\/a>(J\u00e1szlad\u00e1ny, 1910. okt\u00f3ber 31. \u2013 Budapest, 1983. augusztus 24.)<\/strong><\/p>\n<p style=\"text-align: justify\"><strong>Tansz\u00e9k: <\/strong>Ortop\u00e9diai Klinika 1952-1957 megb\u00edzottk\u00e9nt, 1957-1980.<\/p>\n<p style=\"text-align: justify\">Sz\u00fclei kiskeresked\u00e9st m\u0171k\u00f6dtettek, ami 1941-ben t\u00f6nkrement, majd 1944-ben, k\u00e9t l\u00e1nytestv\u00e9r\u00e9vel egy\u00fctt a holocaust \u00e1ldozataiv\u00e1 v\u00e1ltak. K\u00f6z\u00e9piskol\u00e1it Pesterzs\u00e9beten v\u00e9gezte, majd 1928-ban a Pr\u00e1gai N\u00e9met Egyetem Orvostudom\u00e1nyi Kar\u00e1ra iratkozott. 1932-ben Szegedre iratkozott \u00e1t, ahol 1935. janu\u00e1r 25-\u00e9n szerzett orvosdoktori diplom\u00e1t. 1933-t\u00f3l t\u00f6bb \u00edzben teljes\u00edtett r\u00f6videbb katonai szolg\u00e1latot z\u00e1szl\u00f3si rendfokozatban. 1942-t\u0151l m\u00e1r munkaszolg\u00e1latokra h\u00edvt\u00e1k be, de mindig az orsz\u00e1ghat\u00e1ron bel\u00fcl. 1936-ban a Nyomor\u00e9k Gyermekek Orsz\u00e1gos Otthon\u00e1ba ker\u00fclt seg\u00e9dorvosi beoszt\u00e1sba Zinner N\u00e1ndor mell\u00e9. 1939-ben r\u00e9szt vett a londoni Nyomor\u00e9k\u00fcgyi Vil\u00e1gkongresszuson. K\u00e9s\u0151bb alorvos, majd 1940-ben k\u00f3rh\u00e1zi adjunktusi kinevez\u00e9st nyert. 1940\/41-ben m\u00e1r ortop\u00e9d szakorvosk\u00e9nt szerepel, a k\u00e9pes\u00edt\u00e9s megszerz\u00e9s\u00e9nek k\u00f6zelebbi id\u0151pontja nem \u00e1llap\u00edthat\u00f3 meg. 1945-ben lett tagja az Orvos-Eg\u00e9szs\u00e9g\u00fcgyi Dolgoz\u00f3k Szakszervezet\u00e9nek, valamint az MKP-nek. P\u00e1rttags\u00e1g\u00e1t csak 1960-ban \u00faj\u00edtotta meg (MSZMP). 1948-ban UNO-\u00f6szt\u00f6nd\u00edjjal, a N\u00e9pj\u00f3l\u00e9ti Miniszt\u00e9rium javaslat\u00e1ra 3 h\u00f3napos tanulm\u00e1nyutat tett Angli\u00e1ban. 1951. m\u00e1rcius 1-j\u00e9n, mikor megalakult a BOTE Ortop\u00e9diai Klinik\u00e1ja, annak adjunktusa lett. 1955-ben docensi kinevez\u00e9st kapott. 1959. \u00e1prilis 16-\u00e1n az osteogenesis k\u00eds\u00e9rletes vizsg\u00e1lat\u00e1r\u00f3l \u00edrt disszert\u00e1ci\u00f3ja alapj\u00e1n elnyerte az orvostudom\u00e1nyok kandid\u00e1tusa fokozatot. A klinika vezet\u00e9s\u00e9re 1952. augusztus 22-\u00e9n kapott megb\u00edz\u00e1st, miut\u00e1n a kor\u00e1bbi igazgat\u00f3t, Zinner N\u00e1ndort lev\u00e1ltott\u00e1k \u00e9s fegyelmivel kiz\u00e1rt\u00e1k az MDP-b\u0151l. \u0150t ugyan 1957. febru\u00e1r 27-\u00e9n rehabilit\u00e1lt\u00e1k, \u00edgy visszakapta igazgat\u00f3i \u00e1ll\u00e1s\u00e1t, \u00edgy Glauber kor\u00e1bbi docensi beoszt\u00e1s\u00e1ba ker\u00fclt vissza, de 1957. j\u00fanius 28-\u00e1n v\u00e1ratlanul elhunyt, \u00edgy ism\u00e9t Galuber Andor ker\u00fclt a klinika \u00e9l\u00e9re. 1960 m\u00e1rcius\u00e1ban egyetemi tan\u00e1ri kinevez\u00e9st kapott. 1973-1983 k\u00f6z\u00f6tt az Orsz\u00e1gos Ortop\u00e9diai Int\u00e9zet igazgat\u00f3ja is volt. Fontos szerepet j\u00e1tszott abban, hogy a h\u00e1rom vid\u00e9ki orvosegyetemen is megindult az ortop\u00e9diai oktat\u00e1s, illetve megszervez\u0151d\u00f6tt az orsz\u00e1gos ortop\u00e9diai ell\u00e1t\u00e1s. Tudom\u00e1nyos munk\u00e1ss\u00e1ga a velesz\u00fcletett cs\u00edp\u0151ficam \u00e9s a csonttumorok diagnosztik\u00e1j\u00e1ra ir\u00e1nyult.<\/p>\n<p style=\"text-align: justify\">A Magyar Ortop\u00e9diai T\u00e1rsas\u00e1g alap\u00edt\u00f3, k\u00e9s\u0151bb (1983-ig) tiszteletbeli eln\u00f6ke volt. Tov\u00e1bbi t\u00e1rsas\u00e1gi tags\u00e1gai: International College of Surgeons, Soci\u00e9t\u00e9 Internationale de Chirurgie Orthop\u00e9dique et Traumatologique (SICOT), Magyar Rehabilit\u00e1ci\u00f3s T\u00e1rsas\u00e1g (vezet\u0151s\u00e9gi tag), Kor\u00e1nyi S\u00e1ndor T\u00e1rsas\u00e1g, Royal Medical Association (v\u00e1lasztott tag), International Society for Rehabilitation of the Disabled. Tagja volt tov\u00e1bb\u00e1 az Acta Chirurgica Hungarica, illetve az Ortopedija, Travmatologija i Protezirovanyije szerkeszt\u0151bizotts\u00e1ginak.<\/p>\n<p style=\"text-align: justify\">Kit\u00fcntet\u00e9sei: N\u00e9pk\u00f6zt\u00e1rsas\u00e1gi \u00c9rdem\u00e9rem ez\u00fcst fokozat (1948, 1950), Szocialista Munk\u00e1\u00e9rt \u00c9rdem\u00e9rem (1956), Munka \u00c9rdemrend arany fokozata (1970), Szocialista Magyarorsz\u00e1g\u00e9rt \u00c9rdemrend (1980).<\/p>\n<p style=\"text-align: justify\"><strong>F\u0151bb munk\u00e1i:<\/strong> Orthopaedia. Egyetemi tank\u00f6nyv. Bp., 1954<em>.; <\/em><em>Adatok a csontregener\u00e1ci\u00f3 k\u00e9rd\u00e9s\u00e9hez. <\/em>Bp., 1958.; <em>A gyakorl\u00f3 orvos orthopaedi\u00e1ja. <\/em>Bp., 1962.; A csonttumorok diagnosztik\u00e1ja. Bp., 1970.<\/p>\n<p style=\"text-align: justify\"><strong>Nyughelye:<\/strong> Budapest, Farkasr\u00e9ti temet\u0151 60-8\/0\/1\/106.<\/p>\n<p><strong><a href=\"https:\/\/semmelweis.hu\/baratikor\/galeria\/teljes-nevlista\/glauber-andor\/img_20200425_134220\/\" rel=\"attachment wp-att-1694\"><img loading=\"lazy\" decoding=\"async\" class=\"alignleft size-medium wp-image-1694\" src=\"https:\/\/semmelweis.hu\/baratikor\/files\/2023\/01\/IMG_20200425_134220-300x400.jpg\" alt=\"\" width=\"300\" height=\"400\" srcset=\"https:\/\/semmelweis.hu\/baratikor\/files\/2023\/01\/IMG_20200425_134220-300x400.jpg 300w, https:\/\/semmelweis.hu\/baratikor\/files\/2023\/01\/IMG_20200425_134220-768x1024.jpg 768w, https:\/\/semmelweis.hu\/baratikor\/files\/2023\/01\/IMG_20200425_134220-753x1004.jpg 753w, https:\/\/semmelweis.hu\/baratikor\/files\/2023\/01\/IMG_20200425_134220.jpg 1000w\" sizes=\"auto, (max-width: 300px) 100vw, 300px\" \/><\/a><\/strong><\/p>\n","protected":false},"excerpt":{"rendered":"<p><a href=\"https:\/\/semmelweis.hu\/baratikor\/galeria\/teljes-nevlista\/glauber-andor\/glauber-andor\/\" rel=\"attachment wp-att-1693\"><\/a> (J\u00e1szlad\u00e1ny, 1910. okt\u00f3ber 31. \u2013 Budapest, 1983. augusztus 24.) Tansz\u00e9k: Ortop\u00e9diai Klinika 1952-1957 megb\u00edzottk\u00e9nt, 1957-1980. Sz\u00fclei kiskeresked\u00e9st m\u0171k\u00f6dtettek, ami 1941-ben t\u00f6nkrement, majd 1944-ben, k\u00e9t l\u00e1nytestv\u00e9r\u00e9vel egy\u00fctt a holocaust \u00e1ldozataiv\u00e1 v\u00e1ltak. K\u00f6z\u00e9piskol\u00e1it Pesterzs\u00e9beten v\u00e9gezte, majd 1928-ban a Pr\u00e1gai N\u00e9met Egyetem Orvostudom\u00e1nyi Kar\u00e1ra iratkozott. 1932-ben Szegedre iratkozott \u00e1t, ahol 1935. janu\u00e1r 25-\u00e9n szerzett orvosdoktori diplom\u00e1t. 1933-t\u00f3l t\u00f6bb &hellip;<\/p>\n","protected":false},"author":282,"featured_media":5376,"parent":347,"menu_order":0,"comment_status":"closed","ping_status":"closed","template":"template-fullwidth.php","meta":{"_acf_changed":false,"footnotes":""},"categories":[77,14],"tags":[],"class_list":["post-1692","page","type-page","status-publish","has-post-thumbnail","hentry","category-kegyeleti-adattar","category-teljes-nevlista"],"acf":[],"_links":{"self":[{"href":"https:\/\/semmelweis.hu\/baratikor\/wp-json\/wp\/v2\/pages\/1692","targetHints":{"allow":["GET"]}}],"collection":[{"href":"https:\/\/semmelweis.hu\/baratikor\/wp-json\/wp\/v2\/pages"}],"about":[{"href":"https:\/\/semmelweis.hu\/baratikor\/wp-json\/wp\/v2\/types\/page"}],"author":[{"embeddable":true,"href":"https:\/\/semmelweis.hu\/baratikor\/wp-json\/wp\/v2\/users\/282"}],"replies":[{"embeddable":true,"href":"https:\/\/semmelweis.hu\/baratikor\/wp-json\/wp\/v2\/comments?post=1692"}],"version-history":[{"count":3,"href":"https:\/\/semmelweis.hu\/baratikor\/wp-json\/wp\/v2\/pages\/1692\/revisions"}],"predecessor-version":[{"id":1697,"href":"https:\/\/semmelweis.hu\/baratikor\/wp-json\/wp\/v2\/pages\/1692\/revisions\/1697"}],"up":[{"embeddable":true,"href":"https:\/\/semmelweis.hu\/baratikor\/wp-json\/wp\/v2\/pages\/347"}],"wp:featuredmedia":[{"embeddable":true,"href":"https:\/\/semmelweis.hu\/baratikor\/wp-json\/wp\/v2\/media\/5376"}],"wp:attachment":[{"href":"https:\/\/semmelweis.hu\/baratikor\/wp-json\/wp\/v2\/media?parent=1692"}],"wp:term":[{"taxonomy":"category","embeddable":true,"href":"https:\/\/semmelweis.hu\/baratikor\/wp-json\/wp\/v2\/categories?post=1692"},{"taxonomy":"post_tag","embeddable":true,"href":"https:\/\/semmelweis.hu\/baratikor\/wp-json\/wp\/v2\/tags?post=1692"}],"curies":[{"name":"wp","href":"https:\/\/api.w.org\/{rel}","templated":true}]}}