{"id":1690,"date":"2023-01-03T13:49:45","date_gmt":"2023-01-03T12:49:45","guid":{"rendered":"https:\/\/semmelweis.hu\/baratikor\/?page_id=1690"},"modified":"2023-01-03T13:49:45","modified_gmt":"2023-01-03T12:49:45","slug":"gilg-janos","status":"publish","type":"page","link":"https:\/\/semmelweis.hu\/baratikor\/galeria\/teljes-nevlista\/gilg-janos\/","title":{"rendered":"Gilg J\u00e1nos"},"content":{"rendered":"<p style=\"text-align: justify\"><strong>gilgenburgi Gilg J\u00e1nos <\/strong>(? &#8211; ?)<\/p>\n<p style=\"text-align: justify\"><strong>Viselt egyetemi m\u00e9lt\u00f3s\u00e1g: <\/strong>kari igazgat\u00f3 1770-1777.<\/p>\n<p style=\"text-align: justify\">Gilg J\u00e1nosr\u00f3l szinte semmilyen adattal nem rendelkez\u00fcnk. El\u0151neve alapj\u00e1n csal\u00e1dja az \u00e9szak-lengyelorsz\u00e1gi Gilgenburgb\u00f3l (ma Dabr\u00f3wno) sz\u00e1rmazik. Nagyszombat v\u00e1ros tiszti orvosa volt, s mint ilyen szolg\u00e1lt kari igazgat\u00f3k\u00e9nt az egyetemi orvoskar legels\u0151 \u00e9veiben. \u0150 is B\u00e9csben v\u00e9gzett van Swieten tan\u00edtv\u00e1nyak\u00e9nt, vagyis ugyanabb\u00f3l az &#8222;iskol\u00e1b\u00f3l&#8221; sz\u00e1rmazott, mint a kar els\u0151 tan\u00e1ri kara. Egy\u00fcttm\u0171k\u00f6d\u00e9se a kar tan\u00e1raival zavartalan, s\u0151t p\u00e9ldaszer\u0171 volt. 1775-ben, a kari igazgat\u00f3k k\u00f6z\u00fcl egyed\u00fcl, \u00e9vi 400 forint fizet\u00e9st \u00e9s tan\u00e1csosi c\u00edmet kapott a kir\u00e1lyn\u0151t\u0151l. Szolg\u00e1lata az egyetem Bud\u00e1ra k\u00f6lt\u00f6z\u00e9s\u00e9vel, 1777 nyar\u00e1n v\u00e9get \u00e9rt.<\/p>\n<p style=\"text-align: justify\"><strong>F\u0151bb munk\u00e1i:<\/strong> nem ismertek.<\/p>\n<p style=\"text-align: justify\"><strong>Nyughelye:<\/strong> ismeretlen.<\/p>\n","protected":false},"excerpt":{"rendered":"<p>gilgenburgi Gilg J\u00e1nos (? &#8211; ?) Viselt egyetemi m\u00e9lt\u00f3s\u00e1g: kari igazgat\u00f3 1770-1777. Gilg J\u00e1nosr\u00f3l szinte semmilyen adattal nem rendelkez\u00fcnk. El\u0151neve alapj\u00e1n csal\u00e1dja az \u00e9szak-lengyelorsz\u00e1gi Gilgenburgb\u00f3l (ma Dabr\u00f3wno) sz\u00e1rmazik. Nagyszombat v\u00e1ros tiszti orvosa volt, s mint ilyen szolg\u00e1lt kari igazgat\u00f3k\u00e9nt az egyetemi orvoskar legels\u0151 \u00e9veiben. \u0150 is B\u00e9csben v\u00e9gzett van Swieten tan\u00edtv\u00e1nyak\u00e9nt, vagyis ugyanabb\u00f3l az &#8222;iskol\u00e1b\u00f3l&#8221; &hellip;<\/p>\n","protected":false},"author":282,"featured_media":0,"parent":347,"menu_order":0,"comment_status":"closed","ping_status":"closed","template":"template-fullwidth.php","meta":{"_acf_changed":false,"footnotes":""},"categories":[14],"tags":[],"class_list":["post-1690","page","type-page","status-publish","hentry","category-teljes-nevlista"],"acf":[],"_links":{"self":[{"href":"https:\/\/semmelweis.hu\/baratikor\/wp-json\/wp\/v2\/pages\/1690","targetHints":{"allow":["GET"]}}],"collection":[{"href":"https:\/\/semmelweis.hu\/baratikor\/wp-json\/wp\/v2\/pages"}],"about":[{"href":"https:\/\/semmelweis.hu\/baratikor\/wp-json\/wp\/v2\/types\/page"}],"author":[{"embeddable":true,"href":"https:\/\/semmelweis.hu\/baratikor\/wp-json\/wp\/v2\/users\/282"}],"replies":[{"embeddable":true,"href":"https:\/\/semmelweis.hu\/baratikor\/wp-json\/wp\/v2\/comments?post=1690"}],"version-history":[{"count":1,"href":"https:\/\/semmelweis.hu\/baratikor\/wp-json\/wp\/v2\/pages\/1690\/revisions"}],"predecessor-version":[{"id":1691,"href":"https:\/\/semmelweis.hu\/baratikor\/wp-json\/wp\/v2\/pages\/1690\/revisions\/1691"}],"up":[{"embeddable":true,"href":"https:\/\/semmelweis.hu\/baratikor\/wp-json\/wp\/v2\/pages\/347"}],"wp:attachment":[{"href":"https:\/\/semmelweis.hu\/baratikor\/wp-json\/wp\/v2\/media?parent=1690"}],"wp:term":[{"taxonomy":"category","embeddable":true,"href":"https:\/\/semmelweis.hu\/baratikor\/wp-json\/wp\/v2\/categories?post=1690"},{"taxonomy":"post_tag","embeddable":true,"href":"https:\/\/semmelweis.hu\/baratikor\/wp-json\/wp\/v2\/tags?post=1690"}],"curies":[{"name":"wp","href":"https:\/\/api.w.org\/{rel}","templated":true}]}}