{"id":1685,"date":"2023-01-03T13:47:43","date_gmt":"2023-01-03T12:47:43","guid":{"rendered":"https:\/\/semmelweis.hu\/baratikor\/?page_id=1685"},"modified":"2023-07-03T14:40:29","modified_gmt":"2023-07-03T12:40:29","slug":"gero-sandor","status":"publish","type":"page","link":"https:\/\/semmelweis.hu\/baratikor\/galeria\/teljes-nevlista\/gero-sandor\/","title":{"rendered":"Ger\u0151 S\u00e1ndor"},"content":{"rendered":"<p style=\"text-align: justify\"><strong><a href=\"https:\/\/semmelweis.hu\/baratikor\/galeria\/teljes-nevlista\/gero-sandor\/gero-sandor\/\" rel=\"attachment wp-att-1686\"><img loading=\"lazy\" decoding=\"async\" class=\"alignleft size-medium wp-image-1686\" src=\"https:\/\/semmelweis.hu\/baratikor\/files\/2023\/01\/Gero-Sandor-292x400.jpg\" alt=\"\" width=\"292\" height=\"400\" srcset=\"https:\/\/semmelweis.hu\/baratikor\/files\/2023\/01\/Gero-Sandor-292x400.jpg 292w, https:\/\/semmelweis.hu\/baratikor\/files\/2023\/01\/Gero-Sandor.jpg 731w\" sizes=\"auto, (max-width: 292px) 100vw, 292px\" \/><\/a> (Budapest, 1904. \u00e1prilis 12. \u2013 Budapest, 1992. j\u00falius 28.)<\/strong><\/p>\n<p style=\"text-align: justify\"><strong>Tansz\u00e9k: <\/strong>III. sz. Belgy\u00f3gy\u00e1szati Klinika 1959-1974 (1961-ig megb\u00edzottk\u00e9nt).<\/p>\n<p style=\"text-align: justify\">Polg\u00e1ri csal\u00e1db\u00f3l sz\u00e1rmazik, \u00e9desapja k\u00f6nyvszak\u00e9rt\u0151 volt. A kir. m. P\u00e1zm\u00e1ny P\u00e9ter Tudom\u00e1nyegyetemen 1928. okt\u00f3ber 27-\u00e9n kapott orvosdoktori diplom\u00e1t. Ezut\u00e1n a Pesti Izraelita Hitk\u00f6zs\u00e9g Szabolcs utcai k\u00f3rh\u00e1z\u00e1nak, Fodor Imre vezette belgy\u00f3gy\u00e1szati oszt\u00e1ly\u00e1n helyezkedett el, el\u0151bb mint externista, majd seg\u00e9dorvos. 1932-ben belgy\u00f3gy\u00e1sz szakvizsg\u00e1t tett, 1934-ben alorvoss\u00e1 l\u00e9pett el\u0151. 1936-t\u00f3l tudom\u00e1nyos asszisztensk\u00e9nt szolg\u00e1lt ugyanott, egyidej\u0171leg pedig a B\u00e1rsony Tivadar vezette K\u00f6zponti R\u00f6ntgen Int\u00e9zetben volt szakorvosjel\u00f6lt. 1942-ben megszerezte a sugaras elj\u00e1r\u00e1sok szakorvosa k\u00e9pes\u00edt\u00e9st is. 1942 j\u00falius\u00e1ban munkaszolg\u00e1latra h\u00edvt\u00e1k be \u00e9s a keleti frontra ker\u00fclt, ahonnan 1944 febru\u00e1rj\u00e1ban t\u00e9rt vissza, majd folytatta k\u00f3rh\u00e1zi munk\u00e1j\u00e1t. A nyilas hatalom\u00e1tv\u00e9tel ut\u00e1n, okt\u00f3berben s\u00e1ncmunk\u00e1ra rendelt\u00e9k ki, majd innen Buchenwaldba deport\u00e1lt\u00e1k. 1945 j\u00falius\u00e1ban siker\u00fclt hazat\u00e9rnie, majd ism\u00e9t munk\u00e1ba \u00e1llt a Szabolcs utc\u00e1ban. Ugyanebben az \u00e9vben bel\u00e9pett a Magyar Kommunista P\u00e1rtba, p\u00e1rttags\u00e1ga ett\u0151l kezdve folyamatos (MDP, MSZMP) volt. 1946. febru\u00e1rt\u00f3l az OTI-hoz tartoz\u00f3 hitelbanki v\u00e1llalati p\u00e9nzt\u00e1r belgy\u00f3gy\u00e1sz f\u0151orvosak\u00e9nt m\u0171k\u00f6d\u00f6tt. 1948. \u00e1prilis elej\u00e9n \u00e1tker\u00fclt a II. sz. Belklinik\u00e1ra, tan\u00e1rseg\u00e9di beoszt\u00e1sba. 1950 okt\u00f3ber\u00e9ben az akkor szervez\u0151d\u0151 III. sz. Belklinik\u00e1ra kapott adjunktusi kinevez\u00e9st. Mag\u00e1ban a szervez\u0151 munk\u00e1ban is r\u00e9szt vett, mint igazgat\u00f3helyettes. 1956-ban a Tudom\u00e1nyos Min\u0151s\u00edt\u0151 Bizotts\u00e1g felsz\u00f3l\u00edt\u00e1s\u00e1ra, a vizsg\u00e1k mell\u0151z\u00e9s\u00e9vel disszert\u00e1ci\u00f3t ny\u00fajtott be (<em>Adatok a heparin antilipaemi\u00e1s hat\u00e1s\u00e1hoz<\/em>), \u00e9s szeptemberben elnyerte az orvostudom\u00e1nyok kandid\u00e1tusa fokozatot. 1957. j\u00fanius 1-j\u00e9n docensi kinevez\u00e9st kapott. 1959. \u00e1prilis 15-\u00e9n megb\u00edz\u00e1st kapott a klinika vezet\u00e9s\u00e9re. Egyetemi tan\u00e1ri kinevez\u00e9s\u00e9t 1961 j\u00fanius\u00e1ban, a klinikaigazgat\u00f3i kinevez\u00e9st j\u00falius 18-\u00e1n kapta meg. 1962 november\u00e9ben ny\u00fajtotta be <em>Az atherosclerosis kutat\u00e1s f\u0151 k\u00e9rd\u00e9sei <\/em>c. doktori disszert\u00e1ci\u00f3j\u00e1t, melynek 1963-ban t\u00f6rt\u00e9nt megv\u00e9d\u00e9se ut\u00e1n elnyerte az orvostudom\u00e1nyok doktora fokozatot. 1973-t\u00f3l vezette az Atherosclerosis Kutat\u00f3csoportot. 1974. december 31-\u00e9n vonult nyug\u00e1llom\u00e1nyba.<\/p>\n<p style=\"text-align: justify\">F\u0151 kutat\u00e1si ter\u00fcletei az endokrinol\u00f3gia \u00e9s az anyagcsere k\u00f6r\u00e9be tartoz\u00f3 vizsg\u00e1latok, a h\u0151munka k\u00f3r\u00e9lettana \u00e9s a \u201ecold-pressor\u201d test hat\u00e1smechanizmus\u00e1ra vonatkoz\u00f3 vizsg\u00e1latok voltak. 1953 \u00f3ta figyelme az atherosclerosis pathogenezise \u00e9s ter\u00e1pi\u00e1ja fel\u00e9 fordult. K\u00fclf\u00f6ld\u00f6n is figyelmet kelt\u0151 eredm\u00e9nyeket \u00e9rt el az \u00e9relv\u00e1ltoz\u00e1sok immunol\u00f3giai kutat\u00e1s\u00e1ban, immuniz\u00e1l\u00e1si elj\u00e1r\u00e1st dolgozott ki a felszaporodott lipoproteinek ellen. Az \u00fan. Q-l\u00e1zat haz\u00e1nkban els\u0151k\u00e9nt \u00edrta le. 1974-ben a Munka \u00c9rdemrend arany fokozat\u00e1val t\u00fcntett\u00e9k ki. Az MTA Biol\u00f3giai T\u00e1rsas\u00e1ga Gerontol\u00f3giai Szakoszt\u00e1ly\u00e1nak eln\u00f6ke, a TMB Orvosi Klinikai Szakbizotts\u00e1g tagja, az ETT Belgy\u00f3gy\u00e1szati Szakbizotts\u00e1g tagja, a washingtoni sz\u00e9khely\u0171 American College of Cardiology, valamint a londoni Royal Society of Medicine \u00e9s a p\u00e1rizsi Soci\u00e9t\u00e9 de l\u2019Ath\u00e9rosclerose tagja, illetve a Lengyel Kardiol\u00f3giai T\u00e1rsas\u00e1g tiszteletbeli tagja volt. Helyet kapott az amszterdami Journal of Atherosclerosis Research szerkeszt\u0151bizotts\u00e1g\u00e1ban.<\/p>\n<p style=\"text-align: justify\"><strong>F\u0151bb munk\u00e1i:<\/strong> Vizsg\u00e1latok a v\u00e9rsz\u00e9rum atoxylresistens lipas\u00e9j\u00e1nak klinikai jelent\u0151s\u00e9g\u00e9r\u0151l (Kunos Istv\u00e1nnal). In: Gy\u00f3gy\u00e1szat, 1930.; A Q-l\u00e1z el\u0151fordul\u00e1sa Magyarorsz\u00e1gon (Farkas Elekkel, Tak\u00e1tsy Gyul\u00e1val). In: Orvosi Hetilap, 1950:23.; Adatok a heparin antilip\u00e9mi\u00e1s hat\u00e1s\u00e1hoz. Kandid\u00e1tusi \u00e9rtekez\u00e9s. Bp., 1956.; A XVII. transzport. \u00c9lm\u00e9nyreg\u00e9ny a v\u00e9szkorszakb\u00f3l. Tel Aviv, 1957.; Q-l\u00e1z. \u00dajabb fert\u0151z\u0151 betegs\u00e9gek. Bp., 1957.; Complex Formation in vitro between Mucopolysaccharides from Atherosclerotic Aortic Intimas and Plasma b-lipoprotein and Fibrinogen. (et al.) In: Journal of Atherosclerosis Research, 1961.; Az atherosclerosis kutat\u00e1s f\u0151 k\u00e9rd\u00e9sei. Doktori \u00e9rtekez\u00e9s. Bp., 1963.; A sz\u00edv \u00e9s \u00e9rrendszer betegs\u00e9geinek allergi\u00e1s \u00e9s autoimmun vonatkoz\u00e1sai (Sz\u00e9kely Judittal). Magyar Belorvosi Archivum, 1973.<\/p>\n<p style=\"text-align: justify\"><strong>Nyughelye:<\/strong> Budapest, Kozma utcai izraelita temet\u0151, 5B 1-13.<\/p>\n<p><strong><a href=\"https:\/\/semmelweis.hu\/baratikor\/galeria\/teljes-nevlista\/gero-sandor\/gero-sandor-kozma-utcai-temeto\/\" rel=\"attachment wp-att-1687\"><img loading=\"lazy\" decoding=\"async\" class=\"alignleft size-medium wp-image-1687\" src=\"https:\/\/semmelweis.hu\/baratikor\/files\/2023\/01\/Gero-Sandor-Kozma-utcai-temeto-297x400.jpg\" alt=\"\" width=\"297\" height=\"400\" srcset=\"https:\/\/semmelweis.hu\/baratikor\/files\/2023\/01\/Gero-Sandor-Kozma-utcai-temeto-297x400.jpg 297w, https:\/\/semmelweis.hu\/baratikor\/files\/2023\/01\/Gero-Sandor-Kozma-utcai-temeto.jpg 743w\" sizes=\"auto, (max-width: 297px) 100vw, 297px\" \/><\/a><\/strong><\/p>\n","protected":false},"excerpt":{"rendered":"<p><a href=\"https:\/\/semmelweis.hu\/baratikor\/galeria\/teljes-nevlista\/gero-sandor\/gero-sandor\/\" rel=\"attachment wp-att-1686\"><\/a> (Budapest, 1904. \u00e1prilis 12. \u2013 Budapest, 1992. j\u00falius 28.) Tansz\u00e9k: III. sz. Belgy\u00f3gy\u00e1szati Klinika 1959-1974 (1961-ig megb\u00edzottk\u00e9nt). Polg\u00e1ri csal\u00e1db\u00f3l sz\u00e1rmazik, \u00e9desapja k\u00f6nyvszak\u00e9rt\u0151 volt. A kir. m. P\u00e1zm\u00e1ny P\u00e9ter Tudom\u00e1nyegyetemen 1928. okt\u00f3ber 27-\u00e9n kapott orvosdoktori diplom\u00e1t. Ezut\u00e1n a Pesti Izraelita Hitk\u00f6zs\u00e9g Szabolcs utcai k\u00f3rh\u00e1z\u00e1nak, Fodor Imre vezette belgy\u00f3gy\u00e1szati oszt\u00e1ly\u00e1n helyezkedett el, el\u0151bb mint externista, majd seg\u00e9dorvos. &hellip;<\/p>\n","protected":false},"author":282,"featured_media":4843,"parent":347,"menu_order":0,"comment_status":"closed","ping_status":"closed","template":"template-fullwidth.php","meta":{"_acf_changed":false,"footnotes":""},"categories":[77,14],"tags":[],"class_list":["post-1685","page","type-page","status-publish","has-post-thumbnail","hentry","category-kegyeleti-adattar","category-teljes-nevlista"],"acf":[],"_links":{"self":[{"href":"https:\/\/semmelweis.hu\/baratikor\/wp-json\/wp\/v2\/pages\/1685","targetHints":{"allow":["GET"]}}],"collection":[{"href":"https:\/\/semmelweis.hu\/baratikor\/wp-json\/wp\/v2\/pages"}],"about":[{"href":"https:\/\/semmelweis.hu\/baratikor\/wp-json\/wp\/v2\/types\/page"}],"author":[{"embeddable":true,"href":"https:\/\/semmelweis.hu\/baratikor\/wp-json\/wp\/v2\/users\/282"}],"replies":[{"embeddable":true,"href":"https:\/\/semmelweis.hu\/baratikor\/wp-json\/wp\/v2\/comments?post=1685"}],"version-history":[{"count":2,"href":"https:\/\/semmelweis.hu\/baratikor\/wp-json\/wp\/v2\/pages\/1685\/revisions"}],"predecessor-version":[{"id":1689,"href":"https:\/\/semmelweis.hu\/baratikor\/wp-json\/wp\/v2\/pages\/1685\/revisions\/1689"}],"up":[{"embeddable":true,"href":"https:\/\/semmelweis.hu\/baratikor\/wp-json\/wp\/v2\/pages\/347"}],"wp:featuredmedia":[{"embeddable":true,"href":"https:\/\/semmelweis.hu\/baratikor\/wp-json\/wp\/v2\/media\/4843"}],"wp:attachment":[{"href":"https:\/\/semmelweis.hu\/baratikor\/wp-json\/wp\/v2\/media?parent=1685"}],"wp:term":[{"taxonomy":"category","embeddable":true,"href":"https:\/\/semmelweis.hu\/baratikor\/wp-json\/wp\/v2\/categories?post=1685"},{"taxonomy":"post_tag","embeddable":true,"href":"https:\/\/semmelweis.hu\/baratikor\/wp-json\/wp\/v2\/tags?post=1685"}],"curies":[{"name":"wp","href":"https:\/\/api.w.org\/{rel}","templated":true}]}}