{"id":1680,"date":"2023-01-03T13:45:00","date_gmt":"2023-01-03T12:45:00","guid":{"rendered":"https:\/\/semmelweis.hu\/baratikor\/?page_id=1680"},"modified":"2023-07-03T14:39:28","modified_gmt":"2023-07-03T12:39:28","slug":"german-tibor","status":"publish","type":"page","link":"https:\/\/semmelweis.hu\/baratikor\/galeria\/teljes-nevlista\/german-tibor\/","title":{"rendered":"Germ\u00e1n Tibor"},"content":{"rendered":"<p style=\"text-align: justify\"><strong><a href=\"https:\/\/semmelweis.hu\/baratikor\/galeria\/teljes-nevlista\/german-tibor\/german-tibor\/\" rel=\"attachment wp-att-1681\"><img loading=\"lazy\" decoding=\"async\" class=\"alignleft size-medium wp-image-1681\" src=\"https:\/\/semmelweis.hu\/baratikor\/files\/2023\/01\/German-Tibor-285x400.jpg\" alt=\"\" width=\"285\" height=\"400\" srcset=\"https:\/\/semmelweis.hu\/baratikor\/files\/2023\/01\/German-Tibor-285x400.jpg 285w, https:\/\/semmelweis.hu\/baratikor\/files\/2023\/01\/German-Tibor.jpg 712w\" sizes=\"auto, (max-width: 285px) 100vw, 285px\" \/><\/a>(Balassagyarmat, 1888. okt\u00f3ber 25. \u2013 Budapest, 1951. febru\u00e1r 12.)<\/strong><\/p>\n<p style=\"text-align: justify\"><strong>Tansz\u00e9k: <\/strong>Orr- g\u00e9ge- f\u00fclklinika 1945-1951.<\/p>\n<p style=\"text-align: justify\">Eredeti csal\u00e1dneve Gutwillig, amit 1911-ben Germ\u00e1nra magyaros\u00edtott. Orvosi oklevel\u00e9t a budapesti orvoskaron 1911. november 4-\u00e9n m\u00e9g Gutwillig n\u00e9vre \u00e1ll\u00edtott\u00e1k ki. V\u00e9gz\u00e9se ut\u00e1n a Bakteriol\u00f3giai Int\u00e9zetben, majd a F\u00fcl\u00e9szeti Klinik\u00e1n gyakornokoskodott, 1918-ban tan\u00e1rseg\u00e9dd\u00e9 l\u00e9pett el\u0151. 1932-ben mag\u00e1ntan\u00e1ri habilit\u00e1ci\u00f3t szerzett a f\u00fcl\u00e9szeti diagnosztika t\u00e1rgyk\u00f6r\u00e9ben. 1933-t\u00f3l az Apponyi Poliklinika f\u0151orvosak\u00e9nt m\u0171k\u00f6d\u00f6tt. Budapest n\u00e9met megsz\u00e1ll\u00e1sa idej\u00e9n feles\u00e9ge, a h\u00edres sz\u00edn\u00e9szn\u0151, Bajor Gizi rejtegette. 1945-ben \u00e1tvette a P\u00e1zm\u00e1ny P\u00e9ter Tudom\u00e1nyegyetem Orr- g\u00e9ge- f\u00fclklinik\u00e1j\u00e1nak vezet\u00e9s\u00e9t. M\u0171t\u00e9ttannal, fert\u0151z\u0151 betegs\u00e9gek g\u00e9g\u00e9szeti k\u00f6vetkezm\u00e9nyeivel foglalkozott. F\u0151 kutat\u00e1si ter\u00fclete az otog\u00e9n agyi komplik\u00e1ci\u00f3k, az otolith szerep\u00e9nek vizsg\u00e1lata, \u00e9lettana, a vestibularis rendszer diagnosztik\u00e1ja. M\u0171t\u00e9ti elj\u00e1r\u00e1st dolgozott ki a g\u00e9ge f\u00e9loldali kiirt\u00e1s\u00e1ra. M\u00f3dos\u00edtott elj\u00e1r\u00e1sa a calori\u00e1s vestibularis reactio vizsg\u00e1lat\u00e1ra sok\u00e1ig volt haszn\u00e1latos. 1951-re elm\u00e9je elborult \u00e9s feles\u00e9g\u00e9vel egy\u00fctt \u00f6ngyilkoss\u00e1got k\u00f6vetett el. M\u00e1s forr\u00e1s szerint csak \u0151 maga lett \u00f6ngyilkos, miut\u00e1n feles\u00e9g\u00e9vel v\u00e9gzett.<\/p>\n<p style=\"text-align: justify\"><strong>F\u0151bb munk\u00e1i:<\/strong> <em>Adatok az otholithk\u00e9sz\u00fcl\u00e9k megbeteged\u00e9s\u00e9nek t\u00fcnettan\u00e1hoz. <\/em>Bp., 1924.; <em>Friedlanderotitis mint jellegzetes&#8230; <\/em>Bp., 192.); <em>Tamptonotitisek klinik\u00e1ja \u00e9s bakteriol\u00f3gi\u00e1ja. <\/em>Bp., 1929.; <em>A f\u00fclf\u00e1jdalmakr\u00f3l. <\/em>Bp., 1931.; <em>A vestibularis functio vizsg\u00e1lat\u00e1nak mai \u00e1ll\u00e1sa. <\/em>Bp., 1937.; <em>A labyrintfenestrati\u00f3r\u00f3l. <\/em>Bp., 1941.; <em>A nagyothall\u00e1sr\u00f3l. <\/em>Bp., 1943.; <em>Tapasztalatok a f\u00e9l g\u00e9ge kiirt\u00e1s\u00e1r\u00f3l. <\/em>Bp., 1945.<\/p>\n<p style=\"text-align: justify\"><strong>Nyughelye:<\/strong> Budapest, Farkasr\u00e9ti temet\u0151 TEMP-ARK\/0\/0\/11 (Bajor Gizivel).<\/p>\n","protected":false},"excerpt":{"rendered":"<p><a href=\"https:\/\/semmelweis.hu\/baratikor\/galeria\/teljes-nevlista\/german-tibor\/german-tibor\/\" rel=\"attachment wp-att-1681\"><\/a> (Balassagyarmat, 1888. okt\u00f3ber 25. \u2013 Budapest, 1951. febru\u00e1r 12.) Tansz\u00e9k: Orr- g\u00e9ge- f\u00fclklinika 1945-1951. Eredeti csal\u00e1dneve Gutwillig, amit 1911-ben Germ\u00e1nra magyaros\u00edtott. Orvosi oklevel\u00e9t a budapesti orvoskaron 1911. november 4-\u00e9n m\u00e9g Gutwillig n\u00e9vre \u00e1ll\u00edtott\u00e1k ki. V\u00e9gz\u00e9se ut\u00e1n a Bakteriol\u00f3giai Int\u00e9zetben, majd a F\u00fcl\u00e9szeti Klinik\u00e1n gyakornokoskodott, 1918-ban tan\u00e1rseg\u00e9dd\u00e9 l\u00e9pett el\u0151. 1932-ben mag\u00e1ntan\u00e1ri habilit\u00e1ci\u00f3t szerzett a f\u00fcl\u00e9szeti diagnosztika &hellip;<\/p>\n","protected":false},"author":282,"featured_media":4842,"parent":347,"menu_order":0,"comment_status":"closed","ping_status":"closed","template":"template-fullwidth.php","meta":{"_acf_changed":false,"footnotes":""},"categories":[77,14],"tags":[],"class_list":["post-1680","page","type-page","status-publish","has-post-thumbnail","hentry","category-kegyeleti-adattar","category-teljes-nevlista"],"acf":[],"_links":{"self":[{"href":"https:\/\/semmelweis.hu\/baratikor\/wp-json\/wp\/v2\/pages\/1680","targetHints":{"allow":["GET"]}}],"collection":[{"href":"https:\/\/semmelweis.hu\/baratikor\/wp-json\/wp\/v2\/pages"}],"about":[{"href":"https:\/\/semmelweis.hu\/baratikor\/wp-json\/wp\/v2\/types\/page"}],"author":[{"embeddable":true,"href":"https:\/\/semmelweis.hu\/baratikor\/wp-json\/wp\/v2\/users\/282"}],"replies":[{"embeddable":true,"href":"https:\/\/semmelweis.hu\/baratikor\/wp-json\/wp\/v2\/comments?post=1680"}],"version-history":[{"count":3,"href":"https:\/\/semmelweis.hu\/baratikor\/wp-json\/wp\/v2\/pages\/1680\/revisions"}],"predecessor-version":[{"id":1684,"href":"https:\/\/semmelweis.hu\/baratikor\/wp-json\/wp\/v2\/pages\/1680\/revisions\/1684"}],"up":[{"embeddable":true,"href":"https:\/\/semmelweis.hu\/baratikor\/wp-json\/wp\/v2\/pages\/347"}],"wp:featuredmedia":[{"embeddable":true,"href":"https:\/\/semmelweis.hu\/baratikor\/wp-json\/wp\/v2\/media\/4842"}],"wp:attachment":[{"href":"https:\/\/semmelweis.hu\/baratikor\/wp-json\/wp\/v2\/media?parent=1680"}],"wp:term":[{"taxonomy":"category","embeddable":true,"href":"https:\/\/semmelweis.hu\/baratikor\/wp-json\/wp\/v2\/categories?post=1680"},{"taxonomy":"post_tag","embeddable":true,"href":"https:\/\/semmelweis.hu\/baratikor\/wp-json\/wp\/v2\/tags?post=1680"}],"curies":[{"name":"wp","href":"https:\/\/api.w.org\/{rel}","templated":true}]}}