{"id":1675,"date":"2023-01-03T13:37:17","date_gmt":"2023-01-03T12:37:17","guid":{"rendered":"https:\/\/semmelweis.hu\/baratikor\/?page_id=1675"},"modified":"2023-07-03T14:37:39","modified_gmt":"2023-07-03T12:37:39","slug":"gerloczy-ferenc-albert","status":"publish","type":"page","link":"https:\/\/semmelweis.hu\/baratikor\/galeria\/teljes-nevlista\/gerloczy-ferenc-albert\/","title":{"rendered":"Gerl\u00f3czy Ferenc Albert"},"content":{"rendered":"<p style=\"text-align: justify\"><strong> <a href=\"https:\/\/semmelweis.hu\/baratikor\/galeria\/teljes-nevlista\/gerloczy-ferenc-albert\/gerloczy-ferenc\/\" rel=\"attachment wp-att-1677\"><img loading=\"lazy\" decoding=\"async\" class=\"alignleft size-medium wp-image-1677\" src=\"https:\/\/semmelweis.hu\/baratikor\/files\/2023\/01\/Gerloczy-Ferenc-280x400.jpg\" alt=\"\" width=\"280\" height=\"400\" srcset=\"https:\/\/semmelweis.hu\/baratikor\/files\/2023\/01\/Gerloczy-Ferenc-280x400.jpg 280w, https:\/\/semmelweis.hu\/baratikor\/files\/2023\/01\/Gerloczy-Ferenc.jpg 701w\" sizes=\"auto, (max-width: 280px) 100vw, 280px\" \/><\/a>Gerl\u00f3czy Ferenc Albert, gerl\u00f3czi \u00e9s als\u00f3viszokai (Budapest, 1911. okt\u00f3ber 23. \u2013 Budapest, 1990. m\u00e1rcius 12.)<\/strong><\/p>\n<p style=\"text-align: justify\"><strong>Tansz\u00e9k: <\/strong>I. sz. Gyermekgy\u00f3gy\u00e1szati Klinika 1971-1981.<\/p>\n<p style=\"text-align: justify\">\u00c9desapj\u00e1t, aki a M\u00c1V egyik igazgat\u00f3ja volt, kora gyermekkor\u00e1ban elvesz\u00edtette. 1922-t\u0151l Gerl\u00f3czy Zsigmond k\u00f6zk\u00f3rh\u00e1zi igazgat\u00f3 f\u0151orvos nevelte, aki 1937-ben, \u00e9desanyja 1944-ben hunyt el. Orvosi diplom\u00e1t 1935. szeptember 21-\u00e9n kapott a kir. m. P\u00e1zm\u00e1ny P\u00e9ter Tudom\u00e1nyegyetemen, de m\u00e1r 1930 elej\u00e9t\u0151l demonstr\u00e1tork\u00e9nt m\u0171k\u00f6d\u00f6tt az I. sz. Anat\u00f3miai Int\u00e9zetben, ahol Lenhoss\u00e9k Mih\u00e1ly vezet\u00e9s\u00e9vel hisztogenetikai kutat\u00e1sokat v\u00e9gzett. K\u00f6zvetlen\u00fcl orvoss\u00e1 avat\u00e1sa ut\u00e1n, 1935. szeptember 23-t\u00f3l a Gyermekgy\u00f3gy\u00e1szati Klinik\u00e1n m\u0171k\u00f6d\u00f6tt, mint externista gyakornok, 1936. november 1-t\u0151l d\u00edjtalan gyakornok, 1939. szeptember 1-t\u0151l fizet\u00e9stelen tan\u00e1rseg\u00e9d. 1939. december 15-\u00e9n csecsem\u0151- \u00e9s gyermekgy\u00f3gy\u00e1szati szakvizsg\u00e1t tett. 1943. febru\u00e1r 1-j\u00e9t\u0151l fizet\u00e9stelen tan\u00e1rseg\u00e9d d\u00edjas gyakornok besorol\u00e1st nyert. 1944 augusztus\u00e1ban honv\u00e9delmi munkaszolg\u00e1latra Sziksz\u00f3ra rendelt\u00e9k, ahol k\u00f6rorvosk\u00e9nt szolg\u00e1lt. A front \u00e1tvonul\u00e1sakor egyed\u00fcli orvosk\u00e9nt szervezte a h\u00e1trahagyott sebes\u00fcltek \u00e9s betegek ell\u00e1t\u00e1s\u00e1t. 1944. november 30-t\u00f3l az Aba\u00faj-Torna megyei Nemzeti Bizotts\u00e1g megb\u00edz\u00e1s\u00e1b\u00f3l 6 h\u00f3napon \u00e1t megyei tiszti f\u0151orvosk\u00e9nt m\u0171k\u00f6d\u00f6tt. A ki\u00fct\u00e9ses t\u00edfusz 1945. janu\u00e1ri megjelen\u00e9sekor j\u00e1rv\u00e1nyk\u00f3rh\u00e1zat l\u00e9tes\u00edtett, \u00edgy siker\u00fclt megakad\u00e1lyozni a j\u00e1rv\u00e1ny kit\u00f6r\u00e9s\u00e9t. Tiszti f\u0151orvosi teend\u0151i mellett 1946. szeptember 1-j\u00e9ig a sziksz\u00f3i II. R\u00e1k\u00f3czi Ferenc v\u00e1rmegyei k\u00f6zk\u00f3rh\u00e1z megb\u00edzott igazgat\u00f3 f\u0151orvosa is volt. 1944 december\u00e9ben Sziksz\u00f3n csatlakozott a Szoci\u00e1ldemokrata P\u00e1rthoz, melynek egyik helyi szervez\u0151je lett. P\u00e1rttags\u00e1ga ett\u0151l kezdve folyamatos volt (MDP, MSZMP), id\u0151nk\u00e9nt vezet\u0151s\u00e9gi feladatokat (szervez\u0151 titk\u00e1r, v\u00e1lasztm\u00e1nyi tag, Fegyelmi Bizotts\u00e1g eln\u00f6ke stb.) is ell\u00e1tott. Budapestre visszat\u00e9rve klinikai \u00e1ll\u00e1s\u00e1ban szolg\u00e1lt tov\u00e1bb. 1948. szeptember 30-\u00e1n (m\u00e1s forr\u00e1s szerint j\u00falius 6.) mag\u00e1ntan\u00e1ri k\u00e9pes\u00edt\u00e9st szerzett a csecsem\u0151gy\u00f3gy\u00e1szati diagnosztika t\u00e1rgyk\u00f6r\u00e9ben. 1949. janu\u00e1r 1-j\u00e9t\u0151l fizet\u00e9stelen adjunktus \u00e9s fizet\u00e9ses tan\u00e1rseg\u00e9d, majd \u00e1prilis 1-t\u0151l fizet\u00e9ses adjunktus lett. 1952. okt\u00f3ber 15-\u00e9n megszerezte az orvostudom\u00e1nyok kandid\u00e1tusa fokozatot. 1953. j\u00fanius 1-j\u00e9n egyetemi docenss\u00e9, majd 1956. szeptember 1-j\u00e9n egyetemi tan\u00e1rr\u00e1 nevezt\u00e9k ki. 1963-t\u00f3l r\u00e9szt vett az MSZMP K\u00f6zponti Bizotts\u00e1g\u00e1nak Tudom\u00e1nyos \u00e9s Kultur\u00e1lis Oszt\u00e1lya munk\u00e1j\u00e1ban. 1971. j\u00falius 1-j\u00e9n nevezt\u00e9k ki az I. sz. Gyermekgy\u00f3gy\u00e1szati Klinika igazgat\u00f3j\u00e1v\u00e1, mely feladatk\u00f6rt 1981-es nyugd\u00edjba vonul\u00e1s\u00e1ig l\u00e1tott el.<\/p>\n<p style=\"text-align: justify\">Tudom\u00e1nyos munk\u00e1ss\u00e1ga az \u00fajsz\u00fcl\u00f6tt \u00e9s csecsem\u0151kori diagnosztika, a mell\u00e9kpajzsmirigy eredet\u0171 k\u00f3rk\u00e9pek, illetve a vitaminol\u00f3gia egyes k\u00e9rd\u00e9seire terjedt ki. \u201eNev\u00e9hez f\u0171z\u0151dik a tokoferol (E-vitamin) \u00fajsz\u00fcl\u00f6ttkori szerep\u00e9nek felismer\u00e9se, hat\u00e1smechanizmus\u00e1nak tiszt\u00e1z\u00e1sa, amellyel nemzetk\u00f6zileg is felt\u0171n\u00e9st keltett a csecsem\u0151kori sorvad\u00e1s vitamin-anyagcserevizsg\u00e1lat\u00e1ban. Korasz\u00fcl\u00f6ttek, mesters\u00e9gesen t\u00e1pl\u00e1lt \u00fajsz\u00fcl\u00f6ttek E-vitamin hi\u00e1ny\u00e1nak t\u00fcneteit els\u0151k\u00e9nt \u00edrta le E-vitamin hi\u00e1nybetegs\u00e9g n\u00e9ven. Els\u0151k k\u00f6z\u00f6tt \u00edrta le tov\u00e1bb\u00e1 az E-vitamin \u00e9s a Leiner-betegs\u00e9g \u00e9s az E-vitamin \u00e9s a kapill\u00e1ris rezisztencia k\u00f6z\u00f6tti \u00f6sszef\u00fcgg\u00e9seket.\u201d<a href=\"#_ftn1\" name=\"_ftnref1\">[1]<\/a> Tiszteletbeli tagj\u00e1v\u00e1 v\u00e1lasztotta a Bolg\u00e1r Gyermekorvos T\u00e1rsas\u00e1g, a Jan E. Purkyne Csehszlov\u00e1k Orvosi T\u00e1rsas\u00e1g, illetve a Deutsche Gesellschaft f\u00fcr Kinderheilkunde. Tagja volt az Acta Paediatrica szerkeszt\u0151bizotts\u00e1g\u00e1nak. A Magyar Gyermekorvosok T\u00e1rsas\u00e1g\u00e1nak titk\u00e1ra (1948), vezet\u0151s\u00e9gi tagja (1949), eln\u00f6ks\u00e9gi tagja (1950), eln\u00f6ke (1952-54), aleln\u00f6ke (1960), majd tiszteletbeli eln\u00f6ke (1969-1979) volt. 1958-1968 k\u00f6z\u00f6tt az ETT rendes tagja, illetve azon bel\u00fcl Gyermekgy\u00f3gy\u00e1sz Szakbizotts\u00e1g\u00e1nak tagja (1953-1964), eln\u00f6khelyettese (1958-1964), v\u00e9g\u00fcl eln\u00f6ke (1964-1967) volt.<\/p>\n<p style=\"text-align: justify\">Kit\u00fcntet\u00e9sei: Kiv\u00e1l\u00f3 Munk\u00e1\u00e9rt\/Magyar \u00c9lmunk\u00e1s (1948), Fels\u0151oktat\u00e1s Kiv\u00e1l\u00f3 Dolgoz\u00f3ja (1953), B\u00f3kay-eml\u00e9k\u00e9rem (1958), Kiv\u00e1l\u00f3 Orvos (1958), Munka \u00c9rdemrend (1962), Markhot-eml\u00e9k\u00e9rem (1965), Li\u00e9ge-i Egyetem Eml\u00e9k\u00e9rme (1970), Tangl Ferenc Eml\u00e9k\u00e9rem (1979), Munka \u00c9rdemrend arany fokozat (1981), Sch\u00f6pf-Merei \u00c1gost Eml\u00e9k\u00e9rem (1981).<\/p>\n<p style=\"text-align: justify\"><strong>F\u0151bb munk\u00e1i:<\/strong> <em>Marad\u00e9k differenci\u00e1lnitrog\u00e9n vizsg\u00e1latok gyermekeken<\/em> (Recht Istv\u00e1nnal). Bp., 1938.; <em>Adatok a testegyen\u00e9szeti fejl\u0151d\u00e9si rendellens\u00e9gek \u00f6r\u00f6kl\u00e9stan\u00e1hoz.<\/em> Bp., 1941.; <em>Tetania idiopathica juvenalis. <\/em>Bp., 1942.; <em>Rachitis \u00e9s tetania.<\/em> Bp., 1951.; <em>Csecsem\u0151- \u00e9s gyermekkori heveny katasztr\u00f3f\u00e1k.<\/em> Bp., 1957.; <em>A gyermekgy\u00f3gy\u00e1szat tan\u00edt\u00e1s\u00e1nak metodikai k\u00e9rd\u00e9sei.<\/em> Bp., 1966.; <em>A gyermekgondoz\u00e1s egyes k\u00e9rd\u00e9sei.<\/em> Bp., 1971.; <em>Gyermekgy\u00f3gy\u00e1szat<\/em> I\u2013IV. k\u00f6t., Bp., 1979.; <em>Vitaminok.<\/em> Bp., 1986.; <em>Tokoferol.<\/em> Bp., 1987.<\/p>\n<p style=\"text-align: justify\"><strong>Nyughelye:<\/strong> Budapest, Farkasr\u00e9ti temet\u0151, eredetileg 28AS-KOR\/0\/1\/4, \u00e1thelyezve a B\/0\/0\/343 urnaf\u00fclk\u00e9be.<\/p>\n<p style=\"text-align: justify\"><a href=\"#_ftnref1\" name=\"_ftn1\">[1]<\/a> Koz\u00e1k P\u00e9ter: N\u00e9vpont.hu 2013.<\/p>\n<p><strong><a href=\"https:\/\/semmelweis.hu\/baratikor\/galeria\/teljes-nevlista\/gerloczy-ferenc-albert\/gerloczy-eredeti-diszsirhelye-az-athelyezes-utan\/\" rel=\"attachment wp-att-1676\"><img loading=\"lazy\" decoding=\"async\" class=\"alignleft size-medium wp-image-1676\" src=\"https:\/\/semmelweis.hu\/baratikor\/files\/2023\/01\/Gerloczy-eredeti-diszsirhelye-az-athelyezes-utan-300x400.jpg\" alt=\"\" width=\"300\" height=\"400\" srcset=\"https:\/\/semmelweis.hu\/baratikor\/files\/2023\/01\/Gerloczy-eredeti-diszsirhelye-az-athelyezes-utan-300x400.jpg 300w, https:\/\/semmelweis.hu\/baratikor\/files\/2023\/01\/Gerloczy-eredeti-diszsirhelye-az-athelyezes-utan.jpg 750w\" sizes=\"auto, (max-width: 300px) 100vw, 300px\" \/><\/a><\/strong><\/p>\n","protected":false},"excerpt":{"rendered":"<p><a href=\"https:\/\/semmelweis.hu\/baratikor\/galeria\/teljes-nevlista\/gerloczy-ferenc-albert\/gerloczy-ferenc\/\" rel=\"attachment wp-att-1677\"><\/a> Gerl\u00f3czy Ferenc Albert, gerl\u00f3czi \u00e9s als\u00f3viszokai (Budapest, 1911. okt\u00f3ber 23. \u2013 Budapest, 1990. m\u00e1rcius 12.) Tansz\u00e9k: I. sz. Gyermekgy\u00f3gy\u00e1szati Klinika 1971-1981. \u00c9desapj\u00e1t, aki a M\u00c1V egyik igazgat\u00f3ja volt, kora gyermekkor\u00e1ban elvesz\u00edtette. 1922-t\u0151l Gerl\u00f3czy Zsigmond k\u00f6zk\u00f3rh\u00e1zi igazgat\u00f3 f\u0151orvos nevelte, aki 1937-ben, \u00e9desanyja 1944-ben hunyt el. Orvosi diplom\u00e1t 1935. szeptember 21-\u00e9n kapott a kir. m. P\u00e1zm\u00e1ny P\u00e9ter &hellip;<\/p>\n","protected":false},"author":282,"featured_media":4841,"parent":347,"menu_order":0,"comment_status":"closed","ping_status":"closed","template":"template-fullwidth.php","meta":{"_acf_changed":false,"footnotes":""},"categories":[77,14],"tags":[],"class_list":["post-1675","page","type-page","status-publish","has-post-thumbnail","hentry","category-kegyeleti-adattar","category-teljes-nevlista"],"acf":[],"_links":{"self":[{"href":"https:\/\/semmelweis.hu\/baratikor\/wp-json\/wp\/v2\/pages\/1675","targetHints":{"allow":["GET"]}}],"collection":[{"href":"https:\/\/semmelweis.hu\/baratikor\/wp-json\/wp\/v2\/pages"}],"about":[{"href":"https:\/\/semmelweis.hu\/baratikor\/wp-json\/wp\/v2\/types\/page"}],"author":[{"embeddable":true,"href":"https:\/\/semmelweis.hu\/baratikor\/wp-json\/wp\/v2\/users\/282"}],"replies":[{"embeddable":true,"href":"https:\/\/semmelweis.hu\/baratikor\/wp-json\/wp\/v2\/comments?post=1675"}],"version-history":[{"count":2,"href":"https:\/\/semmelweis.hu\/baratikor\/wp-json\/wp\/v2\/pages\/1675\/revisions"}],"predecessor-version":[{"id":1679,"href":"https:\/\/semmelweis.hu\/baratikor\/wp-json\/wp\/v2\/pages\/1675\/revisions\/1679"}],"up":[{"embeddable":true,"href":"https:\/\/semmelweis.hu\/baratikor\/wp-json\/wp\/v2\/pages\/347"}],"wp:featuredmedia":[{"embeddable":true,"href":"https:\/\/semmelweis.hu\/baratikor\/wp-json\/wp\/v2\/media\/4841"}],"wp:attachment":[{"href":"https:\/\/semmelweis.hu\/baratikor\/wp-json\/wp\/v2\/media?parent=1675"}],"wp:term":[{"taxonomy":"category","embeddable":true,"href":"https:\/\/semmelweis.hu\/baratikor\/wp-json\/wp\/v2\/categories?post=1675"},{"taxonomy":"post_tag","embeddable":true,"href":"https:\/\/semmelweis.hu\/baratikor\/wp-json\/wp\/v2\/tags?post=1675"}],"curies":[{"name":"wp","href":"https:\/\/api.w.org\/{rel}","templated":true}]}}